{"id":143043,"date":"2023-10-05T11:28:20","date_gmt":"2023-10-05T09:28:20","guid":{"rendered":"https:\/\/alzira.es\/?page_id=143043"},"modified":"2023-10-05T11:38:11","modified_gmt":"2023-10-05T09:38:11","slug":"proyecto-pai-ari10-carretera-de-albalat","status":"publish","type":"page","link":"https:\/\/alzira.es\/es\/servicios-municipales\/urbanismo-e-infraestructuras\/planeamiento\/proyecto-pai-ari10-carretera-de-albalat\/","title":{"rendered":"PROYECTO  PAI  ARI10 &#8211; CARRETERA DE ALBALAT"},"content":{"rendered":"\t\t<div data-elementor-type=\"wp-page\" data-elementor-id=\"143043\" class=\"elementor elementor-143043\">\n\t\t\t\t\t\t<section class=\"elementor-section elementor-top-section elementor-element elementor-element-9aa06fa elementor-section-boxed elementor-section-height-default elementor-section-height-default\" data-id=\"9aa06fa\" data-element_type=\"section\">\n\t\t\t\t\t\t<div class=\"elementor-container elementor-column-gap-default\">\n\t\t\t\t\t<div class=\"elementor-column elementor-col-100 elementor-top-column elementor-element elementor-element-ac915e4\" data-id=\"ac915e4\" data-element_type=\"column\">\n\t\t\t<div class=\"elementor-widget-wrap elementor-element-populated\">\n\t\t\t\t\t\t<div class=\"elementor-element elementor-element-fc0f3b9 elementor-widget elementor-widget-text-editor\" data-id=\"fc0f3b9\" data-element_type=\"widget\" data-widget_type=\"text-editor.default\">\n\t\t\t\t<div class=\"elementor-widget-container\">\n\t\t\t\t\t\t\t\t\t<h2>ALTERNATIVA T\u00c9CNICA\u00a0<\/h2><ul><li>Alternativa T\u00e9cnica y Planos Firmados<\/li><\/ul><h2>PROPOSICI\u00d3N JUR\u00cdDICICO ECON\u00d3MICA\u00a0<\/h2><ul><li><a href=\"https:\/\/alzira.es\/wp-content\/uploads\/2022\/07\/1-memoria-mod-pgou-junio_2022.pdf\" target=\"_blank\" rel=\"noopener\">MEMORIA\u00a0<\/a><\/li><li><a href=\"https:\/\/alzira.es\/wp-content\/uploads\/2022\/07\/2_planos-mod-pgou-junio_2022.pdf.esig_.pdf\" target=\"_blank\" rel=\"noopener\">PLANOS DE ESTUDIO<\/a><\/li><li><a href=\"https:\/\/alzira.es\/wp-content\/uploads\/2022\/07\/3_Informe-Impacto-de-G_nero_junio_2022.pdf.esig_.pdf\" target=\"_blank\" rel=\"noopener\">INFORME IMPACTO DE GENERO\u00a0<\/a><\/li><li><a href=\"https:\/\/alzira.es\/wp-content\/uploads\/2022\/07\/4_Estudio-de-tr_fico-Alzira.pdf.esig_.pdf\" target=\"_blank\" rel=\"noopener\">ESTUDIO DE TRAFICO ALZIRA<\/a><\/li><li><a href=\"https:\/\/alzira.es\/wp-content\/uploads\/2022\/07\/4-Anexo-I_planos.pdf\" target=\"_blank\" rel=\"noopener\">ANEXO I PLANOS\u00a0<\/a><\/li><li><a href=\"https:\/\/alzira.es\/wp-content\/uploads\/2022\/07\/4-Anexo-II_AFOROS.pdf.esig-1.pdf\" target=\"_blank\" rel=\"noopener\">ANEXO II AFOROS<\/a><\/li><li><a href=\"https:\/\/alzira.es\/wp-content\/uploads\/2022\/07\/4-Anexo-III_Metodolog_a-de-C_lculo.pdf.esig_.pdf\" target=\"_blank\" rel=\"noopener\">ANEXO III METODOLOGIA DE C\u00c1LCULO<\/a><\/li><li><a href=\"https:\/\/alzira.es\/wp-content\/uploads\/2022\/07\/4-Anexo-IV_An_lisis-de-Alternativas.pdf.esig_.pdf\" target=\"_blank\" rel=\"noopener\">ANEXO IV ANALISIS DE ALTERNATIVAS<\/a><\/li><li><a href=\"https:\/\/alzira.es\/wp-content\/uploads\/2022\/07\/4-Anexo-V_Accesibilidad.pdf.esig_.pdf\" target=\"_blank\" rel=\"noopener\">ANEXO V ACCESIBILIDAD<\/a><\/li><li><a href=\"https:\/\/alzira.es\/wp-content\/uploads\/2022\/07\/CERTIFICADO-PLENO-aprobacion-definitiva.pdf\" target=\"_blank\" rel=\"noopener\">CERTIFICADO PLENO<\/a><\/li><\/ul><h2>\u00a0REPARCELACI\u00d3N<\/h2><ul><li><a href=\"https:\/\/alzira.es\/wp-content\/uploads\/2022\/10\/refundido-memoria-modificacion-puntual-JULIO-2022.pdf\" target=\"_blank\" rel=\"noopener\">MEMORIA\u00a0 Y\u00a0 PLANOS<\/a><\/li><li><a href=\"https:\/\/alzira.es\/wp-content\/uploads\/2022\/10\/Certificado.pdf\" target=\"_blank\" rel=\"noopener\">CERTIFICADO PLENO<\/a><\/li><\/ul><h2>\u00a0URBANIZACI\u00d3N\u00a0<\/h2><ul><li><a href=\"https:\/\/alzira.es\/wp-content\/uploads\/2023\/09\/MODIF.-PUNTUAL-ARI90-MEMORIA-Y-PLANOS.pdf\" target=\"_blank\" rel=\"noopener\">MEMORIA\u00a0 Y\u00a0 PLANOS<\/a><\/li><li><a href=\"https:\/\/alzira.es\/wp-content\/uploads\/2023\/09\/MODIF.-PUNTUAL-ARI90-ACUERDO-PLENO-1.pdf\" target=\"_blank\" rel=\"noopener\">CERTIFICADO PLENO<\/a><\/li><\/ul><h2>\u00a0OTROS\u00a0<\/h2><ul><li><a href=\"https:\/\/alzira.es\/wp-content\/uploads\/2023\/09\/MODIF.-PUNTUAL-ARI90-MEMORIA-Y-PLANOS.pdf\" target=\"_blank\" rel=\"noopener\">MEMORIA\u00a0 Y\u00a0 PLANOS<\/a><\/li><\/ul>\t\t\t\t\t\t\t\t<\/div>\n\t\t\t\t<\/div>\n\t\t\t\t\t<\/div>\n\t\t<\/div>\n\t\t\t\t\t<\/div>\n\t\t<\/section>\n\t\t\t\t<\/div>\n\t\t","protected":false},"excerpt":{"rendered":"<p>ALTERNATIVA T\u00c9CNICA Alternativa T\u00e9cnica y Planos Firmados PROPOSICI\u00d3N JUR\u00cdDICICO ECON\u00d3MICA MEMORIA\u00a0 PLANOS DE ESTUDIO INFORME IMPACTO DE GENERO\u00a0 ESTUDIO DE TRAFICO ALZIRA ANEXO I PLANOS\u00a0 ANEXO II AFOROS ANEXO III METODOLOGIA DE C\u00c1LCULO ANEXO IV ANALISIS DE ALTERNATIVAS ANEXO V ACCESIBILIDAD CERTIFICADO PLENO \u00a0REPARCELACI\u00d3N MEMORIA\u00a0 Y\u00a0 PLANOS CERTIFICADO PLENO \u00a0URBANIZACI\u00d3N MEMORIA\u00a0 Y\u00a0 PLANOS CERTIFICADO PLENO &hellip; <\/p>\n<p class=\"link-more\"><a href=\"https:\/\/alzira.es\/es\/servicios-municipales\/urbanismo-e-infraestructuras\/planeamiento\/proyecto-pai-ari10-carretera-de-albalat\/\" class=\"more-link\">Continuar leyendo<span class=\"screen-reader-text\"> \u00abPROYECTO  PAI  ARI10 &#8211; CARRETERA DE ALBALAT\u00bb<\/span><\/a><\/p>\n","protected":false},"author":16,"featured_media":0,"parent":714,"menu_order":0,"comment_status":"closed","ping_status":"closed","template":"","meta":{"_acf_changed":false,"footnotes":""},"class_list":["post-143043","page","type-page","status-publish","hentry"],"acf":[],"_links":{"self":[{"href":"https:\/\/alzira.es\/es\/wp-json\/wp\/v2\/pages\/143043","targetHints":{"allow":["GET"]}}],"collection":[{"href":"https:\/\/alzira.es\/es\/wp-json\/wp\/v2\/pages"}],"about":[{"href":"https:\/\/alzira.es\/es\/wp-json\/wp\/v2\/types\/page"}],"author":[{"embeddable":true,"href":"https:\/\/alzira.es\/es\/wp-json\/wp\/v2\/users\/16"}],"replies":[{"embeddable":true,"href":"https:\/\/alzira.es\/es\/wp-json\/wp\/v2\/comments?post=143043"}],"version-history":[{"count":2,"href":"https:\/\/alzira.es\/es\/wp-json\/wp\/v2\/pages\/143043\/revisions"}],"predecessor-version":[{"id":143075,"href":"https:\/\/alzira.es\/es\/wp-json\/wp\/v2\/pages\/143043\/revisions\/143075"}],"up":[{"embeddable":true,"href":"https:\/\/alzira.es\/es\/wp-json\/wp\/v2\/pages\/714"}],"wp:attachment":[{"href":"https:\/\/alzira.es\/es\/wp-json\/wp\/v2\/media?parent=143043"}],"curies":[{"name":"wp","href":"https:\/\/api.w.org\/{rel}","templated":true}]}}