{"id":142256,"date":"2023-09-19T12:46:06","date_gmt":"2023-09-19T10:46:06","guid":{"rendered":"https:\/\/alzira.es\/servicios-municipales\/urbanismo-e-infraestructuras\/planejament-i-informacio-urbanistica\/"},"modified":"2023-09-19T14:12:11","modified_gmt":"2023-09-19T12:12:11","slug":"planejament-i-informacio-urbanistica","status":"publish","type":"page","link":"https:\/\/alzira.es\/es\/servicios-municipales\/urbanismo-e-infraestructuras\/planejament-i-informacio-urbanistica\/","title":{"rendered":"Planeamiento e Informaci\u00f3n Urban\u00edstica"},"content":{"rendered":"<p style=\"text-align: center;\"><a href=\"https:\/\/alzira.gvsigonline.com\/gvsigonline\/core\/load\/planeamiento\/\" target=\"_blank\" rel=\"noopener\"><img fetchpriority=\"high\" decoding=\"async\" class=\"aligncenter wp-image-142197\" src=\"https:\/\/alzira.es\/wp-content\/uploads\/2023\/09\/visor_planejament-350x350.jpg\" alt=\"GEOPORTAL de Planejament i Informaci\u00f3 Urban\u00edstica\" width=\"300\" height=\"299\" srcset=\"https:\/\/alzira.es\/wp-content\/uploads\/2023\/09\/visor_planejament-350x350.jpg 350w, https:\/\/alzira.es\/wp-content\/uploads\/2023\/09\/visor_planejament-512x510.jpg 512w, https:\/\/alzira.es\/wp-content\/uploads\/2023\/09\/visor_planejament-300x300.jpg 300w, https:\/\/alzira.es\/wp-content\/uploads\/2023\/09\/visor_planejament-100x100.jpg 100w, https:\/\/alzira.es\/wp-content\/uploads\/2023\/09\/visor_planejament.jpg 639w\" sizes=\"(max-width: 300px) 100vw, 300px\" \/><\/a><\/p>\n<p style=\"text-align: center;\"><a href=\"https:\/\/alzira.gvsigonline.com\/gvsigonline\/core\/load\/planeamiento\/\" target=\"_blank\" rel=\"noopener\"><em><strong>ACCEDER<\/strong> al visor del Planeamiento urban\u00edstico del municipio de Alzira<\/em><\/a><\/p>\n<hr \/>\n<h1 style=\"text-align: center;\"><strong>AYUDA para la obtenci\u00f3n de informaci\u00f3n urban\u00edstica:<\/strong><\/h1>\n<ol>\n<li>Obtenci\u00f3n de la informaci\u00f3n urban\u00edstica mediante selecci\u00f3n.<\/li>\n<li>Obtenci\u00f3n de la informaci\u00f3n urban\u00edstica mediante parcela catastral.<\/li>\n<\/ol>\n<p style=\"text-align: center;\"><a href=\"https:\/\/alzira.es\/wp-content\/uploads\/2023\/09\/Pantalla-del-visor-680x386.png\" target=\"_blank\" rel=\"noopener\"><img decoding=\"async\" class=\"aligncenter wp-image-142199 size-medium lazyload\" data-src=\"https:\/\/alzira.es\/wp-content\/uploads\/2023\/09\/Pantalla-del-visor-680x386.png\" alt=\"Pantalla del visor\" width=\"680\" height=\"386\" data-srcset=\"https:\/\/alzira.es\/wp-content\/uploads\/2023\/09\/Pantalla-del-visor-680x386.png 680w, https:\/\/alzira.es\/wp-content\/uploads\/2023\/09\/Pantalla-del-visor-1430x812.png 1430w, https:\/\/alzira.es\/wp-content\/uploads\/2023\/09\/Pantalla-del-visor-768x436.png 768w, https:\/\/alzira.es\/wp-content\/uploads\/2023\/09\/Pantalla-del-visor-1536x872.png 1536w, https:\/\/alzira.es\/wp-content\/uploads\/2023\/09\/Pantalla-del-visor-2048x1163.png 2048w\" data-sizes=\"(max-width: 680px) 100vw, 680px\" src=\"data:image\/svg+xml;base64,PHN2ZyB3aWR0aD0iMSIgaGVpZ2h0PSIxIiB4bWxucz0iaHR0cDovL3d3dy53My5vcmcvMjAwMC9zdmciPjwvc3ZnPg==\" style=\"--smush-placeholder-width: 680px; --smush-placeholder-aspect-ratio: 680\/386;\" \/><\/a><em>Pantalla del visor<\/em><\/p>\n<h2><strong><span style=\"color: #3366ff;\">1.\u00a0\u00a0\u00a0\u00a0 Obtenci\u00f3n de la informaci\u00f3n urban\u00edstica mediante selecci\u00f3n.<\/span><\/strong><\/h2>\n<div style=\"width: 525px;\" class=\"wp-video\"><video class=\"wp-video-shortcode\" id=\"video-142256-1\" width=\"525\" height=\"295\" preload=\"metadata\" controls=\"controls\"><source type=\"video\/mp4\" src=\"https:\/\/alzira.es\/wp-content\/uploads\/2023\/02\/Informacion-urbanistica-por-seleccion.mp4?_=1\" \/><a href=\"https:\/\/alzira.es\/wp-content\/uploads\/2023\/02\/Informacion-urbanistica-por-seleccion.mp4\">https:\/\/alzira.es\/wp-content\/uploads\/2023\/02\/Informacion-urbanistica-por-seleccion.mp4<\/a><\/video><\/div>\n<p>Activamos la capa que queremos obtener la informaci\u00f3n, seleccionando el cuadrado en blanco, dentro de las capas de informaci\u00f3n urban\u00edstica.<\/p>\n<p><img decoding=\"async\" class=\"size-full wp-image-142201 alignnone lazyload\" data-src=\"https:\/\/alzira.es\/wp-content\/uploads\/2023\/09\/calificacion-del-suelo.png\" alt=\"Capa calificaci\u00f3n del suelo\" width=\"242\" height=\"58\" src=\"data:image\/svg+xml;base64,PHN2ZyB3aWR0aD0iMSIgaGVpZ2h0PSIxIiB4bWxucz0iaHR0cDovL3d3dy53My5vcmcvMjAwMC9zdmciPjwvc3ZnPg==\" style=\"--smush-placeholder-width: 242px; --smush-placeholder-aspect-ratio: 242\/58;\" \/><em>Capa calificaci\u00f3n del suelo, se muestra la informaci\u00f3n en el mapa.<\/em><\/p>\n<p>Si seleccionamos la pesta\u00f1a de \u2018Leyenda\u2019 \u00a0 <img decoding=\"async\" class=\"size-full wp-image-142203 alignnone lazyload\" data-src=\"https:\/\/alzira.es\/wp-content\/uploads\/2023\/09\/leyenda.png\" alt=\"Leyenda\" width=\"64\" height=\"40\" src=\"data:image\/svg+xml;base64,PHN2ZyB3aWR0aD0iMSIgaGVpZ2h0PSIxIiB4bWxucz0iaHR0cDovL3d3dy53My5vcmcvMjAwMC9zdmciPjwvc3ZnPg==\" style=\"--smush-placeholder-width: 64px; --smush-placeholder-aspect-ratio: 64\/40;\" \/>, se nos mostrara la simbolog\u00eda utilizada para mayor compresi\u00f3n del mapa.<\/p>\n<p>Hacemos zoom en la zona del mapa donde queremos obtener la informaci\u00f3n, mediante el \u201cscroll\u201d del rat\u00f3n o utilizando las herramientas visi\u00f3n de escala.<\/p>\n<p>Activamos el icono de \u2018informaci\u00f3n en el punto\u2019<\/p>\n<p><img decoding=\"async\" class=\"size-full wp-image-142205 alignnone lazyload\" data-src=\"https:\/\/alzira.es\/wp-content\/uploads\/2023\/09\/informacion.png\" alt=\"Informaci\u00f3n\" width=\"42\" height=\"33\" src=\"data:image\/svg+xml;base64,PHN2ZyB3aWR0aD0iMSIgaGVpZ2h0PSIxIiB4bWxucz0iaHR0cDovL3d3dy53My5vcmcvMjAwMC9zdmciPjwvc3ZnPg==\" style=\"--smush-placeholder-width: 42px; --smush-placeholder-aspect-ratio: 42\/33;\" \/> <em>Icono de informaci\u00f3n del punto activado<\/em><\/p>\n<p>Con el icono activado, seleccionamos el lugar (punto) donde queremos obtener la informaci\u00f3n.<\/p>\n<p>Se nos abrir\u00e1 un men\u00fa contextual con la informaci\u00f3n m\u00e1s relevante del objeto seleccionado. Y si seleccionamos el icono de \u2018atributos del elemento\u2019 <img decoding=\"async\" class=\"alignnone size-full wp-image-142207 lazyload\" data-src=\"https:\/\/alzira.es\/wp-content\/uploads\/2023\/09\/atributos-del-elemento.png\" alt=\"Atributos del elemento\" width=\"40\" height=\"33\" src=\"data:image\/svg+xml;base64,PHN2ZyB3aWR0aD0iMSIgaGVpZ2h0PSIxIiB4bWxucz0iaHR0cDovL3d3dy53My5vcmcvMjAwMC9zdmciPjwvc3ZnPg==\" style=\"--smush-placeholder-width: 40px; --smush-placeholder-aspect-ratio: 40\/33;\" \/>, se nos\u00a0 abrir\u00e1 el \u2018panel de resultados\u2018 en el \u2018panel de contenidos\u2019 con toda la informaci\u00f3n del elemento.<\/p>\n<p><img decoding=\"async\" class=\"size-full wp-image-142211 aligncenter lazyload\" data-src=\"https:\/\/alzira.es\/wp-content\/uploads\/2023\/09\/atributos-del-elemento-1.png\" alt=\"Atributos del elemento\" width=\"686\" height=\"450\" data-srcset=\"https:\/\/alzira.es\/wp-content\/uploads\/2023\/09\/atributos-del-elemento-1.png 686w, https:\/\/alzira.es\/wp-content\/uploads\/2023\/09\/atributos-del-elemento-1-680x446.png 680w\" data-sizes=\"(max-width: 686px) 100vw, 686px\" src=\"data:image\/svg+xml;base64,PHN2ZyB3aWR0aD0iMSIgaGVpZ2h0PSIxIiB4bWxucz0iaHR0cDovL3d3dy53My5vcmcvMjAwMC9zdmciPjwvc3ZnPg==\" style=\"--smush-placeholder-width: 686px; --smush-placeholder-aspect-ratio: 686\/450;\" \/><\/p>\n<p>En el siguiente ejemplo que se muestra, tenemos varias capas activadas, y en el men\u00fa contextual podemos encontrar datos con enlaces para completar la informaci\u00f3n, como es en este caso enlace: a la normativa del plan especial de la Vila, la ficha del bien inmueble, o a la norma espec\u00edfica de zona de conjunto hist\u00f3rico.<\/p>\n<p><img decoding=\"async\" class=\"size-full wp-image-142213 aligncenter lazyload\" data-src=\"https:\/\/alzira.es\/wp-content\/uploads\/2023\/09\/capas-activadas.png\" alt=\"capas activadas\" width=\"683\" height=\"447\" data-srcset=\"https:\/\/alzira.es\/wp-content\/uploads\/2023\/09\/capas-activadas.png 683w, https:\/\/alzira.es\/wp-content\/uploads\/2023\/09\/capas-activadas-680x445.png 680w\" data-sizes=\"(max-width: 683px) 100vw, 683px\" src=\"data:image\/svg+xml;base64,PHN2ZyB3aWR0aD0iMSIgaGVpZ2h0PSIxIiB4bWxucz0iaHR0cDovL3d3dy53My5vcmcvMjAwMC9zdmciPjwvc3ZnPg==\" style=\"--smush-placeholder-width: 683px; --smush-placeholder-aspect-ratio: 683\/447;\" \/><\/p>\n<h2><span style=\"color: #3366ff;\"><strong>2.\u00a0\u00a0\u00a0\u00a0 Obtenci\u00f3n de la informaci\u00f3n urban\u00edstica mediante parcela catastral.<\/strong><\/span><\/h2>\n<div style=\"width: 525px;\" class=\"wp-video\"><video class=\"wp-video-shortcode\" id=\"video-142256-2\" width=\"525\" height=\"295\" preload=\"metadata\" controls=\"controls\"><source type=\"video\/mp4\" src=\"https:\/\/alzira.es\/wp-content\/uploads\/2023\/02\/Informacion-urbanistica-por-parcela-catastral.mp4?_=2\" \/><a href=\"https:\/\/alzira.es\/wp-content\/uploads\/2023\/02\/Informacion-urbanistica-por-parcela-catastral.mp4\">https:\/\/alzira.es\/wp-content\/uploads\/2023\/02\/Informacion-urbanistica-por-parcela-catastral.mp4<\/a><\/video><\/div>\n<p>Activamos la capa de catastro dentro del grupo de capas base. <img decoding=\"async\" class=\"alignnone size-full wp-image-142215 lazyload\" data-src=\"https:\/\/alzira.es\/wp-content\/uploads\/2023\/09\/catastro.png\" alt=\"Catastro\" width=\"254\" height=\"43\" src=\"data:image\/svg+xml;base64,PHN2ZyB3aWR0aD0iMSIgaGVpZ2h0PSIxIiB4bWxucz0iaHR0cDovL3d3dy53My5vcmcvMjAwMC9zdmciPjwvc3ZnPg==\" style=\"--smush-placeholder-width: 254px; --smush-placeholder-aspect-ratio: 254\/43;\" \/><\/p>\n<p>Si conocemos la localizaci\u00f3n de la parcela nos desplazamos en el mapa.<\/p>\n<p>Si desconocemos la localizaci\u00f3n, activamos la b\u00fasqueda de parcela catastral (icono de lupa). Introducimos la referencia catastral, o en la pesta\u00f1a de localizaci\u00f3n la direcci\u00f3n, y al marcar en calcular nos marcar\u00e1 y acercar\u00e1 a la parcela catastral.<\/p>\n<p><img decoding=\"async\" class=\"size-full wp-image-142217 aligncenter lazyload\" data-src=\"https:\/\/alzira.es\/wp-content\/uploads\/2023\/09\/icono-de-lupa.png\" alt=\"icono de lupa\" width=\"345\" height=\"111\" src=\"data:image\/svg+xml;base64,PHN2ZyB3aWR0aD0iMSIgaGVpZ2h0PSIxIiB4bWxucz0iaHR0cDovL3d3dy53My5vcmcvMjAwMC9zdmciPjwvc3ZnPg==\" style=\"--smush-placeholder-width: 345px; --smush-placeholder-aspect-ratio: 345\/111;\" \/><\/p>\n<p>Activamos el icono de ficha urban\u00edstica por parcela catastral <img decoding=\"async\" class=\"alignnone size-full wp-image-142219 lazyload\" data-src=\"https:\/\/alzira.es\/wp-content\/uploads\/2023\/09\/ficha-urbanistica.png\" alt=\"Ficha urban\u00edstica\" width=\"47\" height=\"45\" src=\"data:image\/svg+xml;base64,PHN2ZyB3aWR0aD0iMSIgaGVpZ2h0PSIxIiB4bWxucz0iaHR0cDovL3d3dy53My5vcmcvMjAwMC9zdmciPjwvc3ZnPg==\" style=\"--smush-placeholder-width: 47px; --smush-placeholder-aspect-ratio: 47\/45;\" \/>, y seleccionamos dentro de la parcela catastral que queremos obtener la informaci\u00f3n.<\/p>\n<p>A continuaci\u00f3n se despliega un men\u00fa contextual con la informaci\u00f3n urban\u00edstica. Advertencia: este proceso puede tardar un tiempo, hay que esperar a que se despliegue el men\u00fa. Adem\u00e1s es probable que no se vea el men\u00fa completo, si es as\u00ed se puede desplazar el mapa con el rat\u00f3n para visualizarlo completo.<\/p>\n<p><a href=\"https:\/\/alzira.es\/wp-content\/uploads\/2023\/09\/menu-contextual-680x388.png\" target=\"_blank\" rel=\"noopener\"><img decoding=\"async\" class=\"aligncenter wp-image-142221 size-medium lazyload\" data-src=\"https:\/\/alzira.es\/wp-content\/uploads\/2023\/09\/menu-contextual-680x388.png\" alt=\"menu contextual\" width=\"680\" height=\"388\" data-srcset=\"https:\/\/alzira.es\/wp-content\/uploads\/2023\/09\/menu-contextual-680x388.png 680w, https:\/\/alzira.es\/wp-content\/uploads\/2023\/09\/menu-contextual-1430x815.png 1430w, https:\/\/alzira.es\/wp-content\/uploads\/2023\/09\/menu-contextual-768x438.png 768w, https:\/\/alzira.es\/wp-content\/uploads\/2023\/09\/menu-contextual-1536x876.png 1536w, https:\/\/alzira.es\/wp-content\/uploads\/2023\/09\/menu-contextual-2048x1168.png 2048w\" data-sizes=\"(max-width: 680px) 100vw, 680px\" src=\"data:image\/svg+xml;base64,PHN2ZyB3aWR0aD0iMSIgaGVpZ2h0PSIxIiB4bWxucz0iaHR0cDovL3d3dy53My5vcmcvMjAwMC9zdmciPjwvc3ZnPg==\" style=\"--smush-placeholder-width: 680px; --smush-placeholder-aspect-ratio: 680\/388;\" \/><img decoding=\"async\" class=\"aligncenter size-full wp-image-142231 lazyload\" data-src=\"https:\/\/alzira.es\/wp-content\/uploads\/2023\/09\/limpiar-seleccion.png\" alt=\"Limpiar selecci\u00f3n\" width=\"50\" height=\"40\" src=\"data:image\/svg+xml;base64,PHN2ZyB3aWR0aD0iMSIgaGVpZ2h0PSIxIiB4bWxucz0iaHR0cDovL3d3dy53My5vcmcvMjAwMC9zdmciPjwvc3ZnPg==\" style=\"--smush-placeholder-width: 50px; --smush-placeholder-aspect-ratio: 50\/40;\" \/> <img decoding=\"async\" class=\"aligncenter size-full wp-image-142249 lazyload\" data-src=\"https:\/\/alzira.es\/wp-content\/uploads\/2023\/09\/uso-residencial-1.png\" alt=\"uso residencial\" width=\"680\" height=\"327\" src=\"data:image\/svg+xml;base64,PHN2ZyB3aWR0aD0iMSIgaGVpZ2h0PSIxIiB4bWxucz0iaHR0cDovL3d3dy53My5vcmcvMjAwMC9zdmciPjwvc3ZnPg==\" style=\"--smush-placeholder-width: 680px; --smush-placeholder-aspect-ratio: 680\/327;\" \/><\/a><\/p>\n<p>Al situarse en la parte final del men\u00fa contextual, mediante la barra de desplazamiento vertical, accedemos al bot\u00f3n de imprimir ficha urban\u00edstica <img decoding=\"async\" class=\"alignnone size-full wp-image-142227 lazyload\" data-src=\"https:\/\/alzira.es\/wp-content\/uploads\/2023\/09\/imprimir.png\" alt=\"imprimir\" width=\"73\" height=\"37\" src=\"data:image\/svg+xml;base64,PHN2ZyB3aWR0aD0iMSIgaGVpZ2h0PSIxIiB4bWxucz0iaHR0cDovL3d3dy53My5vcmcvMjAwMC9zdmciPjwvc3ZnPg==\" style=\"--smush-placeholder-width: 73px; --smush-placeholder-aspect-ratio: 73\/37;\" \/>. Al seleccionar se descargara un fichero .pdf con la informaci\u00f3n urban\u00edstica.<\/p>\n<p>En el pdf descargado, al igual que ocurr\u00eda en el men\u00fa contextual, se encuentran enlaces para completar la informaci\u00f3n, como puede ser: normas urban\u00edstica del PGOU, normativa de la calificaci\u00f3n del suelo, catalogo del bien protegido, etc\u2026<\/p>\n<p><img decoding=\"async\" class=\"size-full wp-image-142229 aligncenter lazyload\" data-src=\"https:\/\/alzira.es\/wp-content\/uploads\/2023\/09\/informacion-urbanistica.png\" alt=\"Informaci\u00f3n urban\u00edstica del PGOU\" width=\"681\" height=\"483\" src=\"data:image\/svg+xml;base64,PHN2ZyB3aWR0aD0iMSIgaGVpZ2h0PSIxIiB4bWxucz0iaHR0cDovL3d3dy53My5vcmcvMjAwMC9zdmciPjwvc3ZnPg==\" style=\"--smush-placeholder-width: 681px; --smush-placeholder-aspect-ratio: 681\/483;\" \/><\/p>\n<p>Se recomienda abrir el documento con un lector de pdf como el Acrobat Reader. Si se abre con el navegador web (Google Crhome, Microsoft Edge, Fire Fox, etc\u2026), dependiendo del navegador pudiera ocurrir que los enlaces no funcionaran.<\/p>\n<p>Para borrar en el mapa los objetos seleccionados, para obtener informaci\u00f3n de una nueva parcela catastral, activamos el bot\u00f3n de \u2018limpiar selecci\u00f3n\u2019 <img decoding=\"async\" class=\"alignnone size-full wp-image-142231 lazyload\" data-src=\"https:\/\/alzira.es\/wp-content\/uploads\/2023\/09\/limpiar-seleccion.png\" alt=\"Limpiar selecci\u00f3n\" width=\"50\" height=\"40\" src=\"data:image\/svg+xml;base64,PHN2ZyB3aWR0aD0iMSIgaGVpZ2h0PSIxIiB4bWxucz0iaHR0cDovL3d3dy53My5vcmcvMjAwMC9zdmciPjwvc3ZnPg==\" style=\"--smush-placeholder-width: 50px; --smush-placeholder-aspect-ratio: 50\/40;\" \/><\/p>\n<hr \/>\n<h1><strong>Bienvenidos a gvSIG Online<\/strong><\/h1>\n\n\n<div class=\"wp-block-columns is-layout-flex wp-container-core-columns-is-layout-9d6595d7 wp-block-columns-is-layout-flex\">\n<div class=\"wp-block-column is-layout-flow wp-block-column-is-layout-flow\" style=\"flex-basis:15%\">\n<figure class=\"wp-block-image size-full\"><a href=\"https:\/\/alzira.gvsigonline.com\/gvsigonline\/core\/select_public_project\/\" target=\"_blank\" rel=\"noreferrer noopener\"><img decoding=\"async\" width=\"704\" height=\"704\" data-src=\"https:\/\/alzira.es\/wp-content\/uploads\/2023\/09\/visor_planejament.png\" alt=\"Visores p\u00fablicos\" class=\"wp-image-142195 lazyload\" data-srcset=\"https:\/\/alzira.es\/wp-content\/uploads\/2023\/09\/visor_planejament.png 704w, https:\/\/alzira.es\/wp-content\/uploads\/2023\/09\/visor_planejament-510x510.png 510w, https:\/\/alzira.es\/wp-content\/uploads\/2023\/09\/visor_planejament-350x350.png 350w, https:\/\/alzira.es\/wp-content\/uploads\/2023\/09\/visor_planejament-300x300.png 300w, https:\/\/alzira.es\/wp-content\/uploads\/2023\/09\/visor_planejament-100x100.png 100w\" data-sizes=\"(max-width: 704px) 100vw, 704px\" src=\"data:image\/svg+xml;base64,PHN2ZyB3aWR0aD0iMSIgaGVpZ2h0PSIxIiB4bWxucz0iaHR0cDovL3d3dy53My5vcmcvMjAwMC9zdmciPjwvc3ZnPg==\" style=\"--smush-placeholder-width: 704px; --smush-placeholder-aspect-ratio: 704\/704;\" \/><\/a><\/figure>\n<\/div>\n\n\n\n<div class=\"wp-block-column is-layout-flow wp-block-column-is-layout-flow\" style=\"flex-basis:35%\">\n<p><strong><a href=\"https:\/\/alzira.gvsigonline.com\/gvsigonline\/core\/select_public_project\/\">Visores p\u00fablicos<br><\/a><\/strong>Visualiza el territorio, ortofotos y cartograf\u00eda tem\u00e1tica. Acceder a la lista de visores p\u00fablicos<\/p>\n<\/div>\n\n\n\n<div class=\"wp-block-column is-layout-flow wp-block-column-is-layout-flow\" style=\"flex-basis:15%\">\n<figure class=\"wp-block-image size-full\"><a href=\"https:\/\/alzira.gvsigonline.com\/gvsigonline\/core\/ogc_services\/\" target=\"_blank\" rel=\"noreferrer noopener\"><img decoding=\"async\" width=\"704\" height=\"704\" data-src=\"https:\/\/alzira.es\/wp-content\/uploads\/2023\/09\/services.jpg\" alt=\"Servicios de mapas\" class=\"wp-image-142233 lazyload\" data-srcset=\"https:\/\/alzira.es\/wp-content\/uploads\/2023\/09\/services.jpg 704w, https:\/\/alzira.es\/wp-content\/uploads\/2023\/09\/services-510x510.jpg 510w, https:\/\/alzira.es\/wp-content\/uploads\/2023\/09\/services-350x350.jpg 350w, https:\/\/alzira.es\/wp-content\/uploads\/2023\/09\/services-300x300.jpg 300w, https:\/\/alzira.es\/wp-content\/uploads\/2023\/09\/services-100x100.jpg 100w\" data-sizes=\"(max-width: 704px) 100vw, 704px\" src=\"data:image\/svg+xml;base64,PHN2ZyB3aWR0aD0iMSIgaGVpZ2h0PSIxIiB4bWxucz0iaHR0cDovL3d3dy53My5vcmcvMjAwMC9zdmciPjwvc3ZnPg==\" style=\"--smush-placeholder-width: 704px; --smush-placeholder-aspect-ratio: 704\/704;\" \/><\/a><\/figure>\n<\/div>\n\n\n\n<div class=\"wp-block-column is-layout-flow wp-block-column-is-layout-flow\" style=\"flex-basis:35%\">\n<p><a href=\"https:\/\/alzira.gvsigonline.com\/gvsigonline\/core\/ogc_services\/\"><strong>Servicios de mapas<\/strong><br><\/a>Explora los servicios OGC disponibles. Mostrar servicios disponibles<\/p>\n<\/div>\n<\/div>\n","protected":false},"excerpt":{"rendered":"<p>ACCEDER al visor del Planeamiento urban\u00edstico del municipio de Alzira AYUDA para la obtenci\u00f3n de informaci\u00f3n urban\u00edstica: Obtenci\u00f3n de la informaci\u00f3n urban\u00edstica mediante selecci\u00f3n. Obtenci\u00f3n de la informaci\u00f3n urban\u00edstica mediante parcela catastral. Pantalla del visor 1.\u00a0\u00a0\u00a0\u00a0 Obtenci\u00f3n de la informaci\u00f3n urban\u00edstica mediante selecci\u00f3n. Activamos la capa que queremos obtener la informaci\u00f3n, seleccionando el cuadrado en &hellip; <\/p>\n<p class=\"link-more\"><a href=\"https:\/\/alzira.es\/es\/servicios-municipales\/urbanismo-e-infraestructuras\/planejament-i-informacio-urbanistica\/\" class=\"more-link\">Continuar leyendo<span class=\"screen-reader-text\"> \u00abPlaneamiento e Informaci\u00f3n Urban\u00edstica\u00bb<\/span><\/a><\/p>\n","protected":false},"author":29,"featured_media":0,"parent":87644,"menu_order":0,"comment_status":"closed","ping_status":"closed","template":"","meta":{"_acf_changed":false,"footnotes":""},"class_list":["post-142256","page","type-page","status-publish","hentry"],"acf":[],"_links":{"self":[{"href":"https:\/\/alzira.es\/es\/wp-json\/wp\/v2\/pages\/142256","targetHints":{"allow":["GET"]}}],"collection":[{"href":"https:\/\/alzira.es\/es\/wp-json\/wp\/v2\/pages"}],"about":[{"href":"https:\/\/alzira.es\/es\/wp-json\/wp\/v2\/types\/page"}],"author":[{"embeddable":true,"href":"https:\/\/alzira.es\/es\/wp-json\/wp\/v2\/users\/29"}],"replies":[{"embeddable":true,"href":"https:\/\/alzira.es\/es\/wp-json\/wp\/v2\/comments?post=142256"}],"version-history":[{"count":2,"href":"https:\/\/alzira.es\/es\/wp-json\/wp\/v2\/pages\/142256\/revisions"}],"predecessor-version":[{"id":142258,"href":"https:\/\/alzira.es\/es\/wp-json\/wp\/v2\/pages\/142256\/revisions\/142258"}],"up":[{"embeddable":true,"href":"https:\/\/alzira.es\/es\/wp-json\/wp\/v2\/pages\/87644"}],"wp:attachment":[{"href":"https:\/\/alzira.es\/es\/wp-json\/wp\/v2\/media?parent=142256"}],"curies":[{"name":"wp","href":"https:\/\/api.w.org\/{rel}","templated":true}]}}