{"id":141542,"date":"2023-08-31T08:51:28","date_gmt":"2023-08-31T06:51:28","guid":{"rendered":"https:\/\/alzira.es\/servicios-municipales\/medioambiente\/plan-de-accion-para-el-clima-y-la-energia-sostenible\/"},"modified":"2023-08-31T08:51:28","modified_gmt":"2023-08-31T06:51:28","slug":"plan-de-accion-para-el-clima-y-la-energia-sostenible","status":"publish","type":"page","link":"https:\/\/alzira.es\/es\/servicios-municipales\/servici-demergencia-climatica-i-projectes-estrategics\/plans\/plan-de-accion-para-el-clima-y-la-energia-sostenible\/","title":{"rendered":"Plan de Acci\u00f3n para el Clima y la Energ\u00eda Sostenible"},"content":{"rendered":"<p>El Plan de Acci\u00f3n para el Clima y la Energ\u00eda Sostenible se ajusta al \u201cPacto de las Alcald\u00edas por el Clima y la Energ\u00eda\u201d de la Uni\u00f3n Europea. El Pacto de las Alcald\u00edas por el Clima y la Energ\u00eda compromete en los municipios adheridos a conseguir los objetivos comunitarios de reducci\u00f3n de las emisiones de gases de efecto invernadero por medio de actuaciones de mitigaci\u00f3n relacionadas con la eficiencia energ\u00e9tica y las fuentes de energ\u00edas renovables, as\u00ed como definir las actuaciones de adaptaci\u00f3n que nos llevan a conseguir el objetivo deseado.<\/p>\n<p style=\"padding-left: 40px;\"><a href=\"https:\/\/alzira.es\/wp-content\/uploads\/2023\/08\/IER-ALZIRA-VAL.pdf\" target=\"_blank\" rel=\"noopener\"><img decoding=\"async\" class=\"size-full wp-image-53418 alignnone lazyload\" data-src=\"https:\/\/alzira.es\/wp-content\/uploads\/2021\/02\/pdf_rojo.gif\" alt=\"document\" width=\"18\" height=\"15\" src=\"data:image\/svg+xml;base64,PHN2ZyB3aWR0aD0iMSIgaGVpZ2h0PSIxIiB4bWxucz0iaHR0cDovL3d3dy53My5vcmcvMjAwMC9zdmciPjwvc3ZnPg==\" style=\"--smush-placeholder-width: 18px; --smush-placeholder-aspect-ratio: 18\/15;\" \/> DOCUMENTO I.- Inventario de Emisiones de Referencia (IER)<\/a><\/p>\n<p style=\"padding-left: 40px;\"><a href=\"https:\/\/alzira.es\/wp-content\/uploads\/2023\/08\/ERVCC-Alzira-VAL.pdf\" target=\"_blank\" rel=\"noopener\"><img decoding=\"async\" class=\"size-full wp-image-88742 alignnone lazyload\" data-src=\"https:\/\/alzira.es\/wp-content\/uploads\/2020\/03\/pdf_rojo.gif\" alt=\"document\" width=\"18\" height=\"15\" src=\"data:image\/svg+xml;base64,PHN2ZyB3aWR0aD0iMSIgaGVpZ2h0PSIxIiB4bWxucz0iaHR0cDovL3d3dy53My5vcmcvMjAwMC9zdmciPjwvc3ZnPg==\" style=\"--smush-placeholder-width: 18px; --smush-placeholder-aspect-ratio: 18\/15;\" \/> DOCUMENTO II.- An\u00e1lisis de Riesgos y Vulnerabilidades del municipio de Alzira<\/a><\/p>\n<p style=\"padding-left: 40px;\"><a href=\"https:\/\/alzira.es\/wp-content\/uploads\/2023\/08\/PACES_Alzira.pdf\" target=\"_blank\" rel=\"noopener\"><img decoding=\"async\" class=\"size-full wp-image-88742 alignnone lazyload\" data-src=\"https:\/\/alzira.es\/wp-content\/uploads\/2020\/03\/pdf_rojo.gif\" alt=\"document\" width=\"18\" height=\"15\" src=\"data:image\/svg+xml;base64,PHN2ZyB3aWR0aD0iMSIgaGVpZ2h0PSIxIiB4bWxucz0iaHR0cDovL3d3dy53My5vcmcvMjAwMC9zdmciPjwvc3ZnPg==\" style=\"--smush-placeholder-width: 18px; --smush-placeholder-aspect-ratio: 18\/15;\" \/> DOCUMENTO III.- Plan de Acci\u00f3n para el Clima y la Energ\u00eda Sostenible (PACES)<\/a><\/p>\n","protected":false},"excerpt":{"rendered":"<p>El Plan de Acci\u00f3n para el Clima y la Energ\u00eda Sostenible se ajusta al \u201cPacto de las Alcald\u00edas por el Clima y la Energ\u00eda\u201d de la Uni\u00f3n Europea. El Pacto de las Alcald\u00edas por el Clima y la Energ\u00eda compromete en los municipios adheridos a conseguir los objetivos comunitarios de reducci\u00f3n de las emisiones de &hellip; <\/p>\n<p class=\"link-more\"><a href=\"https:\/\/alzira.es\/es\/servicios-municipales\/servici-demergencia-climatica-i-projectes-estrategics\/plans\/plan-de-accion-para-el-clima-y-la-energia-sostenible\/\" class=\"more-link\">Continuar leyendo<span class=\"screen-reader-text\"> \u00abPlan de Acci\u00f3n para el Clima y la Energ\u00eda Sostenible\u00bb<\/span><\/a><\/p>\n","protected":false},"author":29,"featured_media":0,"parent":169515,"menu_order":0,"comment_status":"closed","ping_status":"closed","template":"","meta":{"_acf_changed":false,"footnotes":""},"class_list":["post-141542","page","type-page","status-publish","hentry"],"acf":[],"_links":{"self":[{"href":"https:\/\/alzira.es\/es\/wp-json\/wp\/v2\/pages\/141542","targetHints":{"allow":["GET"]}}],"collection":[{"href":"https:\/\/alzira.es\/es\/wp-json\/wp\/v2\/pages"}],"about":[{"href":"https:\/\/alzira.es\/es\/wp-json\/wp\/v2\/types\/page"}],"author":[{"embeddable":true,"href":"https:\/\/alzira.es\/es\/wp-json\/wp\/v2\/users\/29"}],"replies":[{"embeddable":true,"href":"https:\/\/alzira.es\/es\/wp-json\/wp\/v2\/comments?post=141542"}],"version-history":[{"count":0,"href":"https:\/\/alzira.es\/es\/wp-json\/wp\/v2\/pages\/141542\/revisions"}],"up":[{"embeddable":true,"href":"https:\/\/alzira.es\/es\/wp-json\/wp\/v2\/pages\/169515"}],"wp:attachment":[{"href":"https:\/\/alzira.es\/es\/wp-json\/wp\/v2\/media?parent=141542"}],"curies":[{"name":"wp","href":"https:\/\/api.w.org\/{rel}","templated":true}]}}