{"id":141159,"date":"2023-08-02T09:45:36","date_gmt":"2023-08-02T07:45:36","guid":{"rendered":"https:\/\/alzira.es\/?page_id=141159"},"modified":"2023-08-02T12:56:30","modified_gmt":"2023-08-02T10:56:30","slug":"ecoparc","status":"publish","type":"page","link":"https:\/\/alzira.es\/es\/ecoparc\/","title":{"rendered":"ECOPARC"},"content":{"rendered":"\t\t<div data-elementor-type=\"wp-page\" data-elementor-id=\"141159\" class=\"elementor elementor-141159\">\n\t\t\t\t\t\t<section class=\"elementor-section elementor-top-section elementor-element elementor-element-bfd2bf8 elementor-section-boxed elementor-section-height-default elementor-section-height-default\" data-id=\"bfd2bf8\" data-element_type=\"section\">\n\t\t\t\t\t\t<div class=\"elementor-container elementor-column-gap-default\">\n\t\t\t\t\t<div class=\"elementor-column elementor-col-33 elementor-top-column elementor-element elementor-element-31563f2\" data-id=\"31563f2\" data-element_type=\"column\">\n\t\t\t<div class=\"elementor-widget-wrap elementor-element-populated\">\n\t\t\t\t\t\t<div class=\"elementor-element elementor-element-487924f elementor-widget elementor-widget-image\" data-id=\"487924f\" data-element_type=\"widget\" data-widget_type=\"image.default\">\n\t\t\t\t<div class=\"elementor-widget-container\">\n\t\t\t\t\t\t\t\t\t\t\t\t\t\t\t<img decoding=\"async\" data-src=\"https:\/\/alzira.es\/wp-content\/uploads\/serveisurbansalzira\/2018\/02\/campa%C3%B1a-org%C3%A1nico-02-1.jpg\" title=\"\" alt=\"\" src=\"data:image\/svg+xml;base64,PHN2ZyB3aWR0aD0iMSIgaGVpZ2h0PSIxIiB4bWxucz0iaHR0cDovL3d3dy53My5vcmcvMjAwMC9zdmciPjwvc3ZnPg==\" class=\"lazyload\" \/>\t\t\t\t\t\t\t\t\t\t\t\t\t\t\t<\/div>\n\t\t\t\t<\/div>\n\t\t\t\t<div class=\"elementor-element elementor-element-db53d9e elementor-widget elementor-widget-image\" data-id=\"db53d9e\" data-element_type=\"widget\" data-widget_type=\"image.default\">\n\t\t\t\t<div class=\"elementor-widget-container\">\n\t\t\t\t\t\t\t\t\t\t\t\t\t\t\t<img decoding=\"async\" data-src=\"https:\/\/serveisurbansalzira.es\/wp-content\/uploads\/2018\/03\/Pantallas-BUS-01.jpg\" title=\"\" alt=\"\" src=\"data:image\/svg+xml;base64,PHN2ZyB3aWR0aD0iMSIgaGVpZ2h0PSIxIiB4bWxucz0iaHR0cDovL3d3dy53My5vcmcvMjAwMC9zdmciPjwvc3ZnPg==\" class=\"lazyload\" \/>\t\t\t\t\t\t\t\t\t\t\t\t\t\t\t<\/div>\n\t\t\t\t<\/div>\n\t\t\t\t<div class=\"elementor-element elementor-element-e958c00 elementor-widget elementor-widget-image\" data-id=\"e958c00\" data-element_type=\"widget\" data-widget_type=\"image.default\">\n\t\t\t\t<div class=\"elementor-widget-container\">\n\t\t\t\t\t\t\t\t\t\t\t\t\t\t\t<img decoding=\"async\" data-src=\"https:\/\/alzira.es\/wp-content\/uploads\/serveisurbansalzira\/2016\/07\/Servicio-de-Recogida-Cart%C3%B3n-comercial-01-300x212.jpg\" title=\"\" alt=\"\" src=\"data:image\/svg+xml;base64,PHN2ZyB3aWR0aD0iMSIgaGVpZ2h0PSIxIiB4bWxucz0iaHR0cDovL3d3dy53My5vcmcvMjAwMC9zdmciPjwvc3ZnPg==\" class=\"lazyload\" style=\"--smush-placeholder-width: 300px; --smush-placeholder-aspect-ratio: 300\/212;\" \/>\t\t\t\t\t\t\t\t\t\t\t\t\t\t\t<\/div>\n\t\t\t\t<\/div>\n\t\t\t\t<div class=\"elementor-element elementor-element-6a61231 elementor-widget elementor-widget-image\" data-id=\"6a61231\" data-element_type=\"widget\" data-widget_type=\"image.default\">\n\t\t\t\t<div class=\"elementor-widget-container\">\n\t\t\t\t\t\t\t\t\t\t\t\t\t\t\t<img decoding=\"async\" data-src=\"https:\/\/alzira.es\/wp-content\/uploads\/serveisurbansalzira\/2018\/03\/flyer-02-768x548.png\" title=\"\" alt=\"\" src=\"data:image\/svg+xml;base64,PHN2ZyB3aWR0aD0iMSIgaGVpZ2h0PSIxIiB4bWxucz0iaHR0cDovL3d3dy53My5vcmcvMjAwMC9zdmciPjwvc3ZnPg==\" class=\"lazyload\" style=\"--smush-placeholder-width: 768px; --smush-placeholder-aspect-ratio: 768\/548;\" \/>\t\t\t\t\t\t\t\t\t\t\t\t\t\t\t<\/div>\n\t\t\t\t<\/div>\n\t\t\t\t<div class=\"elementor-element elementor-element-aaa444f elementor-widget elementor-widget-image\" data-id=\"aaa444f\" data-element_type=\"widget\" data-widget_type=\"image.default\">\n\t\t\t\t<div class=\"elementor-widget-container\">\n\t\t\t\t\t\t\t\t\t\t\t\t\t\t\t<img decoding=\"async\" data-src=\"https:\/\/alzira.es\/wp-content\/uploads\/serveisurbansalzira\/2016\/07\/campanya-gos-1.jpg\" title=\"\" alt=\"\" src=\"data:image\/svg+xml;base64,PHN2ZyB3aWR0aD0iMSIgaGVpZ2h0PSIxIiB4bWxucz0iaHR0cDovL3d3dy53My5vcmcvMjAwMC9zdmciPjwvc3ZnPg==\" class=\"lazyload\" style=\"--smush-placeholder-width: 1000px; --smush-placeholder-aspect-ratio: 1000\/960;\" \/>\t\t\t\t\t\t\t\t\t\t\t\t\t\t\t<\/div>\n\t\t\t\t<\/div>\n\t\t\t\t<div class=\"elementor-element elementor-element-ff37834 elementor-widget elementor-widget-image\" data-id=\"ff37834\" data-element_type=\"widget\" data-widget_type=\"image.default\">\n\t\t\t\t<div class=\"elementor-widget-container\">\n\t\t\t\t\t\t\t\t\t\t\t\t\t\t\t<img decoding=\"async\" data-src=\"https:\/\/serveisurbansalzira.es\/wp-content\/uploads\/2018\/03\/campanya-whatsapp-1.jpg\" title=\"\" alt=\"\" src=\"data:image\/svg+xml;base64,PHN2ZyB3aWR0aD0iMSIgaGVpZ2h0PSIxIiB4bWxucz0iaHR0cDovL3d3dy53My5vcmcvMjAwMC9zdmciPjwvc3ZnPg==\" class=\"lazyload\" \/>\t\t\t\t\t\t\t\t\t\t\t\t\t\t\t<\/div>\n\t\t\t\t<\/div>\n\t\t\t\t\t<\/div>\n\t\t<\/div>\n\t\t\t\t<div class=\"elementor-column elementor-col-66 elementor-top-column elementor-element elementor-element-69d957c\" data-id=\"69d957c\" data-element_type=\"column\">\n\t\t\t<div class=\"elementor-widget-wrap elementor-element-populated\">\n\t\t\t\t\t\t<div class=\"elementor-element elementor-element-ea06b24 elementor-widget elementor-widget-heading\" data-id=\"ea06b24\" data-element_type=\"widget\" data-widget_type=\"heading.default\">\n\t\t\t\t<div class=\"elementor-widget-container\">\n\t\t\t\t\t<h3 class=\"elementor-heading-title elementor-size-default\">Horari<\/h3>\t\t\t\t<\/div>\n\t\t\t\t<\/div>\n\t\t\t\t<div class=\"elementor-element elementor-element-683fa53 elementor-widget elementor-widget-text-editor\" data-id=\"683fa53\" data-element_type=\"widget\" data-widget_type=\"text-editor.default\">\n\t\t\t\t<div class=\"elementor-widget-container\">\n\t\t\t\t\t\t\t\t\t<p style=\"text-align: center;\">DILLUNS A DIVENDRES 09:00 \u2013 14:00 \/ 16:00 \u2013 19:00<\/p><p style=\"text-align: center;\">DISSABTES I DIUMENGES: 09:00 \u2013 14:00<\/p>\t\t\t\t\t\t\t\t<\/div>\n\t\t\t\t<\/div>\n\t\t\t\t<div class=\"elementor-element elementor-element-731bf57 elementor-widget elementor-widget-heading\" data-id=\"731bf57\" data-element_type=\"widget\" data-widget_type=\"heading.default\">\n\t\t\t\t<div class=\"elementor-widget-container\">\n\t\t\t\t\t<h3 class=\"elementor-heading-title elementor-size-default\">Residus admesos<\/h3>\t\t\t\t<\/div>\n\t\t\t\t<\/div>\n\t\t\t\t<div class=\"elementor-element elementor-element-fe53294 elementor-widget elementor-widget-text-editor\" data-id=\"fe53294\" data-element_type=\"widget\" data-widget_type=\"text-editor.default\">\n\t\t\t\t<div class=\"elementor-widget-container\">\n\t\t\t\t\t\t\t\t\t<p style=\"text-align: center;\"><img decoding=\"async\" class=\"alignnone wp-image-141167 lazyload\" data-src=\"https:\/\/alzira.es\/wp-content\/uploads\/2023\/08\/Geen_check.png\" alt=\"\" width=\"30\" height=\"30\" data-srcset=\"https:\/\/alzira.es\/wp-content\/uploads\/2023\/08\/Geen_check.png 600w, https:\/\/alzira.es\/wp-content\/uploads\/2023\/08\/Geen_check-510x510.png 510w, https:\/\/alzira.es\/wp-content\/uploads\/2023\/08\/Geen_check-350x350.png 350w, https:\/\/alzira.es\/wp-content\/uploads\/2023\/08\/Geen_check-300x300.png 300w, https:\/\/alzira.es\/wp-content\/uploads\/2023\/08\/Geen_check-100x100.png 100w\" data-sizes=\"(max-width: 30px) 100vw, 30px\" src=\"data:image\/svg+xml;base64,PHN2ZyB3aWR0aD0iMSIgaGVpZ2h0PSIxIiB4bWxucz0iaHR0cDovL3d3dy53My5vcmcvMjAwMC9zdmciPjwvc3ZnPg==\" style=\"--smush-placeholder-width: 30px; --smush-placeholder-aspect-ratio: 30\/30;\" \/>ELECTRODOM\u00c8STICS<\/p><p style=\"text-align: center;\"><img decoding=\"async\" class=\"alignnone wp-image-141167 lazyload\" data-src=\"https:\/\/alzira.es\/wp-content\/uploads\/2023\/08\/Geen_check.png\" alt=\"\" width=\"30\" height=\"30\" data-srcset=\"https:\/\/alzira.es\/wp-content\/uploads\/2023\/08\/Geen_check.png 600w, https:\/\/alzira.es\/wp-content\/uploads\/2023\/08\/Geen_check-510x510.png 510w, https:\/\/alzira.es\/wp-content\/uploads\/2023\/08\/Geen_check-350x350.png 350w, https:\/\/alzira.es\/wp-content\/uploads\/2023\/08\/Geen_check-300x300.png 300w, https:\/\/alzira.es\/wp-content\/uploads\/2023\/08\/Geen_check-100x100.png 100w\" data-sizes=\"(max-width: 30px) 100vw, 30px\" src=\"data:image\/svg+xml;base64,PHN2ZyB3aWR0aD0iMSIgaGVpZ2h0PSIxIiB4bWxucz0iaHR0cDovL3d3dy53My5vcmcvMjAwMC9zdmciPjwvc3ZnPg==\" style=\"--smush-placeholder-width: 30px; --smush-placeholder-aspect-ratio: 30\/30;\" \/>FUSTA<\/p><p style=\"text-align: center;\"><img decoding=\"async\" class=\"alignnone wp-image-141167 lazyload\" data-src=\"https:\/\/alzira.es\/wp-content\/uploads\/2023\/08\/Geen_check.png\" alt=\"\" width=\"30\" height=\"30\" data-srcset=\"https:\/\/alzira.es\/wp-content\/uploads\/2023\/08\/Geen_check.png 600w, https:\/\/alzira.es\/wp-content\/uploads\/2023\/08\/Geen_check-510x510.png 510w, https:\/\/alzira.es\/wp-content\/uploads\/2023\/08\/Geen_check-350x350.png 350w, https:\/\/alzira.es\/wp-content\/uploads\/2023\/08\/Geen_check-300x300.png 300w, https:\/\/alzira.es\/wp-content\/uploads\/2023\/08\/Geen_check-100x100.png 100w\" data-sizes=\"(max-width: 30px) 100vw, 30px\" src=\"data:image\/svg+xml;base64,PHN2ZyB3aWR0aD0iMSIgaGVpZ2h0PSIxIiB4bWxucz0iaHR0cDovL3d3dy53My5vcmcvMjAwMC9zdmciPjwvc3ZnPg==\" style=\"--smush-placeholder-width: 30px; --smush-placeholder-aspect-ratio: 30\/30;\" \/>METALLS<\/p><p style=\"text-align: center;\"><img decoding=\"async\" class=\"alignnone wp-image-141167 lazyload\" data-src=\"https:\/\/alzira.es\/wp-content\/uploads\/2023\/08\/Geen_check.png\" alt=\"\" width=\"30\" height=\"30\" data-srcset=\"https:\/\/alzira.es\/wp-content\/uploads\/2023\/08\/Geen_check.png 600w, https:\/\/alzira.es\/wp-content\/uploads\/2023\/08\/Geen_check-510x510.png 510w, https:\/\/alzira.es\/wp-content\/uploads\/2023\/08\/Geen_check-350x350.png 350w, https:\/\/alzira.es\/wp-content\/uploads\/2023\/08\/Geen_check-300x300.png 300w, https:\/\/alzira.es\/wp-content\/uploads\/2023\/08\/Geen_check-100x100.png 100w\" data-sizes=\"(max-width: 30px) 100vw, 30px\" src=\"data:image\/svg+xml;base64,PHN2ZyB3aWR0aD0iMSIgaGVpZ2h0PSIxIiB4bWxucz0iaHR0cDovL3d3dy53My5vcmcvMjAwMC9zdmciPjwvc3ZnPg==\" style=\"--smush-placeholder-width: 30px; --smush-placeholder-aspect-ratio: 30\/30;\" \/>MOBLES<\/p><p style=\"text-align: center;\"><img decoding=\"async\" class=\"alignnone wp-image-141167 lazyload\" data-src=\"https:\/\/alzira.es\/wp-content\/uploads\/2023\/08\/Geen_check.png\" alt=\"\" width=\"30\" height=\"30\" data-srcset=\"https:\/\/alzira.es\/wp-content\/uploads\/2023\/08\/Geen_check.png 600w, https:\/\/alzira.es\/wp-content\/uploads\/2023\/08\/Geen_check-510x510.png 510w, https:\/\/alzira.es\/wp-content\/uploads\/2023\/08\/Geen_check-350x350.png 350w, https:\/\/alzira.es\/wp-content\/uploads\/2023\/08\/Geen_check-300x300.png 300w, https:\/\/alzira.es\/wp-content\/uploads\/2023\/08\/Geen_check-100x100.png 100w\" data-sizes=\"(max-width: 30px) 100vw, 30px\" src=\"data:image\/svg+xml;base64,PHN2ZyB3aWR0aD0iMSIgaGVpZ2h0PSIxIiB4bWxucz0iaHR0cDovL3d3dy53My5vcmcvMjAwMC9zdmciPjwvc3ZnPg==\" style=\"--smush-placeholder-width: 30px; --smush-placeholder-aspect-ratio: 30\/30;\" \/>PAPER I CART\u00d3<\/p><p style=\"text-align: center;\"><img decoding=\"async\" class=\"alignnone wp-image-141167 lazyload\" data-src=\"https:\/\/alzira.es\/wp-content\/uploads\/2023\/08\/Geen_check.png\" alt=\"\" width=\"30\" height=\"30\" data-srcset=\"https:\/\/alzira.es\/wp-content\/uploads\/2023\/08\/Geen_check.png 600w, https:\/\/alzira.es\/wp-content\/uploads\/2023\/08\/Geen_check-510x510.png 510w, https:\/\/alzira.es\/wp-content\/uploads\/2023\/08\/Geen_check-350x350.png 350w, https:\/\/alzira.es\/wp-content\/uploads\/2023\/08\/Geen_check-300x300.png 300w, https:\/\/alzira.es\/wp-content\/uploads\/2023\/08\/Geen_check-100x100.png 100w\" data-sizes=\"(max-width: 30px) 100vw, 30px\" src=\"data:image\/svg+xml;base64,PHN2ZyB3aWR0aD0iMSIgaGVpZ2h0PSIxIiB4bWxucz0iaHR0cDovL3d3dy53My5vcmcvMjAwMC9zdmciPjwvc3ZnPg==\" style=\"--smush-placeholder-width: 30px; --smush-placeholder-aspect-ratio: 30\/30;\" \/>PL\u00c0STICS<\/p><p style=\"text-align: center;\"><img decoding=\"async\" class=\"alignnone wp-image-141167 lazyload\" data-src=\"https:\/\/alzira.es\/wp-content\/uploads\/2023\/08\/Geen_check.png\" alt=\"\" width=\"30\" height=\"30\" data-srcset=\"https:\/\/alzira.es\/wp-content\/uploads\/2023\/08\/Geen_check.png 600w, https:\/\/alzira.es\/wp-content\/uploads\/2023\/08\/Geen_check-510x510.png 510w, https:\/\/alzira.es\/wp-content\/uploads\/2023\/08\/Geen_check-350x350.png 350w, https:\/\/alzira.es\/wp-content\/uploads\/2023\/08\/Geen_check-300x300.png 300w, https:\/\/alzira.es\/wp-content\/uploads\/2023\/08\/Geen_check-100x100.png 100w\" data-sizes=\"(max-width: 30px) 100vw, 30px\" src=\"data:image\/svg+xml;base64,PHN2ZyB3aWR0aD0iMSIgaGVpZ2h0PSIxIiB4bWxucz0iaHR0cDovL3d3dy53My5vcmcvMjAwMC9zdmciPjwvc3ZnPg==\" style=\"--smush-placeholder-width: 30px; --smush-placeholder-aspect-ratio: 30\/30;\" \/>PODA<\/p><p style=\"text-align: center;\"><img decoding=\"async\" class=\"alignnone wp-image-141167 lazyload\" data-src=\"https:\/\/alzira.es\/wp-content\/uploads\/2023\/08\/Geen_check.png\" alt=\"\" width=\"30\" height=\"30\" data-srcset=\"https:\/\/alzira.es\/wp-content\/uploads\/2023\/08\/Geen_check.png 600w, https:\/\/alzira.es\/wp-content\/uploads\/2023\/08\/Geen_check-510x510.png 510w, https:\/\/alzira.es\/wp-content\/uploads\/2023\/08\/Geen_check-350x350.png 350w, https:\/\/alzira.es\/wp-content\/uploads\/2023\/08\/Geen_check-300x300.png 300w, https:\/\/alzira.es\/wp-content\/uploads\/2023\/08\/Geen_check-100x100.png 100w\" data-sizes=\"(max-width: 30px) 100vw, 30px\" src=\"data:image\/svg+xml;base64,PHN2ZyB3aWR0aD0iMSIgaGVpZ2h0PSIxIiB4bWxucz0iaHR0cDovL3d3dy53My5vcmcvMjAwMC9zdmciPjwvc3ZnPg==\" style=\"--smush-placeholder-width: 30px; --smush-placeholder-aspect-ratio: 30\/30;\" \/>RAEES (Residus aparells el\u00e9ctrics i electr\u00f3nics )<\/p><p style=\"text-align: center;\"><img decoding=\"async\" class=\"alignnone wp-image-141167 lazyload\" data-src=\"https:\/\/alzira.es\/wp-content\/uploads\/2023\/08\/Geen_check.png\" alt=\"\" width=\"30\" height=\"30\" data-srcset=\"https:\/\/alzira.es\/wp-content\/uploads\/2023\/08\/Geen_check.png 600w, https:\/\/alzira.es\/wp-content\/uploads\/2023\/08\/Geen_check-510x510.png 510w, https:\/\/alzira.es\/wp-content\/uploads\/2023\/08\/Geen_check-350x350.png 350w, https:\/\/alzira.es\/wp-content\/uploads\/2023\/08\/Geen_check-300x300.png 300w, https:\/\/alzira.es\/wp-content\/uploads\/2023\/08\/Geen_check-100x100.png 100w\" data-sizes=\"(max-width: 30px) 100vw, 30px\" src=\"data:image\/svg+xml;base64,PHN2ZyB3aWR0aD0iMSIgaGVpZ2h0PSIxIiB4bWxucz0iaHR0cDovL3d3dy53My5vcmcvMjAwMC9zdmciPjwvc3ZnPg==\" style=\"--smush-placeholder-width: 30px; --smush-placeholder-aspect-ratio: 30\/30;\" \/>RCD`S (Residus de construcci\u00f3 i demolici\u00f3)<\/p>\t\t\t\t\t\t\t\t<\/div>\n\t\t\t\t<\/div>\n\t\t\t\t<div class=\"elementor-element elementor-element-876ba26 elementor-widget elementor-widget-heading\" data-id=\"876ba26\" data-element_type=\"widget\" data-widget_type=\"heading.default\">\n\t\t\t\t<div class=\"elementor-widget-container\">\n\t\t\t\t\t<h3 class=\"elementor-heading-title elementor-size-default\">Materials perillosos<\/h3>\t\t\t\t<\/div>\n\t\t\t\t<\/div>\n\t\t\t\t<div class=\"elementor-element elementor-element-cff91e3 elementor-widget elementor-widget-text-editor\" data-id=\"cff91e3\" data-element_type=\"widget\" data-widget_type=\"text-editor.default\">\n\t\t\t\t<div class=\"elementor-widget-container\">\n\t\t\t\t\t\t\t\t\t<p style=\"text-align: center;\"><img decoding=\"async\" class=\"alignnone wp-image-141169 lazyload\" data-src=\"https:\/\/alzira.es\/wp-content\/uploads\/2023\/08\/Red_check.png\" alt=\"\" width=\"30\" height=\"30\" data-srcset=\"https:\/\/alzira.es\/wp-content\/uploads\/2023\/08\/Red_check.png 600w, https:\/\/alzira.es\/wp-content\/uploads\/2023\/08\/Red_check-510x510.png 510w, https:\/\/alzira.es\/wp-content\/uploads\/2023\/08\/Red_check-350x350.png 350w, https:\/\/alzira.es\/wp-content\/uploads\/2023\/08\/Red_check-300x300.png 300w, https:\/\/alzira.es\/wp-content\/uploads\/2023\/08\/Red_check-100x100.png 100w\" data-sizes=\"(max-width: 30px) 100vw, 30px\" src=\"data:image\/svg+xml;base64,PHN2ZyB3aWR0aD0iMSIgaGVpZ2h0PSIxIiB4bWxucz0iaHR0cDovL3d3dy53My5vcmcvMjAwMC9zdmciPjwvc3ZnPg==\" style=\"--smush-placeholder-width: 30px; --smush-placeholder-aspect-ratio: 30\/30;\" \/>OLI CUINA<\/p><p style=\"text-align: center;\"><img decoding=\"async\" class=\"alignnone wp-image-141169 lazyload\" data-src=\"https:\/\/alzira.es\/wp-content\/uploads\/2023\/08\/Red_check.png\" alt=\"\" width=\"30\" height=\"30\" data-srcset=\"https:\/\/alzira.es\/wp-content\/uploads\/2023\/08\/Red_check.png 600w, https:\/\/alzira.es\/wp-content\/uploads\/2023\/08\/Red_check-510x510.png 510w, https:\/\/alzira.es\/wp-content\/uploads\/2023\/08\/Red_check-350x350.png 350w, https:\/\/alzira.es\/wp-content\/uploads\/2023\/08\/Red_check-300x300.png 300w, https:\/\/alzira.es\/wp-content\/uploads\/2023\/08\/Red_check-100x100.png 100w\" data-sizes=\"(max-width: 30px) 100vw, 30px\" src=\"data:image\/svg+xml;base64,PHN2ZyB3aWR0aD0iMSIgaGVpZ2h0PSIxIiB4bWxucz0iaHR0cDovL3d3dy53My5vcmcvMjAwMC9zdmciPjwvc3ZnPg==\" style=\"--smush-placeholder-width: 30px; --smush-placeholder-aspect-ratio: 30\/30;\" \/>OLIS INDUSTRIALS<\/p><p style=\"text-align: center;\"><img decoding=\"async\" class=\"alignnone wp-image-141169 lazyload\" data-src=\"https:\/\/alzira.es\/wp-content\/uploads\/2023\/08\/Red_check.png\" alt=\"\" width=\"30\" height=\"30\" data-srcset=\"https:\/\/alzira.es\/wp-content\/uploads\/2023\/08\/Red_check.png 600w, https:\/\/alzira.es\/wp-content\/uploads\/2023\/08\/Red_check-510x510.png 510w, https:\/\/alzira.es\/wp-content\/uploads\/2023\/08\/Red_check-350x350.png 350w, https:\/\/alzira.es\/wp-content\/uploads\/2023\/08\/Red_check-300x300.png 300w, https:\/\/alzira.es\/wp-content\/uploads\/2023\/08\/Red_check-100x100.png 100w\" data-sizes=\"(max-width: 30px) 100vw, 30px\" src=\"data:image\/svg+xml;base64,PHN2ZyB3aWR0aD0iMSIgaGVpZ2h0PSIxIiB4bWxucz0iaHR0cDovL3d3dy53My5vcmcvMjAwMC9zdmciPjwvc3ZnPg==\" style=\"--smush-placeholder-width: 30px; --smush-placeholder-aspect-ratio: 30\/30;\" \/>AEROSOLS<\/p><p style=\"text-align: center;\"><img decoding=\"async\" class=\"alignnone wp-image-141169 lazyload\" data-src=\"https:\/\/alzira.es\/wp-content\/uploads\/2023\/08\/Red_check.png\" alt=\"\" width=\"30\" height=\"30\" data-srcset=\"https:\/\/alzira.es\/wp-content\/uploads\/2023\/08\/Red_check.png 600w, https:\/\/alzira.es\/wp-content\/uploads\/2023\/08\/Red_check-510x510.png 510w, https:\/\/alzira.es\/wp-content\/uploads\/2023\/08\/Red_check-350x350.png 350w, https:\/\/alzira.es\/wp-content\/uploads\/2023\/08\/Red_check-300x300.png 300w, https:\/\/alzira.es\/wp-content\/uploads\/2023\/08\/Red_check-100x100.png 100w\" data-sizes=\"(max-width: 30px) 100vw, 30px\" src=\"data:image\/svg+xml;base64,PHN2ZyB3aWR0aD0iMSIgaGVpZ2h0PSIxIiB4bWxucz0iaHR0cDovL3d3dy53My5vcmcvMjAwMC9zdmciPjwvc3ZnPg==\" style=\"--smush-placeholder-width: 30px; --smush-placeholder-aspect-ratio: 30\/30;\" \/>PERETES I TUBS FLUORESCENTS<\/p><p style=\"text-align: center;\"><img decoding=\"async\" class=\"alignnone wp-image-141169 lazyload\" data-src=\"https:\/\/alzira.es\/wp-content\/uploads\/2023\/08\/Red_check.png\" alt=\"\" width=\"30\" height=\"30\" data-srcset=\"https:\/\/alzira.es\/wp-content\/uploads\/2023\/08\/Red_check.png 600w, https:\/\/alzira.es\/wp-content\/uploads\/2023\/08\/Red_check-510x510.png 510w, https:\/\/alzira.es\/wp-content\/uploads\/2023\/08\/Red_check-350x350.png 350w, https:\/\/alzira.es\/wp-content\/uploads\/2023\/08\/Red_check-300x300.png 300w, https:\/\/alzira.es\/wp-content\/uploads\/2023\/08\/Red_check-100x100.png 100w\" data-sizes=\"(max-width: 30px) 100vw, 30px\" src=\"data:image\/svg+xml;base64,PHN2ZyB3aWR0aD0iMSIgaGVpZ2h0PSIxIiB4bWxucz0iaHR0cDovL3d3dy53My5vcmcvMjAwMC9zdmciPjwvc3ZnPg==\" style=\"--smush-placeholder-width: 30px; --smush-placeholder-aspect-ratio: 30\/30;\" \/>POTS CONTAMINATS DE PL\u00c0STIC,METALL<\/p><p style=\"text-align: center;\"><img decoding=\"async\" class=\"alignnone wp-image-141169 lazyload\" data-src=\"https:\/\/alzira.es\/wp-content\/uploads\/2023\/08\/Red_check.png\" alt=\"\" width=\"30\" height=\"30\" data-srcset=\"https:\/\/alzira.es\/wp-content\/uploads\/2023\/08\/Red_check.png 600w, https:\/\/alzira.es\/wp-content\/uploads\/2023\/08\/Red_check-510x510.png 510w, https:\/\/alzira.es\/wp-content\/uploads\/2023\/08\/Red_check-350x350.png 350w, https:\/\/alzira.es\/wp-content\/uploads\/2023\/08\/Red_check-300x300.png 300w, https:\/\/alzira.es\/wp-content\/uploads\/2023\/08\/Red_check-100x100.png 100w\" data-sizes=\"(max-width: 30px) 100vw, 30px\" src=\"data:image\/svg+xml;base64,PHN2ZyB3aWR0aD0iMSIgaGVpZ2h0PSIxIiB4bWxucz0iaHR0cDovL3d3dy53My5vcmcvMjAwMC9zdmciPjwvc3ZnPg==\" style=\"--smush-placeholder-width: 30px; --smush-placeholder-aspect-ratio: 30\/30;\" \/>PILES, BATERIES,RADIOGRAFIES<\/p>\t\t\t\t\t\t\t\t<\/div>\n\t\t\t\t<\/div>\n\t\t\t\t<div class=\"elementor-element elementor-element-8329a58 elementor-widget elementor-widget-heading\" data-id=\"8329a58\" data-element_type=\"widget\" data-widget_type=\"heading.default\">\n\t\t\t\t<div class=\"elementor-widget-container\">\n\t\t\t\t\t<h3 class=\"elementor-heading-title elementor-size-default\">Localizaci\u00f3<\/h3>\t\t\t\t<\/div>\n\t\t\t\t<\/div>\n\t\t\t\t<div class=\"elementor-element elementor-element-cb97b0f elementor-widget elementor-widget-google_maps\" data-id=\"cb97b0f\" data-element_type=\"widget\" data-widget_type=\"google_maps.default\">\n\t\t\t\t<div class=\"elementor-widget-container\">\n\t\t\t\t\t\t\t<div class=\"elementor-custom-embed\">\n\t\t\t<iframe\n\t\t\t\t\tdata-src=\"https:\/\/maps.google.com\/maps?q=Ecoparc%20Alzira&#038;t=m&#038;z=10&#038;output=embed&#038;iwloc=near\"\n\t\t\t\t\ttitle=\"Ecoparc Alzira\"\n\t\t\t\t\taria-label=\"Ecoparc Alzira\"\n\t\t\t src=\"data:image\/svg+xml;base64,PHN2ZyB3aWR0aD0iMSIgaGVpZ2h0PSIxIiB4bWxucz0iaHR0cDovL3d3dy53My5vcmcvMjAwMC9zdmciPjwvc3ZnPg==\" class=\"lazyload\" data-load-mode=\"1\"><\/iframe>\n\t\t<\/div>\n\t\t\t\t\t\t<\/div>\n\t\t\t\t<\/div>\n\t\t\t\t\t<\/div>\n\t\t<\/div>\n\t\t\t\t\t<\/div>\n\t\t<\/section>\n\t\t\t\t<\/div>\n\t\t","protected":false},"excerpt":{"rendered":"<p>Horari DILLUNS A DIVENDRES 09:00 \u2013 14:00 \/ 16:00 \u2013 19:00 DISSABTES I DIUMENGES: 09:00 \u2013 14:00 Residus admesos ELECTRODOM\u00c8STICS FUSTA METALLS MOBLES PAPER I CART\u00d3 PL\u00c0STICS PODA RAEES (Residus aparells el\u00e9ctrics i electr\u00f3nics ) RCD`S (Residus de construcci\u00f3 i demolici\u00f3) Materials perillosos OLI CUINA OLIS INDUSTRIALS AEROSOLS PERETES I TUBS FLUORESCENTS POTS CONTAMINATS DE &hellip; <\/p>\n<p class=\"link-more\"><a href=\"https:\/\/alzira.es\/es\/ecoparc\/\" class=\"more-link\">Continuar leyendo<span class=\"screen-reader-text\"> \u00abECOPARC\u00bb<\/span><\/a><\/p>\n","protected":false},"author":29,"featured_media":0,"parent":0,"menu_order":0,"comment_status":"closed","ping_status":"closed","template":"","meta":{"_acf_changed":false,"footnotes":""},"class_list":["post-141159","page","type-page","status-publish","hentry"],"acf":[],"_links":{"self":[{"href":"https:\/\/alzira.es\/es\/wp-json\/wp\/v2\/pages\/141159","targetHints":{"allow":["GET"]}}],"collection":[{"href":"https:\/\/alzira.es\/es\/wp-json\/wp\/v2\/pages"}],"about":[{"href":"https:\/\/alzira.es\/es\/wp-json\/wp\/v2\/types\/page"}],"author":[{"embeddable":true,"href":"https:\/\/alzira.es\/es\/wp-json\/wp\/v2\/users\/29"}],"replies":[{"embeddable":true,"href":"https:\/\/alzira.es\/es\/wp-json\/wp\/v2\/comments?post=141159"}],"version-history":[{"count":2,"href":"https:\/\/alzira.es\/es\/wp-json\/wp\/v2\/pages\/141159\/revisions"}],"predecessor-version":[{"id":141194,"href":"https:\/\/alzira.es\/es\/wp-json\/wp\/v2\/pages\/141159\/revisions\/141194"}],"wp:attachment":[{"href":"https:\/\/alzira.es\/es\/wp-json\/wp\/v2\/media?parent=141159"}],"curies":[{"name":"wp","href":"https:\/\/api.w.org\/{rel}","templated":true}]}}