{"id":141010,"date":"2023-07-27T08:08:56","date_gmt":"2023-07-27T06:08:56","guid":{"rendered":"https:\/\/alzira.es\/?page_id=141010"},"modified":"2025-07-31T08:20:07","modified_gmt":"2025-07-31T06:20:07","slug":"cuenta-general-2023","status":"publish","type":"page","link":"https:\/\/alzira.es\/es\/servicios-municipales\/economia-y-recaudacion\/intervencion\/cuenta-general\/cuenta-general-2023\/","title":{"rendered":"Cuenta general 2023"},"content":{"rendered":"<table style=\"margin-left: -3.6pt; border-collapse: collapse; width: 600px;\" border=\"1\" cellspacing=\"0\" cellpadding=\"0\">\n<tbody>\n<tr>\n<td style=\"border-width: 1pt 1pt 1pt medium; border-style: solid solid solid none; border-color: windowtext windowtext windowtext -moz-use-text-color; padding: 0cm 3.5pt;\">\n<p style=\"text-align: left;\" align=\"left\"><strong>Cuenta general. Tramitaci\u00f3n<\/strong><\/p>\n<\/td>\n<\/tr>\n<tr>\n<td style=\"border-width: medium 1pt 1pt medium; border-style: none solid solid none; border-color: -moz-use-text-color windowtext windowtext -moz-use-text-color; padding: 0cm 3.5pt;\"><\/td>\n<\/tr>\n<tr>\n<td style=\"border-width: medium 1pt 1pt medium; border-style: none solid solid none; border-color: -moz-use-text-color windowtext windowtext -moz-use-text-color; padding: 0cm 3.5pt;\">\n<p style=\"text-align: left;\" align=\"left\"><a href=\"https:\/\/alzira.es\/wp-content\/uploads\/2023\/03\/Informe_Intervencio.pdf\">Formaci\u00f3n Cuenta general<\/a><\/p>\n<\/td>\n<\/tr>\n<tr>\n<td style=\"border-width: medium 1pt 1pt medium; border-style: none solid solid none; border-color: -moz-use-text-color windowtext windowtext -moz-use-text-color; padding: 0cm 3.5pt;\">\n<p style=\"text-align: left;\" align=\"left\"><a href=\"https:\/\/alzira.es\/wp-content\/uploads\/2023\/03\/0709d0729-RENDICIO-COMPTE-GENERAL-2023.pdf\">Decreto Alcald\u00eda n\u00famero 729\/24 rendici\u00f3n cuentas<\/a><\/p>\n<\/td>\n<\/tr>\n<tr>\n<td style=\"border-width: medium 1pt 1pt medium; border-style: none solid solid none; border-color: -moz-use-text-color windowtext windowtext -moz-use-text-color; padding: 0cm 3.5pt;\">\n<p style=\"text-align: left;\" align=\"left\"><a href=\"https:\/\/alzira.es\/wp-content\/uploads\/2023\/03\/Dictamen_compte_general_2023.pdf\">Dictamen Comisi\u00f3n Especial de Cuentas<\/a><\/p>\n<\/td>\n<\/tr>\n<tr>\n<td style=\"border-width: medium 1pt 1pt medium; border-style: none solid solid none; border-color: -moz-use-text-color windowtext windowtext -moz-use-text-color; padding: 0cm 3.5pt;\">\n<p style=\"text-align: left;\" align=\"left\"><a href=\"https:\/\/alzira.es\/wp-content\/uploads\/2023\/03\/Edicte_compte_general_2023.pdf\">Edicto Cuenta general<\/a><\/p>\n<\/td>\n<\/tr>\n<tr>\n<td style=\"border-width: medium 1pt 1pt medium; border-style: none solid solid none; border-color: -moz-use-text-color windowtext windowtext -moz-use-text-color; padding: 0cm 3.5pt;\">\n<p style=\"text-align: left;\" align=\"left\"><a href=\"https:\/\/alzira.es\/wp-content\/uploads\/2023\/03\/Publicacio_BOPV.pdf\">Exposici\u00f3n p\u00fablica Cuenta general<\/a><\/p>\n<\/td>\n<\/tr>\n<tr>\n<td style=\"border-width: medium 1pt 1pt medium; border-style: none solid solid none; border-color: -moz-use-text-color windowtext windowtext -moz-use-text-color; padding: 0cm 3.5pt;\">\n<p style=\"text-align: left;\" align=\"left\"><a href=\"https:\/\/alzira.es\/wp-content\/uploads\/2023\/03\/faig_constar_no_reclamacions.pdf\">Hago constar no reclamaciones<\/a><\/p>\n<\/td>\n<\/tr>\n<tr>\n<td style=\"border-width: medium 1pt 1pt medium; border-style: none solid solid none; border-color: -moz-use-text-color windowtext windowtext -moz-use-text-color; padding: 0cm 3.5pt;\">\n<p style=\"text-align: left;\" align=\"left\">Acuerdo Pleno aprobaci\u00f3n Cuenta general<\/p>\n<\/td>\n<\/tr>\n<tr>\n<td style=\"border-width: medium 1pt 1pt medium; border-style: none solid solid none; border-color: -moz-use-text-color windowtext windowtext -moz-use-text-color; padding: 0cm 3.5pt;\">\n<p style=\"text-align: left;\" align=\"left\">Remisi\u00f3n Generalitat Valenciana<\/p>\n<\/td>\n<\/tr>\n<tr>\n<td style=\"border-width: medium 1pt 1pt medium; border-style: none solid solid none; border-color: -moz-use-text-color windowtext windowtext -moz-use-text-color; padding: 0cm 3.5pt;\">\n<p style=\"text-align: left;\" align=\"left\">Remisi\u00f3n Delegaci\u00f3n de Econom\u00eda y Hacienda<\/p>\n<\/td>\n<\/tr>\n<tr>\n<td style=\"border-width: medium 1pt 1pt medium; border-style: none solid solid none; border-color: -moz-use-text-color windowtext windowtext -moz-use-text-color; padding: 0cm 3.5pt;\">\n<p style=\"text-align: left;\" align=\"left\">Rendici\u00f3n cuenta general Sindicatura de Comptes<\/p>\n<\/td>\n<\/tr>\n<tr>\n<td style=\"border-width: medium 1pt 1pt medium; border-style: none solid solid none; border-color: -moz-use-text-color windowtext windowtext -moz-use-text-color; padding: 0cm 3.5pt;\"><\/td>\n<\/tr>\n<tr>\n<td style=\"border-width: medium 1pt 1pt medium; border-style: none solid solid none; border-color: -moz-use-text-color windowtext windowtext -moz-use-text-color; padding: 0cm 3.5pt;\">\n<p style=\"text-align: left;\" align=\"left\"><strong>Cuenta general. Estados contables<\/strong><\/p>\n<\/td>\n<\/tr>\n<tr>\n<td style=\"border-width: medium 1pt 1pt medium; border-style: none solid solid none; border-color: -moz-use-text-color windowtext windowtext -moz-use-text-color; padding: 0cm 3.5pt;\"><\/td>\n<\/tr>\n<tr>\n<td style=\"border-width: medium 1pt 1pt medium; border-style: none solid solid none; border-color: -moz-use-text-color windowtext windowtext -moz-use-text-color; padding: 0cm 3.5pt;\">\n<p style=\"text-align: left;\" align=\"left\">1 <a href=\"https:\/\/alzira.es\/wp-content\/uploads\/2023\/03\/01_Balanc_situacio.pdf\">Balance de situaci\u00f3n<\/a><\/p>\n<\/td>\n<\/tr>\n<tr>\n<td style=\"border-width: medium 1pt 1pt medium; border-style: none solid solid none; border-color: -moz-use-text-color windowtext windowtext -moz-use-text-color; padding: 0cm 3.5pt;\">\n<p style=\"text-align: left;\" align=\"left\">2 <a href=\"https:\/\/alzira.es\/wp-content\/uploads\/2023\/03\/02_Compte_resultat_economic_patrimonial.pdf\">Cuenta de resultado econ\u00f3mico-patrimonial<\/a><\/p>\n<\/td>\n<\/tr>\n<tr>\n<td style=\"border-width: medium 1pt 1pt medium; border-style: none solid solid none; border-color: -moz-use-text-color windowtext windowtext -moz-use-text-color; padding: 0cm 3.5pt;\">\n<p style=\"text-align: left;\" align=\"left\">3 <a href=\"https:\/\/alzira.es\/wp-content\/uploads\/2023\/03\/03_Estat_canvis_patrimoni_net.pdf\">Estado de cambios en el patrimonio neto<\/a><\/p>\n<\/td>\n<\/tr>\n<tr>\n<td style=\"border-width: medium 1pt 1pt medium; border-style: none solid solid none; border-color: -moz-use-text-color windowtext windowtext -moz-use-text-color; padding: 0cm 3.5pt;\">\n<p style=\"text-align: left;\" align=\"left\">4 <a href=\"https:\/\/alzira.es\/wp-content\/uploads\/2023\/03\/04_Estat_fluxos_efectiu.pdf\">Estado de flujos de efectivo<\/a><\/p>\n<\/td>\n<\/tr>\n<tr>\n<td style=\"border-width: medium 1pt 1pt medium; border-style: none solid solid none; border-color: -moz-use-text-color windowtext windowtext -moz-use-text-color; padding: 0cm 3.5pt;\">\n<p style=\"text-align: left;\" align=\"left\">5.1 <a href=\"https:\/\/alzira.es\/wp-content\/uploads\/2023\/03\/05_Liquidacio_gastos_resum_economica.pdf\">Liquidaci\u00f3n del estado de gastos econ\u00f3mica resumen<\/a><\/p>\n<\/td>\n<\/tr>\n<tr>\n<td style=\"border-width: medium 1pt 1pt medium; border-style: none solid solid none; border-color: -moz-use-text-color windowtext windowtext -moz-use-text-color; padding: 0cm 3.5pt;\">\n<p style=\"text-align: left;\" align=\"left\">5.2 Liquidaci\u00f3n del estado de gastos cap\u00edtulos resumen<\/p>\n<\/td>\n<\/tr>\n<tr>\n<td style=\"border-width: medium 1pt 1pt medium; border-style: none solid solid none; border-color: -moz-use-text-color windowtext windowtext -moz-use-text-color; padding: 0cm 3.5pt;\">5.3 <a href=\"https:\/\/alzira.es\/wp-content\/uploads\/2023\/03\/B_Liquidacio_gastos_economica_detall-1.pdf\">Liquidaci\u00f3n del estado de gastos aplicaciones presupuestarias detalle<\/a><\/td>\n<\/tr>\n<tr>\n<td style=\"border-width: medium 1pt 1pt medium; border-style: none solid solid none; border-color: -moz-use-text-color windowtext windowtext -moz-use-text-color; padding: 0cm 3.5pt;\">5.4 <a href=\"https:\/\/alzira.es\/wp-content\/uploads\/2023\/03\/05_Liquidacio_gastos_resum_programes.pdf\">Liquidaci\u00f3n del estado de gastos grupos programa resumen<\/a><\/td>\n<\/tr>\n<tr>\n<td style=\"border-width: medium 1pt 1pt medium; border-style: none solid solid none; border-color: -moz-use-text-color windowtext windowtext -moz-use-text-color; padding: 0cm 3.5pt;\"><\/td>\n<\/tr>\n<tr>\n<td style=\"border-width: medium 1pt 1pt medium; border-style: none solid solid none; border-color: -moz-use-text-color windowtext windowtext -moz-use-text-color; padding: 0cm 3.5pt;\">\n<p style=\"text-align: left;\" align=\"left\">5.5 <a href=\"https:\/\/alzira.es\/wp-content\/uploads\/2023\/03\/B_Liquidacio_gastos_programes_detall-1.pdf\">Liquidaci\u00f3n del estado de gastos programas detalle<\/a><\/p>\n<\/td>\n<\/tr>\n<tr>\n<td style=\"border-width: medium 1pt 1pt medium; border-style: none solid solid none; border-color: -moz-use-text-color windowtext windowtext -moz-use-text-color; padding: 0cm 3.5pt;\"><\/td>\n<\/tr>\n<tr>\n<td style=\"border-width: medium 1pt 1pt medium; border-style: none solid solid none; border-color: -moz-use-text-color windowtext windowtext -moz-use-text-color; padding: 0cm 3.5pt;\"><\/td>\n<\/tr>\n<tr>\n<td style=\"border-width: medium 1pt 1pt medium; border-style: none solid solid none; border-color: -moz-use-text-color windowtext windowtext -moz-use-text-color; padding: 0cm 3.5pt;\">\n<p style=\"text-align: left;\" align=\"left\">6.1 <a href=\"https:\/\/alzira.es\/wp-content\/uploads\/2023\/03\/06_Liquidacio_ingressos_resum.pdf\">Liquidaci\u00f3n del estado de ingresos resumen<\/a><\/p>\n<\/td>\n<\/tr>\n<tr>\n<td style=\"border-width: medium 1pt 1pt medium; border-style: none solid solid none; border-color: -moz-use-text-color windowtext windowtext -moz-use-text-color; padding: 0cm 3.5pt;\">\n<p style=\"text-align: left;\" align=\"left\">6.2 <a href=\"https:\/\/alzira.es\/wp-content\/uploads\/2023\/03\/06_Liquidacio_ingressos_detall.pdf\">Liquidaci\u00f3n del estado de ingresos detalle<\/a><\/p>\n<\/td>\n<\/tr>\n<tr>\n<td style=\"border-width: medium 1pt 1pt medium; border-style: none solid solid none; border-color: -moz-use-text-color windowtext windowtext -moz-use-text-color; padding: 0cm 3.5pt;\">\n<p style=\"text-align: left;\" align=\"left\">7 <a href=\"https:\/\/alzira.es\/wp-content\/uploads\/2023\/03\/07_Resultat_pressupostari.pdf\">Resultado presupuestario<\/a><\/p>\n<\/td>\n<\/tr>\n<tr>\n<td style=\"border-width: medium 1pt 1pt medium; border-style: none solid solid none; border-color: -moz-use-text-color windowtext windowtext -moz-use-text-color; padding: 0cm 3.5pt;\"><\/td>\n<\/tr>\n<tr>\n<td style=\"border-width: medium 1pt 1pt medium; border-style: none solid solid none; border-color: -moz-use-text-color windowtext windowtext -moz-use-text-color; padding: 0cm 3.5pt;\"><a href=\"https:\/\/alzira.es\/wp-content\/uploads\/2023\/03\/CUENTA_GENERAL_2023_MEMORIA_Ayuntamiento.pdf\"><strong>Cuenta general. Memoria Ayuntamiento de Alzira<\/strong><\/a><\/td>\n<\/tr>\n<tr>\n<td style=\"border-width: medium 1pt 1pt medium; border-style: none solid solid none; border-color: -moz-use-text-color windowtext windowtext -moz-use-text-color; padding: 0cm 3.5pt;\"><\/td>\n<\/tr>\n<tr>\n<td style=\"border-width: medium 1pt 1pt medium; border-style: none solid solid none; border-color: -moz-use-text-color windowtext windowtext -moz-use-text-color; padding: 0cm 3.5pt;\"><a href=\"https:\/\/alzira.es\/wp-content\/uploads\/2023\/03\/MEMORIA_2023_CUENTA-GENERAL_CUVRA.pdf\"><strong>Cuenta general. Memoria CUVRA<\/strong><\/a><\/td>\n<\/tr>\n<tr>\n<td style=\"border-width: medium 1pt 1pt medium; border-style: none solid solid none; border-color: -moz-use-text-color windowtext windowtext -moz-use-text-color; padding: 0cm 3.5pt;\"><\/td>\n<\/tr>\n<tr>\n<td style=\"border-width: medium 1pt 1pt medium; border-style: none solid solid none; border-color: -moz-use-text-color windowtext windowtext -moz-use-text-color; padding: 0cm 3.5pt;\"><\/td>\n<\/tr>\n<\/tbody>\n<\/table>\n","protected":false},"excerpt":{"rendered":"<p>Cuenta general. Tramitaci\u00f3n Formaci\u00f3n Cuenta general Decreto Alcald\u00eda n\u00famero 729\/24 rendici\u00f3n cuentas Dictamen Comisi\u00f3n Especial de Cuentas Edicto Cuenta general Exposici\u00f3n p\u00fablica Cuenta general Hago constar no reclamaciones Acuerdo Pleno aprobaci\u00f3n Cuenta general Remisi\u00f3n Generalitat Valenciana Remisi\u00f3n Delegaci\u00f3n de Econom\u00eda y Hacienda Rendici\u00f3n cuenta general Sindicatura de Comptes Cuenta general. Estados contables 1 Balance de &hellip; <\/p>\n<p class=\"link-more\"><a href=\"https:\/\/alzira.es\/es\/servicios-municipales\/economia-y-recaudacion\/intervencion\/cuenta-general\/cuenta-general-2023\/\" class=\"more-link\">Continuar leyendo<span class=\"screen-reader-text\"> \u00abCuenta general 2023\u00bb<\/span><\/a><\/p>\n","protected":false},"author":37,"featured_media":0,"parent":111590,"menu_order":0,"comment_status":"closed","ping_status":"closed","template":"","meta":{"_acf_changed":false,"footnotes":""},"class_list":["post-141010","page","type-page","status-publish","hentry"],"acf":[],"_links":{"self":[{"href":"https:\/\/alzira.es\/es\/wp-json\/wp\/v2\/pages\/141010","targetHints":{"allow":["GET"]}}],"collection":[{"href":"https:\/\/alzira.es\/es\/wp-json\/wp\/v2\/pages"}],"about":[{"href":"https:\/\/alzira.es\/es\/wp-json\/wp\/v2\/types\/page"}],"author":[{"embeddable":true,"href":"https:\/\/alzira.es\/es\/wp-json\/wp\/v2\/users\/37"}],"replies":[{"embeddable":true,"href":"https:\/\/alzira.es\/es\/wp-json\/wp\/v2\/comments?post=141010"}],"version-history":[{"count":2,"href":"https:\/\/alzira.es\/es\/wp-json\/wp\/v2\/pages\/141010\/revisions"}],"predecessor-version":[{"id":153620,"href":"https:\/\/alzira.es\/es\/wp-json\/wp\/v2\/pages\/141010\/revisions\/153620"}],"up":[{"embeddable":true,"href":"https:\/\/alzira.es\/es\/wp-json\/wp\/v2\/pages\/111590"}],"wp:attachment":[{"href":"https:\/\/alzira.es\/es\/wp-json\/wp\/v2\/media?parent=141010"}],"curies":[{"name":"wp","href":"https:\/\/api.w.org\/{rel}","templated":true}]}}