{"id":140403,"date":"2023-07-18T09:55:15","date_gmt":"2023-07-18T07:55:15","guid":{"rendered":"https:\/\/alzira.es\/?page_id=140403"},"modified":"2025-03-20T09:27:16","modified_gmt":"2025-03-20T08:27:16","slug":"registro-municipal-de-programas-y-aiu","status":"publish","type":"page","link":"https:\/\/alzira.es\/es\/servicios-municipales\/urbanismo-e-infraestructuras\/registro-municipal-de-programas-y-aiu\/","title":{"rendered":"Registro Municipal de  Programas  y AIU"},"content":{"rendered":"\t\t<div data-elementor-type=\"wp-page\" data-elementor-id=\"140403\" class=\"elementor elementor-140403\">\n\t\t\t\t\t\t<section class=\"elementor-section elementor-top-section elementor-element elementor-element-338d6357 elementor-section-boxed elementor-section-height-default elementor-section-height-default\" data-id=\"338d6357\" data-element_type=\"section\">\n\t\t\t\t\t\t<div class=\"elementor-container elementor-column-gap-default\">\n\t\t\t\t\t<div class=\"elementor-column elementor-col-100 elementor-top-column elementor-element elementor-element-56841837\" data-id=\"56841837\" data-element_type=\"column\">\n\t\t\t<div class=\"elementor-widget-wrap elementor-element-populated\">\n\t\t\t\t\t\t<div class=\"elementor-element elementor-element-2ce8bd0b elementor-widget elementor-widget-text-editor\" data-id=\"2ce8bd0b\" data-element_type=\"widget\" data-widget_type=\"text-editor.default\">\n\t\t\t\t<div class=\"elementor-widget-container\">\n\t\t\t\t\t\t\t\t\t<h2 id=\"i4t-id-z9qca852o\"><img fetchpriority=\"high\" decoding=\"async\" src=\"https:\/\/alzira.es\/wp-content\/uploads\/2023\/02\/IMAGEN-PROGRAMAS-DE-ACTUACION-INTEGRADA-680x356.jpg\" alt=\"\" width=\"680\" height=\"356\" \/><\/h2><p>En cumplimiento de lo establecido en el art\u00edculo 178 del Decreto Legislativo 1\/2021, de 18 de junio, del Consell de aprobaci\u00f3n del Texto Refundido de la Ley de Ordenaci\u00f3n del Territorio, Urbanismo y Paisaje de la Comunidad Valenciana, seg\u00fan el cual\u00a0 \u00ab1. Los ayuntamientos, en el \u00e1mbito de su competencia, llevar\u00e1n sendos\u00a0<strong>registros de acceso p\u00fablico<\/strong>: el de Programas de Actuaci\u00f3n y el de Agrupaciones de Inter\u00e9s Urban\u00edstico y Entidades Urban\u00edsticas Colaboradoras.\u00a0<\/p><p>La existencia de este Registro ya estaba prevista por la anterior legislaci\u00f3n auton\u00f3mica, si bien era un registro de competencia auton\u00f3mica y con la nueva legislaci\u00f3n se impone la creaci\u00f3n de un REGISTRO EN EL AMBITO MUNICIPAL<\/p><p>La concejal\u00eda de Urbanismo del Excmo. Ayuntamiento de Alzira ha procedido a la <strong>creaci\u00f3n del Registro de Programas de Actuaci\u00f3n y del Registro de Agrupaciones de Inter\u00e9s Urban\u00edstico y Entidades Urban\u00edsticas Colaboradoras<\/strong>, en los que figurar\u00e1n los programas de actuaci\u00f3n y aquellas agrupaciones o entidades que intervengan en las actuaciones urban\u00edsticas llevadas a cabo por nuestra corporaci\u00f3n desde la vigencia de la actual regulaci\u00f3n urban\u00edstica de la Comunidad Valenciana, sin perjuicio de las que, con anterioridad a este mandato legal, ya se inscribieron y figuran en el Registro auton\u00f3mico de la Conselleria competente en materia de urbanismo.<\/p><p>El objeto del Registro es dar publicidad formal de los programas de actuaci\u00f3n aprobados, as\u00ed como de las agrupaciones de inter\u00e9s urban\u00edstico y entidades urban\u00edsticas colaboradoras existentes, favoreciendo su p\u00fablica consulta y, a su vez, dotar de transparencia jur\u00eddica al procedimiento que conlleva la inscripci\u00f3n de todo ellos en el Registro.<\/p><p>El Pleno del Ayuntamiento de Alzira, en sesi\u00f3n de fecha 19 de julio de 2023, aprob\u00f3 crear dicho Registro Municipal.<\/p><p>El Pleno del Ayuntamiento de Alzira, en sesi\u00f3n de fecha 19 de julio de 2023, aprob\u00f3 el Reglamento de la Secci\u00f3n 7\u00aa, del Registro Municipal de Urbanismo, denominado Registro Municipal de Solares y Edificios a Rehabilitar, aprobaci\u00f3n definitiva que fue publicada en el Bolet\u00edn Oficial de la Provincia el d\u00eda 10 de octubre de 2012.<\/p><p><a href=\"https:\/\/alzira.es\/wp-content\/uploads\/2023\/09\/Certificado-Pleno-CREACION-REGISTRO-PROGRAMAS-DE-ACTUACION.pdf\" target=\"_blank\" rel=\"noreferrer noopener\"><img decoding=\"async\" data-src=\"https:\/\/alzira.es\/wp-content\/uploads\/2021\/04\/pdf_rojo.gif\" alt=\"INSTANCIA\" src=\"data:image\/svg+xml;base64,PHN2ZyB3aWR0aD0iMSIgaGVpZ2h0PSIxIiB4bWxucz0iaHR0cDovL3d3dy53My5vcmcvMjAwMC9zdmciPjwvc3ZnPg==\" class=\"lazyload\" style=\"--smush-placeholder-width: 18px; --smush-placeholder-aspect-ratio: 18\/15;\" \/>\u00a0<strong>Acuerdo aprobaci\u00f3n Reglamento\u00a0 <\/strong><\/a><\/p><p><strong>\u00a0<\/strong><\/p><p><strong>SECCION\u00a0 PRIMERA:\u00a0 PROGRAMAS\u00a0 DE\u00a0 ACTUACION\u00a0 INTEGRADA\u00a0<\/strong><\/p><p>\u00a0 <strong>*\u00a0 N\u00ba 1 PAI ARI 10 &#8211;\u00a0 CARRETERA ALBALAT ESTE<\/strong><\/p><ul><li style=\"list-style-type: none;\"><ul><li style=\"list-style-type: none;\"><ul><li><a href=\"https:\/\/alzira.es\/wp-content\/uploads\/2023\/09\/NUM.-1-FICHA-REGISTRO-DE-PROGRAMAS-DE-ACTUACION-INTEGRADA-.pdf\" target=\"_blank\" rel=\"noopener\">Ficha PAI ARI10 &#8211; Carretera Albalat<\/a><\/li><li><a href=\"https:\/\/alzira.es\/es\/servicios-municipales\/urbanismo-e-infraestructuras\/planeamiento\/proyecto-pai-ari10-carretera-albalat\/\" target=\"_blank\" rel=\"noopener\">Proyecto\u00a0<\/a><a style=\"background-color: #ffffff;\" href=\"https:\/\/alzira.es\/es\/servicios-municipales\/urbanismo-e-infraestructuras\/planeamiento\/proyecto-pai-ari10-carretera-albalat\/\" target=\"_blank\" rel=\"noopener\">PAI ARI10 &#8211; Carretera Albalat<\/a><\/li><li><a href=\"https:\/\/alzira.es\/wp-content\/uploads\/2023\/10\/ACUERDO-PLENO.pdf\" target=\"_blank\" rel=\"noopener\">Acuerdo Aprobaci\u00f3n del Programa PAI ARI10 &#8211; Carretera Albalat<\/a><\/li><li><a href=\"https:\/\/alzira.es\/wp-content\/uploads\/2023\/09\/CONVENIO-URBANISTICO-ARI-10-1.pdf\" target=\"_blank\" rel=\"noopener\">Convenio Regulador\u00a0 del Programa PAI ARI10 &#8211; Carretera Albalat<\/a><\/li><li><a href=\"https:\/\/alzira.es\/wp-content\/uploads\/2023\/09\/ANEXO-CONVENIO-2-1.pdf\" target=\"_blank\" rel=\"noopener\">Anexo al\u00a0 Convenio Regulador\u00a0 del Programa PAI ARI10 &#8211; Carretera Albalat<\/a><\/li><\/ul><\/li><\/ul><\/li><\/ul><p>\u00a0 <strong>*\u00a0 N\u00ba 2 PAI\u00a0 UEI042<\/strong><\/p><ul><li style=\"list-style-type: none;\"><ul><li style=\"list-style-type: none;\"><ul><li><a href=\"https:\/\/alzira.es\/wp-content\/uploads\/2023\/12\/NUM.-2-FICHA-REGISTRO-DE-PROGRAMAS-DE-ACTUACION-INTEGRADA-.pdf\" target=\"_blank\" rel=\"noopener\">Ficha PAI\u00a0 UEI042<\/a><\/li><li><a href=\"https:\/\/alzira.es\/wp-content\/uploads\/2023\/12\/01-Proyecto-urbanizacion-refundido-UEI042.pdf\" target=\"_blank\" rel=\"noopener\">Proyecto Urbanizaci\u00f3n Refundido \u00a0PAI\u00a0 UEI042I<\/a><\/li><li><a href=\"https:\/\/alzira.es\/wp-content\/uploads\/2023\/12\/02-INF1.pdf\" target=\"_blank\" rel=\"noopener\">Informe Proyecto Urbanizaci\u00f3n Refundido y Cuenta de Liquidaci\u00f3n Provisional PAI UEI042<\/a><\/li><li><a href=\"https:\/\/alzira.es\/wp-content\/uploads\/2023\/12\/03-Decreto-aprob-proy-urban-refundido-y-CUENTA-LIQUIDACION-PROVISIONAL.pdf\" target=\"_blank\" rel=\"noopener\">Decreto Aprobaci\u00f3n Proyecto Urbanizaci\u00f3n Refundido y Cuenta Liquidaci\u00f3n Provisional PAI \u00a0<\/a><a href=\"https:\/\/alzira.es\/wp-content\/uploads\/2023\/12\/03-Decreto-aprob-proy-urban-refundido-y-CUENTA-LIQUIDACION-PROVISIONAL.pdf\" target=\"_blank\" rel=\"noopener\">UEI042<\/a><\/li><\/ul><\/li><\/ul><\/li><\/ul><p>\u00a0 <strong>*\u00a0 N\u00ba 3\u00a0 \u00a0PAI\u00a0 ARI 93-CARRETERA ALBALAT<\/strong><\/p><ul><li style=\"list-style-type: none;\"><ul><li style=\"list-style-type: none;\"><ul><li><a href=\"https:\/\/alzira.es\/wp-content\/uploads\/2024\/11\/ARI-93-00-FICHA-REGISTRO-DE-PROGRAMAS-DE-ACTUACION-INTEGRADA.pdf\" target=\"_blank\" rel=\"noopener\">Ficha PAI ARI 93-CARRETERA ALBALAT<\/a><\/li><li><a href=\"https:\/\/alzira.es\/wp-content\/uploads\/2024\/11\/ARI-93-01-ACUERDO-APROBACION-JGL-1.pdf\" target=\"_blank\" rel=\"noopener\">Acuerdo de Aprobaci\u00f3n\u00a0 <\/a><a href=\"https:\/\/alzira.es\/wp-content\/uploads\/2024\/11\/ARI-93-00-FICHA-REGISTRO-DE-PROGRAMAS-DE-ACTUACION-INTEGRADA.pdf\" target=\"_blank\" rel=\"noopener\">PAI ARI 93-CARRETERA ALBALAT<\/a><\/li><li><a href=\"https:\/\/alzira.es\/wp-content\/uploads\/2024\/11\/ARI-93-02-ALTERNATIVA-TECNICA.pdf\" target=\"_blank\" rel=\"noopener\">Alternativa T\u00e9cnica <\/a><a href=\"https:\/\/alzira.es\/wp-content\/uploads\/2024\/11\/ARI-93-00-FICHA-REGISTRO-DE-PROGRAMAS-DE-ACTUACION-INTEGRADA.pdf\" target=\"_blank\" rel=\"noopener\">PAI ARI 93-CARRETERA ALBALAT<\/a><a href=\"https:\/\/alzira.es\/wp-content\/uploads\/2024\/11\/ARI-93-01-ACUERDO-APROBACION-JGL-1.pdf\" target=\"_blank\" rel=\"noopener\">\u00a0<\/a><\/li><li><a href=\"https:\/\/alzira.es\/wp-content\/uploads\/2024\/11\/ARI-93-03-PROPOSICION-JURIDICO-ECONOMICA.pdf\" target=\"_blank\" rel=\"noopener\">Proposici\u00f3n Juridico-Econ\u00f3mica <\/a><a href=\"https:\/\/alzira.es\/wp-content\/uploads\/2024\/11\/ARI-93-00-FICHA-REGISTRO-DE-PROGRAMAS-DE-ACTUACION-INTEGRADA.pdf\" target=\"_blank\" rel=\"noopener\">PAI ARI 93-CARRETERA ALBALAT<\/a><\/li><li><a href=\"https:\/\/alzira.es\/wp-content\/uploads\/2025\/03\/ANUNCIO-BOP-inscripcion-registro-Municipal-PAI.pdf\" target=\"_blank\" rel=\"noopener\">Anuncio BOP Aprobaci\u00f3n Programa<\/a><\/li><\/ul><\/li><\/ul><\/li><\/ul><figure><p><strong>SECCION\u00a0 SEGUNDA: PROGRAMAS\u00a0 DE\u00a0 ACTUACION\u00a0 AISLADA<\/strong><\/p><\/figure><figure><p><strong>SECCION\u00a0 TERCERA:\u00a0 AGRUPACIONES DE INTERES URBANISTICO Y ENTIDADES URBANISTICAS COLABORADORAS<\/strong><\/p><\/figure>\t\t\t\t\t\t\t\t<\/div>\n\t\t\t\t<\/div>\n\t\t\t\t\t<\/div>\n\t\t<\/div>\n\t\t\t\t\t<\/div>\n\t\t<\/section>\n\t\t\t\t<\/div>\n\t\t","protected":false},"excerpt":{"rendered":"<p>En cumplimiento de lo establecido en el art\u00edculo 178 del Decreto Legislativo 1\/2021, de 18 de junio, del Consell de aprobaci\u00f3n del Texto Refundido de la Ley de Ordenaci\u00f3n del Territorio, Urbanismo y Paisaje de la Comunidad Valenciana, seg\u00fan el cual\u00a0 \u00ab1. Los ayuntamientos, en el \u00e1mbito de su competencia, llevar\u00e1n sendos\u00a0registros de acceso p\u00fablico: &hellip; <\/p>\n<p class=\"link-more\"><a href=\"https:\/\/alzira.es\/es\/servicios-municipales\/urbanismo-e-infraestructuras\/registro-municipal-de-programas-y-aiu\/\" class=\"more-link\">Continuar leyendo<span class=\"screen-reader-text\"> \u00abRegistro Municipal de  Programas  y AIU\u00bb<\/span><\/a><\/p>\n","protected":false},"author":16,"featured_media":0,"parent":87644,"menu_order":1,"comment_status":"closed","ping_status":"closed","template":"","meta":{"_acf_changed":false,"footnotes":""},"class_list":["post-140403","page","type-page","status-publish","hentry"],"acf":[],"_links":{"self":[{"href":"https:\/\/alzira.es\/es\/wp-json\/wp\/v2\/pages\/140403","targetHints":{"allow":["GET"]}}],"collection":[{"href":"https:\/\/alzira.es\/es\/wp-json\/wp\/v2\/pages"}],"about":[{"href":"https:\/\/alzira.es\/es\/wp-json\/wp\/v2\/types\/page"}],"author":[{"embeddable":true,"href":"https:\/\/alzira.es\/es\/wp-json\/wp\/v2\/users\/16"}],"replies":[{"embeddable":true,"href":"https:\/\/alzira.es\/es\/wp-json\/wp\/v2\/comments?post=140403"}],"version-history":[{"count":2,"href":"https:\/\/alzira.es\/es\/wp-json\/wp\/v2\/pages\/140403\/revisions"}],"predecessor-version":[{"id":159255,"href":"https:\/\/alzira.es\/es\/wp-json\/wp\/v2\/pages\/140403\/revisions\/159255"}],"up":[{"embeddable":true,"href":"https:\/\/alzira.es\/es\/wp-json\/wp\/v2\/pages\/87644"}],"wp:attachment":[{"href":"https:\/\/alzira.es\/es\/wp-json\/wp\/v2\/media?parent=140403"}],"curies":[{"name":"wp","href":"https:\/\/api.w.org\/{rel}","templated":true}]}}