{"id":138905,"date":"2023-06-20T15:05:27","date_gmt":"2023-06-20T13:05:27","guid":{"rendered":"https:\/\/alzira.es\/?page_id=138905"},"modified":"2024-01-09T12:59:45","modified_gmt":"2024-01-09T11:59:45","slug":"convocatoria-03-2019-una-plaza-auxiliar-administrativo-por-concurso-oposicion-libre-2","status":"publish","type":"page","link":"https:\/\/alzira.es\/es\/servicios-municipales\/recursos-humanos\/empleo-permanente\/convocatoria-03-2019-una-plaza-auxiliar-administrativo-por-concurso-oposicion-libre-2\/","title":{"rendered":"Convocatoria 15\/2022 diversas plazas por concurso de m\u00e9ritos (estabilizaci\u00f3n Ley 20\/2021)"},"content":{"rendered":"\n<p><\/p>\n\n\n<p><span style=\"color: #993300;\"><b>Plazo de presentaci\u00f3n de los requisitos de todas las personas que han superado el proceso selectivo del 18\/12\/2023 al 02\/01\/2024, ambos incluidos (10 d\u00edas h\u00e1biles).<\/b><\/span><\/p>\n<p><strong>DOCUMENTOS DEL EXPEDIENTE:<\/strong><\/p>\n\n\n<figure class=\"wp-block-table\"><table class=\"has-background\" style=\"background:linear-gradient(90deg,rgb(238,238,238) 0%,rgb(169,184,195) 100%)\"><thead><tr><th>Nombre Fichero<\/th><th class=\"has-text-align-center\" data-align=\"center\">            D\u00eda                     <\/th><\/tr><\/thead><tbody><tr><td><a href=\"https:\/\/alzira.es\/wp-content\/uploads\/2023\/07\/16-Certificat-acord-JGL-7-06-23-bases-especifiques-concurs-.pdf\">Bases espec\u00edficas conv. 15\/2022<\/a><\/td><td class=\"has-text-align-center\" data-align=\"center\">20\/07\/2023<\/td><\/tr><tr><td><a href=\"https:\/\/alzira.es\/wp-content\/uploads\/2023\/02\/01-20221207-bases-generals-estabilitzacio-alzira.pdf\">Bases generales estabilizaci\u00f3n Ley 20\/2021<\/a><\/td><td class=\"has-text-align-center\" data-align=\"center\">20\/07\/2023<\/td><\/tr><tr><td><a href=\"https:\/\/alzira.es\/wp-content\/uploads\/2023\/02\/A-I-Autobaremacio-GENERICA-OK.xlsx\">Autobaremaci\u00f3n de m\u00e9ritos<\/a><\/td><td class=\"has-text-align-center\" data-align=\"center\">20\/07\/2023<\/td><\/tr><tr><td><a href=\"https:\/\/alzira.es\/wp-content\/uploads\/2023\/02\/18-anuncio-BOE-estabilizacion-CONCURS-20230731.pdf\" target=\"_blank\" rel=\"noreferrer noopener\">Anuncio BOE<\/a><\/td><td class=\"has-text-align-center\" data-align=\"center\">31\/07\/2023<\/td><\/tr><tr><td><a href=\"https:\/\/alzira.es\/wp-content\/uploads\/2023\/02\/Decret-2328-Llistat-provisional-admissio-i-exclusio-conv.-15-22.pdf\">Decreto Listado provisional de admitidos y excluidos<\/a><\/td><td class=\"has-text-align-center\" data-align=\"center\">18\/10\/2023<\/td><\/tr><tr><td><a href=\"https:\/\/alzira.es\/wp-content\/uploads\/2023\/11\/RECTIFICACIO-COMPOSICIO-ORGAN-TECNIC-DE-SELECCIO.pdf\">Rectificaci\u00f3n composici\u00f3n \u00d3rgano t\u00e9cnico de selecci\u00f3n<\/a><\/td><td class=\"has-text-align-center\" data-align=\"center\">10\/11\/2023<\/td><\/tr><tr><td><a href=\"https:\/\/alzira.es\/wp-content\/uploads\/2023\/02\/21-Decret-llistat-definitiu-admesos-as-concurs-2022-8854-signat.pdf\">Decreto Listado definitivo admitidos y excluidos<\/a><\/td><td class=\"has-text-align-center\" data-align=\"center\">16\/11\/2023<\/td><\/tr><tr><td><a href=\"https:\/\/alzira.es\/wp-content\/uploads\/2023\/11\/23-Edicte-Baremacio-merits-provisional-concurs-estabilitzacio-8854-2022-inicials.docx-1.pdf\">Edicto baremaci\u00f3n m\u00e9ritos provisional<\/a><\/td><td class=\"has-text-align-center\" data-align=\"center\">16\/11\/2023<\/td><\/tr><tr><td><a href=\"https:\/\/alzira.es\/wp-content\/uploads\/2023\/02\/25-Edicte-Baremacio-merits-definitiva-concurs-estabilitzacio-8854-2022-inicials.pdf\">Edicto baremaci\u00f3n de m\u00e9ritos definitiva<\/a><\/td><td class=\"has-text-align-center\" data-align=\"center\">15\/12\/2023<\/td><\/tr><tr><td><a href=\"https:\/\/alzira.es\/wp-content\/uploads\/2023\/03\/27-Decret-nomenament-concurs-estabilitzacio-8854-2022-090124.pdf\">Decreto nombramientos proceso estabilizaci\u00f3n 15\/2022<\/a><\/td><td class=\"has-text-align-center\" data-align=\"center\">09\/01\/2024<\/td><\/tr><tr><td><\/td><td class=\"has-text-align-center\" data-align=\"center\"><\/td><\/tr><tr><td><\/td><td class=\"has-text-align-center\" data-align=\"center\"><\/td><\/tr><tr><td><\/td><td class=\"has-text-align-center\" data-align=\"center\"><\/td><\/tr><\/tbody><\/table><\/figure>\n","protected":false},"excerpt":{"rendered":"<p>Plazo de presentaci\u00f3n de los requisitos de todas las personas que han superado el proceso selectivo del 18\/12\/2023 al 02\/01\/2024, ambos incluidos (10 d\u00edas h\u00e1biles). DOCUMENTOS DEL EXPEDIENTE: Nombre Fichero D\u00eda Bases espec\u00edficas conv. 15\/2022 20\/07\/2023 Bases generales estabilizaci\u00f3n Ley 20\/2021 20\/07\/2023 Autobaremaci\u00f3n de m\u00e9ritos 20\/07\/2023 Anuncio BOE 31\/07\/2023 Decreto Listado provisional de admitidos y &hellip; <\/p>\n<p class=\"link-more\"><a href=\"https:\/\/alzira.es\/es\/servicios-municipales\/recursos-humanos\/empleo-permanente\/convocatoria-03-2019-una-plaza-auxiliar-administrativo-por-concurso-oposicion-libre-2\/\" class=\"more-link\">Continuar leyendo<span class=\"screen-reader-text\"> \u00abConvocatoria 15\/2022 diversas plazas por concurso de m\u00e9ritos (estabilizaci\u00f3n Ley 20\/2021)\u00bb<\/span><\/a><\/p>\n","protected":false},"author":156,"featured_media":0,"parent":105851,"menu_order":0,"comment_status":"closed","ping_status":"closed","template":"","meta":{"_acf_changed":false,"footnotes":""},"class_list":["post-138905","page","type-page","status-publish","hentry"],"acf":[],"_links":{"self":[{"href":"https:\/\/alzira.es\/es\/wp-json\/wp\/v2\/pages\/138905","targetHints":{"allow":["GET"]}}],"collection":[{"href":"https:\/\/alzira.es\/es\/wp-json\/wp\/v2\/pages"}],"about":[{"href":"https:\/\/alzira.es\/es\/wp-json\/wp\/v2\/types\/page"}],"author":[{"embeddable":true,"href":"https:\/\/alzira.es\/es\/wp-json\/wp\/v2\/users\/156"}],"replies":[{"embeddable":true,"href":"https:\/\/alzira.es\/es\/wp-json\/wp\/v2\/comments?post=138905"}],"version-history":[{"count":2,"href":"https:\/\/alzira.es\/es\/wp-json\/wp\/v2\/pages\/138905\/revisions"}],"predecessor-version":[{"id":145848,"href":"https:\/\/alzira.es\/es\/wp-json\/wp\/v2\/pages\/138905\/revisions\/145848"}],"up":[{"embeddable":true,"href":"https:\/\/alzira.es\/es\/wp-json\/wp\/v2\/pages\/105851"}],"wp:attachment":[{"href":"https:\/\/alzira.es\/es\/wp-json\/wp\/v2\/media?parent=138905"}],"curies":[{"name":"wp","href":"https:\/\/api.w.org\/{rel}","templated":true}]}}