{"id":137888,"date":"2023-05-23T17:31:11","date_gmt":"2023-05-23T15:31:11","guid":{"rendered":"https:\/\/alzira.es\/servicios-municipales\/recursos-humanos\/empleo-temporal\/convocatoria-04-2023-bolsa-temporal-oficial-obrero-a-de-medio-ambiente-palista-y-obrero\/"},"modified":"2024-06-03T15:03:48","modified_gmt":"2024-06-03T13:03:48","slug":"convocatoria-04-2023-bolsa-temporal-oficial-obrero-a-de-medio-ambiente-palista-y-obrero","status":"publish","type":"page","link":"https:\/\/alzira.es\/es\/servicios-municipales\/recursos-humanos\/empleo-temporal\/convocatoria-04-2023-bolsa-temporal-oficial-obrero-a-de-medio-ambiente-palista-y-obrero\/","title":{"rendered":"CONVOCATORIA 04\/2023 \u2013 BOLSA TEMPORAL OFICIAL Obrero\/a; de Medio Ambiente; Palista y obrero"},"content":{"rendered":"<p><strong>DOCUMENTOS DEL EXPEDIENTE:<\/strong><\/p>\n\n\n<figure class=\"wp-block-table\"><table><tbody><tr><td><strong>Nombre&nbsp; Fichero<\/strong><\/td><td><strong>Fecha Publicaci\u00f3n<\/strong><\/td><\/tr><tr><td><a href=\"https:\/\/alzira.es\/wp-content\/uploads\/2023\/03\/20-Decret-constitucio-borsa-oficials-Obrer-i-Palista-signat.pdf\">Decreto constituci\u00f3n bolsa Oficiales Obrero\/a y Palista+obrero\/a 31\/05\/24<\/a><\/td><td>03\/06\/2024<\/td><\/tr><tr><td><a href=\"https:\/\/alzira.es\/wp-content\/uploads\/2024\/05\/Edicte-Resultats-baremacio-merits-OBRER-A-i-PALISTA-signat.pdf\">Edicto resultados provisionales baremaci\u00f3n m\u00e9ritos Obrero\/a y Palista<\/a><\/td><td>13\/05\/2024<\/td><\/tr><tr><td><a href=\"https:\/\/alzira.es\/wp-content\/uploads\/2023\/03\/Edicte-Resultats-2a-prova-PALISTAObrer-a-signat.pdf\">Edicto resultados 2\u00aa prueba Palista 2 de mayo 2024<\/a><\/td><td>03\/05\/2024<\/td><\/tr><tr><td><a href=\"https:\/\/alzira.es\/wp-content\/uploads\/2024\/05\/Edicte-Resultats-2a-prova-OBRER-A-signat.pdf\">Edicto resultados 2\u00aa prueba Obrero\/a 30 abril 2024<\/a><\/td><td>03\/05\/2024<\/td><\/tr><tr><td><a href=\"https:\/\/alzira.es\/wp-content\/uploads\/2023\/03\/15-Providencia-modificacio-data-prova-Oficial-Palista-signat.pdf\">Providencia rectificaci\u00f3n fecha prueba Oficial Palista<\/a><\/td><td>22\/04\/2024<\/td><\/tr><tr><td><a href=\"https:\/\/alzira.es\/wp-content\/uploads\/2024\/04\/14-Acta-1-OFICIAL-Obrer-a-i-Palista-i-Obrer-a-1a-prova-signat.pdf\">Acta n\u00fam. 1: resultados de la 1\u00aa prueba Obrero\/a y Palista+Obrero\/a<\/a><\/td><td>18\/04\/2024<\/td><\/tr><tr><td><a href=\"https:\/\/alzira.es\/wp-content\/uploads\/2024\/04\/13-Decret-llistat-definitiu-admesos-oficials-OBRERS-I-PALISTEOBRERS-signat.pdf\">Listado definitivo admitidos y excluidos y fecha de examen &#8211; <strong>Obrero\/a y Palista+Obrero\/a<\/strong><\/a><\/td><td>09\/04\/2024<\/td><\/tr><tr><td><a href=\"https:\/\/alzira.es\/wp-content\/uploads\/2024\/03\/12-Decret-llistat-provisional-admesos-oficials-OBRERS-I-PALISTEOBRERS-signat.pdf\">Listado provisional admitidos y excluidos &nbsp;&#8211; Obrero\/a y Palista+Obrero\/a<\/a><\/td><td>22\/03\/2024<\/td><\/tr><tr><td><a href=\"https:\/\/alzira.es\/wp-content\/uploads\/2024\/02\/A-IV-Autobaremacio-04-2023-Oficial-Obrer-a.xlsx\">Hoja autobaremaci\u00f3n &#8211; Oficial Obrero\/a (acompa\u00f1ar excel y pdf)<\/a><\/td><td>29\/02\/2024<\/td><\/tr><tr><td><strong><a href=\"https:\/\/alzira.es\/wp-content\/uploads\/2024\/02\/11-Certificados_40-JGL-rectificacio-bases-Oficial-Obrer-exp-3341-23.pdf\">Rectificaci\u00f3n bases espec\u00edficas categor\u00eda Oficial Obrero \/ a<\/a><\/strong><\/td><td>29\/02\/2024<\/td><\/tr><tr><td><a href=\"https:\/\/alzira.es\/wp-content\/uploads\/2023\/02\/10-DECRET-constitucio-borsa-Oficials-Medi-Ambient-02-08-2023.pdf\" target=\"_blank\" rel=\"noreferrer noopener\">Decreto constituci\u00f3n de la bolsa de Oficiales de Medio Ambiente \/ Agricultura de 02\/08\/2023<\/a><\/td><td>24\/08\/2023<\/td><\/tr><tr><td><a href=\"https:\/\/alzira.es\/wp-content\/uploads\/2023\/02\/09-Acta-2-OFICIAL-MEDI-AMBIENT-AGRIC-2a-prova-merits-web.pdf\" target=\"_blank\" rel=\"noreferrer noopener\">Acta n\u00fam. 2: resultados provisionales de la 2\u00aa prueba y de la valoraci\u00f3n provisional de m\u00e9ritos (M.A. \/ Agricultura<\/a>)<\/td><td>21\/07\/2023<\/td><\/tr><tr><td><a href=\"https:\/\/alzira.es\/wp-content\/uploads\/2023\/02\/08-Acta-1-OFICIAL-MEDI-AMBIENT-AGRIC-1a-prova-web-2-1.pdf\">Resultados provisional de la 1\u00aaprueba del 06\/04\/2023<\/a> medio ambiente<\/td><td>06\/07\/2023<\/td><\/tr><tr><td><a href=\"https:\/\/alzira.es\/wp-content\/uploads\/2023\/02\/07.1-Llistat-definitiu-admesos-oficials-MEDI-AMBIENT-decret.pdf\" target=\"_blank\" rel=\"noreferrer noopener\">Listado definitivo admitidos y excluidos &nbsp;&#8211; Medio Ambiente \/ 1a prova<\/a><\/td><td>20\/06\/2023<\/td><\/tr><tr><td><a href=\"https:\/\/alzira.es\/wp-content\/uploads\/2023\/02\/06-Llistat-provisional-admesos-oficials-MEDI-AMBIENT-Decret.pdf\" target=\"_blank\" rel=\"noreferrer noopener\">Listado provisional admitidos y excluidos &#8211; Medio Ambiente<\/a><\/td><td>25\/05\/2023<\/td><\/tr><tr><td><a href=\"https:\/\/alzira.es\/wp-content\/uploads\/2023\/05\/A-IV-Autobaremacio-04-2023-Oficial-Palista-i-obrer-a-1.xlsx\">Hoja autobaremaci\u00f3n &#8211; Oficial Palista y obrero\/a (acompa\u00f1ar excel i pdf)<\/a><\/td><td>25\/05\/2023<\/td><\/tr><tr><td><a href=\"https:\/\/alzira.es\/wp-content\/uploads\/2023\/05\/A-IV-Autobaremacio-04-2023-Oficial-Medi-Ambient-4.xlsx\">Hoja autobaremaci\u00f3n &#8211; Oficial de Medi Ambient (acompa\u00f1ar excel i pdf)<\/a><\/td><td>25\/05\/2023<\/td><\/tr><tr><td><a href=\"https:\/\/alzira.es\/wp-content\/uploads\/2023\/02\/03-Certificat-JGL-20230426-Informe-proces-selectiu-urgent-C2-Oficial-obrer-medi-ambient-agric-palista.pdf\" target=\"_blank\" rel=\"noreferrer noopener\">Bases espec\u00edficas<\/a><\/td><td>25\/05\/2023<\/td><\/tr><\/tbody><\/table><\/figure>\n","protected":false},"excerpt":{"rendered":"<p>DOCUMENTOS DEL EXPEDIENTE: Nombre&nbsp; Fichero Fecha Publicaci\u00f3n Decreto constituci\u00f3n bolsa Oficiales Obrero\/a y Palista+obrero\/a 31\/05\/24 03\/06\/2024 Edicto resultados provisionales baremaci\u00f3n m\u00e9ritos Obrero\/a y Palista 13\/05\/2024 Edicto resultados 2\u00aa prueba Palista 2 de mayo 2024 03\/05\/2024 Edicto resultados 2\u00aa prueba Obrero\/a 30 abril 2024 03\/05\/2024 Providencia rectificaci\u00f3n fecha prueba Oficial Palista 22\/04\/2024 Acta n\u00fam. 1: resultados &hellip; <\/p>\n<p class=\"link-more\"><a href=\"https:\/\/alzira.es\/es\/servicios-municipales\/recursos-humanos\/empleo-temporal\/convocatoria-04-2023-bolsa-temporal-oficial-obrero-a-de-medio-ambiente-palista-y-obrero\/\" class=\"more-link\">Continuar leyendo<span class=\"screen-reader-text\"> \u00abCONVOCATORIA 04\/2023 \u2013 BOLSA TEMPORAL OFICIAL Obrero\/a; de Medio Ambiente; Palista y obrero\u00bb<\/span><\/a><\/p>\n","protected":false},"author":142,"featured_media":0,"parent":105760,"menu_order":0,"comment_status":"closed","ping_status":"closed","template":"","meta":{"_acf_changed":false,"footnotes":""},"class_list":["post-137888","page","type-page","status-publish","hentry"],"acf":[],"_links":{"self":[{"href":"https:\/\/alzira.es\/es\/wp-json\/wp\/v2\/pages\/137888","targetHints":{"allow":["GET"]}}],"collection":[{"href":"https:\/\/alzira.es\/es\/wp-json\/wp\/v2\/pages"}],"about":[{"href":"https:\/\/alzira.es\/es\/wp-json\/wp\/v2\/types\/page"}],"author":[{"embeddable":true,"href":"https:\/\/alzira.es\/es\/wp-json\/wp\/v2\/users\/142"}],"replies":[{"embeddable":true,"href":"https:\/\/alzira.es\/es\/wp-json\/wp\/v2\/comments?post=137888"}],"version-history":[{"count":1,"href":"https:\/\/alzira.es\/es\/wp-json\/wp\/v2\/pages\/137888\/revisions"}],"predecessor-version":[{"id":150668,"href":"https:\/\/alzira.es\/es\/wp-json\/wp\/v2\/pages\/137888\/revisions\/150668"}],"up":[{"embeddable":true,"href":"https:\/\/alzira.es\/es\/wp-json\/wp\/v2\/pages\/105760"}],"wp:attachment":[{"href":"https:\/\/alzira.es\/es\/wp-json\/wp\/v2\/media?parent=137888"}],"curies":[{"name":"wp","href":"https:\/\/api.w.org\/{rel}","templated":true}]}}