{"id":137802,"date":"2023-05-24T12:28:46","date_gmt":"2023-05-24T10:28:46","guid":{"rendered":"https:\/\/alzira.es\/?page_id=137802"},"modified":"2024-06-06T12:45:12","modified_gmt":"2024-06-06T10:45:12","slug":"funciones-miembros-de-mesa-elecciones","status":"publish","type":"page","link":"https:\/\/alzira.es\/es\/ayuntamiento\/elecciones\/funciones-miembros-de-mesa-elecciones\/","title":{"rendered":"Funciones miembros de Mesa Elecciones al Parlamento Europeo 9-06-24."},"content":{"rendered":"\t\t<div data-elementor-type=\"wp-page\" data-elementor-id=\"137802\" class=\"elementor elementor-137802 elementor-137582\">\n\t\t\t\t\t\t<section class=\"elementor-section elementor-top-section elementor-element elementor-element-6cbd7f6f elementor-section-boxed elementor-section-height-default elementor-section-height-default\" data-id=\"6cbd7f6f\" data-element_type=\"section\">\n\t\t\t\t\t\t<div class=\"elementor-container elementor-column-gap-default\">\n\t\t\t\t\t<div class=\"elementor-column elementor-col-100 elementor-top-column elementor-element elementor-element-7b476da8\" data-id=\"7b476da8\" data-element_type=\"column\">\n\t\t\t<div class=\"elementor-widget-wrap elementor-element-populated\">\n\t\t\t\t\t\t<div class=\"elementor-element elementor-element-65592d5 elementor-widget elementor-widget-text-editor\" data-id=\"65592d5\" data-element_type=\"widget\" data-widget_type=\"text-editor.default\">\n\t\t\t\t<div class=\"elementor-widget-container\">\n\t\t\t\t\t\t\t\t\t<h6 style=\"text-align: left;\"><a href=\"https:\/\/alzira.es\/wp-content\/uploads\/2024\/06\/MMM_EPE_2024_castellano.pdf\"><img decoding=\"async\" class=\" lazyloaded\" title=\"document PDF\" src=\"https:\/\/alzira.es\/wp-content\/uploads\/2019\/04\/pdf_rojo.gif\" alt=\"pdf rojo\" data-src=\"https:\/\/alzira.es\/wp-content\/uploads\/2019\/04\/pdf_rojo.gif\" \/>\u00a0Manual MM<\/a><\/h6><table width=\"595\"><tbody><tr><td width=\"176\"><img decoding=\"async\" class=\"alignnone size-full wp-image-137612 lazyload\" data-src=\"https:\/\/alzira.es\/wp-content\/uploads\/2023\/05\/Rellotge_8-hores.png\" alt=\"\" width=\"161\" height=\"166\" src=\"data:image\/svg+xml;base64,PHN2ZyB3aWR0aD0iMSIgaGVpZ2h0PSIxIiB4bWxucz0iaHR0cDovL3d3dy53My5vcmcvMjAwMC9zdmciPjwvc3ZnPg==\" style=\"--smush-placeholder-width: 161px; --smush-placeholder-aspect-ratio: 161\/166;\" \/><\/td><td width=\"419\"><p><strong>8 \u2013 9 DE LA MA\u00d1ANA<\/strong><\/p><p>REUNI\u00d3N EN EL LOCAL, COMPROBACI\u00d3N DEL MATERIAL Y CONSTITUCI\u00d3N DE LA MESA<\/p><ul><li>Incorporaci\u00f3n de interventores a la Mesa<\/li><li><span style=\"font-family: inherit; font-size: inherit; font-weight: inherit;\">Comprobaci\u00f3n del material electoral<\/span><\/li><li>Comprobaci\u00f3n de les condiciones del local electoral<\/li><li>Confecci\u00f3n del acta de constituci\u00f3n de la Mesa (<a href=\"https:\/\/alzira.es\/wp-content\/uploads\/2023\/02\/Acta_constitucio_Mesa.pdf\"><em>ver modelo<\/em><\/a>).<\/li><\/ul><\/td><\/tr><tr><td width=\"176\"><img decoding=\"async\" class=\"alignnone size-full wp-image-137619 lazyload\" data-src=\"https:\/\/alzira.es\/wp-content\/uploads\/2023\/05\/Rellotge_9-hores.png\" alt=\"\" width=\"158\" height=\"183\" src=\"data:image\/svg+xml;base64,PHN2ZyB3aWR0aD0iMSIgaGVpZ2h0PSIxIiB4bWxucz0iaHR0cDovL3d3dy53My5vcmcvMjAwMC9zdmciPjwvc3ZnPg==\" style=\"--smush-placeholder-width: 158px; --smush-placeholder-aspect-ratio: 158\/183;\" \/><\/td><td width=\"419\"><p><strong>9 DE LA MA\u00d1ANA \u2013 8 DE LA TARDE<\/strong><\/p><p>VOTACI\u00d3N<\/p><ul><li>Identificaci\u00f3n de votantes<\/li><li>Comprobaci\u00f3n en el censo<\/li><li>Voto<\/li><\/ul><p>&#8211;\u00a0 Certificado de alta en el censo y sentencias judiciales<\/p><ul><li>Anotaci\u00f3n en la lista numerada de votantes (<a href=\"https:\/\/alzira.es\/wp-content\/uploads\/2023\/03\/Llista-numerada-de-votants.pdf\"><em>ver modelo<\/em><\/a>)<\/li><li>Certificaci\u00f3n de votaci\u00f3n y asistencia (<a href=\"https:\/\/alzira.es\/wp-content\/uploads\/2023\/03\/Certificat_votacio.pdf\"><em>ver modelo<\/em><\/a>)<\/li><li>Acta de la sesi\u00f3n<\/li><\/ul><\/td><\/tr><tr><td width=\"176\"><img decoding=\"async\" class=\"alignnone size-full wp-image-137612 lazyload\" data-src=\"https:\/\/alzira.es\/wp-content\/uploads\/2023\/05\/Rellotge_8-hores.png\" alt=\"\" width=\"161\" height=\"166\" src=\"data:image\/svg+xml;base64,PHN2ZyB3aWR0aD0iMSIgaGVpZ2h0PSIxIiB4bWxucz0iaHR0cDovL3d3dy53My5vcmcvMjAwMC9zdmciPjwvc3ZnPg==\" style=\"--smush-placeholder-width: 161px; --smush-placeholder-aspect-ratio: 161\/166;\" \/><\/td><td width=\"419\"><p><strong>8 DE LA TARDE<\/strong><\/p><p>CIERRE DE LA VOTACI\u00d3N, VOTO POR CORREO Y VOTO DE LA MESA. ESCRUTINIO<\/p><ul><li>Cierre de la votaci\u00f3n<\/li><li>Voto por correo<\/li><\/ul><p>&#8211; Certificado de inscripci\u00f3n en el censo<\/p><ul><li>Voto de la Mesa<\/li><li>Firma de la lista numerada de votantes<\/li><\/ul><\/td><\/tr><\/tbody><\/table><h2><strong>ESCRUTINIO<\/strong><\/h2><p>Escrutinio de los votos:<\/p><ul><li>Votos en blanco\u00a0<\/li><li>Votos nulos<\/li><\/ul><p>Anuncio del los resultados de la votaci\u00f3n<\/p><p>Extender el Acta de Escrutinio (<a href=\"https:\/\/alzira.es\/wp-content\/uploads\/2023\/03\/Acta-escrutini.pdf\"><em>ver modelo<\/em><\/a>)<\/p><p>Extender el Acta de la Sesi\u00f3n (<a href=\"https:\/\/alzira.es\/wp-content\/uploads\/2023\/03\/Acta-sessio.pdf\">ver modelo<\/a>)<\/p><h2><strong>PREPARACI\u00d3N DE LA DOCUMENTACI\u00d3N ELECTORAL<\/strong><\/h2><p>Se han de numerar previamente los sobres de cada elecci\u00f3n (SOBRE 1, SOBRE 2 i SOBRE 3) e introducir la siguiente documentaci\u00f3n:<\/p><p><em>(<a href=\"https:\/\/alzira.es\/wp-content\/uploads\/2023\/03\/Model_sobre.pdf\">Ver modelo de sobres<\/a><\/em>)<\/p><p><strong><u>SOBRE N\u00daM. 1<\/u><\/strong><\/p><p>Original del Acta de constituci\u00f3n de la Mesa<\/p><p>Original del Acta de sesi\u00f3n.\u00a0<\/p><p>Original de la lista numerada de votantes.<\/p><p>Papeletas de votaci\u00f3n nulas o que hayan sido objeto de reclamaci\u00f3n (firmadas por cada integrante de la Mesa).<\/p><p>Listas del censo y anexos utilizados.<\/p><p>Certificaciones censales y\/o sentencias judiciales que en su caso se hayan aportado.<\/p><p>Copias de credenciales de Interventores (si no se han recibido las copias incluir el original)<\/p><p>Solicitudes de reintegro de gastos del voto per correo, si las hubiera<\/p><p><strong><u>SOBRE N\u00daM. 2 i N\u00daM. 3<\/u><\/strong>. En cada sobre se incluir\u00e1:<\/p><p>Copia del Acta de constituci\u00f3n de la Mesa<\/p><p>Copia del Acta de sesi\u00f3n de las elecciones al Congreso de los Diputados y de las elecciones al Senado.<\/p><p>Recibo sobre (<a href=\"https:\/\/alzira.es\/wp-content\/uploads\/2023\/03\/Rebut-sobres.pdf\"><em>ver modelo<\/em><\/a>)<\/p><p>CERRAR, FIRMAR Y ENTREGAR LOS SOBRES 1 Y 2 EN EL JUZGADO DE PRIMERA INSTANCIA<\/p><p>CERRAR, FIRMAR Y ENTREGAR EL SOBRE N\u00daM. 3 AL EMPLEADO O EMPLEADA DE CORREOS<\/p>\t\t\t\t\t\t\t\t<\/div>\n\t\t\t\t<\/div>\n\t\t\t\t\t<\/div>\n\t\t<\/div>\n\t\t\t\t\t<\/div>\n\t\t<\/section>\n\t\t\t\t<\/div>\n\t\t","protected":false},"excerpt":{"rendered":"<p>\u00a0Manual MM 8 \u2013 9 DE LA MA\u00d1ANA REUNI\u00d3N EN EL LOCAL, COMPROBACI\u00d3N DEL MATERIAL Y CONSTITUCI\u00d3N DE LA MESA Incorporaci\u00f3n de interventores a la Mesa Comprobaci\u00f3n del material electoral Comprobaci\u00f3n de les condiciones del local electoral Confecci\u00f3n del acta de constituci\u00f3n de la Mesa (ver modelo). 9 DE LA MA\u00d1ANA \u2013 8 DE LA &hellip; <\/p>\n<p class=\"link-more\"><a href=\"https:\/\/alzira.es\/es\/ayuntamiento\/elecciones\/funciones-miembros-de-mesa-elecciones\/\" class=\"more-link\">Continuar leyendo<span class=\"screen-reader-text\"> \u00abFunciones miembros de Mesa Elecciones al Parlamento Europeo 9-06-24.\u00bb<\/span><\/a><\/p>\n","protected":false},"author":34,"featured_media":0,"parent":83840,"menu_order":0,"comment_status":"closed","ping_status":"closed","template":"","meta":{"_acf_changed":false,"footnotes":""},"class_list":["post-137802","page","type-page","status-publish","hentry"],"acf":[],"_links":{"self":[{"href":"https:\/\/alzira.es\/es\/wp-json\/wp\/v2\/pages\/137802","targetHints":{"allow":["GET"]}}],"collection":[{"href":"https:\/\/alzira.es\/es\/wp-json\/wp\/v2\/pages"}],"about":[{"href":"https:\/\/alzira.es\/es\/wp-json\/wp\/v2\/types\/page"}],"author":[{"embeddable":true,"href":"https:\/\/alzira.es\/es\/wp-json\/wp\/v2\/users\/34"}],"replies":[{"embeddable":true,"href":"https:\/\/alzira.es\/es\/wp-json\/wp\/v2\/comments?post=137802"}],"version-history":[{"count":2,"href":"https:\/\/alzira.es\/es\/wp-json\/wp\/v2\/pages\/137802\/revisions"}],"predecessor-version":[{"id":150787,"href":"https:\/\/alzira.es\/es\/wp-json\/wp\/v2\/pages\/137802\/revisions\/150787"}],"up":[{"embeddable":true,"href":"https:\/\/alzira.es\/es\/wp-json\/wp\/v2\/pages\/83840"}],"wp:attachment":[{"href":"https:\/\/alzira.es\/es\/wp-json\/wp\/v2\/media?parent=137802"}],"curies":[{"name":"wp","href":"https:\/\/api.w.org\/{rel}","templated":true}]}}