{"id":136780,"date":"2023-04-27T11:01:47","date_gmt":"2023-04-27T09:01:47","guid":{"rendered":"https:\/\/alzira.es\/?page_id=136780"},"modified":"2023-06-22T14:01:22","modified_gmt":"2023-06-22T12:01:22","slug":"convocatoria-07-2023-provision-temporal-en-mejora-de-la-ocupacion-o-adscripcion-provisional-o-definitiva-por-concurso-de-meritos-interno","status":"publish","type":"page","link":"https:\/\/alzira.es\/es\/servicios-municipales\/recursos-humanos\/empleo-temporal\/convocatoria-07-2023-provision-temporal-en-mejora-de-la-ocupacion-o-adscripcion-provisional-o-definitiva-por-concurso-de-meritos-interno\/","title":{"rendered":"Convocatoria 07\/2023 &#8211; Provisi\u00f3n temporal en mejora de la ocupaci\u00f3n o adscripci\u00f3n provisional o definitiva por concurso de m\u00e9ritos interno"},"content":{"rendered":"<p><span style=\"color: #993300;\">Decreto de 16 de junio de 2023: resoluci\u00f3n de la convocatoria.<\/span><\/p>\n<p><strong>DOCUMENTS DE L&#8217;EXPEDIENT:<\/strong><\/p>\n\n\n<div class=\"wp-block-columns is-layout-flex wp-container-core-columns-is-layout-9d6595d7 wp-block-columns-is-layout-flex\">\n<div class=\"wp-block-column is-layout-flow wp-block-column-is-layout-flow\" style=\"flex-basis:100%\">\n<div class=\"wp-block-group\"><div class=\"wp-block-group__inner-container is-layout-flow wp-block-group-is-layout-flow\">\n<div class=\"wp-block-columns is-layout-flex wp-container-core-columns-is-layout-9d6595d7 wp-block-columns-is-layout-flex\">\n<div class=\"wp-block-column is-layout-flow wp-block-column-is-layout-flow\" style=\"flex-basis:100%\">\n<figure class=\"wp-block-table is-style-regular\"><table><tbody><tr><td><strong>Nombre Fichero<\/strong><\/td><\/tr><tr><td><a href=\"https:\/\/alzira.es\/wp-content\/uploads\/2023\/02\/01-Bases-Especificas-adscripcio-temporal-DIVERSOS-conv-02-2023-rectif-st-2.pdf\" target=\"_blank\" rel=\"noreferrer noopener\">Bases espec\u00edficas<\/a><\/td><\/tr><tr><td><a href=\"https:\/\/alzira.es\/wp-content\/uploads\/2023\/02\/A-I-Autobaremacio-30103-Cap-Servei-G.T.-30107-Subsistema-planejament.xlsx\" target=\"_blank\" rel=\"noreferrer noopener\">Autobaremaci\u00f3n Anexo I &#8211; Jefe de Servicio y Subsistema<\/a><\/td><\/tr><tr><td><a href=\"https:\/\/alzira.es\/wp-content\/uploads\/2023\/02\/A-II-Autobaremacio-Caps-de-Negociat-20306-21000-20299-i-20311.xlsx\" target=\"_blank\" rel=\"noreferrer noopener\">Autobaremaci\u00f3n Anexo II &#8211; Jefe de Negociado<\/a><\/td><\/tr><tr><td><a href=\"https:\/\/alzira.es\/wp-content\/uploads\/2023\/02\/A-III-Autobaremacio-20303-gestor-administratiu-Recaptacio.xlsx\" target=\"_blank\" rel=\"noreferrer noopener\">Autobaremaci\u00f3n Anexo III &#8211; Gestor administrativo recaudaci\u00f3n<\/a><\/td><\/tr><tr><td><a href=\"https:\/\/alzira.es\/wp-content\/uploads\/2023\/02\/A-IV-Autobaremacio-20303-C2-conserges-i-altres-E-AP-diversos.xlsxhttps:\/\/alzira.es\/wp-content\/uploads\/2023\/02\/A-IV-Autobaremacio-20303-C2-conserges-i-altres-E-AP-diversos-1.xlsx\" target=\"_blank\" rel=\"noreferrer noopener\">Autobaremaci\u00f3n Anexo IV &#8211; C2 conserjes y otros<\/a><\/td><\/tr><tr><td><a href=\"https:\/\/alzira.es\/wp-content\/uploads\/2023\/02\/04-Acta-1-Entrevista-i-valoracio-merits-web.pdf\" target=\"_blank\" rel=\"noreferrer noopener\">Acta n\u00fam. 1 provisional <\/a>                                                                                                             08\/06\/2023<\/td><\/tr><tr><td><a href=\"https:\/\/alzira.es\/wp-content\/uploads\/2023\/02\/06-Certificado_Decret-nomenament-conv-07-2023.pdf\" target=\"_blank\" rel=\"noreferrer noopener\">Decreto de 16 de junio de 2023: resoluci\u00f3n de la convocatoria <\/a>                          22\/06\/2023<\/td><\/tr><\/tbody><\/table><\/figure>\n<\/div>\n<\/div>\n<\/div><\/div>\n<\/div>\n<\/div>\n","protected":false},"excerpt":{"rendered":"<p>Decreto de 16 de junio de 2023: resoluci\u00f3n de la convocatoria. DOCUMENTS DE L&#8217;EXPEDIENT: Nombre Fichero Bases espec\u00edficas Autobaremaci\u00f3n Anexo I &#8211; Jefe de Servicio y Subsistema Autobaremaci\u00f3n Anexo II &#8211; Jefe de Negociado Autobaremaci\u00f3n Anexo III &#8211; Gestor administrativo recaudaci\u00f3n Autobaremaci\u00f3n Anexo IV &#8211; C2 conserjes y otros Acta n\u00fam. 1 provisional 08\/06\/2023 Decreto &hellip; <\/p>\n<p class=\"link-more\"><a href=\"https:\/\/alzira.es\/es\/servicios-municipales\/recursos-humanos\/empleo-temporal\/convocatoria-07-2023-provision-temporal-en-mejora-de-la-ocupacion-o-adscripcion-provisional-o-definitiva-por-concurso-de-meritos-interno\/\" class=\"more-link\">Continuar leyendo<span class=\"screen-reader-text\"> \u00abConvocatoria 07\/2023 &#8211; Provisi\u00f3n temporal en mejora de la ocupaci\u00f3n o adscripci\u00f3n provisional o definitiva por concurso de m\u00e9ritos interno\u00bb<\/span><\/a><\/p>\n","protected":false},"author":156,"featured_media":0,"parent":105760,"menu_order":0,"comment_status":"closed","ping_status":"closed","template":"","meta":{"_acf_changed":false,"footnotes":""},"class_list":["post-136780","page","type-page","status-publish","hentry"],"acf":[],"_links":{"self":[{"href":"https:\/\/alzira.es\/es\/wp-json\/wp\/v2\/pages\/136780","targetHints":{"allow":["GET"]}}],"collection":[{"href":"https:\/\/alzira.es\/es\/wp-json\/wp\/v2\/pages"}],"about":[{"href":"https:\/\/alzira.es\/es\/wp-json\/wp\/v2\/types\/page"}],"author":[{"embeddable":true,"href":"https:\/\/alzira.es\/es\/wp-json\/wp\/v2\/users\/156"}],"replies":[{"embeddable":true,"href":"https:\/\/alzira.es\/es\/wp-json\/wp\/v2\/comments?post=136780"}],"version-history":[{"count":1,"href":"https:\/\/alzira.es\/es\/wp-json\/wp\/v2\/pages\/136780\/revisions"}],"predecessor-version":[{"id":139035,"href":"https:\/\/alzira.es\/es\/wp-json\/wp\/v2\/pages\/136780\/revisions\/139035"}],"up":[{"embeddable":true,"href":"https:\/\/alzira.es\/es\/wp-json\/wp\/v2\/pages\/105760"}],"wp:attachment":[{"href":"https:\/\/alzira.es\/es\/wp-json\/wp\/v2\/media?parent=136780"}],"curies":[{"name":"wp","href":"https:\/\/api.w.org\/{rel}","templated":true}]}}