{"id":135931,"date":"2023-04-11T13:31:27","date_gmt":"2023-04-11T11:31:27","guid":{"rendered":"https:\/\/alzira.es\/ayuntamiento\/elecciones\/exclusion-de-propaganda-electoral\/"},"modified":"2023-04-11T13:31:27","modified_gmt":"2023-04-11T11:31:27","slug":"exclusion-de-propaganda-electoral","status":"publish","type":"page","link":"https:\/\/alzira.es\/es\/ayuntamiento\/elecciones\/exclusion-de-propaganda-electoral\/","title":{"rendered":"Exclusi\u00f3n de propaganda electoral"},"content":{"rendered":"<p>Exclusi\u00f3n de las copias del censo electoral que se utilizan para env\u00edo de propaganda electoral<\/p>\n<p>Quien no quiera figurar en las copias del censo electoral que se facilitan a los representantes de las candidaturas para realizar env\u00edos postales de propaganda electoral, puede solicitar su exclusi\u00f3n en la direcci\u00f3n<span style=\"font-size: 1rem;\">: <\/span><strong style=\"font-size: 1rem;\"><span style=\"color: #333399;\"><em><a style=\"color: #333399;\" href=\"https:\/\/sede.ine.gob.es\/oposicionPartidos\/presentacion?lang=es_ES\" target=\"_blank\" rel=\"noopener\">https:\/\/sede.ine.gob.es\/oposicionPartidos\/presentacion?lang=es_ES<\/a><\/em><\/span><\/strong><span style=\"font-size: 1rem;\">, para el que se necesita identificarse con Cl@ve.<\/span><\/p>\n","protected":false},"excerpt":{"rendered":"<p>Exclusi\u00f3n de las copias del censo electoral que se utilizan para env\u00edo de propaganda electoral Quien no quiera figurar en las copias del censo electoral que se facilitan a los representantes de las candidaturas para realizar env\u00edos postales de propaganda electoral, puede solicitar su exclusi\u00f3n en la direcci\u00f3n: https:\/\/sede.ine.gob.es\/oposicionPartidos\/presentacion?lang=es_ES, para el que se necesita identificarse &hellip; <\/p>\n<p class=\"link-more\"><a href=\"https:\/\/alzira.es\/es\/ayuntamiento\/elecciones\/exclusion-de-propaganda-electoral\/\" class=\"more-link\">Continuar leyendo<span class=\"screen-reader-text\"> \u00abExclusi\u00f3n de propaganda electoral\u00bb<\/span><\/a><\/p>\n","protected":false},"author":29,"featured_media":0,"parent":83840,"menu_order":0,"comment_status":"closed","ping_status":"closed","template":"","meta":{"_acf_changed":false,"footnotes":""},"class_list":["post-135931","page","type-page","status-publish","hentry"],"acf":[],"_links":{"self":[{"href":"https:\/\/alzira.es\/es\/wp-json\/wp\/v2\/pages\/135931","targetHints":{"allow":["GET"]}}],"collection":[{"href":"https:\/\/alzira.es\/es\/wp-json\/wp\/v2\/pages"}],"about":[{"href":"https:\/\/alzira.es\/es\/wp-json\/wp\/v2\/types\/page"}],"author":[{"embeddable":true,"href":"https:\/\/alzira.es\/es\/wp-json\/wp\/v2\/users\/29"}],"replies":[{"embeddable":true,"href":"https:\/\/alzira.es\/es\/wp-json\/wp\/v2\/comments?post=135931"}],"version-history":[{"count":0,"href":"https:\/\/alzira.es\/es\/wp-json\/wp\/v2\/pages\/135931\/revisions"}],"up":[{"embeddable":true,"href":"https:\/\/alzira.es\/es\/wp-json\/wp\/v2\/pages\/83840"}],"wp:attachment":[{"href":"https:\/\/alzira.es\/es\/wp-json\/wp\/v2\/media?parent=135931"}],"curies":[{"name":"wp","href":"https:\/\/api.w.org\/{rel}","templated":true}]}}