{"id":135750,"date":"2023-04-06T13:21:40","date_gmt":"2023-04-06T11:21:40","guid":{"rendered":"https:\/\/alzira.es\/?page_id=135750"},"modified":"2024-04-19T14:09:13","modified_gmt":"2024-04-19T12:09:13","slug":"censo-electoral-elecciones","status":"publish","type":"page","link":"https:\/\/alzira.es\/es\/ayuntamiento\/elecciones\/censo-electoral-elecciones\/","title":{"rendered":"Censo electoral Elecciones al Parlamento Europeo de 9 de junio de 2024"},"content":{"rendered":"\t\t<div data-elementor-type=\"wp-page\" data-elementor-id=\"135750\" class=\"elementor elementor-135750 elementor-135749\">\n\t\t\t\t\t\t<section class=\"elementor-section elementor-top-section elementor-element elementor-element-b631130 elementor-section-boxed elementor-section-height-default elementor-section-height-default\" data-id=\"b631130\" data-element_type=\"section\">\n\t\t\t\t\t\t<div class=\"elementor-container elementor-column-gap-default\">\n\t\t\t\t\t<div class=\"elementor-column elementor-col-100 elementor-top-column elementor-element elementor-element-a7fb979\" data-id=\"a7fb979\" data-element_type=\"column\">\n\t\t\t<div class=\"elementor-widget-wrap elementor-element-populated\">\n\t\t\t\t\t\t<div class=\"elementor-element elementor-element-645887a elementor-widget elementor-widget-text-editor\" data-id=\"645887a\" data-element_type=\"widget\" data-widget_type=\"text-editor.default\">\n\t\t\t\t<div class=\"elementor-widget-container\">\n\t\t\t\t\t\t\t\t\t<p>Aqu\u00ed puedes consultar el local electoral en el que puedes votar el pr\u00f3ximo 9 de junio introduciendo tu NIF y fecha de nacimiento.<\/p><p>Los electores que hayan cambiado de domicilio antes del 1 de febrero de 2024 o que voten por primera vez deben comprobar especialmente si sus datos son correctos. Los votantes que hayan cambiado de domicilio o residencia despu\u00e9s del 1 de febrero\u00a0 de 2024 votar\u00e1n en el colegio electoral correspondiente al domicilio anterior a dicha fecha.<\/p>\t\t\t\t\t\t\t\t<\/div>\n\t\t\t\t<\/div>\n\t\t\t\t\t<\/div>\n\t\t<\/div>\n\t\t\t\t\t<\/div>\n\t\t<\/section>\n\t\t\t\t<section class=\"elementor-section elementor-top-section elementor-element elementor-element-97eaff0 elementor-section-boxed elementor-section-height-default elementor-section-height-default\" data-id=\"97eaff0\" data-element_type=\"section\">\n\t\t\t\t\t\t<div class=\"elementor-container elementor-column-gap-default\">\n\t\t\t\t\t<div class=\"elementor-column elementor-col-100 elementor-top-column elementor-element elementor-element-b79cb77\" data-id=\"b79cb77\" data-element_type=\"column\">\n\t\t\t<div class=\"elementor-widget-wrap elementor-element-populated\">\n\t\t\t\t\t\t<div class=\"elementor-element elementor-element-a387bd0 elementor-widget elementor-widget-html\" data-id=\"a387bd0\" data-element_type=\"widget\" data-widget_type=\"html.default\">\n\t\t\t\t<div class=\"elementor-widget-container\">\n\t\t\t\t\t<script>\njQuery(document).ready(function(){\n    \/\/ Une un controlador de submit(de entrega) al formulario\n    jQuery(\"#frm_censo\").submit(function(evento) {\n        \/\/ Evita que el formulario se entregue normalmente\n        evento.preventDefault();\n      \n        jQuery('#enviar_consulta').prop('disabled', true);\n        jQuery('#enviar_consulta').css({'background-color':'#efefef'});\n\n        setTimeout(function() {\n            jQuery('#enviar_consulta').prop('disabled', false);\n            jQuery('#enviar_consulta').css({'background-color':'#94213a'});\n        }, 5000);\n      \n        jQuery.post('\/elecciones-consulta.php', {nif:jQuery('#nif').val(), fecha_nac:jQuery('#fecha_nac').val(), enviar_consulta:1}).done(function(respuesta){\n            jQuery(\"#resultado\").html(respuesta);\n        });\n    });\n    \n    \/\/ Calculamos las fechas desde y hasta permitidas para el a\u00f1o de nacimiento\n    var fecha = new Date();\n    var anyo_hasta = fecha.getFullYear() - 18;\n    var fecha_hasta = anyo_hasta + '-12-31';\n    jQuery(\"#fecha_nac\").prop(\"max\", fecha_hasta);\n});\n<\/script>\n<style>\n    #nif::placeholder {\n        color: #000;\n        opacity: 0.3;\n    }\n<\/style>\n\n\n<form action=\"\" method=\"post\" name=\"frm_censo\" id=\"frm_censo\" >\n\t<table style=\"margin: auto; width: 50%;\">\n\t\t<tr>\n\t\t\t<td><label for=\"nif\">NIF:<\/label><\/td>\n\t\t\t<td><input name=\"nif\" type=\"text\" id=\"nif\" maxlength=\"9\" required placeholder=\"12345678A\" \/><\/td>\n\t\t<\/tr>\n\t\t<tr>\n\t\t\t<td><label for=\"fecha_nac\">Data de naixement:<\/label><\/td>\n\t\t\t<td><input name=\"fecha_nac\" type=\"date\" id=\"fecha_nac\" required \/><\/td>\n\t\t<\/tr>\n\t\t<tr>\n\t\t\t<td colspan=\"2\" style=\"text-align:center\"><input type=\"submit\" name=\"enviar_consulta\" id=\"enviar_consulta\" value=\"Consultar\" style=\"background-color:#94213a\"\/> <input type=\"reset\" name=\"borrar_consulta\" id=\"borrar_consulta\" value=\"Esborrar\" style=\"background-color: #94213a;\n    border: 0; border-radius: 2px; box-shadow: none; color: #fff; cursor: pointer;     display: inline-block; font-size: 0.875rem; font-weight: 800; line-height: 1;    padding: 1em 2em; text-shadow: none; transition: background 0.2s;\"\/><\/td>\n\t\t<\/tr>\n\t<\/table>\n<\/form>\n<div id=\"resultado\"><\/div>\t\t\t\t<\/div>\n\t\t\t\t<\/div>\n\t\t\t\t\t<\/div>\n\t\t<\/div>\n\t\t\t\t\t<\/div>\n\t\t<\/section>\n\t\t\t\t<section class=\"elementor-section elementor-top-section elementor-element elementor-element-ba7d961 elementor-section-boxed elementor-section-height-default elementor-section-height-default\" data-id=\"ba7d961\" data-element_type=\"section\">\n\t\t\t\t\t\t<div class=\"elementor-container elementor-column-gap-default\">\n\t\t\t\t\t<div class=\"elementor-column elementor-col-100 elementor-top-column elementor-element elementor-element-707115b\" data-id=\"707115b\" data-element_type=\"column\">\n\t\t\t<div class=\"elementor-widget-wrap elementor-element-populated\">\n\t\t\t\t\t\t<div class=\"elementor-element elementor-element-4a3d8f0 elementor-widget elementor-widget-text-editor\" data-id=\"4a3d8f0\" data-element_type=\"widget\" data-widget_type=\"text-editor.default\">\n\t\t\t\t<div class=\"elementor-widget-container\">\n\t\t\t\t\t\t\t\t\t<p>Adem\u00e1s, el censo electoral se puede consultar bien presencialmente en La Clau, o a trav\u00e9s de la p\u00e1gina web del INE en el siguiente enlace:<\/p><p><a href=\"https:\/\/sede.ine.gob.es\/ss\/Satellite?c=SETramite_C&amp;cid=1259954327587&amp;lang=es_ES&amp;p=1254734719739&amp;pagename=SedeElectronica%2FSELayout\" target=\"_blank\" rel=\"noopener\"><img decoding=\"async\" class=\"aligncenter wp-image-135721 size-full lazyload\" data-src=\"https:\/\/alzira.es\/wp-content\/uploads\/2023\/04\/logoINE.gif\" alt=\"CENS ELECTORAL\" width=\"150\" height=\"62\" src=\"data:image\/svg+xml;base64,PHN2ZyB3aWR0aD0iMSIgaGVpZ2h0PSIxIiB4bWxucz0iaHR0cDovL3d3dy53My5vcmcvMjAwMC9zdmciPjwvc3ZnPg==\" style=\"--smush-placeholder-width: 150px; --smush-placeholder-aspect-ratio: 150\/62;\" \/><\/a><\/p><p>M\u00e1s informaci\u00f3n sobre todos los tr\u00e1mites que puedes realizar en relaci\u00f3n a las elecciones del pr\u00f3ximo 23 de julio en la web del INE en el siguiente enlace: <a href=\"https:\/\/www.ine.es\/dyngs\/CEL\/index.htm?cid=1035#is1048\" target=\"_blank\" rel=\"noopener\">Censo Electoral \/ Elecciones al Parlamento Europeo de 9 de junio de 2024 \/ Tr\u00e1mites telem\u00e1ticos a disposici\u00f3n de los electores (ine.es)<\/a><\/p>\t\t\t\t\t\t\t\t<\/div>\n\t\t\t\t<\/div>\n\t\t\t\t\t<\/div>\n\t\t<\/div>\n\t\t\t\t\t<\/div>\n\t\t<\/section>\n\t\t\t\t<\/div>\n\t\t","protected":false},"excerpt":{"rendered":"<p>Aqu\u00ed puedes consultar el local electoral en el que puedes votar el pr\u00f3ximo 9 de junio introduciendo tu NIF y fecha de nacimiento. Los electores que hayan cambiado de domicilio antes del 1 de febrero de 2024 o que voten por primera vez deben comprobar especialmente si sus datos son correctos. Los votantes que hayan &hellip; <\/p>\n<p class=\"link-more\"><a href=\"https:\/\/alzira.es\/es\/ayuntamiento\/elecciones\/censo-electoral-elecciones\/\" class=\"more-link\">Continuar leyendo<span class=\"screen-reader-text\"> \u00abCenso electoral Elecciones al Parlamento Europeo de 9 de junio de 2024\u00bb<\/span><\/a><\/p>\n","protected":false},"author":29,"featured_media":0,"parent":83840,"menu_order":0,"comment_status":"closed","ping_status":"closed","template":"","meta":{"_acf_changed":false,"footnotes":""},"class_list":["post-135750","page","type-page","status-publish","hentry"],"acf":[],"_links":{"self":[{"href":"https:\/\/alzira.es\/es\/wp-json\/wp\/v2\/pages\/135750","targetHints":{"allow":["GET"]}}],"collection":[{"href":"https:\/\/alzira.es\/es\/wp-json\/wp\/v2\/pages"}],"about":[{"href":"https:\/\/alzira.es\/es\/wp-json\/wp\/v2\/types\/page"}],"author":[{"embeddable":true,"href":"https:\/\/alzira.es\/es\/wp-json\/wp\/v2\/users\/29"}],"replies":[{"embeddable":true,"href":"https:\/\/alzira.es\/es\/wp-json\/wp\/v2\/comments?post=135750"}],"version-history":[{"count":2,"href":"https:\/\/alzira.es\/es\/wp-json\/wp\/v2\/pages\/135750\/revisions"}],"predecessor-version":[{"id":149103,"href":"https:\/\/alzira.es\/es\/wp-json\/wp\/v2\/pages\/135750\/revisions\/149103"}],"up":[{"embeddable":true,"href":"https:\/\/alzira.es\/es\/wp-json\/wp\/v2\/pages\/83840"}],"wp:attachment":[{"href":"https:\/\/alzira.es\/es\/wp-json\/wp\/v2\/media?parent=135750"}],"curies":[{"name":"wp","href":"https:\/\/api.w.org\/{rel}","templated":true}]}}