{"id":135267,"date":"2023-03-24T12:41:03","date_gmt":"2023-03-24T11:41:03","guid":{"rendered":"https:\/\/alzira.es\/?page_id=135267"},"modified":"2023-05-15T14:51:09","modified_gmt":"2023-05-15T12:51:09","slug":"convocatoria-02-2023-creacion-de-una-bolsa-de-trabajo-de-un-a-monitor-a-de-actividades-de-seco-y-agua-para-la-piscina-municipal","status":"publish","type":"page","link":"https:\/\/alzira.es\/es\/servicios-municipales\/recursos-humanos\/empleo-temporal\/convocatoria-02-2023-creacion-de-una-bolsa-de-trabajo-de-un-a-monitor-a-de-actividades-de-seco-y-agua-para-la-piscina-municipal\/","title":{"rendered":"Convocatoria 02\/2023.- Creaci\u00f3n de una bolsa de trabajo de un\/a \u00abMonitor\/a de actividades de seco y agua\u00bb para la Piscina Municipal"},"content":{"rendered":"<p>Acta n\u00fam1: Valoraci\u00f3n de m\u00e9ritos y entrevista.<\/p>\n<p>Acta n\u00fam2: Listado resultados definitivos<\/p>\n<p style=\"text-align: justify;\"><strong>DOCUMENTOS DEL EXPEDIENTE:<\/strong><\/p>\n<table style=\"margin-left: auto; margin-right: auto; height: 209px; width: 820px;\" border=\"0\">\n<thead>\n<tr style=\"background-color: #808080;\">\n<td><span style=\"color: #ffffff;\"><strong>Nombre Fichero<\/strong><\/span><\/td>\n<td align=\"center\"><span style=\"color: #ffffff;\"><strong>Certificado<\/strong><\/span><\/td>\n<\/tr>\n<\/thead>\n<tbody>\n<tr>\n<td><a href=\"https:\/\/alzira.es\/wp-content\/uploads\/2023\/03\/BASES-ESPECIFICAS-BOLSA-MONITOR-DEPORTIVO-ACTIV-SECO-Y-AGUA-2023.pdf\">Bases espec\u00edficas<\/a><\/td>\n<td align=\"center\">24\/03\/2023<\/td>\n<\/tr>\n<tr>\n<td><a href=\"https:\/\/alzira.es\/wp-content\/uploads\/2023\/02\/DECRET-LLISTA-PROVISIONAL-DADMISSIO-I-EXCLUSIO-BORSA-MONITORS.pdf\">Listado provisional admitidos y excluidos. Fecha entrevista<\/a><\/td>\n<td align=\"center\">20\/04\/23<\/td>\n<\/tr>\n<tr>\n<td><a href=\"https:\/\/alzira.es\/wp-content\/uploads\/2023\/02\/Acta-1-Constitucion-tribunal-y-entrevista-1.pdf\">Acta n\u00fam 1. Valoraci\u00f3n de m\u00e9ritos y entrevista<\/a><\/td>\n<td align=\"center\">27\/04\/23<\/td>\n<\/tr>\n<tr>\n<td><a href=\"https:\/\/alzira.es\/wp-content\/uploads\/2023\/05\/EXP-2326-2023-ACTA-2.pdf\">Acta n\u00fam 2. Resultados definitivos<\/a><\/td>\n<td align=\"center\">08\/05\/23<\/td>\n<\/tr>\n<tr>\n<td><a href=\"https:\/\/alzira.es\/wp-content\/uploads\/2023\/02\/Decret-Ordre-de-cridament-Bols-de-monitors-esportius-Piscina-Municipal.pdf\">Decreto Orden de llamamiento<\/a><\/td>\n<td align=\"center\">15\/05\/23<\/td>\n<\/tr>\n<tr>\n<td><\/td>\n<td align=\"center\"><\/td>\n<\/tr>\n<tr>\n<td><\/td>\n<td align=\"center\"><\/td>\n<\/tr>\n<tr>\n<td><\/td>\n<td align=\"center\"><\/td>\n<\/tr>\n<\/tbody>\n<\/table>\n","protected":false},"excerpt":{"rendered":"<p>Acta n\u00fam1: Valoraci\u00f3n de m\u00e9ritos y entrevista. Acta n\u00fam2: Listado resultados definitivos DOCUMENTOS DEL EXPEDIENTE: Nombre Fichero Certificado Bases espec\u00edficas 24\/03\/2023 Listado provisional admitidos y excluidos. Fecha entrevista 20\/04\/23 Acta n\u00fam 1. Valoraci\u00f3n de m\u00e9ritos y entrevista 27\/04\/23 Acta n\u00fam 2. Resultados definitivos 08\/05\/23 Decreto Orden de llamamiento 15\/05\/23<\/p>\n","protected":false},"author":156,"featured_media":0,"parent":105760,"menu_order":0,"comment_status":"closed","ping_status":"closed","template":"","meta":{"_acf_changed":false,"footnotes":""},"class_list":["post-135267","page","type-page","status-publish","hentry"],"acf":[],"_links":{"self":[{"href":"https:\/\/alzira.es\/es\/wp-json\/wp\/v2\/pages\/135267","targetHints":{"allow":["GET"]}}],"collection":[{"href":"https:\/\/alzira.es\/es\/wp-json\/wp\/v2\/pages"}],"about":[{"href":"https:\/\/alzira.es\/es\/wp-json\/wp\/v2\/types\/page"}],"author":[{"embeddable":true,"href":"https:\/\/alzira.es\/es\/wp-json\/wp\/v2\/users\/156"}],"replies":[{"embeddable":true,"href":"https:\/\/alzira.es\/es\/wp-json\/wp\/v2\/comments?post=135267"}],"version-history":[{"count":2,"href":"https:\/\/alzira.es\/es\/wp-json\/wp\/v2\/pages\/135267\/revisions"}],"predecessor-version":[{"id":137262,"href":"https:\/\/alzira.es\/es\/wp-json\/wp\/v2\/pages\/135267\/revisions\/137262"}],"up":[{"embeddable":true,"href":"https:\/\/alzira.es\/es\/wp-json\/wp\/v2\/pages\/105760"}],"wp:attachment":[{"href":"https:\/\/alzira.es\/es\/wp-json\/wp\/v2\/media?parent=135267"}],"curies":[{"name":"wp","href":"https:\/\/api.w.org\/{rel}","templated":true}]}}