{"id":13381,"date":"2016-01-25T14:32:12","date_gmt":"2016-01-25T13:32:12","guid":{"rendered":"https:\/\/alzira.es\/organigrama-5\/"},"modified":"2021-08-30T21:47:20","modified_gmt":"2021-08-30T19:47:20","slug":"organigrama-areas","status":"publish","type":"page","link":"https:\/\/alzira.es\/es\/servicios-municipales\/recursos-humanos\/organigrama-areas\/","title":{"rendered":"Organigramas \u00c1reas"},"content":{"rendered":"<p style=\"margin-left: 30px;\"><a title=\"ORGANIGRAMA\" href=\"https:\/\/alzira.es\/wp-content\/uploads\/2016\/01\/ORGANIGRAMA-_AREA_DE_BENESTAR_SOCIAL.pdf\" target=\"_blank\" rel=\"noopener\">ORGANIGRAMA &#8211; \u00c1REA DE BIENESTAR SOCIAL<\/a><br \/>\n<a title=\"ORGANIGRAMA\" href=\"https:\/\/alzira.es\/wp-content\/uploads\/2016\/01\/ORGANIGRAMA-_AREA_DE_DESENVOLUPAMENT_LOCAL.pdf\" target=\"_blank\" rel=\"noopener\">ORGANIGRAMA &#8211; \u00c1REA DE DESARROLLO LOCAL<\/a><br \/>\n<a title=\"ORGANIGRAMA\" href=\"https:\/\/alzira.es\/wp-content\/uploads\/2016\/01\/ORGANIGRAMA-_AREA_DE_FUNCIO_PUBLICA_I_ORGANITZACIO.pdf\" target=\"_blank\" rel=\"noopener\">ORGANIGRAMA &#8211; \u00c1REA DE FUNCI\u00d3N PUBLICA Y ORGANIZACI\u00d3N<\/a><br \/>\n<span style=\"color: #000000;\"><a href=\"https:\/\/alzira.es\/wp-content\/uploads\/2016\/01\/ORGANIGRAMA-AREA-PROJECTES-I-INFRAESTRUCTURES.pdf\" target=\"_blank\" rel=\"noopener\"><span style=\"color: #000000;\">ORGANIGRAMA &#8211; \u00c1REA DE PROYECTOS E INFRAESTRUCTURAS<\/span><\/a><\/span><br \/>\n<a title=\"ORGANIGRAMA\" href=\"https:\/\/alzira.es\/wp-content\/uploads\/2011\/06\/ORGANIGRAMA-_AREA_DE_PROJECTES_I_INFRAESTRUCTURES_ANNEX_I.pdf\" target=\"_blank\" rel=\"noopener\">ORGANIGRAMA &#8211; \u00c1REA DE PROYECTOS E INFRAESTRUCTURAS ANEXO I<\/a><br \/>\n<a title=\"ORGANIGRAMA\" href=\"https:\/\/alzira.es\/wp-content\/uploads\/2016\/01\/ORGANIGRAMA-_AREA_ECONOMICA.pdf\" target=\"_blank\" rel=\"noopener\">ORGANIGRAMA &#8211; \u00c1REA ECON\u00d3MICA<\/a><br \/>\n<a title=\"ORGANIGRAMA\" href=\"https:\/\/alzira.es\/wp-content\/uploads\/2016\/01\/ORGANIGRAMA-_AREA_SEGURETAT_CIUTADANA.pdf\" target=\"_blank\" rel=\"noopener\">ORGANIGRAMA &#8211; \u00c1REA SEGURIDAD CIUDADANA<\/a><br \/>\n<a title=\"ORGANIGRAMA\" href=\"https:\/\/alzira.es\/wp-content\/uploads\/2016\/01\/ORGANIGRAMA-_AREA_SERVEIS_SOCIALS_I_INNOVACIO_SOCIAL.pdf\" target=\"_blank\" rel=\"noopener\">ORGANIGRAMA &#8211; \u00c1REA SERVICIOS SOCIALES E INNOVACI\u00d3N SOCIAL<\/a><br \/>\n<a title=\"ORGANIGRAMA\" href=\"https:\/\/alzira.es\/wp-content\/uploads\/2016\/01\/ORGANIGRAMA-_DEPENDENCIA_ALCALDIA.pdf\" target=\"_blank\" rel=\"noopener\">ORGANIGRAMA &#8211; DEPENDENCIA ALCALD\u00cdA<\/a><br \/>\n<a title=\"ORGANIGRAMA\" href=\"https:\/\/alzira.es\/wp-content\/uploads\/2011\/06\/ORGANIGRAMA-_GESTIO_DEL_TERRITORI-MEDI_AMBIENT.pdf\" target=\"_blank\" rel=\"noopener\">ORGANIGRAMA &#8211; GESTI\u00d3N DEL TERRITORIO-MEDIO AMBIENTE<\/a><br \/>\n<a title=\"ORGANIGRAMA\" href=\"https:\/\/alzira.es\/wp-content\/uploads\/2016\/01\/ORGANIGRAMA-_SECRETARIA_COMPLET.pdf\" target=\"_blank\" rel=\"noopener\">ORGANIGRAMA &#8211; SECRETAR\u00cdA<\/a><\/p>\n","protected":false},"excerpt":{"rendered":"<p>ORGANIGRAMA &#8211; \u00c1REA DE BIENESTAR SOCIAL ORGANIGRAMA &#8211; \u00c1REA DE DESARROLLO LOCAL ORGANIGRAMA &#8211; \u00c1REA DE FUNCI\u00d3N PUBLICA Y ORGANIZACI\u00d3N ORGANIGRAMA &#8211; \u00c1REA DE PROYECTOS E INFRAESTRUCTURAS ORGANIGRAMA &#8211; \u00c1REA DE PROYECTOS E INFRAESTRUCTURAS ANEXO I ORGANIGRAMA &#8211; \u00c1REA ECON\u00d3MICA ORGANIGRAMA &#8211; \u00c1REA SEGURIDAD CIUDADANA ORGANIGRAMA &#8211; \u00c1REA SERVICIOS SOCIALES E INNOVACI\u00d3N SOCIAL ORGANIGRAMA &#8211; &hellip; <\/p>\n<p class=\"link-more\"><a href=\"https:\/\/alzira.es\/es\/servicios-municipales\/recursos-humanos\/organigrama-areas\/\" class=\"more-link\">Continuar leyendo<span class=\"screen-reader-text\"> \u00abOrganigramas \u00c1reas\u00bb<\/span><\/a><\/p>\n","protected":false},"author":29,"featured_media":0,"parent":86783,"menu_order":1,"comment_status":"closed","ping_status":"closed","template":"","meta":{"_acf_changed":false,"footnotes":""},"class_list":["post-13381","page","type-page","status-publish","hentry"],"acf":[],"_links":{"self":[{"href":"https:\/\/alzira.es\/es\/wp-json\/wp\/v2\/pages\/13381","targetHints":{"allow":["GET"]}}],"collection":[{"href":"https:\/\/alzira.es\/es\/wp-json\/wp\/v2\/pages"}],"about":[{"href":"https:\/\/alzira.es\/es\/wp-json\/wp\/v2\/types\/page"}],"author":[{"embeddable":true,"href":"https:\/\/alzira.es\/es\/wp-json\/wp\/v2\/users\/29"}],"replies":[{"embeddable":true,"href":"https:\/\/alzira.es\/es\/wp-json\/wp\/v2\/comments?post=13381"}],"version-history":[{"count":2,"href":"https:\/\/alzira.es\/es\/wp-json\/wp\/v2\/pages\/13381\/revisions"}],"predecessor-version":[{"id":86836,"href":"https:\/\/alzira.es\/es\/wp-json\/wp\/v2\/pages\/13381\/revisions\/86836"}],"up":[{"embeddable":true,"href":"https:\/\/alzira.es\/es\/wp-json\/wp\/v2\/pages\/86783"}],"wp:attachment":[{"href":"https:\/\/alzira.es\/es\/wp-json\/wp\/v2\/media?parent=13381"}],"curies":[{"name":"wp","href":"https:\/\/api.w.org\/{rel}","templated":true}]}}