{"id":132425,"date":"2022-12-27T09:09:31","date_gmt":"2022-12-27T08:09:31","guid":{"rendered":"https:\/\/alzira.es\/?page_id=132425"},"modified":"2022-12-28T13:25:22","modified_gmt":"2022-12-28T12:25:22","slug":"campanya-del-sucre-2023","status":"publish","type":"page","link":"https:\/\/alzira.es\/es\/serveis-municipals\/serval\/campanyes\/campanya-del-sucre-2023\/","title":{"rendered":"<strong>Receptes per a la campanya \u00abCom M\u00e9s sucre, m\u00e9s dol\u00e7\u00bb<\/strong>"},"content":{"rendered":"\t\t<div data-elementor-type=\"wp-page\" data-elementor-id=\"132425\" class=\"elementor elementor-132425\">\n\t\t\t\t\t\t<section class=\"elementor-section elementor-top-section elementor-element elementor-element-18efd7e elementor-section-boxed elementor-section-height-default elementor-section-height-default\" data-id=\"18efd7e\" data-element_type=\"section\">\n\t\t\t\t\t\t<div class=\"elementor-container elementor-column-gap-default\">\n\t\t\t\t\t<div class=\"elementor-column elementor-col-100 elementor-top-column elementor-element elementor-element-7cd69d9\" data-id=\"7cd69d9\" data-element_type=\"column\">\n\t\t\t<div class=\"elementor-widget-wrap elementor-element-populated\">\n\t\t\t\t\t\t<div class=\"elementor-element elementor-element-394070b elementor-widget elementor-widget-heading\" data-id=\"394070b\" data-element_type=\"widget\" data-widget_type=\"heading.default\">\n\t\t\t\t<div class=\"elementor-widget-container\">\n\t\t\t\t\t<h2 class=\"elementor-heading-title elementor-size-default\">\u2018A MOS RED\u00d3\u2019<\/h2>\t\t\t\t<\/div>\n\t\t\t\t<\/div>\n\t\t\t\t\t<\/div>\n\t\t<\/div>\n\t\t\t\t\t<\/div>\n\t\t<\/section>\n\t\t\t\t<section class=\"elementor-section elementor-top-section elementor-element elementor-element-8a545cb elementor-section-full_width iconosportadasec ajuntament elementor-section-height-default elementor-section-height-default\" data-id=\"8a545cb\" data-element_type=\"section\">\n\t\t\t\t\t\t<div class=\"elementor-container elementor-column-gap-narrow\">\n\t\t\t\t\t<div class=\"elementor-column elementor-col-25 elementor-top-column elementor-element elementor-element-1cccf52\" data-id=\"1cccf52\" data-element_type=\"column\">\n\t\t\t<div class=\"elementor-widget-wrap elementor-element-populated\">\n\t\t\t\t\t\t<div class=\"elementor-element elementor-element-4774c7d elementor-widget elementor-widget-image\" data-id=\"4774c7d\" data-element_type=\"widget\" data-widget_type=\"image.default\">\n\t\t\t\t<div class=\"elementor-widget-container\">\n\t\t\t\t\t\t\t\t\t\t\t\t\t\t\t\t<a href=\"https:\/\/alzira.es\/serveis-municipals\/serval\/promocio\/campanyes\/campanya-del-sucre-2023\/espardenya\/\">\n\t\t\t\t\t\t\t<img decoding=\"async\" width=\"221\" height=\"217\" data-src=\"https:\/\/alzira.es\/wp-content\/uploads\/2022\/12\/SUCRE_Espardenya.png\" class=\"attachment-full size-full wp-image-132554 lazyload\" alt=\"Espardenya\" data-sizes=\"100vw\" src=\"data:image\/svg+xml;base64,PHN2ZyB3aWR0aD0iMSIgaGVpZ2h0PSIxIiB4bWxucz0iaHR0cDovL3d3dy53My5vcmcvMjAwMC9zdmciPjwvc3ZnPg==\" style=\"--smush-placeholder-width: 221px; --smush-placeholder-aspect-ratio: 221\/217;\" \/>\t\t\t\t\t\t\t\t<\/a>\n\t\t\t\t\t\t\t\t\t\t\t\t\t\t\t<\/div>\n\t\t\t\t<\/div>\n\t\t\t\t<div class=\"elementor-element elementor-element-377f429 elementor-widget elementor-widget-heading\" data-id=\"377f429\" data-element_type=\"widget\" data-widget_type=\"heading.default\">\n\t\t\t\t<div class=\"elementor-widget-container\">\n\t\t\t\t\t<h5 class=\"elementor-heading-title elementor-size-default\"><a href=\"https:\/\/alzira.es\/serveis-municipals\/serval\/promocio\/campanyes\/campanya-del-sucre-2023\/espardenya\/\">ESPARDENY\u00c0<\/a><\/h5>\t\t\t\t<\/div>\n\t\t\t\t<\/div>\n\t\t\t\t\t<\/div>\n\t\t<\/div>\n\t\t\t\t<div class=\"elementor-column elementor-col-25 elementor-top-column elementor-element elementor-element-2532005\" data-id=\"2532005\" data-element_type=\"column\">\n\t\t\t<div class=\"elementor-widget-wrap elementor-element-populated\">\n\t\t\t\t\t\t<div class=\"elementor-element elementor-element-4f82ceb elementor-widget elementor-widget-image\" data-id=\"4f82ceb\" data-element_type=\"widget\" data-widget_type=\"image.default\">\n\t\t\t\t<div class=\"elementor-widget-container\">\n\t\t\t\t\t\t\t\t\t\t\t\t\t\t\t\t<a href=\"https:\/\/alzira.es\/serveis-municipals\/serval\/promocio\/campanyes\/campanya-del-sucre-2023\/arros-al-forn\/\">\n\t\t\t\t\t\t\t<img decoding=\"async\" width=\"221\" height=\"217\" data-src=\"https:\/\/alzira.es\/wp-content\/uploads\/2022\/12\/SUCRE_Arros-al-forn.png\" class=\"attachment-full size-full wp-image-132556 lazyload\" alt=\"\" data-sizes=\"100vw\" src=\"data:image\/svg+xml;base64,PHN2ZyB3aWR0aD0iMSIgaGVpZ2h0PSIxIiB4bWxucz0iaHR0cDovL3d3dy53My5vcmcvMjAwMC9zdmciPjwvc3ZnPg==\" style=\"--smush-placeholder-width: 221px; --smush-placeholder-aspect-ratio: 221\/217;\" \/>\t\t\t\t\t\t\t\t<\/a>\n\t\t\t\t\t\t\t\t\t\t\t\t\t\t\t<\/div>\n\t\t\t\t<\/div>\n\t\t\t\t<div class=\"elementor-element elementor-element-1952c8e elementor-widget elementor-widget-heading\" data-id=\"1952c8e\" data-element_type=\"widget\" data-widget_type=\"heading.default\">\n\t\t\t\t<div class=\"elementor-widget-container\">\n\t\t\t\t\t<h5 class=\"elementor-heading-title elementor-size-default\"><a href=\"https:\/\/alzira.es\/serveis-municipals\/serval\/promocio\/campanyes\/campanya-del-sucre-2023\/arros-al-forn\/\">ARR\u00d2S AL FORN<\/a><\/h5>\t\t\t\t<\/div>\n\t\t\t\t<\/div>\n\t\t\t\t\t<\/div>\n\t\t<\/div>\n\t\t\t\t<div class=\"elementor-column elementor-col-25 elementor-top-column elementor-element elementor-element-0d714eb\" data-id=\"0d714eb\" data-element_type=\"column\">\n\t\t\t<div class=\"elementor-widget-wrap elementor-element-populated\">\n\t\t\t\t\t\t<div class=\"elementor-element elementor-element-f8eae5d elementor-widget elementor-widget-image\" data-id=\"f8eae5d\" data-element_type=\"widget\" data-widget_type=\"image.default\">\n\t\t\t\t<div class=\"elementor-widget-container\">\n\t\t\t\t\t\t\t\t\t\t\t\t\t\t\t\t<a href=\"https:\/\/alzira.es\/serveis-municipals\/serval\/promocio\/campanyes\/campanya-del-sucre-2023\/paella-valenciana\/\">\n\t\t\t\t\t\t\t<img decoding=\"async\" width=\"221\" height=\"217\" data-src=\"https:\/\/alzira.es\/wp-content\/uploads\/2022\/12\/SUCRE_paella-valenciana.png\" class=\"attachment-full size-full wp-image-132564 lazyload\" alt=\"paella valenciana\" data-sizes=\"100vw\" src=\"data:image\/svg+xml;base64,PHN2ZyB3aWR0aD0iMSIgaGVpZ2h0PSIxIiB4bWxucz0iaHR0cDovL3d3dy53My5vcmcvMjAwMC9zdmciPjwvc3ZnPg==\" style=\"--smush-placeholder-width: 221px; --smush-placeholder-aspect-ratio: 221\/217;\" \/>\t\t\t\t\t\t\t\t<\/a>\n\t\t\t\t\t\t\t\t\t\t\t\t\t\t\t<\/div>\n\t\t\t\t<\/div>\n\t\t\t\t<div class=\"elementor-element elementor-element-c9a5607 elementor-widget elementor-widget-heading\" data-id=\"c9a5607\" data-element_type=\"widget\" data-widget_type=\"heading.default\">\n\t\t\t\t<div class=\"elementor-widget-container\">\n\t\t\t\t\t<h5 class=\"elementor-heading-title elementor-size-default\"><a href=\"https:\/\/alzira.es\/serveis-municipals\/serval\/promocio\/campanyes\/campanya-del-sucre-2023\/paella-valenciana\/\">PAELLA VALENCIANA<\/a><\/h5>\t\t\t\t<\/div>\n\t\t\t\t<\/div>\n\t\t\t\t\t<\/div>\n\t\t<\/div>\n\t\t\t\t<div class=\"elementor-column elementor-col-25 elementor-top-column elementor-element elementor-element-1a9aa45\" data-id=\"1a9aa45\" data-element_type=\"column\">\n\t\t\t<div class=\"elementor-widget-wrap elementor-element-populated\">\n\t\t\t\t\t\t<div class=\"elementor-element elementor-element-dab45c1 elementor-widget elementor-widget-image\" data-id=\"dab45c1\" data-element_type=\"widget\" data-widget_type=\"image.default\">\n\t\t\t\t<div class=\"elementor-widget-container\">\n\t\t\t\t\t\t\t\t\t\t\t\t\t\t\t\t<a href=\"https:\/\/alzira.es\/serveis-municipals\/serval\/promocio\/campanyes\/campanya-del-sucre-2023\/reganya\/\">\n\t\t\t\t\t\t\t<img decoding=\"async\" width=\"221\" height=\"217\" data-src=\"https:\/\/alzira.es\/wp-content\/uploads\/2022\/12\/SUCRE_reganya.png\" class=\"attachment-full size-full wp-image-132566 lazyload\" alt=\"regany\u00e0\" data-sizes=\"100vw\" src=\"data:image\/svg+xml;base64,PHN2ZyB3aWR0aD0iMSIgaGVpZ2h0PSIxIiB4bWxucz0iaHR0cDovL3d3dy53My5vcmcvMjAwMC9zdmciPjwvc3ZnPg==\" style=\"--smush-placeholder-width: 221px; --smush-placeholder-aspect-ratio: 221\/217;\" \/>\t\t\t\t\t\t\t\t<\/a>\n\t\t\t\t\t\t\t\t\t\t\t\t\t\t\t<\/div>\n\t\t\t\t<\/div>\n\t\t\t\t<div class=\"elementor-element elementor-element-fb0e427 elementor-widget elementor-widget-heading\" data-id=\"fb0e427\" data-element_type=\"widget\" data-widget_type=\"heading.default\">\n\t\t\t\t<div class=\"elementor-widget-container\">\n\t\t\t\t\t<h5 class=\"elementor-heading-title elementor-size-default\"><a href=\"https:\/\/alzira.es\/serveis-municipals\/serval\/promocio\/campanyes\/campanya-del-sucre-2023\/reganya\/\">REGANY\u00c0<\/a><\/h5>\t\t\t\t<\/div>\n\t\t\t\t<\/div>\n\t\t\t\t\t<\/div>\n\t\t<\/div>\n\t\t\t\t\t<\/div>\n\t\t<\/section>\n\t\t\t\t<section class=\"elementor-section elementor-top-section elementor-element elementor-element-54f1c4d elementor-section-full_width iconosportadasec ajuntament elementor-section-height-default elementor-section-height-default\" data-id=\"54f1c4d\" data-element_type=\"section\">\n\t\t\t\t\t\t<div class=\"elementor-container elementor-column-gap-narrow\">\n\t\t\t\t\t<div class=\"elementor-column elementor-col-25 elementor-top-column elementor-element elementor-element-a74e178\" data-id=\"a74e178\" data-element_type=\"column\">\n\t\t\t<div class=\"elementor-widget-wrap elementor-element-populated\">\n\t\t\t\t\t\t<div class=\"elementor-element elementor-element-7e0a071 elementor-widget elementor-widget-image\" data-id=\"7e0a071\" data-element_type=\"widget\" data-widget_type=\"image.default\">\n\t\t\t\t<div class=\"elementor-widget-container\">\n\t\t\t\t\t\t\t\t\t\t\t\t\t\t\t\t<a href=\"https:\/\/alzira.es\/serveis-municipals\/serval\/promocio\/campanyes\/campanya-del-sucre-2023\/bunyols-de-carabassa\/\">\n\t\t\t\t\t\t\t<img decoding=\"async\" width=\"221\" height=\"217\" data-src=\"https:\/\/alzira.es\/wp-content\/uploads\/2022\/12\/SUCRE_bunyols.png\" class=\"attachment-full size-full wp-image-132562 lazyload\" alt=\"\" data-sizes=\"100vw\" src=\"data:image\/svg+xml;base64,PHN2ZyB3aWR0aD0iMSIgaGVpZ2h0PSIxIiB4bWxucz0iaHR0cDovL3d3dy53My5vcmcvMjAwMC9zdmciPjwvc3ZnPg==\" style=\"--smush-placeholder-width: 221px; --smush-placeholder-aspect-ratio: 221\/217;\" \/>\t\t\t\t\t\t\t\t<\/a>\n\t\t\t\t\t\t\t\t\t\t\t\t\t\t\t<\/div>\n\t\t\t\t<\/div>\n\t\t\t\t<div class=\"elementor-element elementor-element-a5d6654 elementor-widget elementor-widget-heading\" data-id=\"a5d6654\" data-element_type=\"widget\" data-widget_type=\"heading.default\">\n\t\t\t\t<div class=\"elementor-widget-container\">\n\t\t\t\t\t<h5 class=\"elementor-heading-title elementor-size-default\"><a href=\"https:\/\/alzira.es\/serveis-municipals\/serval\/promocio\/campanyes\/campanya-del-sucre-2023\/bunyols-de-carabassa\/\">BUNYOLS DE CARABASSA<\/a><\/h5>\t\t\t\t<\/div>\n\t\t\t\t<\/div>\n\t\t\t\t\t<\/div>\n\t\t<\/div>\n\t\t\t\t<div class=\"elementor-column elementor-col-25 elementor-top-column elementor-element elementor-element-3a2b91c\" data-id=\"3a2b91c\" data-element_type=\"column\">\n\t\t\t<div class=\"elementor-widget-wrap elementor-element-populated\">\n\t\t\t\t\t\t<div class=\"elementor-element elementor-element-bae42c4 elementor-widget elementor-widget-image\" data-id=\"bae42c4\" data-element_type=\"widget\" data-widget_type=\"image.default\">\n\t\t\t\t<div class=\"elementor-widget-container\">\n\t\t\t\t\t\t\t\t\t\t\t\t\t\t\t\t<a href=\"https:\/\/alzira.es\/serveis-municipals\/serval\/promocio\/campanyes\/campanya-del-sucre-2023\/arnadi\/\">\n\t\t\t\t\t\t\t<img decoding=\"async\" width=\"221\" height=\"217\" data-src=\"https:\/\/alzira.es\/wp-content\/uploads\/2022\/12\/SUCRE_arnadi.png\" class=\"attachment-full size-full wp-image-132558 lazyload\" alt=\"Arnad\u00ed\" data-sizes=\"100vw\" src=\"data:image\/svg+xml;base64,PHN2ZyB3aWR0aD0iMSIgaGVpZ2h0PSIxIiB4bWxucz0iaHR0cDovL3d3dy53My5vcmcvMjAwMC9zdmciPjwvc3ZnPg==\" style=\"--smush-placeholder-width: 221px; --smush-placeholder-aspect-ratio: 221\/217;\" \/>\t\t\t\t\t\t\t\t<\/a>\n\t\t\t\t\t\t\t\t\t\t\t\t\t\t\t<\/div>\n\t\t\t\t<\/div>\n\t\t\t\t<div class=\"elementor-element elementor-element-594e759 elementor-widget elementor-widget-heading\" data-id=\"594e759\" data-element_type=\"widget\" data-widget_type=\"heading.default\">\n\t\t\t\t<div class=\"elementor-widget-container\">\n\t\t\t\t\t<h5 class=\"elementor-heading-title elementor-size-default\"><a href=\"https:\/\/alzira.es\/serveis-municipals\/serval\/promocio\/campanyes\/campanya-del-sucre-2023\/arnadi\/\">ARNAD\u00cd<\/a><\/h5>\t\t\t\t<\/div>\n\t\t\t\t<\/div>\n\t\t\t\t\t<\/div>\n\t\t<\/div>\n\t\t\t\t<div class=\"elementor-column elementor-col-25 elementor-top-column elementor-element elementor-element-e9ba6d3\" data-id=\"e9ba6d3\" data-element_type=\"column\">\n\t\t\t<div class=\"elementor-widget-wrap elementor-element-populated\">\n\t\t\t\t\t\t<div class=\"elementor-element elementor-element-9117444 elementor-widget elementor-widget-image\" data-id=\"9117444\" data-element_type=\"widget\" data-widget_type=\"image.default\">\n\t\t\t\t<div class=\"elementor-widget-container\">\n\t\t\t\t\t\t\t\t\t\t\t\t\t\t\t\t<a href=\"https:\/\/alzira.es\/serveis-municipals\/serval\/promocio\/campanyes\/campanya-del-sucre-2023\/pastissets-de-moniato\/\">\n\t\t\t\t\t\t\t<img decoding=\"async\" width=\"221\" height=\"217\" data-src=\"https:\/\/alzira.es\/wp-content\/uploads\/2022\/12\/SUCRE_pastissets.png\" class=\"attachment-full size-full wp-image-132568 lazyload\" alt=\"\" data-sizes=\"100vw\" src=\"data:image\/svg+xml;base64,PHN2ZyB3aWR0aD0iMSIgaGVpZ2h0PSIxIiB4bWxucz0iaHR0cDovL3d3dy53My5vcmcvMjAwMC9zdmciPjwvc3ZnPg==\" style=\"--smush-placeholder-width: 221px; --smush-placeholder-aspect-ratio: 221\/217;\" \/>\t\t\t\t\t\t\t\t<\/a>\n\t\t\t\t\t\t\t\t\t\t\t\t\t\t\t<\/div>\n\t\t\t\t<\/div>\n\t\t\t\t<div class=\"elementor-element elementor-element-a4355ac elementor-widget elementor-widget-heading\" data-id=\"a4355ac\" data-element_type=\"widget\" data-widget_type=\"heading.default\">\n\t\t\t\t<div class=\"elementor-widget-container\">\n\t\t\t\t\t<h5 class=\"elementor-heading-title elementor-size-default\"><a href=\"https:\/\/alzira.es\/serveis-municipals\/serval\/promocio\/campanyes\/campanya-del-sucre-2023\/pastissets-de-moniato\/\">PASTISSETS DE MONIATO<\/a><\/h5>\t\t\t\t<\/div>\n\t\t\t\t<\/div>\n\t\t\t\t\t<\/div>\n\t\t<\/div>\n\t\t\t\t<div class=\"elementor-column elementor-col-25 elementor-top-column elementor-element elementor-element-a002f0a\" data-id=\"a002f0a\" data-element_type=\"column\">\n\t\t\t<div class=\"elementor-widget-wrap elementor-element-populated\">\n\t\t\t\t\t\t<div class=\"elementor-element elementor-element-3b17cc7 elementor-widget elementor-widget-image\" data-id=\"3b17cc7\" data-element_type=\"widget\" data-widget_type=\"image.default\">\n\t\t\t\t<div class=\"elementor-widget-container\">\n\t\t\t\t\t\t\t\t\t\t\t\t\t\t\t\t<a href=\"https:\/\/alzira.es\/serveis-municipals\/serval\/promocio\/campanyes\/campanya-del-sucre-2023\/arros-a-lalzirenya\/\">\n\t\t\t\t\t\t\t<img decoding=\"async\" width=\"221\" height=\"217\" data-src=\"https:\/\/alzira.es\/wp-content\/uploads\/2022\/12\/SUCRE_arros-alzirenya.png\" class=\"attachment-full size-full wp-image-132560 lazyload\" alt=\"Arr\u00f2s alzirenya\" data-sizes=\"100vw\" src=\"data:image\/svg+xml;base64,PHN2ZyB3aWR0aD0iMSIgaGVpZ2h0PSIxIiB4bWxucz0iaHR0cDovL3d3dy53My5vcmcvMjAwMC9zdmciPjwvc3ZnPg==\" style=\"--smush-placeholder-width: 221px; --smush-placeholder-aspect-ratio: 221\/217;\" \/>\t\t\t\t\t\t\t\t<\/a>\n\t\t\t\t\t\t\t\t\t\t\t\t\t\t\t<\/div>\n\t\t\t\t<\/div>\n\t\t\t\t<div class=\"elementor-element elementor-element-4a648fb elementor-widget elementor-widget-heading\" data-id=\"4a648fb\" data-element_type=\"widget\" data-widget_type=\"heading.default\">\n\t\t\t\t<div class=\"elementor-widget-container\">\n\t\t\t\t\t<h5 class=\"elementor-heading-title elementor-size-default\"><a href=\"https:\/\/alzira.es\/serveis-municipals\/serval\/promocio\/campanyes\/campanya-del-sucre-2023\/arros-a-lalzirenya\/\">ARR\u00d2S A L\u2019ALZIRENYA<\/a><\/h5>\t\t\t\t<\/div>\n\t\t\t\t<\/div>\n\t\t\t\t\t<\/div>\n\t\t<\/div>\n\t\t\t\t\t<\/div>\n\t\t<\/section>\n\t\t\t\t<\/div>\n\t\t","protected":false},"excerpt":{"rendered":"<p>\u2018A MOS RED\u00d3\u2019 ESPARDENY\u00c0 ARR\u00d2S AL FORN PAELLA VALENCIANA REGANY\u00c0 BUNYOLS DE CARABASSA ARNAD\u00cd PASTISSETS DE MONIATO ARR\u00d2S A L\u2019ALZIRENYA<\/p>\n","protected":false},"author":29,"featured_media":0,"parent":87019,"menu_order":0,"comment_status":"closed","ping_status":"closed","template":"","meta":{"_acf_changed":false,"footnotes":""},"class_list":["post-132425","page","type-page","status-publish","hentry"],"acf":[],"_links":{"self":[{"href":"https:\/\/alzira.es\/es\/wp-json\/wp\/v2\/pages\/132425","targetHints":{"allow":["GET"]}}],"collection":[{"href":"https:\/\/alzira.es\/es\/wp-json\/wp\/v2\/pages"}],"about":[{"href":"https:\/\/alzira.es\/es\/wp-json\/wp\/v2\/types\/page"}],"author":[{"embeddable":true,"href":"https:\/\/alzira.es\/es\/wp-json\/wp\/v2\/users\/29"}],"replies":[{"embeddable":true,"href":"https:\/\/alzira.es\/es\/wp-json\/wp\/v2\/comments?post=132425"}],"version-history":[{"count":2,"href":"https:\/\/alzira.es\/es\/wp-json\/wp\/v2\/pages\/132425\/revisions"}],"predecessor-version":[{"id":132572,"href":"https:\/\/alzira.es\/es\/wp-json\/wp\/v2\/pages\/132425\/revisions\/132572"}],"up":[{"embeddable":true,"href":"https:\/\/alzira.es\/es\/wp-json\/wp\/v2\/pages\/87019"}],"wp:attachment":[{"href":"https:\/\/alzira.es\/es\/wp-json\/wp\/v2\/media?parent=132425"}],"curies":[{"name":"wp","href":"https:\/\/api.w.org\/{rel}","templated":true}]}}