{"id":13138,"date":"2015-12-15T12:44:17","date_gmt":"2015-12-15T11:44:17","guid":{"rendered":"https:\/\/alzira.es\/avisos-incidencias-2\/"},"modified":"2021-09-02T00:56:32","modified_gmt":"2021-09-01T22:56:32","slug":"campana-control-alcohol-y-drogas","status":"publish","type":"page","link":"https:\/\/alzira.es\/es\/servicios-municipales\/policia-local\/campanas-realizadas\/campanas-dgt\/campana-control-alcohol-y-drogas\/","title":{"rendered":"Campa\u00f1a control alcohol y drogas"},"content":{"rendered":"<p style=\"text-align: justify;\"><strong><span style=\"font-family: Arial, sans-serif;\">CAMPA\u00d1A DE CONTROL DE ALCOHOL Y DROGAS<\/span><\/strong><\/p>\n<p style=\"text-align: justify;\"><span style=\"font-family: Arial, sans-serif;\">La Polic\u00eda Local de Alzira, en colaboraci\u00f3n con la DGT ha puesto en marcha una campa\u00f1a de vigilancia de consumo de alcohol y drogas al volante. Desde el lunes 14 y hasta el domingo 20 de diciembre, los Agentes&nbsp; realizar\u00e1n pruebas de detecci\u00f3n con el objetivo de detectar a los conductores que puedan haber consumido.<\/span><\/p>\n<p style=\"text-align: justify;\"><strong><span style=\"font-family: Arial, sans-serif; color: #222222;\">Efectos de drogas y alcohol en la conducci\u00f3n<\/span><\/strong><\/p>\n<p style=\"text-align: justify;\"><span style=\"font-family: Arial, sans-serif;\">Seg\u00fan la memoria anual del Instituto Nacional de Toxicolog\u00eda, el 39,09% de los conductores fallecidos y analizados (614) por dicho organismo ten\u00edan presencia en sangre de alcohol, drogas o psicof\u00e1rmacos. En el caso de los peatones analizados (173), este porcentaje asciende al 40%.<\/span><\/p>\n<p style=\"text-align: justify;\"><strong><span style=\"font-family: Arial, sans-serif; color: #222222;\">Las alteraciones que producen las drogas en la conducci\u00f3n<\/span><\/strong><\/p>\n<p style=\"text-align: justify;\"><span style=\"font-family: Arial, sans-serif;\">El alcohol, por su parte, es absorbido r\u00e1pidamente en sangre y afecta al cuerpo de diferentes maneras tales como reacciones y movimientos m\u00e1s lentos; problemas de coordinaci\u00f3n, dificultades de concentraci\u00f3n, incremento de la somnolencia&#8230;<\/span><\/p>\n<p style=\"text-align: center;\"><span style=\"font-family: Arial, sans-serif;\"><img fetchpriority=\"high\" decoding=\"async\" width=\"700\" height=\"300\" class=\" size-full wp-image-13040\" title=\"CAMPA\u00d1A DE CONTROL DE ALCOHOL Y DROGAS\" src=\"https:\/\/alzira.es\/wp-content\/uploads\/2015\/12\/alcohol_drogas.jpg\" alt=\"alcohol drogas\" srcset=\"https:\/\/alzira.es\/wp-content\/uploads\/2015\/12\/alcohol_drogas.jpg 700w, https:\/\/alzira.es\/wp-content\/uploads\/2015\/12\/alcohol_drogas-680x291.jpg 680w\" sizes=\"(max-width: 700px) 100vw, 700px\" \/><\/span><\/p>\n","protected":false},"excerpt":{"rendered":"<p>CAMPA\u00d1A DE CONTROL DE ALCOHOL Y DROGAS La Polic\u00eda Local de Alzira, en colaboraci\u00f3n con la DGT ha puesto en marcha una campa\u00f1a de vigilancia de consumo de alcohol y drogas al volante. Desde el lunes 14 y hasta el domingo 20 de diciembre, los Agentes&nbsp; realizar\u00e1n pruebas de detecci\u00f3n con el objetivo de detectar &hellip; <\/p>\n<p class=\"link-more\"><a href=\"https:\/\/alzira.es\/es\/servicios-municipales\/policia-local\/campanas-realizadas\/campanas-dgt\/campana-control-alcohol-y-drogas\/\" class=\"more-link\">Continuar leyendo<span class=\"screen-reader-text\"> \u00abCampa\u00f1a control alcohol y drogas\u00bb<\/span><\/a><\/p>\n","protected":false},"author":29,"featured_media":13040,"parent":3613,"menu_order":21,"comment_status":"closed","ping_status":"closed","template":"","meta":{"_acf_changed":false,"footnotes":""},"class_list":["post-13138","page","type-page","status-publish","has-post-thumbnail","hentry"],"acf":[],"_links":{"self":[{"href":"https:\/\/alzira.es\/es\/wp-json\/wp\/v2\/pages\/13138","targetHints":{"allow":["GET"]}}],"collection":[{"href":"https:\/\/alzira.es\/es\/wp-json\/wp\/v2\/pages"}],"about":[{"href":"https:\/\/alzira.es\/es\/wp-json\/wp\/v2\/types\/page"}],"author":[{"embeddable":true,"href":"https:\/\/alzira.es\/es\/wp-json\/wp\/v2\/users\/29"}],"replies":[{"embeddable":true,"href":"https:\/\/alzira.es\/es\/wp-json\/wp\/v2\/comments?post=13138"}],"version-history":[{"count":2,"href":"https:\/\/alzira.es\/es\/wp-json\/wp\/v2\/pages\/13138\/revisions"}],"predecessor-version":[{"id":88730,"href":"https:\/\/alzira.es\/es\/wp-json\/wp\/v2\/pages\/13138\/revisions\/88730"}],"up":[{"embeddable":true,"href":"https:\/\/alzira.es\/es\/wp-json\/wp\/v2\/pages\/3613"}],"wp:featuredmedia":[{"embeddable":true,"href":"https:\/\/alzira.es\/es\/wp-json\/wp\/v2\/media\/13040"}],"wp:attachment":[{"href":"https:\/\/alzira.es\/es\/wp-json\/wp\/v2\/media?parent=13138"}],"curies":[{"name":"wp","href":"https:\/\/api.w.org\/{rel}","templated":true}]}}