{"id":131158,"date":"2022-11-24T15:01:14","date_gmt":"2022-11-24T14:01:14","guid":{"rendered":"https:\/\/alzira.es\/servicios-municipales\/urbanismo-e-infraestructuras\/encuesta-necesidades-de-vivienda-publica-en-regimen-de-alquiler-protegido\/"},"modified":"2022-12-20T15:00:01","modified_gmt":"2022-12-20T14:00:01","slug":"encuesta-necesidades-de-vivienda-publica-en-regimen-de-alquiler-protegido","status":"publish","type":"page","link":"https:\/\/alzira.es\/es\/servicios-municipales\/urbanismo-e-infraestructuras\/encuesta-necesidades-de-vivienda-publica-en-regimen-de-alquiler-protegido\/","title":{"rendered":"Encuesta Necesidades de Vivienda P\u00fablica en R\u00e9gimen de Alquiler Protegido"},"content":{"rendered":"\t\t<div data-elementor-type=\"wp-page\" data-elementor-id=\"131158\" class=\"elementor elementor-131158 elementor-131155\">\n\t\t\t\t\t\t<section class=\"elementor-section elementor-top-section elementor-element elementor-element-65d4fcd8 elementor-section-boxed elementor-section-height-default elementor-section-height-default\" data-id=\"65d4fcd8\" data-element_type=\"section\">\n\t\t\t\t\t\t<div class=\"elementor-container elementor-column-gap-default\">\n\t\t\t\t\t<div class=\"elementor-column elementor-col-100 elementor-top-column elementor-element elementor-element-3796823e\" data-id=\"3796823e\" data-element_type=\"column\">\n\t\t\t<div class=\"elementor-widget-wrap elementor-element-populated\">\n\t\t\t\t\t\t<div class=\"elementor-element elementor-element-186a5c0a elementor-widget elementor-widget-text-editor\" data-id=\"186a5c0a\" data-element_type=\"widget\" data-widget_type=\"text-editor.default\">\n\t\t\t\t<div class=\"elementor-widget-container\">\n\t\t\t\t\t\t\t\t\t<p>El ayuntamiento de Alzira est\u00e1 interesado en conocer las necesidades reales o demanda de vivienda a Alzira en r\u00e9gimen de alquiler, para poder adecuar sus pol\u00edticas de vivienda y suelo en los pr\u00f3ximos a\u00f1os.<\/p><p>Si eres una persona interesada, por favor, completa esta encuesta, para hacernos llegar tus necesidades.<\/p><p><img fetchpriority=\"high\" decoding=\"async\" class=\"wp-image-131146 alignnone\" src=\"https:\/\/alzira.es\/wp-content\/uploads\/2022\/11\/IMAGEN-3.png\" alt=\"\" width=\"348\" height=\"350\" srcset=\"https:\/\/alzira.es\/wp-content\/uploads\/2022\/11\/IMAGEN-3.png 541w, https:\/\/alzira.es\/wp-content\/uploads\/2022\/11\/IMAGEN-3-507x510.png 507w, https:\/\/alzira.es\/wp-content\/uploads\/2022\/11\/IMAGEN-3-100x100.png 100w\" sizes=\"(max-width: 348px) 100vw, 348px\" \/> <img decoding=\"async\" class=\"wp-image-131148 alignnone lazyload\" data-src=\"https:\/\/alzira.es\/wp-content\/uploads\/2022\/11\/VIVIENDAS-BIOCLIMATICA-ALZIRA-2.jpg\" alt=\"\" width=\"351\" height=\"350\" data-srcset=\"https:\/\/alzira.es\/wp-content\/uploads\/2022\/11\/VIVIENDAS-BIOCLIMATICA-ALZIRA-2.jpg 846w, https:\/\/alzira.es\/wp-content\/uploads\/2022\/11\/VIVIENDAS-BIOCLIMATICA-ALZIRA-2-511x510.jpg 511w, https:\/\/alzira.es\/wp-content\/uploads\/2022\/11\/VIVIENDAS-BIOCLIMATICA-ALZIRA-2-350x350.jpg 350w, https:\/\/alzira.es\/wp-content\/uploads\/2022\/11\/VIVIENDAS-BIOCLIMATICA-ALZIRA-2-768x766.jpg 768w, https:\/\/alzira.es\/wp-content\/uploads\/2022\/11\/VIVIENDAS-BIOCLIMATICA-ALZIRA-2-300x300.jpg 300w, https:\/\/alzira.es\/wp-content\/uploads\/2022\/11\/VIVIENDAS-BIOCLIMATICA-ALZIRA-2-100x100.jpg 100w\" data-sizes=\"(max-width: 351px) 100vw, 351px\" src=\"data:image\/svg+xml;base64,PHN2ZyB3aWR0aD0iMSIgaGVpZ2h0PSIxIiB4bWxucz0iaHR0cDovL3d3dy53My5vcmcvMjAwMC9zdmciPjwvc3ZnPg==\" style=\"--smush-placeholder-width: 351px; --smush-placeholder-aspect-ratio: 351\/350;\" \/> <img decoding=\"async\" class=\"wp-image-131150 alignnone lazyload\" data-src=\"https:\/\/alzira.es\/wp-content\/uploads\/2022\/11\/VIVIENDAS-BIOCLIMATICA-ALZIRA-1.jpg\" alt=\"\" width=\"284\" height=\"350\" data-srcset=\"https:\/\/alzira.es\/wp-content\/uploads\/2022\/11\/VIVIENDAS-BIOCLIMATICA-ALZIRA-1.jpg 686w, https:\/\/alzira.es\/wp-content\/uploads\/2022\/11\/VIVIENDAS-BIOCLIMATICA-ALZIRA-1-414x510.jpg 414w\" data-sizes=\"(max-width: 284px) 100vw, 284px\" src=\"data:image\/svg+xml;base64,PHN2ZyB3aWR0aD0iMSIgaGVpZ2h0PSIxIiB4bWxucz0iaHR0cDovL3d3dy53My5vcmcvMjAwMC9zdmciPjwvc3ZnPg==\" style=\"--smush-placeholder-width: 284px; --smush-placeholder-aspect-ratio: 284\/350;\" \/><\/p><h2 style=\"text-align: center;\"><a href=\"https:\/\/forms.gle\/FKQefi6wZwLtWgUX7\" target=\"_blank\" rel=\"noopener\"><span style=\"color: #993300;\"><strong>PARTICIPA!<\/strong><\/span><\/a><\/h2><div><span style=\"text-decoration: underline;\">Noticias Relacionadas:<\/span><\/div><div>\u00a0<\/div><ul><li><a href=\"https:\/\/www.levante-emv.com\/ribera\/2022\/12\/04\/vivienda-valencia-barata-alzira-alquilara-primeras-79524803.html\">Acceso a la\u00a0 publicaci\u00f3n del Levante 4-12-2022<\/a><\/li><li><a href=\"https:\/\/www.ondacero.es\/emisoras\/comunidad-valenciana\/alzira\/noticias\/alzira-inicia-estudio-mercado-conocer-necesidad-real-vivienda-alquiler_202212076390424f3315390001146613.html\">Acceso a la publicaci\u00f3n en Onda Cero\u00a0 7-12-2022<\/a><\/li><li><a href=\"https:\/\/www.lasprovincias.es\/ribera\/alzira-alquilara-viviendas-20221215132825-nt.html\">Acceso a la publicaci\u00f3n de las Provincias 15-12-2022<\/a><\/li><li><a href=\"https:\/\/alzira.es\/wp-content\/uploads\/2022\/12\/NP_15122022_enquesta_vivenda-2.pdf\">Acceso a la Nota de Prensa Enviada a Redes Sociales 15-12-2022<\/a><\/li><\/ul><div>\u00a0<\/div><div>\u00a0<\/div>\t\t\t\t\t\t\t\t<\/div>\n\t\t\t\t<\/div>\n\t\t\t\t\t<\/div>\n\t\t<\/div>\n\t\t\t\t\t<\/div>\n\t\t<\/section>\n\t\t\t\t<\/div>\n\t\t","protected":false},"excerpt":{"rendered":"<p>El ayuntamiento de Alzira est\u00e1 interesado en conocer las necesidades reales o demanda de vivienda a Alzira en r\u00e9gimen de alquiler, para poder adecuar sus pol\u00edticas de vivienda y suelo en los pr\u00f3ximos a\u00f1os. Si eres una persona interesada, por favor, completa esta encuesta, para hacernos llegar tus necesidades. PARTICIPA! Noticias Relacionadas:&nbsp; Acceso a la&nbsp; &hellip; <\/p>\n<p class=\"link-more\"><a href=\"https:\/\/alzira.es\/es\/servicios-municipales\/urbanismo-e-infraestructuras\/encuesta-necesidades-de-vivienda-publica-en-regimen-de-alquiler-protegido\/\" class=\"more-link\">Continuar leyendo<span class=\"screen-reader-text\"> \u00abEncuesta Necesidades de Vivienda P\u00fablica en R\u00e9gimen de Alquiler Protegido\u00bb<\/span><\/a><\/p>\n","protected":false},"author":29,"featured_media":0,"parent":87644,"menu_order":0,"comment_status":"closed","ping_status":"closed","template":"","meta":{"_acf_changed":false,"footnotes":""},"class_list":["post-131158","page","type-page","status-publish","hentry"],"acf":[],"_links":{"self":[{"href":"https:\/\/alzira.es\/es\/wp-json\/wp\/v2\/pages\/131158","targetHints":{"allow":["GET"]}}],"collection":[{"href":"https:\/\/alzira.es\/es\/wp-json\/wp\/v2\/pages"}],"about":[{"href":"https:\/\/alzira.es\/es\/wp-json\/wp\/v2\/types\/page"}],"author":[{"embeddable":true,"href":"https:\/\/alzira.es\/es\/wp-json\/wp\/v2\/users\/29"}],"replies":[{"embeddable":true,"href":"https:\/\/alzira.es\/es\/wp-json\/wp\/v2\/comments?post=131158"}],"version-history":[{"count":2,"href":"https:\/\/alzira.es\/es\/wp-json\/wp\/v2\/pages\/131158\/revisions"}],"predecessor-version":[{"id":132253,"href":"https:\/\/alzira.es\/es\/wp-json\/wp\/v2\/pages\/131158\/revisions\/132253"}],"up":[{"embeddable":true,"href":"https:\/\/alzira.es\/es\/wp-json\/wp\/v2\/pages\/87644"}],"wp:attachment":[{"href":"https:\/\/alzira.es\/es\/wp-json\/wp\/v2\/media?parent=131158"}],"curies":[{"name":"wp","href":"https:\/\/api.w.org\/{rel}","templated":true}]}}