{"id":130336,"date":"2022-11-10T08:11:02","date_gmt":"2022-11-10T07:11:02","guid":{"rendered":"https:\/\/alzira.es\/?page_id=130336"},"modified":"2022-11-10T08:22:40","modified_gmt":"2022-11-10T07:22:40","slug":"cita-previa-pnm-grups-de-mes-de-10-persones","status":"publish","type":"page","link":"https:\/\/alzira.es\/es\/servicios-municipales\/servici-demergencia-climatica-i-projectes-estrategics\/espais-naturals\/paraje-natural-murta-casella\/cita-previa-pnm\/cita-previa-pnm-grups-de-mes-de-10-persones\/","title":{"rendered":"CITA PREVIA \u2013 PNM &#8211; Grupos de m\u00e1s de 10 personas"},"content":{"rendered":"<p><strong>\u00abSent coneixedors que els espais naturals tenen una capacitat d&#8217;acolliment limitada que s&#8217;ha de respectar per tal de no comprometre els seus valors ambientals, per fomentar el turisme sostenible i per garantint la bona qualitat de la experi\u00e8ncia del visitant, des de la Regidoria de Medi Ambient, Agricultura i Transici\u00f3 Ecol\u00f2gica s&#8217;ha establit el seg\u00fcent protocol per a la gesti\u00f3 de les visites de grups de tot tipus majors a 10 persones:<\/strong><\/p>\n<p><strong>1.<\/strong> Les condicions de visita del paratge es vinculen a grups d&#8217;un m\u00e0xim de 30 persones.<\/p>\n<p><strong>2.<\/strong> Les visites dels grups es distribuiran en les seg\u00fcents franges hor\u00e0ries al llarg del dia.<\/p>\n<p><span style=\"color: #ffffff;\">_____<\/span>\u2022 8:00 a 9:00<\/p>\n<p><span style=\"color: #ffffff;\">_____<\/span>\u2022 9:00 a 11:30<\/p>\n<p><span style=\"color: #ffffff;\">_____<\/span>\u2022 11:30 a 14:00<\/p>\n<p><span style=\"color: #ffffff;\">_____<\/span>\u2022 14:00 a 16:30<\/p>\n<p><span style=\"color: #ffffff;\">_____<\/span>\u2022 16:30 a 19:00 (a 18:00 a partir de novembre)<\/p>\n<p><strong>3.<\/strong> En cada franja hor\u00e0ria es podran deixar entrar fins a tres grups, repartits en l&#8217;espai i en el temps.<\/p>\n<p><strong>4.<\/strong> No podran entrar m\u00e9s de sis grups al dia (180 persones) per a La Murta, ni m\u00e9s de sis grups al dia en La Casella.<\/p>\n<p><strong>5.<\/strong> Cada grup, amb independ\u00e8ncia que siguen de la mateixa escola o institut, ha d&#8217;entrar amb una separaci\u00f3 d&#8217;entre 20\/30 minuts de separaci\u00f3 que ha de mantindre&#8217;s durant tota la visita.<\/p>\n<p><strong>6.<\/strong> Cada grup ha de tindre un responsable, del qual se&#8217;ns facilitar\u00e0 nom, DNI, correu electr\u00f2nic i tel\u00e8fon m\u00f2bil de contacte.<\/p>\n<hr>\n<p><strong>La visita es sol\u00b7licitar\u00e0 amb almenys 7 dies d\u2019antelaci\u00f3 i de la seg\u00fcent forma:<\/strong><\/p>\n<p><strong>1.<\/strong> Enviar correu a mediambient@alzira.es , indicant:<\/p>\n<p><span style=\"color: #ffffff;\">_____<\/span>\u2022 Nom del grup o escola<\/p>\n<p><span style=\"color: #ffffff;\">_____<\/span>\u2022 N\u00famero de gent per grup<\/p>\n<p><span style=\"color: #ffffff;\">_____<\/span>\u2022 Dia de visita proposat i horari d&#8217;entrada de cada grup<\/p>\n<p><span style=\"color: #ffffff;\">_____<\/span>\u2022 Nom, DNI i tel\u00e8fon del responsable de l&#8217;activitat.<\/p>\n<p><strong>2.<\/strong> La Secci\u00f3 de Medi Ambient comprovar\u00e0 si \u00e9s possible o no en l&#8217;horari que es planteja, segons el protocol establit. En qualsevol cas, se li indicar\u00e0 si \u00e9s possible o no, i en quines condicions. \u00ab<\/p>\n","protected":false},"excerpt":{"rendered":"<p>\u00abSent coneixedors que els espais naturals tenen una capacitat d&#8217;acolliment limitada que s&#8217;ha de respectar per tal de no comprometre els seus valors ambientals, per fomentar el turisme sostenible i per garantint la bona qualitat de la experi\u00e8ncia del visitant, des de la Regidoria de Medi Ambient, Agricultura i Transici\u00f3 Ecol\u00f2gica s&#8217;ha establit el seg\u00fcent &hellip; <\/p>\n<p class=\"link-more\"><a href=\"https:\/\/alzira.es\/es\/servicios-municipales\/servici-demergencia-climatica-i-projectes-estrategics\/espais-naturals\/paraje-natural-murta-casella\/cita-previa-pnm\/cita-previa-pnm-grups-de-mes-de-10-persones\/\" class=\"more-link\">Continuar leyendo<span class=\"screen-reader-text\"> \u00abCITA PREVIA \u2013 PNM &#8211; Grupos de m\u00e1s de 10 personas\u00bb<\/span><\/a><\/p>\n","protected":false},"author":29,"featured_media":0,"parent":112875,"menu_order":0,"comment_status":"closed","ping_status":"closed","template":"","meta":{"_acf_changed":false,"footnotes":""},"class_list":["post-130336","page","type-page","status-publish","hentry"],"acf":[],"_links":{"self":[{"href":"https:\/\/alzira.es\/es\/wp-json\/wp\/v2\/pages\/130336","targetHints":{"allow":["GET"]}}],"collection":[{"href":"https:\/\/alzira.es\/es\/wp-json\/wp\/v2\/pages"}],"about":[{"href":"https:\/\/alzira.es\/es\/wp-json\/wp\/v2\/types\/page"}],"author":[{"embeddable":true,"href":"https:\/\/alzira.es\/es\/wp-json\/wp\/v2\/users\/29"}],"replies":[{"embeddable":true,"href":"https:\/\/alzira.es\/es\/wp-json\/wp\/v2\/comments?post=130336"}],"version-history":[{"count":2,"href":"https:\/\/alzira.es\/es\/wp-json\/wp\/v2\/pages\/130336\/revisions"}],"predecessor-version":[{"id":130344,"href":"https:\/\/alzira.es\/es\/wp-json\/wp\/v2\/pages\/130336\/revisions\/130344"}],"up":[{"embeddable":true,"href":"https:\/\/alzira.es\/es\/wp-json\/wp\/v2\/pages\/112875"}],"wp:attachment":[{"href":"https:\/\/alzira.es\/es\/wp-json\/wp\/v2\/media?parent=130336"}],"curies":[{"name":"wp","href":"https:\/\/api.w.org\/{rel}","templated":true}]}}