{"id":130158,"date":"2022-11-03T12:33:58","date_gmt":"2022-11-03T11:33:58","guid":{"rendered":"https:\/\/alzira.es\/ayuntamiento\/el-alcalde\/el-alcalde-viajes\/"},"modified":"2024-02-13T08:22:17","modified_gmt":"2024-02-13T07:22:17","slug":"el-alcalde-viajes","status":"publish","type":"page","link":"https:\/\/alzira.es\/es\/ayuntamiento\/el-alcalde\/el-alcalde-viajes\/","title":{"rendered":"El Alcalde viajes"},"content":{"rendered":"\t\t<div data-elementor-type=\"wp-page\" data-elementor-id=\"130158\" class=\"elementor elementor-130158 elementor-130122\">\n\t\t\t\t\t\t<section class=\"elementor-section elementor-top-section elementor-element elementor-element-bec618d elementor-section-boxed elementor-section-height-default elementor-section-height-default\" data-id=\"bec618d\" data-element_type=\"section\">\n\t\t\t\t\t\t<div class=\"elementor-container elementor-column-gap-default\">\n\t\t\t\t\t<div class=\"elementor-column elementor-col-100 elementor-top-column elementor-element elementor-element-2deb028\" data-id=\"2deb028\" data-element_type=\"column\">\n\t\t\t<div class=\"elementor-widget-wrap elementor-element-populated\">\n\t\t\t\t\t\t<div class=\"elementor-element elementor-element-f26b1cc elementor-widget elementor-widget-accordion\" data-id=\"f26b1cc\" data-element_type=\"widget\" data-widget_type=\"accordion.default\">\n\t\t\t\t<div class=\"elementor-widget-container\">\n\t\t\t\t\t\t\t<div class=\"elementor-accordion\">\n\t\t\t\t\t\t\t<div class=\"elementor-accordion-item\">\n\t\t\t\t\t<div id=\"elementor-tab-title-2541\" class=\"elementor-tab-title\" data-tab=\"1\" role=\"button\" aria-controls=\"elementor-tab-content-2541\" aria-expanded=\"false\">\n\t\t\t\t\t\t\t\t\t\t\t\t\t<span class=\"elementor-accordion-icon elementor-accordion-icon-left\" aria-hidden=\"true\">\n\t\t\t\t\t\t\t\t\t\t\t\t\t\t\t<span class=\"elementor-accordion-icon-closed\"><i class=\"fas fa-plus\"><\/i><\/span>\n\t\t\t\t\t\t\t\t<span class=\"elementor-accordion-icon-opened\"><i class=\"fas fa-minus\"><\/i><\/span>\n\t\t\t\t\t\t\t\t\t\t\t\t\t\t<\/span>\n\t\t\t\t\t\t\t\t\t\t\t\t<a class=\"elementor-accordion-title\" tabindex=\"0\">11\/02\/2024 - 17\/02\/2024 - Asistencia al Encuentro de Entidades Hermanadas que tendr\u00e1 lugar en Centroam\u00e9rica<\/a>\n\t\t\t\t\t<\/div>\n\t\t\t\t\t<div id=\"elementor-tab-content-2541\" class=\"elementor-tab-content elementor-clearfix\" data-tab=\"1\" role=\"region\" aria-labelledby=\"elementor-tab-title-2541\"><p>Asistencia y participaci\u00f3n del alcalde-presidente Alfons Dom\u00ednguez Gento, en representaci\u00f3n de esta Ciudad de Alzira, en el Encuentro de Entidades Hermanadas, que se realizar\u00e1 en varios pa\u00edses centroamericanos durante los d\u00edas 11 a 17 de febrero de 2024.<\/p><p><a href=\"https:\/\/alzira.es\/wp-content\/uploads\/2024\/02\/ENCUENTRO-ENTIDADES-HERMANADAS.pdf\" target=\"_blank\" rel=\"noopener\">PROGRAMA<\/a>\u00a0<a href=\"https:\/\/alzira.es\/wp-content\/uploads\/2024\/02\/ENCUENTRO-ENTIDADES-HERMANADAS.pdf\" target=\"_blank\" rel=\"noopener\"><img decoding=\"async\" class=\"alignnone size-full wp-image-50818 lazyload\" data-src=\"https:\/\/alzira.es\/wp-content\/uploads\/2021\/12\/pdf_rojo.gif\" alt=\"pdf rojo\" width=\"18\" height=\"15\" src=\"data:image\/svg+xml;base64,PHN2ZyB3aWR0aD0iMSIgaGVpZ2h0PSIxIiB4bWxucz0iaHR0cDovL3d3dy53My5vcmcvMjAwMC9zdmciPjwvc3ZnPg==\" style=\"--smush-placeholder-width: 18px; --smush-placeholder-aspect-ratio: 18\/15;\" \/><\/a><\/p><\/div>\n\t\t\t\t<\/div>\n\t\t\t\t\t\t\t\t<\/div>\n\t\t\t\t\t\t<\/div>\n\t\t\t\t<\/div>\n\t\t\t\t\t<\/div>\n\t\t<\/div>\n\t\t\t\t\t<\/div>\n\t\t<\/section>\n\t\t\t\t<\/div>\n\t\t","protected":false},"excerpt":{"rendered":"<p>11\/02\/2024 &#8211; 17\/02\/2024 &#8211; Asistencia al Encuentro de Entidades Hermanadas que tendr\u00e1 lugar en Centroam\u00e9rica Asistencia y participaci\u00f3n del alcalde-presidente Alfons Dom\u00ednguez Gento, en representaci\u00f3n de esta Ciudad de Alzira, en el Encuentro de Entidades Hermanadas, que se realizar\u00e1 en varios pa\u00edses centroamericanos durante los d\u00edas 11 a 17 de febrero de 2024. PROGRAMA\u00a0<\/p>\n","protected":false},"author":29,"featured_media":0,"parent":61039,"menu_order":0,"comment_status":"closed","ping_status":"closed","template":"","meta":{"_acf_changed":false,"footnotes":""},"class_list":["post-130158","page","type-page","status-publish","hentry"],"acf":[],"_links":{"self":[{"href":"https:\/\/alzira.es\/es\/wp-json\/wp\/v2\/pages\/130158","targetHints":{"allow":["GET"]}}],"collection":[{"href":"https:\/\/alzira.es\/es\/wp-json\/wp\/v2\/pages"}],"about":[{"href":"https:\/\/alzira.es\/es\/wp-json\/wp\/v2\/types\/page"}],"author":[{"embeddable":true,"href":"https:\/\/alzira.es\/es\/wp-json\/wp\/v2\/users\/29"}],"replies":[{"embeddable":true,"href":"https:\/\/alzira.es\/es\/wp-json\/wp\/v2\/comments?post=130158"}],"version-history":[{"count":2,"href":"https:\/\/alzira.es\/es\/wp-json\/wp\/v2\/pages\/130158\/revisions"}],"predecessor-version":[{"id":147011,"href":"https:\/\/alzira.es\/es\/wp-json\/wp\/v2\/pages\/130158\/revisions\/147011"}],"up":[{"embeddable":true,"href":"https:\/\/alzira.es\/es\/wp-json\/wp\/v2\/pages\/61039"}],"wp:attachment":[{"href":"https:\/\/alzira.es\/es\/wp-json\/wp\/v2\/media?parent=130158"}],"curies":[{"name":"wp","href":"https:\/\/api.w.org\/{rel}","templated":true}]}}