{"id":12977,"date":"2015-12-02T14:38:52","date_gmt":"2015-12-02T13:38:52","guid":{"rendered":"https:\/\/alzira.es\/descargas\/"},"modified":"2021-09-01T22:44:52","modified_gmt":"2021-09-01T20:44:52","slug":"descargas","status":"publish","type":"page","link":"https:\/\/alzira.es\/es\/servicios-municipales\/gran-teatre-dalzira\/descargas\/","title":{"rendered":"Descargas"},"content":{"rendered":"<div style=\"margin-left: 30px;\"><strong>Solicitudes<\/strong><\/div>\n<div>&nbsp;<\/div>\n<div style=\"margin-left: 90px;\"><a title=\"Solicitud del Gran Teatre\" href=\"https:\/\/alzira.es\/wp-content\/uploads\/2012\/06\/gen_i_001_c_instancia_general.pdf\" target=\"_blank\" rel=\"noopener\">Solicitud del Gran Teatre<\/a><\/div>\n<div>&nbsp;<\/div>\n<div style=\"margin-left: 90px;\"><a title=\"Horario y Necesidades de utilizaci\u00f3n del Gran Teatre\" href=\"https:\/\/alzira.es\/wp-content\/uploads\/2015\/12\/horarigta.pdf\" target=\"_blank\" rel=\"noopener\">Horario y Necesidades de utilizaci\u00f3n del Gran Teatre<\/a><\/div>\n<div>&nbsp;<\/div>\n<div>&nbsp;<\/div>\n<div style=\"margin-left: 30px;\"><strong>Material T\u00e9cnico<\/strong><\/div>\n<div>&nbsp;<\/div>\n<div style=\"margin-left: 90px;\"><a title=\"Plano Varas\" href=\"https:\/\/alzira.es\/wp-content\/uploads\/2015\/12\/planol_vares.pdf\" target=\"_blank\" rel=\"noopener\">Plano Varas<\/a><\/div>\n<div>&nbsp;<\/div>\n<div style=\"margin-left: 90px;\"><a title=\"Material de Sonido y Video\" href=\"https:\/\/alzira.es\/wp-content\/uploads\/2015\/12\/soivideo.pdf\" target=\"_blank\" rel=\"noopener\">Material de Sonido y Video<\/a><\/div>\n<div>&nbsp;<\/div>\n<div style=\"margin-left: 90px;\"><a title=\"Material de Iluminaci\u00f3n\" href=\"https:\/\/alzira.es\/wp-content\/uploads\/2015\/12\/iluminacio.pdf\" target=\"_blank\" rel=\"noopener\">Material de Iluminaci\u00f3n<\/a><\/div>\n<div>&nbsp;<\/div>\n<div style=\"margin-left: 90px;\"><a title=\"Plano General del Gran Teatre d'Alzira\" href=\"https:\/\/alzira.es\/wp-content\/uploads\/2015\/12\/planos_patio_general.pdf\" target=\"_blank\" rel=\"noopener\">Plano General del Gran Teatre d&#8217;Alzira<\/a><\/div>\n<div>&nbsp;<\/div>\n<div style=\"margin-left: 90px;\"><a title=\"Plano Butacas\" href=\"https:\/\/alzira.es\/wp-content\/uploads\/2015\/12\/pati_butaques.pdf\" target=\"_blank\" rel=\"noopener\">Plano Butacas<\/a><\/div>\n","protected":false},"excerpt":{"rendered":"<p>Solicitudes &nbsp; Solicitud del Gran Teatre &nbsp; Horario y Necesidades de utilizaci\u00f3n del Gran Teatre &nbsp; &nbsp; Material T\u00e9cnico &nbsp; Plano Varas &nbsp; Material de Sonido y Video &nbsp; Material de Iluminaci\u00f3n &nbsp; Plano General del Gran Teatre d&#8217;Alzira &nbsp; Plano Butacas<\/p>\n","protected":false},"author":29,"featured_media":0,"parent":88394,"menu_order":0,"comment_status":"closed","ping_status":"closed","template":"","meta":{"_acf_changed":false,"footnotes":""},"class_list":["post-12977","page","type-page","status-publish","hentry"],"acf":[],"_links":{"self":[{"href":"https:\/\/alzira.es\/es\/wp-json\/wp\/v2\/pages\/12977","targetHints":{"allow":["GET"]}}],"collection":[{"href":"https:\/\/alzira.es\/es\/wp-json\/wp\/v2\/pages"}],"about":[{"href":"https:\/\/alzira.es\/es\/wp-json\/wp\/v2\/types\/page"}],"author":[{"embeddable":true,"href":"https:\/\/alzira.es\/es\/wp-json\/wp\/v2\/users\/29"}],"replies":[{"embeddable":true,"href":"https:\/\/alzira.es\/es\/wp-json\/wp\/v2\/comments?post=12977"}],"version-history":[{"count":1,"href":"https:\/\/alzira.es\/es\/wp-json\/wp\/v2\/pages\/12977\/revisions"}],"predecessor-version":[{"id":88396,"href":"https:\/\/alzira.es\/es\/wp-json\/wp\/v2\/pages\/12977\/revisions\/88396"}],"up":[{"embeddable":true,"href":"https:\/\/alzira.es\/es\/wp-json\/wp\/v2\/pages\/88394"}],"wp:attachment":[{"href":"https:\/\/alzira.es\/es\/wp-json\/wp\/v2\/media?parent=12977"}],"curies":[{"name":"wp","href":"https:\/\/api.w.org\/{rel}","templated":true}]}}