{"id":12908,"date":"2015-12-01T11:26:34","date_gmt":"2015-12-01T10:26:34","guid":{"rendered":"https:\/\/alzira.es\/equipo-de-sonido-y-video\/"},"modified":"2021-09-01T23:17:47","modified_gmt":"2021-09-01T21:17:47","slug":"equipo-de-sonido-y-video","status":"publish","type":"page","link":"https:\/\/alzira.es\/es\/servicios-municipales\/gran-teatre-dalzira\/equipo-de-sonido-y-video\/","title":{"rendered":"Equipo de sonido y v\u00eddeo"},"content":{"rendered":"\n<p>Potencia de la toma de sonido: 25Kw<\/p>\n\n\n\n<p><strong>Regulaci\u00f3n<\/strong><\/p>\n\n\n\n<ul class=\"wp-block-list\"><li>1 Mesa de regulaci\u00f3n YAMAHA digital 01V96 de 16 canals<\/li><\/ul>\n\n\n\n<p><strong>P.A.<\/strong><\/p>\n\n\n\n<ul class=\"wp-block-list\"><li>1 Etapa amplificadora CAMCO Vortex6<\/li><li>1 Procesador NEXO TD controler MK2<\/li><li>4 Altavoces NEXO PS15<\/li><li>2 Altavoces\u00a0NEXO PS8<\/li><li>1 Ecualizador gr\u00e1fico BSS Opal FCS-966<\/li><li>1 Etapa amplificadora subgraves H2200 DAS<\/li><li>2 Altavoces\u00a0subgraves 18R DAS<\/li><\/ul>\n\n\n\n<p> <\/p>\n\n\n\n<p><strong>Monitoraje<\/strong><\/p>\n\n\n\n<ul class=\"wp-block-list\"><li>1 Etapa amplificadora H1500 DAS<\/li><li>2 Altavoces\u00a0<\/li><li>DAS mod. ST015 600W<\/li><li>1 Ecualizador grafico BSS Opal FCS-966<\/li><\/ul>\n\n\n\n<p> <\/p>\n\n\n\n<p><strong>Generador de se\u00f1al<\/strong><\/p>\n\n\n\n<ul class=\"wp-block-list\"><li>1 Reproductor HDJ 2270 DAS<\/li><li>1 Reproductor\/Grabador TASCAM CD-RW 750<\/li><li>1 Reproductor minidisc Pionner MJ-D-508<ul><li><\/li><\/ul><\/li><\/ul>\n\n\n\n<p><strong>Microfon\u00eda<\/strong><\/p>\n\n\n\n<ul class=\"wp-block-list\"><li>1 Sistema inal\u00e1mbrico SENNHEISER mod. EW100<\/li><li>1 Shure SM58<\/li><li>1 Shure SM57<\/li><li>1 Shure SM81<\/li><li>2 Micros sobremesa AKG con brazo flexible y c\u00e1psula CK41<\/li><li>6 Micros AKG C3000B<\/li><\/ul>\n\n\n\n<p> <\/p>\n\n\n\n<p><strong>Intercomunicaci\u00f3n<\/strong><\/p>\n\n\n\n<ul class=\"wp-block-list\"><li>1 Estaci\u00f3n de intercomunicaci\u00f3n ALTAIR mod. EF-200 dual chanel. Hay un punto de conexi\u00f3n en control adem\u00e1s de otros<span style=\"font-size: 14.4px; line-height: 1.6;\">\u00a04 puntos instalados en el escenario: dos en el puente y dos en los lado<\/span>s.<\/li><\/ul>\n\n\n\n<p> <\/p>\n\n\n\n<p><strong>Equipo de v\u00eddeo<\/strong><\/p>\n\n\n\n<ul class=\"wp-block-list\"><li>Pantalla 3x2m<\/li><li>Proyector 2500 lummens<\/li><\/ul>\n","protected":false},"excerpt":{"rendered":"<p>Potencia de la toma de sonido: 25Kw Regulaci\u00f3n 1 Mesa de regulaci\u00f3n YAMAHA digital 01V96 de 16 canals P.A. 1 Etapa amplificadora CAMCO Vortex6 1 Procesador NEXO TD controler MK2 4 Altavoces NEXO PS15 2 Altavoces\u00a0NEXO PS8 1 Ecualizador gr\u00e1fico BSS Opal FCS-966 1 Etapa amplificadora subgraves H2200 DAS 2 Altavoces\u00a0subgraves 18R DAS Monitoraje 1 &hellip; <\/p>\n<p class=\"link-more\"><a href=\"https:\/\/alzira.es\/es\/servicios-municipales\/gran-teatre-dalzira\/equipo-de-sonido-y-video\/\" class=\"more-link\">Continuar leyendo<span class=\"screen-reader-text\"> \u00abEquipo de sonido y v\u00eddeo\u00bb<\/span><\/a><\/p>\n","protected":false},"author":29,"featured_media":0,"parent":88394,"menu_order":5,"comment_status":"closed","ping_status":"closed","template":"","meta":{"_acf_changed":false,"footnotes":""},"class_list":["post-12908","page","type-page","status-publish","hentry"],"acf":[],"_links":{"self":[{"href":"https:\/\/alzira.es\/es\/wp-json\/wp\/v2\/pages\/12908","targetHints":{"allow":["GET"]}}],"collection":[{"href":"https:\/\/alzira.es\/es\/wp-json\/wp\/v2\/pages"}],"about":[{"href":"https:\/\/alzira.es\/es\/wp-json\/wp\/v2\/types\/page"}],"author":[{"embeddable":true,"href":"https:\/\/alzira.es\/es\/wp-json\/wp\/v2\/users\/29"}],"replies":[{"embeddable":true,"href":"https:\/\/alzira.es\/es\/wp-json\/wp\/v2\/comments?post=12908"}],"version-history":[{"count":1,"href":"https:\/\/alzira.es\/es\/wp-json\/wp\/v2\/pages\/12908\/revisions"}],"predecessor-version":[{"id":88418,"href":"https:\/\/alzira.es\/es\/wp-json\/wp\/v2\/pages\/12908\/revisions\/88418"}],"up":[{"embeddable":true,"href":"https:\/\/alzira.es\/es\/wp-json\/wp\/v2\/pages\/88394"}],"wp:attachment":[{"href":"https:\/\/alzira.es\/es\/wp-json\/wp\/v2\/media?parent=12908"}],"curies":[{"name":"wp","href":"https:\/\/api.w.org\/{rel}","templated":true}]}}