{"id":12906,"date":"2015-12-01T11:12:29","date_gmt":"2015-12-01T10:12:29","guid":{"rendered":"https:\/\/alzira.es\/equipo-de-iluminacion\/"},"modified":"2021-09-22T11:43:20","modified_gmt":"2021-09-22T09:43:20","slug":"equipo-de-iluminacion","status":"publish","type":"page","link":"https:\/\/alzira.es\/es\/servicios-municipales\/gran-teatre-dalzira\/equipo-de-iluminacion\/","title":{"rendered":"Equipo de iluminaci\u00f3n"},"content":{"rendered":"\n<p>Potencia de la toma de corriente:70 Kw<\/p>\n\n\n\n<p><strong>Regulaci\u00f3n<\/strong><\/p>\n\n\n\n<p>1 Mesa de regulaci\u00f3n LT ( Light Technology) mod. LT-224-12 digital que incluye un campo&nbsp;de trabajo manual para 48 canales, 12 masters, 400 presets, 99 p\u00e1ginas de masters,&nbsp;playback con secuencias (400 pasos), chaser (50 chases) y m\u00e1ster general aparte de un&nbsp;display para controlar todas las funciones. Protocolo DMX &#8211; 512 1990 ( USITT).<\/p>\n\n\n\n<p>60 Canales de regulaci\u00f3n digital compuestos de 4 dimmers Stand Lighting ACT6, 2 dimmers&nbsp;Cero88 Betapack2, 4 dimmers Strong Power 6-3@E, todos con salida digital DMX-512 anal\u00f3gica.<\/p>\n\n\n\n<p><strong>Focos<\/strong><\/p>\n\n\n\n<p>Recortes<\/p>\n\n\n\n<p>12 Recortes Strong GX 9.5 14\/41\u00ba 1000 vatio 14\/41<br>12 Recortes ETC sourcefour 25\/50\u00ba luz HPL750W<br>1 Recortes Strand Lighting 15\/41\u00ba 1200 vatio<br>2 Recortes Strand Lighting 8\/17\u00ba 1200 vatio<br>2 Recortes Strand Cuarteto 22\/40\u00ba 650 vatio<\/p>\n\n\n\n<p>PC<\/p>\n\n\n\n<p>12 PC Strong con portafiltros y viseras<br>12 PC Spootlight con <span style=\"font-size: 14.4px; line-height: 23.04px; text-align: justify;\">portafiltros&nbsp;<\/span>y viseras<br>6 PC Strand Lightingg CANTANA con <span style=\"font-size: 14.4px; line-height: 23.04px; text-align: justify;\">portafiltros&nbsp;<\/span>y viseras<br>6 PC Robert Juli\u00e0 con <span style=\"font-size: 14.4px; line-height: 23.04px; text-align: justify;\">portafiltros&nbsp;<\/span>y viseras<br>5 Fresnel Strong 1000w con <span style=\"font-size: 14.4px; line-height: 23.04px; text-align: justify;\">portafiltros&nbsp;<\/span>y viseras<\/p>\n\n\n\n<p>PAR<\/p>\n\n\n\n<p>16 PAR64 del n\u00fam. 5<br>8 PAR64 del n\u00fam. 2<br>7 PAR64 del n\u00fam. 1<br>12 SOURCEPAR ( multipar WORK) con luz HPL575W<\/p>\n\n\n\n<p>18 PANORAMAS asim\u00e9tricos de 1000w<br>8 CALLES de 2m<\/p>\n","protected":false},"excerpt":{"rendered":"<p>Potencia de la toma de corriente:70 Kw Regulaci\u00f3n 1 Mesa de regulaci\u00f3n LT ( Light Technology) mod. LT-224-12 digital que incluye un campo&nbsp;de trabajo manual para 48 canales, 12 masters, 400 presets, 99 p\u00e1ginas de masters,&nbsp;playback con secuencias (400 pasos), chaser (50 chases) y m\u00e1ster general aparte de un&nbsp;display para controlar todas las funciones. Protocolo &hellip; <\/p>\n<p class=\"link-more\"><a href=\"https:\/\/alzira.es\/es\/servicios-municipales\/gran-teatre-dalzira\/equipo-de-iluminacion\/\" class=\"more-link\">Continuar leyendo<span class=\"screen-reader-text\"> \u00abEquipo de iluminaci\u00f3n\u00bb<\/span><\/a><\/p>\n","protected":false},"author":29,"featured_media":0,"parent":88394,"menu_order":6,"comment_status":"closed","ping_status":"closed","template":"","meta":{"_acf_changed":false,"footnotes":""},"class_list":["post-12906","page","type-page","status-publish","hentry"],"acf":[],"_links":{"self":[{"href":"https:\/\/alzira.es\/es\/wp-json\/wp\/v2\/pages\/12906","targetHints":{"allow":["GET"]}}],"collection":[{"href":"https:\/\/alzira.es\/es\/wp-json\/wp\/v2\/pages"}],"about":[{"href":"https:\/\/alzira.es\/es\/wp-json\/wp\/v2\/types\/page"}],"author":[{"embeddable":true,"href":"https:\/\/alzira.es\/es\/wp-json\/wp\/v2\/users\/29"}],"replies":[{"embeddable":true,"href":"https:\/\/alzira.es\/es\/wp-json\/wp\/v2\/comments?post=12906"}],"version-history":[{"count":1,"href":"https:\/\/alzira.es\/es\/wp-json\/wp\/v2\/pages\/12906\/revisions"}],"predecessor-version":[{"id":88414,"href":"https:\/\/alzira.es\/es\/wp-json\/wp\/v2\/pages\/12906\/revisions\/88414"}],"up":[{"embeddable":true,"href":"https:\/\/alzira.es\/es\/wp-json\/wp\/v2\/pages\/88394"}],"wp:attachment":[{"href":"https:\/\/alzira.es\/es\/wp-json\/wp\/v2\/media?parent=12906"}],"curies":[{"name":"wp","href":"https:\/\/api.w.org\/{rel}","templated":true}]}}