{"id":12904,"date":"2015-12-01T10:46:30","date_gmt":"2015-12-01T09:46:30","guid":{"rendered":"https:\/\/alzira.es\/historia-y-utilizacion\/"},"modified":"2021-09-01T22:57:34","modified_gmt":"2021-09-01T20:57:34","slug":"historia-y-utilizacion","status":"publish","type":"page","link":"https:\/\/alzira.es\/es\/servicios-municipales\/gran-teatre-dalzira\/historia-y-utilizacion\/","title":{"rendered":"Historia y utilizaci\u00f3n"},"content":{"rendered":"\n<p>El Gran Teatre d\u2019Alzira, se ha convertido, por m\u00e9ritos propios, en uno de los edificios p\u00fablicos m\u00e1s caracter\u00edsticos de nuestra ciudad. Por unos motivos u otros, por nuestro teatro han pasado la mayor parte de los alcire\u00f1os y alcire\u00f1as, sin pararse a pensar que tiene una historia importante y emblem\u00e1tica para la ciudad.<\/p>\n\n\n\n<p>Se inauguro el 29 de septiembre de 1921, y desde ese momento se han ido sucediendo representaciones, espect\u00e1culos variados, y actos diversos hasta nuestros d\u00edas.<\/p>\n\n\n\n<p>En este espacio se han representado espect\u00e1culos de revista, teatro, zarzuelas, operas, conciertos de m\u00fasica y se han grabado escenas par a la pel\u00edcula \u00abBiba la banda\u00bb en el a\u00f1o 1987. Pero tambi\u00e9n se ha utilizado para hacer combates de boxeo, bailes, y fiestas, cuando el patio de butacas era m\u00f3vil i se pod\u00eda quitar i poner.<\/p>\n\n\n\n<p><strong>REFORMAS Y DA\u00d1OS<\/strong><br>De la misma manera que se realizaban diferentes actividades sociales i culturales, el Gran Teatre iba mejorando sus instalaciones a lo largo del tiempo:<br>En 1956 se construyo lo que hoy conocemos por anfiteatro.<br>En 1962 muere Guardiola, este pasara a manos de su hijo durante 18 a\u00f1os. Despu\u00e9s pasara a manos del ayuntamiento el a\u00f1o 1967 hasta la actualidad.<br>En el a\u00f1o 1980 se realizo una importante reforma para modernizar el local.<\/p>\n\n\n\n<p>Se reinaugura en junio de 1982.<br>En octubre de 1982 se inunda.<br>En 1985 se incendia.<br>En 1987 se vuelve a inundar.<br>En enero de 2004 se vuelve a incendiar:<br>En este incendio se ve afectado el antiguo peine de madera. En esta reforma, se cambia todo el peine de madera a metal, se motorizan las varas, se electrifican, se cambian los telones, se actualiza el tel\u00f3n talla fuegos, la alarma de incendios y se pinta todo el patio de butacas con la decoraci\u00f3n que tenemos en la actualidad.<br>En el 2007 se aborda una importante reforma al Gran Teatre, para mejorar la ac\u00fastica del espectador i la visibilidad desde el patio de butacas con los siguientes cambios:<br>Se elimina la moqueta de les paredes del patio i se sustituyen por paneles ac\u00fasticos.<br>Se cambian las butacas del patio por palcos.<br>Se cambia el suelo de todo el patio y se ubica una grada al final de este.<br>Se colocan pantallas ac\u00fasticas transparentes (para no tapar la decoraci\u00f3n) a la boca de el escenario i laterales del patio (arriba de los palcos).<br>Se hace una concha ac\u00fastica al escenario para conciertos.<br>El Gran Teatre tiene una <strong>capacidad<\/strong> para 890 personas, que pueden acomodarse al patio de butaques, palcos, el anfiteatro y laterales<\/p>\n\n\n\n<p>En el Gran Teatre se hacen todos tipos de manifestaciones culturales.<br><strong>Programaci\u00f3n Cultural estable de la Concejal\u00eda de Cultura:<\/strong><\/p>\n\n\n\n<p>Teatro joven y de adultos.<br>Teatro familiar.<br>Campa\u00f1as de Teatro pera escolares.<br>Conciertos de m\u00fasica (cl\u00e1sica, opera\u2026)<br>Zarzuelas.<br>Espect\u00e1culos de danza.<\/p>\n\n\n\n<p><strong>Otros actos:<\/strong><br>Presentaciones falleras.<br>Asambleas entidades de Alzira.<br>Festivales ben\u00e9ficos.<br>Festivales ben\u00e9ficos.<br>El Gran Teatre, se ha convertido en un espacio dinamizador de la cultura y la vida alcire\u00f1a en general.<\/p>\n","protected":false},"excerpt":{"rendered":"<p>El Gran Teatre d\u2019Alzira, se ha convertido, por m\u00e9ritos propios, en uno de los edificios p\u00fablicos m\u00e1s caracter\u00edsticos de nuestra ciudad. Por unos motivos u otros, por nuestro teatro han pasado la mayor parte de los alcire\u00f1os y alcire\u00f1as, sin pararse a pensar que tiene una historia importante y emblem\u00e1tica para la ciudad. Se inauguro &hellip; <\/p>\n<p class=\"link-more\"><a href=\"https:\/\/alzira.es\/es\/servicios-municipales\/gran-teatre-dalzira\/historia-y-utilizacion\/\" class=\"more-link\">Continuar leyendo<span class=\"screen-reader-text\"> \u00abHistoria y utilizaci\u00f3n\u00bb<\/span><\/a><\/p>\n","protected":false},"author":29,"featured_media":0,"parent":88394,"menu_order":7,"comment_status":"closed","ping_status":"closed","template":"","meta":{"_acf_changed":false,"footnotes":""},"class_list":["post-12904","page","type-page","status-publish","hentry"],"acf":[],"_links":{"self":[{"href":"https:\/\/alzira.es\/es\/wp-json\/wp\/v2\/pages\/12904","targetHints":{"allow":["GET"]}}],"collection":[{"href":"https:\/\/alzira.es\/es\/wp-json\/wp\/v2\/pages"}],"about":[{"href":"https:\/\/alzira.es\/es\/wp-json\/wp\/v2\/types\/page"}],"author":[{"embeddable":true,"href":"https:\/\/alzira.es\/es\/wp-json\/wp\/v2\/users\/29"}],"replies":[{"embeddable":true,"href":"https:\/\/alzira.es\/es\/wp-json\/wp\/v2\/comments?post=12904"}],"version-history":[{"count":0,"href":"https:\/\/alzira.es\/es\/wp-json\/wp\/v2\/pages\/12904\/revisions"}],"up":[{"embeddable":true,"href":"https:\/\/alzira.es\/es\/wp-json\/wp\/v2\/pages\/88394"}],"wp:attachment":[{"href":"https:\/\/alzira.es\/es\/wp-json\/wp\/v2\/media?parent=12904"}],"curies":[{"name":"wp","href":"https:\/\/api.w.org\/{rel}","templated":true}]}}