{"id":128339,"date":"2022-09-29T09:34:41","date_gmt":"2022-09-29T07:34:41","guid":{"rendered":"https:\/\/alzira.es\/servicios-municipales\/recursos-humanos\/empleo-temporal\/convocatoria-12-2022-per-ocupar-el-lloc-denginyer-industrial-electricitat\/"},"modified":"2023-01-10T09:19:12","modified_gmt":"2023-01-10T08:19:12","slug":"convocatoria-12-2022-per-ocupar-el-lloc-denginyer-industrial-electricitat","status":"publish","type":"page","link":"https:\/\/alzira.es\/es\/servicios-municipales\/recursos-humanos\/empleo-temporal\/convocatoria-12-2022-per-ocupar-el-lloc-denginyer-industrial-electricitat\/","title":{"rendered":"CONVOCATORIA 12\/2022 PARA OCUPAR UN PUESTO DE ING. INDUSTRIAL\/ELECTRICIDAD; COORD. INSPECTORES;  AUXILIAR ADM. EN M.E.; DELINEANTE"},"content":{"rendered":"\n<p>CONVOCATORIA 12\/2022 PARA OCUPAR UN PUESTO DE INGENIERO INDUSTRIAL\/ELECTRICIDAD (nombramiento provisional por mejora de empleo); ASIGNACI\u00d3N DE UN COMPLEMENTO ESPEC\u00cdFICO VARIABLE DE CORDINACI\u00d3N DE INSPECTORES; CONCURSO DE M\u00c9RITOS PARA OCUPAR DEFINATIVAMENTE PUESTO DE DELINEANTE; Y COBERTURA DE PUESTO DE AUXILIAR ADMINISTRATIVA POR MEJORA DE OCUPACI\u00d3N, O PUESTOS DE SUPERIOR CATEGORIA. <\/p>\n\n\n\n<p><strong>Resultado PROVISIONAL entrevista + m\u00e9ritos. ALEGACIONES: DEL 20 al 26 de diciembre, ambos incluidos.<\/strong><\/p>\n\n\n\n<figure class=\"wp-block-table is-style-stripes\"><table><tbody><tr><td>Nombre del archivo<\/td><td>Fecha publicaci\u00f3n<\/td><\/tr><tr><td><a href=\"https:\/\/alzira.es\/wp-content\/uploads\/2022\/10\/08-bis-Acta-2-Entrevista-i-valoracio-merits-rectif-web.pdf\" target=\"_blank\" rel=\"noreferrer noopener\">Acta num. 2 &#8211; resultado definitivo entrevista + m\u00e9ritos (rect. errores)<\/a><\/td><td><a href=\"https:\/\/alzira.es\/wp-content\/uploads\/2022\/10\/08-bis-Acta-2-Entrevista-i-valoracio-merits-rectif-web.pdf\" target=\"_blank\" rel=\"noreferrer noopener\">10\/01\/2023<\/a><\/td><\/tr><tr><td><a href=\"https:\/\/alzira.es\/wp-content\/uploads\/2022\/10\/08-Acta-1-Entrevista-i-valoracio-merits-web.pdf\" target=\"_blank\" rel=\"noreferrer noopener\">Acta n\u00fam. 1 &#8211; resultado provisional entrevista + m\u00e9ritos<\/a><\/td><td><a href=\"https:\/\/alzira.es\/wp-content\/uploads\/2022\/10\/08-Acta-1-Entrevista-i-valoracio-merits-web.pdf\" target=\"_blank\" rel=\"noreferrer noopener\">19\/12\/2022<\/a><\/td><\/tr><tr><td><a href=\"https:\/\/alzira.es\/wp-content\/uploads\/2022\/10\/Decret-llista-provisional-admesos-i-exclosos-conv-12-22.pdf\">Decreto listado provisional admitidos y excluidos conv. 12\/2022<\/a><\/td><td>02\/12\/2022<\/td><\/tr><tr><td><a href=\"https:\/\/alzira.es\/wp-content\/uploads\/2022\/10\/Autobaremacio.xlsx\" target=\"_blank\" rel=\"noreferrer noopener\">Hoja de autobaremaci\u00f3n (acompa\u00f1ar excel y pdf)<\/a><\/td><td>13\/10\/2022<\/td><\/tr><tr><td><a href=\"https:\/\/alzira.es\/wp-content\/uploads\/2022\/07\/01-Bases-Especificas-adscripcio-temporal-ENGINYER-COORDINACIO-INSPECTORS-DELINEANT-AA.pdf\" target=\"_blank\" rel=\"noreferrer noopener\">Bases espec\u00edfiques Conv. 12\/2022<\/a><\/td><td>29\/09\/2022<\/td><\/tr><\/tbody><\/table><\/figure>\n","protected":false},"excerpt":{"rendered":"<p>CONVOCATORIA 12\/2022 PARA OCUPAR UN PUESTO DE INGENIERO INDUSTRIAL\/ELECTRICIDAD (nombramiento provisional por mejora de empleo); ASIGNACI\u00d3N DE UN COMPLEMENTO ESPEC\u00cdFICO VARIABLE DE CORDINACI\u00d3N DE INSPECTORES; CONCURSO DE M\u00c9RITOS PARA OCUPAR DEFINATIVAMENTE PUESTO DE DELINEANTE; Y COBERTURA DE PUESTO DE AUXILIAR ADMINISTRATIVA POR MEJORA DE OCUPACI\u00d3N, O PUESTOS DE SUPERIOR CATEGORIA. Resultado PROVISIONAL entrevista + m\u00e9ritos. &hellip; <\/p>\n<p class=\"link-more\"><a href=\"https:\/\/alzira.es\/es\/servicios-municipales\/recursos-humanos\/empleo-temporal\/convocatoria-12-2022-per-ocupar-el-lloc-denginyer-industrial-electricitat\/\" class=\"more-link\">Continuar leyendo<span class=\"screen-reader-text\"> \u00abCONVOCATORIA 12\/2022 PARA OCUPAR UN PUESTO DE ING. INDUSTRIAL\/ELECTRICIDAD; COORD. INSPECTORES;  AUXILIAR ADM. EN M.E.; DELINEANTE\u00bb<\/span><\/a><\/p>\n","protected":false},"author":156,"featured_media":0,"parent":105760,"menu_order":0,"comment_status":"closed","ping_status":"closed","template":"","meta":{"_acf_changed":false,"footnotes":""},"class_list":["post-128339","page","type-page","status-publish","hentry"],"acf":[],"_links":{"self":[{"href":"https:\/\/alzira.es\/es\/wp-json\/wp\/v2\/pages\/128339","targetHints":{"allow":["GET"]}}],"collection":[{"href":"https:\/\/alzira.es\/es\/wp-json\/wp\/v2\/pages"}],"about":[{"href":"https:\/\/alzira.es\/es\/wp-json\/wp\/v2\/types\/page"}],"author":[{"embeddable":true,"href":"https:\/\/alzira.es\/es\/wp-json\/wp\/v2\/users\/156"}],"replies":[{"embeddable":true,"href":"https:\/\/alzira.es\/es\/wp-json\/wp\/v2\/comments?post=128339"}],"version-history":[{"count":1,"href":"https:\/\/alzira.es\/es\/wp-json\/wp\/v2\/pages\/128339\/revisions"}],"predecessor-version":[{"id":132792,"href":"https:\/\/alzira.es\/es\/wp-json\/wp\/v2\/pages\/128339\/revisions\/132792"}],"up":[{"embeddable":true,"href":"https:\/\/alzira.es\/es\/wp-json\/wp\/v2\/pages\/105760"}],"wp:attachment":[{"href":"https:\/\/alzira.es\/es\/wp-json\/wp\/v2\/media?parent=128339"}],"curies":[{"name":"wp","href":"https:\/\/api.w.org\/{rel}","templated":true}]}}