{"id":12543,"date":"2015-11-03T12:34:56","date_gmt":"2015-11-03T11:34:56","guid":{"rendered":"https:\/\/alzira.es\/legislacion\/"},"modified":"2021-08-30T17:04:58","modified_gmt":"2021-08-30T15:04:58","slug":"legislacion","status":"publish","type":"page","link":"https:\/\/alzira.es\/es\/servicios-municipales\/participacion-ciudadana\/legislacion\/","title":{"rendered":"Legislaci\u00f3n"},"content":{"rendered":"<table style=\"margin-left: 60px;\" border=\"0\">\n<tbody>\n<tr>\n<td><a title=\"Ley 7\/1985, de 2 de abril, Reguladora de las Bases del R\u00e9gimen Local.\" href=\"http:\/\/www.boe.es\/buscar\/doc.php?id=BOE-A-1985-5392\" target=\"_blank\" rel=\"noopener\">Ley 7\/1985, de 2 de abril, Reguladora de las Bases del R\u00e9gimen Local.<\/a><\/td>\n<\/tr>\n<tr>\n<td><\/td>\n<\/tr>\n<tr>\n<td><a title=\"Ley 19\/2013, de 9 de diciembre, de transparencia, acceso a la informaci\u00f3n p\u00fablica y buen gobierno \" href=\"http:\/\/noticias.juridicas.com\/base_datos\/Admin\/517991-l-19-2013-de-9-dic-transparencia-acceso-a-la-informacion-publica-y-buen.html\" target=\"_blank\" rel=\"noopener\">Ley 19\/2013, de 9 de diciembre, de transparencia, acceso a la informaci\u00f3n p\u00fablica y buen gobierno.<\/a><\/td>\n<\/tr>\n<tr>\n<td><\/td>\n<\/tr>\n<tr>\n<td><a title=\"Ley 37\/2007, de 16 de noviembre, sobre reutilizaci\u00f3n de la informaci\u00f3n del sector p\u00fablico.\" href=\"http:\/\/noticias.juridicas.com\/base_datos\/Admin\/l37-2007.t1.html\" target=\"_blank\" rel=\"noopener\">Ley 37\/2007, de 16 de noviembre, sobre reutilizaci\u00f3n de la informaci\u00f3n del sector p\u00fablico.<\/a><\/td>\n<\/tr>\n<tr>\n<td><\/td>\n<\/tr>\n<tr>\n<td><a title=\"Ley 8\/2010, de 23 de junio, de r\u00e9gimen local de la Comunitat Valenciana.\" href=\"https:\/\/www.boe.es\/buscar\/doc.php?id=BOE-A-2010-11729\" target=\"_blank\" rel=\"noopener\">Ley 8\/2010, de 23 de junio, de r\u00e9gimen local de la Comunitat Valenciana.<\/a><\/td>\n<\/tr>\n<tr>\n<td><\/td>\n<\/tr>\n<tr>\n<td><a title=\"Ley 2\/2015, de 2 de abril, de Transparencia, Buen Gobierno y Participaci\u00f3n Ciudadana de la Comunitat Valenciana.\" href=\"https:\/\/www.boe.es\/buscar\/doc.php?id=BOE-A-2015-4547\" target=\"_blank\" rel=\"noopener\">Ley 2\/2015, de 2 de abril, de Transparencia, Buen Gobierno y Participaci\u00f3n Ciudadana de la Comunitat Valenciana.<\/a><\/td>\n<\/tr>\n<tr>\n<td><\/td>\n<\/tr>\n<tr>\n<td><a title=\"Reglamento Org\u00e1nico Municipal del Ayuntamiento de Alzira\" href=\"#\" target=\"_blank\" rel=\"noopener\">Reglamento de Organizaci\u00f3n y Funcionamiento del Ayuntamiento de Alzira<\/a><\/td>\n<\/tr>\n<tr>\n<td><\/td>\n<\/tr>\n<tr>\n<td><a title=\"Ordenanza de transparencia, acceso a la informaci\u00f3n y reutilizaci\u00f3n del Ayuntamiento de Alzira\" href=\"#\" target=\"_blank\" rel=\"noopener\">Ordenanza de transparencia, acceso a la informaci\u00f3n y reutilizaci\u00f3n del Ayuntamiento de Alzira<\/a><\/td>\n<\/tr>\n<tr>\n<td><\/td>\n<\/tr>\n<tr>\n<td><a title=\"Carta de participaci\u00f3n ciudadana del Ayuntamiento de Alzira\" href=\"https:\/\/alzira.es\/wp-content\/uploads\/2015\/11\/15102S_Carta_Participacion_Ciudadana.pdf\" target=\"_blank\" rel=\"noopener\">Carta de participaci\u00f3n ciudadana del Ayuntamiento de Alzira<\/a><\/td>\n<\/tr>\n<tr>\n<td><\/td>\n<\/tr>\n<tr>\n<td><a title=\"Real Decreto 2568\/1986, de 28 de noviembre, por el que se aprueba el Reglamento de Organizaci\u00f3n, Funcionamiento y R\u00e9gimen Jur\u00eddico de las Entidades Locales.\" href=\"http:\/\/www.boe.es\/diario_boe\/txt.php?id=BOE-A-1986-33252\" target=\"_blank\" rel=\"noopener\">Real Decreto 2568\/1986, de 28 de noviembre, por el que se aprueba el Reglamento de Organizaci\u00f3n, Funcionamiento y R\u00e9gimen Jur\u00eddico de las Entidades Locales.<\/a><\/td>\n<\/tr>\n<\/tbody>\n<\/table>\n","protected":false},"excerpt":{"rendered":"<p>Ley 7\/1985, de 2 de abril, Reguladora de las Bases del R\u00e9gimen Local. Ley 19\/2013, de 9 de diciembre, de transparencia, acceso a la informaci\u00f3n p\u00fablica y buen gobierno. Ley 37\/2007, de 16 de noviembre, sobre reutilizaci\u00f3n de la informaci\u00f3n del sector p\u00fablico. Ley 8\/2010, de 23 de junio, de r\u00e9gimen local de la Comunitat &hellip; <\/p>\n<p class=\"link-more\"><a href=\"https:\/\/alzira.es\/es\/servicios-municipales\/participacion-ciudadana\/legislacion\/\" class=\"more-link\">Continuar leyendo<span class=\"screen-reader-text\"> \u00abLegislaci\u00f3n\u00bb<\/span><\/a><\/p>\n","protected":false},"author":29,"featured_media":0,"parent":12504,"menu_order":14,"comment_status":"closed","ping_status":"closed","template":"","meta":{"_acf_changed":false,"footnotes":""},"class_list":["post-12543","page","type-page","status-publish","hentry"],"acf":[],"_links":{"self":[{"href":"https:\/\/alzira.es\/es\/wp-json\/wp\/v2\/pages\/12543","targetHints":{"allow":["GET"]}}],"collection":[{"href":"https:\/\/alzira.es\/es\/wp-json\/wp\/v2\/pages"}],"about":[{"href":"https:\/\/alzira.es\/es\/wp-json\/wp\/v2\/types\/page"}],"author":[{"embeddable":true,"href":"https:\/\/alzira.es\/es\/wp-json\/wp\/v2\/users\/29"}],"replies":[{"embeddable":true,"href":"https:\/\/alzira.es\/es\/wp-json\/wp\/v2\/comments?post=12543"}],"version-history":[{"count":2,"href":"https:\/\/alzira.es\/es\/wp-json\/wp\/v2\/pages\/12543\/revisions"}],"predecessor-version":[{"id":86561,"href":"https:\/\/alzira.es\/es\/wp-json\/wp\/v2\/pages\/12543\/revisions\/86561"}],"up":[{"embeddable":true,"href":"https:\/\/alzira.es\/es\/wp-json\/wp\/v2\/pages\/12504"}],"wp:attachment":[{"href":"https:\/\/alzira.es\/es\/wp-json\/wp\/v2\/media?parent=12543"}],"curies":[{"name":"wp","href":"https:\/\/api.w.org\/{rel}","templated":true}]}}