{"id":12504,"date":"2015-11-03T12:34:56","date_gmt":"2015-11-03T11:34:56","guid":{"rendered":"https:\/\/alzira.es\/preambulo\/"},"modified":"2023-07-19T09:08:27","modified_gmt":"2023-07-19T07:08:27","slug":"participacion-ciudadana","status":"publish","type":"page","link":"https:\/\/alzira.es\/es\/servicios-municipales\/participacion-ciudadana\/","title":{"rendered":"Participaci\u00f3n Ciudadana"},"content":{"rendered":"\t\t<div data-elementor-type=\"wp-page\" data-elementor-id=\"12504\" class=\"elementor elementor-12504\">\n\t\t\t\t\t\t<section class=\"elementor-section elementor-top-section elementor-element elementor-element-234cfae elementor-section-full_width iconosportadasec ajuntament elementor-section-height-default elementor-section-height-default\" data-id=\"234cfae\" data-element_type=\"section\">\n\t\t\t\t\t\t<div class=\"elementor-container elementor-column-gap-narrow\">\n\t\t\t\t\t<div class=\"elementor-column elementor-col-16 elementor-top-column elementor-element elementor-element-da69c09\" data-id=\"da69c09\" data-element_type=\"column\">\n\t\t\t<div class=\"elementor-widget-wrap elementor-element-populated\">\n\t\t\t\t\t\t<div class=\"elementor-element elementor-element-28293da elementor-widget elementor-widget-image\" data-id=\"28293da\" data-element_type=\"widget\" data-widget_type=\"image.default\">\n\t\t\t\t<div class=\"elementor-widget-container\">\n\t\t\t\t\t\t\t\t\t\t\t\t\t\t\t\t<a href=\"https:\/\/alzira.es\/es\/ayuntamiento\/buzon-de-la-ciudadania\/\" target=\"_blank\">\n\t\t\t\t\t\t\t<img fetchpriority=\"high\" decoding=\"async\" width=\"3509\" height=\"2939\" src=\"https:\/\/alzira.es\/wp-content\/uploads\/2021\/11\/PARTICIPACIO-CIUTADANA_BUSTIA-DE-SUGERIMENTS.png\" class=\"attachment-full size-full wp-image-104776\" alt=\"B\u00fastia Ciutadana\" srcset=\"https:\/\/alzira.es\/wp-content\/uploads\/2021\/11\/PARTICIPACIO-CIUTADANA_BUSTIA-DE-SUGERIMENTS.png 3509w, https:\/\/alzira.es\/wp-content\/uploads\/2021\/11\/PARTICIPACIO-CIUTADANA_BUSTIA-DE-SUGERIMENTS-609x510.png 609w, https:\/\/alzira.es\/wp-content\/uploads\/2021\/11\/PARTICIPACIO-CIUTADANA_BUSTIA-DE-SUGERIMENTS-1280x1072.png 1280w, https:\/\/alzira.es\/wp-content\/uploads\/2021\/11\/PARTICIPACIO-CIUTADANA_BUSTIA-DE-SUGERIMENTS-768x643.png 768w, https:\/\/alzira.es\/wp-content\/uploads\/2021\/11\/PARTICIPACIO-CIUTADANA_BUSTIA-DE-SUGERIMENTS-1536x1286.png 1536w, https:\/\/alzira.es\/wp-content\/uploads\/2021\/11\/PARTICIPACIO-CIUTADANA_BUSTIA-DE-SUGERIMENTS-2048x1715.png 2048w\" sizes=\"100vw\" \/>\t\t\t\t\t\t\t\t<\/a>\n\t\t\t\t\t\t\t\t\t\t\t\t\t\t\t<\/div>\n\t\t\t\t<\/div>\n\t\t\t\t<div class=\"elementor-element elementor-element-d6c3f84 elementor-widget elementor-widget-heading\" data-id=\"d6c3f84\" data-element_type=\"widget\" data-widget_type=\"heading.default\">\n\t\t\t\t<div class=\"elementor-widget-container\">\n\t\t\t\t\t<h5 class=\"elementor-heading-title elementor-size-default\"><a href=\"https:\/\/alzira.es\/es\/ayuntamiento\/buzon-de-la-ciudadania\/\" target=\"_blank\">Buz\u00f3n Ciudadan\u00eda<\/a><\/h5>\t\t\t\t<\/div>\n\t\t\t\t<\/div>\n\t\t\t\t\t<\/div>\n\t\t<\/div>\n\t\t\t\t<div class=\"elementor-column elementor-col-16 elementor-top-column elementor-element elementor-element-c443287\" data-id=\"c443287\" data-element_type=\"column\">\n\t\t\t<div class=\"elementor-widget-wrap elementor-element-populated\">\n\t\t\t\t\t\t<div class=\"elementor-element elementor-element-d7a7418 elementor-widget elementor-widget-image\" data-id=\"d7a7418\" data-element_type=\"widget\" data-widget_type=\"image.default\">\n\t\t\t\t<div class=\"elementor-widget-container\">\n\t\t\t\t\t\t\t\t\t\t\t\t\t\t\t\t<a href=\"https:\/\/alzira.es\/wp-content\/uploads\/anual\/carta_participacion_ciudadana.pdf\" target=\"_blank\">\n\t\t\t\t\t\t\t<img decoding=\"async\" width=\"3509\" height=\"2939\" data-src=\"https:\/\/alzira.es\/wp-content\/uploads\/2021\/11\/PARTICIPACIO-CIUTADANA_CARTA-1.png\" class=\"attachment-full size-full wp-image-105497 lazyload\" alt=\"\" data-srcset=\"https:\/\/alzira.es\/wp-content\/uploads\/2021\/11\/PARTICIPACIO-CIUTADANA_CARTA-1.png 3509w, https:\/\/alzira.es\/wp-content\/uploads\/2021\/11\/PARTICIPACIO-CIUTADANA_CARTA-1-609x510.png 609w, https:\/\/alzira.es\/wp-content\/uploads\/2021\/11\/PARTICIPACIO-CIUTADANA_CARTA-1-1280x1072.png 1280w, https:\/\/alzira.es\/wp-content\/uploads\/2021\/11\/PARTICIPACIO-CIUTADANA_CARTA-1-768x643.png 768w, https:\/\/alzira.es\/wp-content\/uploads\/2021\/11\/PARTICIPACIO-CIUTADANA_CARTA-1-1536x1286.png 1536w, https:\/\/alzira.es\/wp-content\/uploads\/2021\/11\/PARTICIPACIO-CIUTADANA_CARTA-1-2048x1715.png 2048w\" data-sizes=\"100vw\" src=\"data:image\/svg+xml;base64,PHN2ZyB3aWR0aD0iMSIgaGVpZ2h0PSIxIiB4bWxucz0iaHR0cDovL3d3dy53My5vcmcvMjAwMC9zdmciPjwvc3ZnPg==\" style=\"--smush-placeholder-width: 3509px; --smush-placeholder-aspect-ratio: 3509\/2939;\" \/>\t\t\t\t\t\t\t\t<\/a>\n\t\t\t\t\t\t\t\t\t\t\t\t\t\t\t<\/div>\n\t\t\t\t<\/div>\n\t\t\t\t<div class=\"elementor-element elementor-element-037a4c2 elementor-widget elementor-widget-heading\" data-id=\"037a4c2\" data-element_type=\"widget\" data-widget_type=\"heading.default\">\n\t\t\t\t<div class=\"elementor-widget-container\">\n\t\t\t\t\t<h5 class=\"elementor-heading-title elementor-size-default\"><a href=\"https:\/\/alzira.es\/wp-content\/uploads\/anual\/carta_participacion_ciudadana.pdf\" target=\"_blank\">Carta de Participaci\u00f3n Ciudadana<\/a><\/h5>\t\t\t\t<\/div>\n\t\t\t\t<\/div>\n\t\t\t\t\t<\/div>\n\t\t<\/div>\n\t\t\t\t<div class=\"elementor-column elementor-col-16 elementor-top-column elementor-element elementor-element-38cd2bd\" data-id=\"38cd2bd\" data-element_type=\"column\">\n\t\t\t<div class=\"elementor-widget-wrap elementor-element-populated\">\n\t\t\t\t\t\t<div class=\"elementor-element elementor-element-004c347 elementor-widget elementor-widget-image\" data-id=\"004c347\" data-element_type=\"widget\" data-widget_type=\"image.default\">\n\t\t\t\t<div class=\"elementor-widget-container\">\n\t\t\t\t\t\t\t\t\t\t\t\t\t\t\t\t<a href=\"https:\/\/alzira.es\/es\/ayuntamiento\/corporacion-y-gobierno-municipal\/organos-de-participacion-y-gestion\/consejos-sectoriales\/\">\n\t\t\t\t\t\t\t<img decoding=\"async\" width=\"3509\" height=\"2938\" data-src=\"https:\/\/alzira.es\/wp-content\/uploads\/2021\/11\/PARTICIPACIO-CIUTADANA_CONSELLS-SECTORIALS.png\" class=\"attachment-full size-full wp-image-105499 lazyload\" alt=\"\" data-srcset=\"https:\/\/alzira.es\/wp-content\/uploads\/2021\/11\/PARTICIPACIO-CIUTADANA_CONSELLS-SECTORIALS.png 3509w, https:\/\/alzira.es\/wp-content\/uploads\/2021\/11\/PARTICIPACIO-CIUTADANA_CONSELLS-SECTORIALS-609x510.png 609w, https:\/\/alzira.es\/wp-content\/uploads\/2021\/11\/PARTICIPACIO-CIUTADANA_CONSELLS-SECTORIALS-1280x1072.png 1280w, https:\/\/alzira.es\/wp-content\/uploads\/2021\/11\/PARTICIPACIO-CIUTADANA_CONSELLS-SECTORIALS-768x643.png 768w, https:\/\/alzira.es\/wp-content\/uploads\/2021\/11\/PARTICIPACIO-CIUTADANA_CONSELLS-SECTORIALS-1536x1286.png 1536w, https:\/\/alzira.es\/wp-content\/uploads\/2021\/11\/PARTICIPACIO-CIUTADANA_CONSELLS-SECTORIALS-2048x1715.png 2048w\" data-sizes=\"100vw\" src=\"data:image\/svg+xml;base64,PHN2ZyB3aWR0aD0iMSIgaGVpZ2h0PSIxIiB4bWxucz0iaHR0cDovL3d3dy53My5vcmcvMjAwMC9zdmciPjwvc3ZnPg==\" style=\"--smush-placeholder-width: 3509px; --smush-placeholder-aspect-ratio: 3509\/2938;\" \/>\t\t\t\t\t\t\t\t<\/a>\n\t\t\t\t\t\t\t\t\t\t\t\t\t\t\t<\/div>\n\t\t\t\t<\/div>\n\t\t\t\t<div class=\"elementor-element elementor-element-43eebcf elementor-widget elementor-widget-heading\" data-id=\"43eebcf\" data-element_type=\"widget\" data-widget_type=\"heading.default\">\n\t\t\t\t<div class=\"elementor-widget-container\">\n\t\t\t\t\t<h5 class=\"elementor-heading-title elementor-size-default\"><a href=\"https:\/\/alzira.es\/es\/ayuntamiento\/corporacion-y-gobierno-municipal\/organos-de-participacion-y-gestion\/consejos-sectoriales\/\">Consejos sectoriales<\/a><\/h5>\t\t\t\t<\/div>\n\t\t\t\t<\/div>\n\t\t\t\t\t<\/div>\n\t\t<\/div>\n\t\t\t\t<div class=\"elementor-column elementor-col-16 elementor-top-column elementor-element elementor-element-9d2e5fb\" data-id=\"9d2e5fb\" data-element_type=\"column\">\n\t\t\t<div class=\"elementor-widget-wrap elementor-element-populated\">\n\t\t\t\t\t\t<div class=\"elementor-element elementor-element-48168d2 elementor-widget elementor-widget-image\" data-id=\"48168d2\" data-element_type=\"widget\" data-widget_type=\"image.default\">\n\t\t\t\t<div class=\"elementor-widget-container\">\n\t\t\t\t\t\t\t\t\t\t\t\t\t\t\t\t<a href=\"https:\/\/alzira.es\/es\/ayuntamiento\/asamblea-ciudadana\/orden-del-dia-de-la-proxima-sesion-plenaria\/\">\n\t\t\t\t\t\t\t<img decoding=\"async\" width=\"3509\" height=\"2939\" data-src=\"https:\/\/alzira.es\/wp-content\/uploads\/2021\/11\/PARTICIPACIO-CIUTADANA_ASSEMBLEES-ORDRE-DEL-DIA.png\" class=\"attachment-full size-full wp-image-104789 lazyload\" alt=\"Assemblees: Orde del dia\" data-srcset=\"https:\/\/alzira.es\/wp-content\/uploads\/2021\/11\/PARTICIPACIO-CIUTADANA_ASSEMBLEES-ORDRE-DEL-DIA.png 3509w, https:\/\/alzira.es\/wp-content\/uploads\/2021\/11\/PARTICIPACIO-CIUTADANA_ASSEMBLEES-ORDRE-DEL-DIA-609x510.png 609w, https:\/\/alzira.es\/wp-content\/uploads\/2021\/11\/PARTICIPACIO-CIUTADANA_ASSEMBLEES-ORDRE-DEL-DIA-1280x1072.png 1280w, https:\/\/alzira.es\/wp-content\/uploads\/2021\/11\/PARTICIPACIO-CIUTADANA_ASSEMBLEES-ORDRE-DEL-DIA-768x643.png 768w, https:\/\/alzira.es\/wp-content\/uploads\/2021\/11\/PARTICIPACIO-CIUTADANA_ASSEMBLEES-ORDRE-DEL-DIA-1536x1286.png 1536w, https:\/\/alzira.es\/wp-content\/uploads\/2021\/11\/PARTICIPACIO-CIUTADANA_ASSEMBLEES-ORDRE-DEL-DIA-2048x1715.png 2048w\" data-sizes=\"100vw\" src=\"data:image\/svg+xml;base64,PHN2ZyB3aWR0aD0iMSIgaGVpZ2h0PSIxIiB4bWxucz0iaHR0cDovL3d3dy53My5vcmcvMjAwMC9zdmciPjwvc3ZnPg==\" style=\"--smush-placeholder-width: 3509px; --smush-placeholder-aspect-ratio: 3509\/2939;\" \/>\t\t\t\t\t\t\t\t<\/a>\n\t\t\t\t\t\t\t\t\t\t\t\t\t\t\t<\/div>\n\t\t\t\t<\/div>\n\t\t\t\t<div class=\"elementor-element elementor-element-3b6019d elementor-widget elementor-widget-heading\" data-id=\"3b6019d\" data-element_type=\"widget\" data-widget_type=\"heading.default\">\n\t\t\t\t<div class=\"elementor-widget-container\">\n\t\t\t\t\t<h5 class=\"elementor-heading-title elementor-size-default\"><a href=\"https:\/\/alzira.es\/es\/ayuntamiento\/asamblea-ciudadana\/orden-del-dia-de-la-proxima-sesion-plenaria\/\">Asambleas: Orden del d\u00eda<\/a><\/h5>\t\t\t\t<\/div>\n\t\t\t\t<\/div>\n\t\t\t\t\t<\/div>\n\t\t<\/div>\n\t\t\t\t<div class=\"elementor-column elementor-col-16 elementor-top-column elementor-element elementor-element-af15dfb\" data-id=\"af15dfb\" data-element_type=\"column\">\n\t\t\t<div class=\"elementor-widget-wrap elementor-element-populated\">\n\t\t\t\t\t\t<div class=\"elementor-element elementor-element-64daf9e elementor-widget elementor-widget-image\" data-id=\"64daf9e\" data-element_type=\"widget\" data-widget_type=\"image.default\">\n\t\t\t\t<div class=\"elementor-widget-container\">\n\t\t\t\t\t\t\t\t\t\t\t\t\t\t\t\t<a href=\"https:\/\/alzira.es\/es\/ayuntamiento\/corporacion-y-gobierno-municipal\/el-pleno\/orden-del-dia-de-la-proxima-sesion-plenaria\/\">\n\t\t\t\t\t\t\t<img decoding=\"async\" width=\"3509\" height=\"2939\" data-src=\"https:\/\/alzira.es\/wp-content\/uploads\/2021\/11\/PARTICIPACIO-CIUTADANA_PLENS-ORDRE-DEL-DIA.png\" class=\"attachment-full size-full wp-image-104794 lazyload\" alt=\"Plens: Orde del dia\" data-srcset=\"https:\/\/alzira.es\/wp-content\/uploads\/2021\/11\/PARTICIPACIO-CIUTADANA_PLENS-ORDRE-DEL-DIA.png 3509w, https:\/\/alzira.es\/wp-content\/uploads\/2021\/11\/PARTICIPACIO-CIUTADANA_PLENS-ORDRE-DEL-DIA-609x510.png 609w, https:\/\/alzira.es\/wp-content\/uploads\/2021\/11\/PARTICIPACIO-CIUTADANA_PLENS-ORDRE-DEL-DIA-1280x1072.png 1280w, https:\/\/alzira.es\/wp-content\/uploads\/2021\/11\/PARTICIPACIO-CIUTADANA_PLENS-ORDRE-DEL-DIA-768x643.png 768w, https:\/\/alzira.es\/wp-content\/uploads\/2021\/11\/PARTICIPACIO-CIUTADANA_PLENS-ORDRE-DEL-DIA-1536x1286.png 1536w, https:\/\/alzira.es\/wp-content\/uploads\/2021\/11\/PARTICIPACIO-CIUTADANA_PLENS-ORDRE-DEL-DIA-2048x1715.png 2048w\" data-sizes=\"100vw\" src=\"data:image\/svg+xml;base64,PHN2ZyB3aWR0aD0iMSIgaGVpZ2h0PSIxIiB4bWxucz0iaHR0cDovL3d3dy53My5vcmcvMjAwMC9zdmciPjwvc3ZnPg==\" style=\"--smush-placeholder-width: 3509px; --smush-placeholder-aspect-ratio: 3509\/2939;\" \/>\t\t\t\t\t\t\t\t<\/a>\n\t\t\t\t\t\t\t\t\t\t\t\t\t\t\t<\/div>\n\t\t\t\t<\/div>\n\t\t\t\t<div class=\"elementor-element elementor-element-d38ef23 elementor-widget elementor-widget-heading\" data-id=\"d38ef23\" data-element_type=\"widget\" data-widget_type=\"heading.default\">\n\t\t\t\t<div class=\"elementor-widget-container\">\n\t\t\t\t\t<h5 class=\"elementor-heading-title elementor-size-default\"><a href=\"https:\/\/alzira.es\/es\/ayuntamiento\/corporacion-y-gobierno-municipal\/el-pleno\/orden-del-dia-de-la-proxima-sesion-plenaria\/\">Plenos: Orden del d\u00eda<\/a><\/h5>\t\t\t\t<\/div>\n\t\t\t\t<\/div>\n\t\t\t\t\t<\/div>\n\t\t<\/div>\n\t\t\t\t<div class=\"elementor-column elementor-col-16 elementor-top-column elementor-element elementor-element-50c619c\" data-id=\"50c619c\" data-element_type=\"column\">\n\t\t\t<div class=\"elementor-widget-wrap elementor-element-populated\">\n\t\t\t\t\t\t<div class=\"elementor-element elementor-element-cbee029 elementor-widget elementor-widget-image\" data-id=\"cbee029\" data-element_type=\"widget\" data-widget_type=\"image.default\">\n\t\t\t\t<div class=\"elementor-widget-container\">\n\t\t\t\t\t\t\t\t\t\t\t\t\t\t\t\t<a href=\"https:\/\/sedeelectronica.alzira.es\/PortalCiudadano\/tramites\/tramite.do?formAction=btShow&#038;t=2399\" target=\"_blank\">\n\t\t\t\t\t\t\t<img decoding=\"async\" width=\"3509\" height=\"2939\" data-src=\"https:\/\/alzira.es\/wp-content\/uploads\/2021\/11\/PARTICIPACIO-CIUTADANA_REGISTRE-DASSOCIACIONS.png\" class=\"attachment-full size-full wp-image-104796 lazyload\" alt=\"Registre de Associacions\" data-srcset=\"https:\/\/alzira.es\/wp-content\/uploads\/2021\/11\/PARTICIPACIO-CIUTADANA_REGISTRE-DASSOCIACIONS.png 3509w, https:\/\/alzira.es\/wp-content\/uploads\/2021\/11\/PARTICIPACIO-CIUTADANA_REGISTRE-DASSOCIACIONS-609x510.png 609w, https:\/\/alzira.es\/wp-content\/uploads\/2021\/11\/PARTICIPACIO-CIUTADANA_REGISTRE-DASSOCIACIONS-1280x1072.png 1280w, https:\/\/alzira.es\/wp-content\/uploads\/2021\/11\/PARTICIPACIO-CIUTADANA_REGISTRE-DASSOCIACIONS-768x643.png 768w, https:\/\/alzira.es\/wp-content\/uploads\/2021\/11\/PARTICIPACIO-CIUTADANA_REGISTRE-DASSOCIACIONS-1536x1286.png 1536w, https:\/\/alzira.es\/wp-content\/uploads\/2021\/11\/PARTICIPACIO-CIUTADANA_REGISTRE-DASSOCIACIONS-2048x1715.png 2048w\" data-sizes=\"100vw\" src=\"data:image\/svg+xml;base64,PHN2ZyB3aWR0aD0iMSIgaGVpZ2h0PSIxIiB4bWxucz0iaHR0cDovL3d3dy53My5vcmcvMjAwMC9zdmciPjwvc3ZnPg==\" style=\"--smush-placeholder-width: 3509px; --smush-placeholder-aspect-ratio: 3509\/2939;\" \/>\t\t\t\t\t\t\t\t<\/a>\n\t\t\t\t\t\t\t\t\t\t\t\t\t\t\t<\/div>\n\t\t\t\t<\/div>\n\t\t\t\t<div class=\"elementor-element elementor-element-761989d elementor-widget elementor-widget-heading\" data-id=\"761989d\" data-element_type=\"widget\" data-widget_type=\"heading.default\">\n\t\t\t\t<div class=\"elementor-widget-container\">\n\t\t\t\t\t<h5 class=\"elementor-heading-title elementor-size-default\"><a href=\"https:\/\/sedeelectronica.alzira.es\/PortalCiudadano\/tramites\/tramite.do?formAction=btShow&#038;t=2399\" target=\"_blank\">Registro de Asociaciones<\/a><\/h5>\t\t\t\t<\/div>\n\t\t\t\t<\/div>\n\t\t\t\t\t<\/div>\n\t\t<\/div>\n\t\t\t\t\t<\/div>\n\t\t<\/section>\n\t\t\t\t<section class=\"elementor-section elementor-top-section elementor-element elementor-element-d916741 elementor-section-full_width iconosportadasec ajuntament elementor-section-height-default elementor-section-height-default\" data-id=\"d916741\" data-element_type=\"section\">\n\t\t\t\t\t\t<div class=\"elementor-container elementor-column-gap-narrow\">\n\t\t\t\t\t<div class=\"elementor-column elementor-col-16 elementor-top-column elementor-element elementor-element-dff6894\" data-id=\"dff6894\" data-element_type=\"column\">\n\t\t\t<div class=\"elementor-widget-wrap elementor-element-populated\">\n\t\t\t\t\t\t<div class=\"elementor-element elementor-element-941abd2 elementor-widget elementor-widget-image\" data-id=\"941abd2\" data-element_type=\"widget\" data-widget_type=\"image.default\">\n\t\t\t\t<div class=\"elementor-widget-container\">\n\t\t\t\t\t\t\t\t\t\t\t\t\t\t\t\t<a href=\"https:\/\/www.elsindic.com\/\" target=\"_blank\">\n\t\t\t\t\t\t\t<img decoding=\"async\" width=\"3509\" height=\"2939\" data-src=\"https:\/\/alzira.es\/wp-content\/uploads\/2021\/11\/PARTICIPACIO-CIUTADANA_SINDIC-DE-GREUGES.png\" class=\"attachment-full size-full wp-image-104801 lazyload\" alt=\"Sindic de Greuges\" data-srcset=\"https:\/\/alzira.es\/wp-content\/uploads\/2021\/11\/PARTICIPACIO-CIUTADANA_SINDIC-DE-GREUGES.png 3509w, https:\/\/alzira.es\/wp-content\/uploads\/2021\/11\/PARTICIPACIO-CIUTADANA_SINDIC-DE-GREUGES-609x510.png 609w, https:\/\/alzira.es\/wp-content\/uploads\/2021\/11\/PARTICIPACIO-CIUTADANA_SINDIC-DE-GREUGES-1280x1072.png 1280w, https:\/\/alzira.es\/wp-content\/uploads\/2021\/11\/PARTICIPACIO-CIUTADANA_SINDIC-DE-GREUGES-768x643.png 768w, https:\/\/alzira.es\/wp-content\/uploads\/2021\/11\/PARTICIPACIO-CIUTADANA_SINDIC-DE-GREUGES-1536x1286.png 1536w, https:\/\/alzira.es\/wp-content\/uploads\/2021\/11\/PARTICIPACIO-CIUTADANA_SINDIC-DE-GREUGES-2048x1715.png 2048w\" data-sizes=\"100vw\" src=\"data:image\/svg+xml;base64,PHN2ZyB3aWR0aD0iMSIgaGVpZ2h0PSIxIiB4bWxucz0iaHR0cDovL3d3dy53My5vcmcvMjAwMC9zdmciPjwvc3ZnPg==\" style=\"--smush-placeholder-width: 3509px; --smush-placeholder-aspect-ratio: 3509\/2939;\" \/>\t\t\t\t\t\t\t\t<\/a>\n\t\t\t\t\t\t\t\t\t\t\t\t\t\t\t<\/div>\n\t\t\t\t<\/div>\n\t\t\t\t<div class=\"elementor-element elementor-element-513c123 elementor-widget elementor-widget-heading\" data-id=\"513c123\" data-element_type=\"widget\" data-widget_type=\"heading.default\">\n\t\t\t\t<div class=\"elementor-widget-container\">\n\t\t\t\t\t<h5 class=\"elementor-heading-title elementor-size-default\"><a href=\"https:\/\/www.elsindic.com\/\" target=\"_blank\">Sindic de Greuges<\/a><\/h5>\t\t\t\t<\/div>\n\t\t\t\t<\/div>\n\t\t\t\t\t<\/div>\n\t\t<\/div>\n\t\t\t\t<div class=\"elementor-column elementor-col-16 elementor-top-column elementor-element elementor-element-9d63aab\" data-id=\"9d63aab\" data-element_type=\"column\">\n\t\t\t<div class=\"elementor-widget-wrap elementor-element-populated\">\n\t\t\t\t\t\t<div class=\"elementor-element elementor-element-c612ec1 elementor-widget elementor-widget-image\" data-id=\"c612ec1\" data-element_type=\"widget\" data-widget_type=\"image.default\">\n\t\t\t\t<div class=\"elementor-widget-container\">\n\t\t\t\t\t\t\t\t\t\t\t\t\t\t\t\t<a href=\"http:\/\/transparencia.alzira.es\/inici\" target=\"_blank\">\n\t\t\t\t\t\t\t<img decoding=\"async\" width=\"3509\" height=\"2938\" data-src=\"https:\/\/alzira.es\/wp-content\/uploads\/2021\/11\/PARTICIPACIO-CIUTADANA_PORTAL-DE-TRANSPARENCIA.png\" class=\"attachment-full size-full wp-image-104803 lazyload\" alt=\"Portal de la Transpar\u00e8ncia\" data-srcset=\"https:\/\/alzira.es\/wp-content\/uploads\/2021\/11\/PARTICIPACIO-CIUTADANA_PORTAL-DE-TRANSPARENCIA.png 3509w, https:\/\/alzira.es\/wp-content\/uploads\/2021\/11\/PARTICIPACIO-CIUTADANA_PORTAL-DE-TRANSPARENCIA-609x510.png 609w, https:\/\/alzira.es\/wp-content\/uploads\/2021\/11\/PARTICIPACIO-CIUTADANA_PORTAL-DE-TRANSPARENCIA-1280x1072.png 1280w, https:\/\/alzira.es\/wp-content\/uploads\/2021\/11\/PARTICIPACIO-CIUTADANA_PORTAL-DE-TRANSPARENCIA-768x643.png 768w, https:\/\/alzira.es\/wp-content\/uploads\/2021\/11\/PARTICIPACIO-CIUTADANA_PORTAL-DE-TRANSPARENCIA-1536x1286.png 1536w, https:\/\/alzira.es\/wp-content\/uploads\/2021\/11\/PARTICIPACIO-CIUTADANA_PORTAL-DE-TRANSPARENCIA-2048x1715.png 2048w\" data-sizes=\"100vw\" src=\"data:image\/svg+xml;base64,PHN2ZyB3aWR0aD0iMSIgaGVpZ2h0PSIxIiB4bWxucz0iaHR0cDovL3d3dy53My5vcmcvMjAwMC9zdmciPjwvc3ZnPg==\" style=\"--smush-placeholder-width: 3509px; --smush-placeholder-aspect-ratio: 3509\/2938;\" \/>\t\t\t\t\t\t\t\t<\/a>\n\t\t\t\t\t\t\t\t\t\t\t\t\t\t\t<\/div>\n\t\t\t\t<\/div>\n\t\t\t\t<div class=\"elementor-element elementor-element-77e0a85 elementor-widget elementor-widget-heading\" data-id=\"77e0a85\" data-element_type=\"widget\" data-widget_type=\"heading.default\">\n\t\t\t\t<div class=\"elementor-widget-container\">\n\t\t\t\t\t<h5 class=\"elementor-heading-title elementor-size-default\"><a href=\"http:\/\/transparencia.alzira.es\/inici\" target=\"_blank\">Portal de la Transparencia<\/a><\/h5>\t\t\t\t<\/div>\n\t\t\t\t<\/div>\n\t\t\t\t\t<\/div>\n\t\t<\/div>\n\t\t\t\t<div class=\"elementor-column elementor-col-16 elementor-top-column elementor-element elementor-element-bfb6d21\" data-id=\"bfb6d21\" data-element_type=\"column\">\n\t\t\t<div class=\"elementor-widget-wrap elementor-element-populated\">\n\t\t\t\t\t\t<div class=\"elementor-element elementor-element-2b06253 elementor-widget elementor-widget-image\" data-id=\"2b06253\" data-element_type=\"widget\" data-widget_type=\"image.default\">\n\t\t\t\t<div class=\"elementor-widget-container\">\n\t\t\t\t\t\t\t\t\t\t\t\t\t\t\t\t<a href=\"https:\/\/alzira.es\/es\/ayuntamiento\/videoacta\/\">\n\t\t\t\t\t\t\t<img decoding=\"async\" width=\"3509\" height=\"2938\" data-src=\"https:\/\/alzira.es\/wp-content\/uploads\/2021\/11\/PARTICIPACIO-CIUTADANA_VIDEO-ACTA.png\" class=\"attachment-full size-full wp-image-104810 lazyload\" alt=\"V\u00eddeoActa\" data-srcset=\"https:\/\/alzira.es\/wp-content\/uploads\/2021\/11\/PARTICIPACIO-CIUTADANA_VIDEO-ACTA.png 3509w, https:\/\/alzira.es\/wp-content\/uploads\/2021\/11\/PARTICIPACIO-CIUTADANA_VIDEO-ACTA-609x510.png 609w, https:\/\/alzira.es\/wp-content\/uploads\/2021\/11\/PARTICIPACIO-CIUTADANA_VIDEO-ACTA-1280x1072.png 1280w, https:\/\/alzira.es\/wp-content\/uploads\/2021\/11\/PARTICIPACIO-CIUTADANA_VIDEO-ACTA-768x643.png 768w, https:\/\/alzira.es\/wp-content\/uploads\/2021\/11\/PARTICIPACIO-CIUTADANA_VIDEO-ACTA-1536x1286.png 1536w, https:\/\/alzira.es\/wp-content\/uploads\/2021\/11\/PARTICIPACIO-CIUTADANA_VIDEO-ACTA-2048x1715.png 2048w\" data-sizes=\"100vw\" src=\"data:image\/svg+xml;base64,PHN2ZyB3aWR0aD0iMSIgaGVpZ2h0PSIxIiB4bWxucz0iaHR0cDovL3d3dy53My5vcmcvMjAwMC9zdmciPjwvc3ZnPg==\" style=\"--smush-placeholder-width: 3509px; --smush-placeholder-aspect-ratio: 3509\/2938;\" \/>\t\t\t\t\t\t\t\t<\/a>\n\t\t\t\t\t\t\t\t\t\t\t\t\t\t\t<\/div>\n\t\t\t\t<\/div>\n\t\t\t\t<div class=\"elementor-element elementor-element-a180606 elementor-widget elementor-widget-heading\" data-id=\"a180606\" data-element_type=\"widget\" data-widget_type=\"heading.default\">\n\t\t\t\t<div class=\"elementor-widget-container\">\n\t\t\t\t\t<h5 class=\"elementor-heading-title elementor-size-default\"><a href=\"https:\/\/alzira.es\/es\/ayuntamiento\/videoacta\/\">V\u00eddeoActa<\/a><\/h5>\t\t\t\t<\/div>\n\t\t\t\t<\/div>\n\t\t\t\t\t<\/div>\n\t\t<\/div>\n\t\t\t\t<div class=\"elementor-column elementor-col-16 elementor-top-column elementor-element elementor-element-c752049\" data-id=\"c752049\" data-element_type=\"column\">\n\t\t\t<div class=\"elementor-widget-wrap elementor-element-populated\">\n\t\t\t\t\t\t<div class=\"elementor-element elementor-element-08a99cd elementor-widget elementor-widget-image\" data-id=\"08a99cd\" data-element_type=\"widget\" data-widget_type=\"image.default\">\n\t\t\t\t<div class=\"elementor-widget-container\">\n\t\t\t\t\t\t\t\t\t\t\t\t\t\t\t\t<a href=\"https:\/\/alzira.es\/es\/servicios-municipales\/participacion-ciudadana\/consultas\/\">\n\t\t\t\t\t\t\t<img decoding=\"async\" width=\"3509\" height=\"2939\" data-src=\"https:\/\/alzira.es\/wp-content\/uploads\/2021\/11\/PARTICIPACIO-CIUTADANA_CONSULTES-CIUTADANES.png\" class=\"attachment-full size-full wp-image-104805 lazyload\" alt=\"Consultes\" data-srcset=\"https:\/\/alzira.es\/wp-content\/uploads\/2021\/11\/PARTICIPACIO-CIUTADANA_CONSULTES-CIUTADANES.png 3509w, https:\/\/alzira.es\/wp-content\/uploads\/2021\/11\/PARTICIPACIO-CIUTADANA_CONSULTES-CIUTADANES-609x510.png 609w, https:\/\/alzira.es\/wp-content\/uploads\/2021\/11\/PARTICIPACIO-CIUTADANA_CONSULTES-CIUTADANES-1280x1072.png 1280w, https:\/\/alzira.es\/wp-content\/uploads\/2021\/11\/PARTICIPACIO-CIUTADANA_CONSULTES-CIUTADANES-768x643.png 768w, https:\/\/alzira.es\/wp-content\/uploads\/2021\/11\/PARTICIPACIO-CIUTADANA_CONSULTES-CIUTADANES-1536x1286.png 1536w, https:\/\/alzira.es\/wp-content\/uploads\/2021\/11\/PARTICIPACIO-CIUTADANA_CONSULTES-CIUTADANES-2048x1715.png 2048w\" data-sizes=\"100vw\" src=\"data:image\/svg+xml;base64,PHN2ZyB3aWR0aD0iMSIgaGVpZ2h0PSIxIiB4bWxucz0iaHR0cDovL3d3dy53My5vcmcvMjAwMC9zdmciPjwvc3ZnPg==\" style=\"--smush-placeholder-width: 3509px; --smush-placeholder-aspect-ratio: 3509\/2939;\" \/>\t\t\t\t\t\t\t\t<\/a>\n\t\t\t\t\t\t\t\t\t\t\t\t\t\t\t<\/div>\n\t\t\t\t<\/div>\n\t\t\t\t<div class=\"elementor-element elementor-element-23c2add elementor-widget elementor-widget-heading\" data-id=\"23c2add\" data-element_type=\"widget\" data-widget_type=\"heading.default\">\n\t\t\t\t<div class=\"elementor-widget-container\">\n\t\t\t\t\t<h5 class=\"elementor-heading-title elementor-size-default\"><a href=\"https:\/\/alzira.es\/es\/servicios-municipales\/participacion-ciudadana\/consultas\/\">Consultas<\/a><\/h5>\t\t\t\t<\/div>\n\t\t\t\t<\/div>\n\t\t\t\t\t<\/div>\n\t\t<\/div>\n\t\t\t\t<div class=\"elementor-column elementor-col-16 elementor-top-column elementor-element elementor-element-1c69c66\" data-id=\"1c69c66\" data-element_type=\"column\">\n\t\t\t<div class=\"elementor-widget-wrap\">\n\t\t\t\t\t\t\t<\/div>\n\t\t<\/div>\n\t\t\t\t<div class=\"elementor-column elementor-col-16 elementor-top-column elementor-element elementor-element-aa49a52\" data-id=\"aa49a52\" data-element_type=\"column\">\n\t\t\t<div class=\"elementor-widget-wrap\">\n\t\t\t\t\t\t\t<\/div>\n\t\t<\/div>\n\t\t\t\t\t<\/div>\n\t\t<\/section>\n\t\t\t\t<\/div>\n\t\t","protected":false},"excerpt":{"rendered":"<p>Buz\u00f3n Ciudadan\u00eda Carta de Participaci\u00f3n Ciudadana Consejos sectoriales Asambleas: Orden del d\u00eda Plenos: Orden del d\u00eda Registro de Asociaciones Sindic de Greuges Portal de la Transparencia V\u00eddeoActa Consultas<\/p>\n","protected":false},"author":29,"featured_media":0,"parent":60847,"menu_order":15,"comment_status":"closed","ping_status":"closed","template":"","meta":{"_acf_changed":false,"footnotes":""},"class_list":["post-12504","page","type-page","status-publish","hentry"],"acf":[],"_links":{"self":[{"href":"https:\/\/alzira.es\/es\/wp-json\/wp\/v2\/pages\/12504","targetHints":{"allow":["GET"]}}],"collection":[{"href":"https:\/\/alzira.es\/es\/wp-json\/wp\/v2\/pages"}],"about":[{"href":"https:\/\/alzira.es\/es\/wp-json\/wp\/v2\/types\/page"}],"author":[{"embeddable":true,"href":"https:\/\/alzira.es\/es\/wp-json\/wp\/v2\/users\/29"}],"replies":[{"embeddable":true,"href":"https:\/\/alzira.es\/es\/wp-json\/wp\/v2\/comments?post=12504"}],"version-history":[{"count":2,"href":"https:\/\/alzira.es\/es\/wp-json\/wp\/v2\/pages\/12504\/revisions"}],"predecessor-version":[{"id":140655,"href":"https:\/\/alzira.es\/es\/wp-json\/wp\/v2\/pages\/12504\/revisions\/140655"}],"up":[{"embeddable":true,"href":"https:\/\/alzira.es\/es\/wp-json\/wp\/v2\/pages\/60847"}],"wp:attachment":[{"href":"https:\/\/alzira.es\/es\/wp-json\/wp\/v2\/media?parent=12504"}],"curies":[{"name":"wp","href":"https:\/\/api.w.org\/{rel}","templated":true}]}}