{"id":124856,"date":"2022-07-07T11:15:20","date_gmt":"2022-07-07T09:15:20","guid":{"rendered":"https:\/\/alzira.es\/?page_id=124856"},"modified":"2022-10-06T13:47:13","modified_gmt":"2022-10-06T11:47:13","slug":"cuenta-general-2021","status":"publish","type":"page","link":"https:\/\/alzira.es\/es\/servicios-municipales\/economia-y-recaudacion\/intervencion\/cuenta-general\/cuenta-general-2021\/","title":{"rendered":"Cuenta general 2021"},"content":{"rendered":"\t\t<div data-elementor-type=\"wp-page\" data-elementor-id=\"124856\" class=\"elementor elementor-124856\">\n\t\t\t\t\t\t<section class=\"elementor-section elementor-top-section elementor-element elementor-element-2fadd3f elementor-section-boxed elementor-section-height-default elementor-section-height-default\" data-id=\"2fadd3f\" data-element_type=\"section\">\n\t\t\t\t\t\t<div class=\"elementor-container elementor-column-gap-default\">\n\t\t\t\t\t<div class=\"elementor-column elementor-col-100 elementor-top-column elementor-element elementor-element-5179e26\" data-id=\"5179e26\" data-element_type=\"column\">\n\t\t\t<div class=\"elementor-widget-wrap elementor-element-populated\">\n\t\t\t\t\t\t<div class=\"elementor-element elementor-element-07d08ef elementor-widget elementor-widget-text-editor\" data-id=\"07d08ef\" data-element_type=\"widget\" data-widget_type=\"text-editor.default\">\n\t\t\t\t<div class=\"elementor-widget-container\">\n\t\t\t\t\t\t\t\t\t<table style=\"margin-left: -3.6pt; border-collapse: collapse; width: 600px;\" border=\"1\" cellspacing=\"0\" cellpadding=\"0\"><tbody><tr><td style=\"border-width: 1pt 1pt 1pt medium; border-style: solid solid solid none; border-color: windowtext windowtext windowtext -moz-use-text-color; padding: 0cm 3.5pt;\"><p style=\"text-align: left;\" align=\"left\"><strong><span style=\"font-size: 10pt;\">Cuenta general. Tramitaci\u00f3n<\/span><\/strong><\/p><\/td><\/tr><tr><td style=\"border-width: medium 1pt 1pt medium; border-style: none solid solid none; border-color: -moz-use-text-color windowtext windowtext -moz-use-text-color; padding: 0cm 3.5pt;\">\u00a0<\/td><\/tr><tr><td style=\"border-width: medium 1pt 1pt medium; border-style: none solid solid none; border-color: -moz-use-text-color windowtext windowtext -moz-use-text-color; padding: 0cm 3.5pt;\"><p style=\"text-align: left;\" align=\"left\"><a href=\"https:\/\/alzira.es\/wp-content\/uploads\/2022\/07\/Informe_Intervencio.pdf\" target=\"_blank\" rel=\"noopener\"><span style=\"font-size: 10pt;\">Formaci\u00f3n Cuenta general<\/span><\/a><\/p><\/td><\/tr><tr><td style=\"border-width: medium 1pt 1pt medium; border-style: none solid solid none; border-color: -moz-use-text-color windowtext windowtext -moz-use-text-color; padding: 0cm 3.5pt;\"><p style=\"text-align: left;\" align=\"left\"><a href=\"https:\/\/alzira.es\/wp-content\/uploads\/2022\/07\/0512d1100-_rendicio_compte_general_2021.pdf\" target=\"_blank\" rel=\"noopener\"><span style=\"font-size: 10pt;\">Decreto Alcald\u00eda n\u00famero 1100\/22 rendici\u00f3n cuentas<\/span><\/a><\/p><\/td><\/tr><tr><td style=\"border-width: medium 1pt 1pt medium; border-style: none solid solid none; border-color: -moz-use-text-color windowtext windowtext -moz-use-text-color; padding: 0cm 3.5pt;\"><p style=\"text-align: left;\" align=\"left\"><a href=\"https:\/\/alzira.es\/wp-content\/uploads\/2022\/07\/Dictamen.pdf\"><span style=\"font-size: 10pt;\">Dictamen Comisi\u00f3n Especial de Cuentas<\/span><\/a><\/p><\/td><\/tr><tr><td style=\"border-width: medium 1pt 1pt medium; border-style: none solid solid none; border-color: -moz-use-text-color windowtext windowtext -moz-use-text-color; padding: 0cm 3.5pt;\"><p style=\"text-align: left;\" align=\"left\"><a href=\"https:\/\/alzira.es\/wp-content\/uploads\/2022\/07\/Edicte_exposicio_publica_compte_general_2021.pdf\" target=\"_blank\" rel=\"noopener\"><span style=\"font-size: 10pt;\">Edicto Cuenta general<\/span><\/a><\/p><\/td><\/tr><tr><td style=\"border-width: medium 1pt 1pt medium; border-style: none solid solid none; border-color: -moz-use-text-color windowtext windowtext -moz-use-text-color; padding: 0cm 3.5pt;\"><p style=\"text-align: left;\" align=\"left\"><a href=\"https:\/\/alzira.es\/wp-content\/uploads\/2022\/07\/Publicacio_BOP_compte_general_2021.pdf\"><span style=\"font-size: 10pt;\">Exposici\u00f3n p\u00fablica Cuenta general<\/span><\/a><\/p><\/td><\/tr><tr><td style=\"border-width: medium 1pt 1pt medium; border-style: none solid solid none; border-color: -moz-use-text-color windowtext windowtext -moz-use-text-color; padding: 0cm 3.5pt;\"><p style=\"text-align: left;\" align=\"left\"><span style=\"font-size: 10pt;\"><a href=\"https:\/\/alzira.es\/wp-content\/uploads\/2022\/07\/Faig_constar_no_reclamacions_compte_general_2021.pdf\" target=\"_blank\" rel=\"noopener\">Hago constar no reclamaciones<\/a><\/span><\/p><\/td><\/tr><tr><td style=\"border-width: medium 1pt 1pt medium; border-style: none solid solid none; border-color: -moz-use-text-color windowtext windowtext -moz-use-text-color; padding: 0cm 3.5pt;\"><p style=\"text-align: left;\" align=\"left\"><span style=\"font-size: 10pt;\"><a href=\"https:\/\/alzira.es\/wp-content\/uploads\/2022\/07\/Acord_Ple.pdf\" target=\"_blank\" rel=\"noopener\">Acuerdo Pleno aprobaci\u00f3n Cuenta general<\/a><\/span><\/p><\/td><\/tr><tr><td style=\"border-width: medium 1pt 1pt medium; border-style: none solid solid none; border-color: -moz-use-text-color windowtext windowtext -moz-use-text-color; padding: 0cm 3.5pt;\"><p style=\"text-align: left;\" align=\"left\"><a href=\"https:\/\/alzira.es\/wp-content\/uploads\/2022\/10\/Justificante-ORVE-Generalitat.pdf\"><span style=\"font-size: 10pt;\"><span style=\"font-size: 10pt;\">R<\/span><span style=\"font-size: 10pt;\">emisi\u00f3n Generalitat Valenciana<\/span><\/span><\/a><\/p><\/td><\/tr><tr><td style=\"border-width: medium 1pt 1pt medium; border-style: none solid solid none; border-color: -moz-use-text-color windowtext windowtext -moz-use-text-color; padding: 0cm 3.5pt;\"><p style=\"text-align: left;\" align=\"left\"><a href=\"https:\/\/alzira.es\/wp-content\/uploads\/2022\/10\/Justificante-ORVE-Delegacion-de-economia-y-hacienda.pdf\"><span style=\"font-size: 10pt;\">Remisi\u00f3n Delegaci\u00f3n de Econom\u00eda y Hacienda<\/span><\/a><\/p><\/td><\/tr><tr><td style=\"border-width: medium 1pt 1pt medium; border-style: none solid solid none; border-color: -moz-use-text-color windowtext windowtext -moz-use-text-color; padding: 0cm 3.5pt;\"><p style=\"text-align: left;\" align=\"left\"><a href=\"https:\/\/alzira.es\/wp-content\/uploads\/2022\/10\/justificant_remissio-1.pdf\"><span style=\"font-size: 10pt;\">Rendici\u00f3n cuenta general Sindicatura de Comptes<\/span><\/a><\/p><\/td><\/tr><tr><td style=\"border-width: medium 1pt 1pt medium; border-style: none solid solid none; border-color: -moz-use-text-color windowtext windowtext -moz-use-text-color; padding: 0cm 3.5pt;\">\u00a0<\/td><\/tr><tr><td style=\"border-width: medium 1pt 1pt medium; border-style: none solid solid none; border-color: -moz-use-text-color windowtext windowtext -moz-use-text-color; padding: 0cm 3.5pt;\"><p style=\"text-align: left;\" align=\"left\"><strong><span style=\"font-size: 10pt;\">Cuenta general. Estados contables<\/span><\/strong><\/p><\/td><\/tr><tr><td style=\"border-width: medium 1pt 1pt medium; border-style: none solid solid none; border-color: -moz-use-text-color windowtext windowtext -moz-use-text-color; padding: 0cm 3.5pt;\">\u00a0<\/td><\/tr><tr><td style=\"border-width: medium 1pt 1pt medium; border-style: none solid solid none; border-color: -moz-use-text-color windowtext windowtext -moz-use-text-color; padding: 0cm 3.5pt;\"><p style=\"text-align: left;\" align=\"left\"><a href=\"https:\/\/alzira.es\/wp-content\/uploads\/2022\/07\/01_Balanc_situacio_31_12_2021.pdf\" target=\"_blank\" rel=\"noopener\"><span style=\"font-size: 10pt;\">1 Balance de situaci\u00f3n<\/span><\/a><\/p><\/td><\/tr><tr><td style=\"border-width: medium 1pt 1pt medium; border-style: none solid solid none; border-color: -moz-use-text-color windowtext windowtext -moz-use-text-color; padding: 0cm 3.5pt;\"><p style=\"text-align: left;\" align=\"left\"><a href=\"https:\/\/alzira.es\/wp-content\/uploads\/2021\/08\/02_Cuenta-resultado-economico-patrimonial_Ayuntamiento.pdf\" target=\"_blank\" rel=\"noopener\"><span style=\"font-size: 10pt;\">2 Cuenta de resultado econ\u00f3mico-patrimonial<\/span><\/a><\/p><\/td><\/tr><tr><td style=\"border-width: medium 1pt 1pt medium; border-style: none solid solid none; border-color: -moz-use-text-color windowtext windowtext -moz-use-text-color; padding: 0cm 3.5pt;\"><p style=\"text-align: left;\" align=\"left\"><a href=\"https:\/\/alzira.es\/wp-content\/uploads\/2022\/07\/03_1_Estat_canvis_patrimoni_net.pdf\" target=\"_blank\" rel=\"noopener\"><span style=\"font-size: 10pt;\">3.1 Estado de cambios en el patrimonio neto 01<\/span><\/a><\/p><\/td><\/tr><tr><td style=\"border-width: medium 1pt 1pt medium; border-style: none solid solid none; border-color: -moz-use-text-color windowtext windowtext -moz-use-text-color; padding: 0cm 3.5pt;\"><p style=\"text-align: left;\" align=\"left\"><a href=\"https:\/\/alzira.es\/wp-content\/uploads\/2022\/07\/03_2_Estat_canvis_patrimoni_net.pdf\" target=\"_blank\" rel=\"noopener\"><span style=\"font-size: 10pt;\">3.2 Estado de cambios en el patrimonio neto 02<\/span><\/a><\/p><\/td><\/tr><tr><td style=\"border-width: medium 1pt 1pt medium; border-style: none solid solid none; border-color: -moz-use-text-color windowtext windowtext -moz-use-text-color; padding: 0cm 3.5pt;\"><p style=\"text-align: left;\" align=\"left\"><a href=\"https:\/\/alzira.es\/wp-content\/uploads\/2022\/07\/03_3_Estat_canvis_patrimoni_net.pdf\" target=\"_blank\" rel=\"noopener\"><span style=\"font-size: 10pt;\">3.3 Estado de cambios en el patrimonio neto 03<\/span><\/a><\/p><\/td><\/tr><tr><td style=\"border-width: medium 1pt 1pt medium; border-style: none solid solid none; border-color: -moz-use-text-color windowtext windowtext -moz-use-text-color; padding: 0cm 3.5pt;\"><p style=\"text-align: left;\" align=\"left\"><a href=\"https:\/\/alzira.es\/wp-content\/uploads\/2022\/07\/03_4_Estat_canvis_patrimoni_net.pdf\" target=\"_blank\" rel=\"noopener\"><span style=\"font-size: 10pt;\">3.4 Estado de cambios en el patrimonio neto 04<\/span><\/a><\/p><\/td><\/tr><tr><td style=\"border-width: medium 1pt 1pt medium; border-style: none solid solid none; border-color: -moz-use-text-color windowtext windowtext -moz-use-text-color; padding: 0cm 3.5pt;\"><p style=\"text-align: left;\" align=\"left\"><span style=\"font-family: arial, helvetica, sans-serif; font-size: 10pt;\"><a href=\"https:\/\/alzira.es\/wp-content\/uploads\/2022\/07\/04_Estat_flux_efectiu.pdf\" target=\"_blank\" rel=\"noopener\">4 Estado de flujos de efectivo<\/a><\/span><\/p><\/td><\/tr><tr><td style=\"border-width: medium 1pt 1pt medium; border-style: none solid solid none; border-color: -moz-use-text-color windowtext windowtext -moz-use-text-color; padding: 0cm 3.5pt;\"><p style=\"text-align: left;\" align=\"left\"><span style=\"font-family: arial, helvetica, sans-serif; font-size: 10pt;\"><a href=\"https:\/\/alzira.es\/wp-content\/uploads\/2022\/07\/05_1_Liquidacio_estat_gastos_economica_resum.pdf\" target=\"_blank\" rel=\"noopener\">5.1 Liquidaci\u00f3n del estado de gastos<\/a><\/span><\/p><\/td><\/tr><tr><td style=\"border-width: medium 1pt 1pt medium; border-style: none solid solid none; border-color: -moz-use-text-color windowtext windowtext -moz-use-text-color; padding: 0cm 3.5pt;\"><p style=\"text-align: left;\" align=\"left\"><span style=\"font-family: arial, helvetica, sans-serif; font-size: 10pt;\"><a href=\"https:\/\/alzira.es\/wp-content\/uploads\/2022\/07\/05_2_Liquidacio_estat_gastos_capitols_resum.pdf\" target=\"_blank\" rel=\"noopener\">5.2 Liquidaci\u00f3n del estado de gastos<\/a><\/span><\/p><\/td><\/tr><tr><td style=\"border-width: medium 1pt 1pt medium; border-style: none solid solid none; border-color: -moz-use-text-color windowtext windowtext -moz-use-text-color; padding: 0cm 3.5pt;\"><p style=\"text-align: left;\" align=\"left\"><span style=\"font-family: arial, helvetica, sans-serif; font-size: 10pt;\"><a href=\"https:\/\/alzira.es\/wp-content\/uploads\/2022\/07\/05_3_Liquidacio_estat_gastos_apliacions_pressupostaries.pdf\" target=\"_blank\" rel=\"noopener\">5.3 Liquidaci\u00f3n del esado de gastos<\/a><\/span><\/p><\/td><\/tr><tr><td style=\"border-width: medium 1pt 1pt medium; border-style: none solid solid none; border-color: -moz-use-text-color windowtext windowtext -moz-use-text-color; padding: 0cm 3.5pt;\"><p style=\"text-align: left;\" align=\"left\"><span style=\"font-family: arial, helvetica, sans-serif; font-size: 10pt;\"><a href=\"https:\/\/alzira.es\/wp-content\/uploads\/2022\/07\/05_4_Liquidacio_estat_gastos_borses_vinculacio.pdf\" target=\"_blank\" rel=\"noopener\">5.4 Liquidaci\u00f3n del estado de gasto<\/a>s<\/span><\/p><\/td><\/tr><tr><td style=\"border-width: medium 1pt 1pt medium; border-style: none solid solid none; border-color: -moz-use-text-color windowtext windowtext -moz-use-text-color; padding: 0cm 3.5pt;\"><p style=\"text-align: left;\" align=\"left\"><span style=\"font-family: arial, helvetica, sans-serif; font-size: 10pt;\"><a href=\"https:\/\/alzira.es\/wp-content\/uploads\/2022\/07\/05_5_Liquidacio_estat_gastos_arees_gasto_resum.pdf\" target=\"_blank\" rel=\"noopener\">5.5 Liquidaci\u00f3n del estado de gastos<\/a><\/span><\/p><\/td><\/tr><tr><td style=\"border-width: medium 1pt 1pt medium; border-style: none solid solid none; border-color: -moz-use-text-color windowtext windowtext -moz-use-text-color; padding: 0cm 3.5pt;\"><p style=\"text-align: left;\" align=\"left\"><span style=\"font-family: arial, helvetica, sans-serif; font-size: 10pt;\"><a href=\"https:\/\/alzira.es\/wp-content\/uploads\/2022\/07\/05_6_Liquidacio_estat_gastos_programes_resum.pdf\" target=\"_blank\" rel=\"noopener\">5.6 Liquidaci\u00f3n del estado de gastos<\/a><\/span><\/p><\/td><\/tr><tr><td style=\"border-width: medium 1pt 1pt medium; border-style: none solid solid none; border-color: -moz-use-text-color windowtext windowtext -moz-use-text-color; padding: 0cm 3.5pt;\"><p style=\"text-align: left;\" align=\"left\"><span style=\"font-family: arial, helvetica, sans-serif; font-size: 10pt;\"><a href=\"https:\/\/alzira.es\/wp-content\/uploads\/2022\/07\/05_7_Liquidacio_estat_gastos_resum_politiques.pdf\" target=\"_blank\" rel=\"noopener\">5.7 Liquidaci\u00f3n del estado de gastos<\/a><\/span><\/p><\/td><\/tr><tr><td style=\"border-width: medium 1pt 1pt medium; border-style: none solid solid none; border-color: -moz-use-text-color windowtext windowtext -moz-use-text-color; padding: 0cm 3.5pt;\"><p style=\"text-align: left;\" align=\"left\"><span style=\"font-family: arial, helvetica, sans-serif; font-size: 10pt;\"><a href=\"https:\/\/alzira.es\/wp-content\/uploads\/2022\/07\/05_8_Liquidacio_estat_gastos_resum_grups_programa.pdf\" target=\"_blank\" rel=\"noopener\">5.8 Liquidaci\u00f3n del estado de gastos<\/a><\/span><\/p><\/td><\/tr><tr><td style=\"border-width: medium 1pt 1pt medium; border-style: none solid solid none; border-color: -moz-use-text-color windowtext windowtext -moz-use-text-color; padding: 0cm 3.5pt;\"><p style=\"text-align: left;\" align=\"left\"><span style=\"font-family: arial, helvetica, sans-serif; font-size: 10pt;\"><a href=\"https:\/\/alzira.es\/wp-content\/uploads\/2022\/07\/06_1_Liquidacio_estat_ingressos_resum.pdf\" target=\"_blank\" rel=\"noopener\">6.1\u00a0Liquidaci\u00f3n del estado de ingresos<\/a><\/span><\/p><\/td><\/tr><tr><td style=\"border-width: medium 1pt 1pt medium; border-style: none solid solid none; border-color: -moz-use-text-color windowtext windowtext -moz-use-text-color; padding: 0cm 3.5pt;\"><p style=\"text-align: left;\" align=\"left\"><span style=\"font-family: arial, helvetica, sans-serif; font-size: 10pt;\"><a href=\"https:\/\/alzira.es\/wp-content\/uploads\/2022\/07\/06_2_Liquidacio_estat_ingressos_detall.pdf\" target=\"_blank\" rel=\"noopener\">6.2 Liquidaci\u00f3n del estado de ingresos<\/a><\/span><\/p><\/td><\/tr><tr><td style=\"border-width: medium 1pt 1pt medium; border-style: none solid solid none; border-color: -moz-use-text-color windowtext windowtext -moz-use-text-color; padding: 0cm 3.5pt;\"><p style=\"text-align: left;\" align=\"left\"><a href=\"https:\/\/alzira.es\/wp-content\/uploads\/2022\/07\/07_Resultat_pressupostari.pdf\" target=\"_blank\" rel=\"noopener\"><span style=\"font-size: 10pt;\">7 Resultado presupuestario<\/span><\/a><\/p><\/td><\/tr><tr><td style=\"border-width: medium 1pt 1pt medium; border-style: none solid solid none; border-color: -moz-use-text-color windowtext windowtext -moz-use-text-color; padding: 0cm 3.5pt;\">\u00a0<\/td><\/tr><tr><td style=\"border-width: medium 1pt 1pt medium; border-style: none solid solid none; border-color: -moz-use-text-color windowtext windowtext -moz-use-text-color; padding: 0cm 3.5pt;\"><p style=\"text-align: left;\" align=\"left\"><strong><span style=\"font-size: 10pt;\">8 <a href=\"https:\/\/alzira.es\/wp-content\/uploads\/2022\/07\/memoria.pdf\" target=\"_blank\" rel=\"noopener\">Cuenta general. Memoria<\/a><\/span><\/strong><\/p><\/td><\/tr><tr><td style=\"border-width: medium 1pt 1pt medium; border-style: none solid solid none; border-color: -moz-use-text-color windowtext windowtext -moz-use-text-color; padding: 0cm 3.5pt;\">\u00a0<\/td><\/tr><\/tbody><\/table>\t\t\t\t\t\t\t\t<\/div>\n\t\t\t\t<\/div>\n\t\t\t\t\t<\/div>\n\t\t<\/div>\n\t\t\t\t\t<\/div>\n\t\t<\/section>\n\t\t\t\t<\/div>\n\t\t","protected":false},"excerpt":{"rendered":"<p>Cuenta general. Tramitaci\u00f3n \u00a0 Formaci\u00f3n Cuenta general Decreto Alcald\u00eda n\u00famero 1100\/22 rendici\u00f3n cuentas Dictamen Comisi\u00f3n Especial de Cuentas Edicto Cuenta general Exposici\u00f3n p\u00fablica Cuenta general Hago constar no reclamaciones Acuerdo Pleno aprobaci\u00f3n Cuenta general Remisi\u00f3n Generalitat Valenciana Remisi\u00f3n Delegaci\u00f3n de Econom\u00eda y Hacienda Rendici\u00f3n cuenta general Sindicatura de Comptes \u00a0 Cuenta general. Estados contables \u00a0 &hellip; <\/p>\n<p class=\"link-more\"><a href=\"https:\/\/alzira.es\/es\/servicios-municipales\/economia-y-recaudacion\/intervencion\/cuenta-general\/cuenta-general-2021\/\" class=\"more-link\">Continuar leyendo<span class=\"screen-reader-text\"> \u00abCuenta general 2021\u00bb<\/span><\/a><\/p>\n","protected":false},"author":37,"featured_media":0,"parent":111590,"menu_order":0,"comment_status":"closed","ping_status":"closed","template":"","meta":{"_acf_changed":false,"footnotes":""},"class_list":["post-124856","page","type-page","status-publish","hentry"],"acf":[],"_links":{"self":[{"href":"https:\/\/alzira.es\/es\/wp-json\/wp\/v2\/pages\/124856","targetHints":{"allow":["GET"]}}],"collection":[{"href":"https:\/\/alzira.es\/es\/wp-json\/wp\/v2\/pages"}],"about":[{"href":"https:\/\/alzira.es\/es\/wp-json\/wp\/v2\/types\/page"}],"author":[{"embeddable":true,"href":"https:\/\/alzira.es\/es\/wp-json\/wp\/v2\/users\/37"}],"replies":[{"embeddable":true,"href":"https:\/\/alzira.es\/es\/wp-json\/wp\/v2\/comments?post=124856"}],"version-history":[{"count":2,"href":"https:\/\/alzira.es\/es\/wp-json\/wp\/v2\/pages\/124856\/revisions"}],"predecessor-version":[{"id":128717,"href":"https:\/\/alzira.es\/es\/wp-json\/wp\/v2\/pages\/124856\/revisions\/128717"}],"up":[{"embeddable":true,"href":"https:\/\/alzira.es\/es\/wp-json\/wp\/v2\/pages\/111590"}],"wp:attachment":[{"href":"https:\/\/alzira.es\/es\/wp-json\/wp\/v2\/media?parent=124856"}],"curies":[{"name":"wp","href":"https:\/\/api.w.org\/{rel}","templated":true}]}}