{"id":122210,"date":"2022-05-18T14:41:21","date_gmt":"2022-05-18T12:41:21","guid":{"rendered":"https:\/\/alzira.es\/?page_id=122210"},"modified":"2022-10-06T11:11:25","modified_gmt":"2022-10-06T09:11:25","slug":"convocatoria-10-2022-provisio-temporal-millora-docupacio-2-places-serveis-socials","status":"publish","type":"page","link":"https:\/\/alzira.es\/es\/servicios-municipales\/recursos-humanos\/empleo-temporal\/convocatoria-10-2022-provisio-temporal-millora-docupacio-2-places-serveis-socials\/","title":{"rendered":"CONVOCATORIA 10\/2022 &#8211; PROVISI\u00d3N TEMPORAL MEJORA DE OCUPACI\u00d3N 2 PLAZAS SERVICIOS SOCIALES  (1 jefe de secci\u00f3n y 1 profesional acreditado Dependencia)"},"content":{"rendered":"\n<p><\/p>\n\n\n<p><span style=\"color: #993300;\">Decreto 2187\/2022, resultado definitivo, nombramiento provisional 01\/10\/2022 y bolsa<\/span><\/p>\n<p><strong>DOCUMENTOS DEL EXPEDIENTE:<\/strong><\/p>\n\n\n<div class=\"wp-block-columns is-layout-flex wp-container-core-columns-is-layout-9d6595d7 wp-block-columns-is-layout-flex\">\n<div class=\"wp-block-column is-layout-flow wp-block-column-is-layout-flow\" style=\"flex-basis:100%\">\n<div class=\"wp-block-group\"><div class=\"wp-block-group__inner-container is-layout-flow wp-block-group-is-layout-flow\">\n<div class=\"wp-block-columns is-layout-flex wp-container-core-columns-is-layout-9d6595d7 wp-block-columns-is-layout-flex\">\n<div class=\"wp-block-column is-layout-flow wp-block-column-is-layout-flow\" style=\"flex-basis:100%\">\n<figure class=\"wp-block-table is-style-stripes\"><table><tbody><tr><td><strong>Nombre Fichero<\/strong><\/td><td class=\"has-text-align-center\" data-align=\"center\"><strong>Fecha Publicaci\u00f3n<\/strong><\/td><\/tr><tr><td><a href=\"https:\/\/alzira.es\/wp-content\/uploads\/2022\/10\/15-0930d2187-DECRET-RESULTAT-DEFINITIU-NOMENAMENT-I-BORSA.pdf\" target=\"_blank\" rel=\"noreferrer noopener\">Decreto resultado definitivo, nombramiento provisional  y bolsa<\/a><\/td><td class=\"has-text-align-center\" data-align=\"center\">06\/10\/2022<\/td><\/tr><tr><td><a href=\"https:\/\/alzira.es\/wp-content\/uploads\/2022\/09\/14-ACTA-2-CAP-SECCIO-i-PROFESSIONAL-ACREDITAT-SAD-web.pdf\" target=\"_blank\" rel=\"noreferrer noopener\">Acta n\u00fam. 2 &#8211; resultado provisional entrevista + m\u00e9ritos<\/a><\/td><td class=\"has-text-align-center\" data-align=\"center\">19\/09\/2022<\/td><\/tr><tr><td><a href=\"https:\/\/alzira.es\/wp-content\/uploads\/2022\/09\/12-20220902-Anunci-data-entrevista-20220912-1.pdf\" target=\"_blank\" rel=\"noreferrer noopener\">Fecha y hora de la entrevista<\/a><\/td><td class=\"has-text-align-center\" data-align=\"center\">02\/09\/2022<\/td><\/tr><tr><td><a href=\"https:\/\/alzira.es\/wp-content\/uploads\/2022\/07\/04-Decret-llistat-provisional-admesos-i-exclosos-Seccio-SAD.pdf\" target=\"_blank\" rel=\"noreferrer noopener\">Lista de admitidos y excluidos<\/a><\/td><td class=\"has-text-align-center\" data-align=\"center\">02\/09\/2022<\/td><\/tr><tr><td><a href=\"https:\/\/alzira.es\/wp-content\/uploads\/2022\/07\/03-Bases-Especificas-adscripcio-temporal-SERVEIS-SOCIALS-cap-de-seccio-SAD-modif-20220728.pdf\" target=\"_blank\" rel=\"noreferrer noopener\">Bases espec\u00edficas consolidadas (modif. Decreto 1723\/2022)<\/a><\/td><td class=\"has-text-align-center\" data-align=\"center\">29\/07\/2022<\/td><\/tr><tr><td><a href=\"https:\/\/alzira.es\/wp-content\/uploads\/2022\/05\/Autobaremacio-2.xlsx\">Autobaremaci\u00f3n<\/a><\/td><td class=\"has-text-align-center\" data-align=\"center\">18\/05\/2022<\/td><\/tr><tr><td><a href=\"https:\/\/alzira.es\/wp-content\/uploads\/2022\/05\/Perfil-professional-cap-seccio.pdf\" target=\"_blank\" rel=\"noreferrer noopener\">Perfil profesional<\/a><\/td><td class=\"has-text-align-center\" data-align=\"center\">18\/05\/2022<\/td><\/tr><tr><td><a href=\"https:\/\/alzira.es\/wp-content\/uploads\/2022\/05\/Cert.-bases-especifiques.pdf\" target=\"_blank\" rel=\"noreferrer noopener\">Bases espec\u00edficas<\/a><\/td><td class=\"has-text-align-center\" data-align=\"center\">18\/05\/2022<\/td><\/tr><\/tbody><\/table><\/figure>\n<\/div>\n<\/div>\n<\/div><\/div>\n<\/div>\n<\/div>\n","protected":false},"excerpt":{"rendered":"<p>Decreto 2187\/2022, resultado definitivo, nombramiento provisional 01\/10\/2022 y bolsa DOCUMENTOS DEL EXPEDIENTE: Nombre Fichero Fecha Publicaci\u00f3n Decreto resultado definitivo, nombramiento provisional y bolsa 06\/10\/2022 Acta n\u00fam. 2 &#8211; resultado provisional entrevista + m\u00e9ritos 19\/09\/2022 Fecha y hora de la entrevista 02\/09\/2022 Lista de admitidos y excluidos 02\/09\/2022 Bases espec\u00edficas consolidadas (modif. Decreto 1723\/2022) 29\/07\/2022 Autobaremaci\u00f3n &hellip; <\/p>\n<p class=\"link-more\"><a href=\"https:\/\/alzira.es\/es\/servicios-municipales\/recursos-humanos\/empleo-temporal\/convocatoria-10-2022-provisio-temporal-millora-docupacio-2-places-serveis-socials\/\" class=\"more-link\">Continuar leyendo<span class=\"screen-reader-text\"> \u00abCONVOCATORIA 10\/2022 &#8211; PROVISI\u00d3N TEMPORAL MEJORA DE OCUPACI\u00d3N 2 PLAZAS SERVICIOS SOCIALES  (1 jefe de secci\u00f3n y 1 profesional acreditado Dependencia)\u00bb<\/span><\/a><\/p>\n","protected":false},"author":29,"featured_media":0,"parent":105760,"menu_order":0,"comment_status":"closed","ping_status":"closed","template":"","meta":{"_acf_changed":false,"footnotes":""},"class_list":["post-122210","page","type-page","status-publish","hentry"],"acf":[],"_links":{"self":[{"href":"https:\/\/alzira.es\/es\/wp-json\/wp\/v2\/pages\/122210","targetHints":{"allow":["GET"]}}],"collection":[{"href":"https:\/\/alzira.es\/es\/wp-json\/wp\/v2\/pages"}],"about":[{"href":"https:\/\/alzira.es\/es\/wp-json\/wp\/v2\/types\/page"}],"author":[{"embeddable":true,"href":"https:\/\/alzira.es\/es\/wp-json\/wp\/v2\/users\/29"}],"replies":[{"embeddable":true,"href":"https:\/\/alzira.es\/es\/wp-json\/wp\/v2\/comments?post=122210"}],"version-history":[{"count":2,"href":"https:\/\/alzira.es\/es\/wp-json\/wp\/v2\/pages\/122210\/revisions"}],"predecessor-version":[{"id":128687,"href":"https:\/\/alzira.es\/es\/wp-json\/wp\/v2\/pages\/122210\/revisions\/128687"}],"up":[{"embeddable":true,"href":"https:\/\/alzira.es\/es\/wp-json\/wp\/v2\/pages\/105760"}],"wp:attachment":[{"href":"https:\/\/alzira.es\/es\/wp-json\/wp\/v2\/media?parent=122210"}],"curies":[{"name":"wp","href":"https:\/\/api.w.org\/{rel}","templated":true}]}}