{"id":122109,"date":"2022-05-17T13:21:04","date_gmt":"2022-05-17T11:21:04","guid":{"rendered":"https:\/\/alzira.es\/?page_id=122109"},"modified":"2022-05-17T13:21:54","modified_gmt":"2022-05-17T11:21:54","slug":"el-plenari","status":"publish","type":"page","link":"https:\/\/alzira.es\/es\/alzira-radio\/a-la-carta\/el-plenari\/","title":{"rendered":"El Plenari"},"content":{"rendered":"\t\t<div data-elementor-type=\"wp-page\" data-elementor-id=\"122109\" class=\"elementor elementor-122109\">\n\t\t\t\t\t\t<section class=\"elementor-section elementor-top-section elementor-element elementor-element-b1660bd elementor-section-boxed elementor-section-height-default elementor-section-height-default\" data-id=\"b1660bd\" data-element_type=\"section\">\n\t\t\t\t\t\t<div class=\"elementor-container elementor-column-gap-default\">\n\t\t\t\t\t<div class=\"elementor-column elementor-col-100 elementor-top-column elementor-element elementor-element-273503a\" data-id=\"273503a\" data-element_type=\"column\">\n\t\t\t<div class=\"elementor-widget-wrap elementor-element-populated\">\n\t\t\t\t\t\t<div class=\"elementor-element elementor-element-5ce9ac1 elementor-widget elementor-widget-text-editor\" data-id=\"5ce9ac1\" data-element_type=\"widget\" data-widget_type=\"text-editor.default\">\n\t\t\t\t<div class=\"elementor-widget-container\">\n\t\t\t\t\t\t\t\t\t<p>Alzira R\u00e0dio els oferix cada sessi\u00f3 plen\u00e0ria la retransmissi\u00f3 en directe des de la sala d\u2019actes de l\u2019Ajuntament d\u2019Alzira.<\/p>\t\t\t\t\t\t\t\t<\/div>\n\t\t\t\t<\/div>\n\t\t\t\t\t<\/div>\n\t\t<\/div>\n\t\t\t\t\t<\/div>\n\t\t<\/section>\n\t\t\t\t<section class=\"elementor-section elementor-top-section elementor-element elementor-element-d4b49ea elementor-section-boxed elementor-section-height-default elementor-section-height-default\" data-id=\"d4b49ea\" data-element_type=\"section\">\n\t\t\t\t\t\t<div class=\"elementor-container elementor-column-gap-default\">\n\t\t\t\t\t<div class=\"elementor-column elementor-col-100 elementor-top-column elementor-element elementor-element-080c250\" data-id=\"080c250\" data-element_type=\"column\">\n\t\t\t<div class=\"elementor-widget-wrap elementor-element-populated\">\n\t\t\t\t\t\t<div class=\"elementor-element elementor-element-4467687 elementor-widget elementor-widget-html\" data-id=\"4467687\" data-element_type=\"widget\" data-widget_type=\"html.default\">\n\t\t\t\t<div class=\"elementor-widget-container\">\n\t\t\t\t\t<iframe data-src=\"https:\/\/www.ivoox.com\/player_es_podcast_17426_1.html\" width=\"100%\" style=\"border: 1px solid #D7D7D7;\" height=\"440\" frameborder=\"0\" allowfullscreen=\"0\" scrolling=\"no\"  src=\"data:image\/svg+xml;base64,PHN2ZyB3aWR0aD0iMSIgaGVpZ2h0PSIxIiB4bWxucz0iaHR0cDovL3d3dy53My5vcmcvMjAwMC9zdmciPjwvc3ZnPg==\" class=\"lazyload\" data-load-mode=\"1\"><\/iframe>\t\t\t\t<\/div>\n\t\t\t\t<\/div>\n\t\t\t\t\t<\/div>\n\t\t<\/div>\n\t\t\t\t\t<\/div>\n\t\t<\/section>\n\t\t\t\t<\/div>\n\t\t","protected":false},"excerpt":{"rendered":"<p>Alzira R\u00e0dio els oferix cada sessi\u00f3 plen\u00e0ria la retransmissi\u00f3 en directe des de la sala d\u2019actes de l\u2019Ajuntament d\u2019Alzira.<\/p>\n","protected":false},"author":29,"featured_media":0,"parent":118784,"menu_order":1,"comment_status":"closed","ping_status":"closed","template":"","meta":{"_acf_changed":false,"footnotes":""},"class_list":["post-122109","page","type-page","status-publish","hentry"],"acf":[],"_links":{"self":[{"href":"https:\/\/alzira.es\/es\/wp-json\/wp\/v2\/pages\/122109","targetHints":{"allow":["GET"]}}],"collection":[{"href":"https:\/\/alzira.es\/es\/wp-json\/wp\/v2\/pages"}],"about":[{"href":"https:\/\/alzira.es\/es\/wp-json\/wp\/v2\/types\/page"}],"author":[{"embeddable":true,"href":"https:\/\/alzira.es\/es\/wp-json\/wp\/v2\/users\/29"}],"replies":[{"embeddable":true,"href":"https:\/\/alzira.es\/es\/wp-json\/wp\/v2\/comments?post=122109"}],"version-history":[{"count":2,"href":"https:\/\/alzira.es\/es\/wp-json\/wp\/v2\/pages\/122109\/revisions"}],"predecessor-version":[{"id":122116,"href":"https:\/\/alzira.es\/es\/wp-json\/wp\/v2\/pages\/122109\/revisions\/122116"}],"up":[{"embeddable":true,"href":"https:\/\/alzira.es\/es\/wp-json\/wp\/v2\/pages\/118784"}],"wp:attachment":[{"href":"https:\/\/alzira.es\/es\/wp-json\/wp\/v2\/media?parent=122109"}],"curies":[{"name":"wp","href":"https:\/\/api.w.org\/{rel}","templated":true}]}}