{"id":122076,"date":"2022-05-17T12:33:37","date_gmt":"2022-05-17T10:33:37","guid":{"rendered":"https:\/\/alzira.es\/?page_id=122076"},"modified":"2022-05-17T12:45:36","modified_gmt":"2022-05-17T10:45:36","slug":"musica","status":"publish","type":"page","link":"https:\/\/alzira.es\/es\/alzira-radio\/a-la-carta\/musica\/","title":{"rendered":"M\u00fasica"},"content":{"rendered":"\t\t<div data-elementor-type=\"wp-page\" data-elementor-id=\"122076\" class=\"elementor elementor-122076\">\n\t\t\t\t\t\t<section class=\"elementor-section elementor-top-section elementor-element elementor-element-600a183 elementor-section-boxed elementor-section-height-default elementor-section-height-default\" data-id=\"600a183\" data-element_type=\"section\">\n\t\t\t\t\t\t<div class=\"elementor-container elementor-column-gap-default\">\n\t\t\t\t\t<div class=\"elementor-column elementor-col-100 elementor-top-column elementor-element elementor-element-d4921e6\" data-id=\"d4921e6\" data-element_type=\"column\">\n\t\t\t<div class=\"elementor-widget-wrap elementor-element-populated\">\n\t\t\t\t\t\t<div class=\"elementor-element elementor-element-1f4179f elementor-widget elementor-widget-heading\" data-id=\"1f4179f\" data-element_type=\"widget\" data-widget_type=\"heading.default\">\n\t\t\t\t<div class=\"elementor-widget-container\">\n\t\t\t\t\t<h2 class=\"elementor-heading-title elementor-size-default\">La hora m\u00e1s corta<\/h2>\t\t\t\t<\/div>\n\t\t\t\t<\/div>\n\t\t\t\t<div class=\"elementor-element elementor-element-40cb365 elementor-widget elementor-widget-text-editor\" data-id=\"40cb365\" data-element_type=\"widget\" data-widget_type=\"text-editor.default\">\n\t\t\t\t<div class=\"elementor-widget-container\">\n\t\t\t\t\t\t\t\t\t<p>En La hora m\u00e1s corta, Rafa Roca busca y encuentra el mejor jazz, blues y rock. La hora m\u00e1s corta, un programa que conviene escuchar con los ojos cerrados y el coraz\u00f3n abierto.<\/p>\t\t\t\t\t\t\t\t<\/div>\n\t\t\t\t<\/div>\n\t\t\t\t\t<\/div>\n\t\t<\/div>\n\t\t\t\t\t<\/div>\n\t\t<\/section>\n\t\t\t\t<section class=\"elementor-section elementor-top-section elementor-element elementor-element-a08ba38 elementor-section-boxed elementor-section-height-default elementor-section-height-default\" data-id=\"a08ba38\" data-element_type=\"section\">\n\t\t\t\t\t\t<div class=\"elementor-container elementor-column-gap-default\">\n\t\t\t\t\t<div class=\"elementor-column elementor-col-100 elementor-top-column elementor-element elementor-element-6538b50\" data-id=\"6538b50\" data-element_type=\"column\">\n\t\t\t<div class=\"elementor-widget-wrap elementor-element-populated\">\n\t\t\t\t\t\t<div class=\"elementor-element elementor-element-5385d60 elementor-widget elementor-widget-html\" data-id=\"5385d60\" data-element_type=\"widget\" data-widget_type=\"html.default\">\n\t\t\t\t<div class=\"elementor-widget-container\">\n\t\t\t\t\t<iframe data-src=\"https:\/\/www.ivoox.com\/player_es_podcast_15360_1.html\" width=\"100%\" style=\"border: 1px solid #D7D7D7;\" height=\"440\" frameborder=\"0\" allowfullscreen=\"0\" scrolling=\"no\"  src=\"data:image\/svg+xml;base64,PHN2ZyB3aWR0aD0iMSIgaGVpZ2h0PSIxIiB4bWxucz0iaHR0cDovL3d3dy53My5vcmcvMjAwMC9zdmciPjwvc3ZnPg==\" class=\"lazyload\" data-load-mode=\"1\"><\/iframe>\t\t\t\t<\/div>\n\t\t\t\t<\/div>\n\t\t\t\t\t<\/div>\n\t\t<\/div>\n\t\t\t\t\t<\/div>\n\t\t<\/section>\n\t\t\t\t<section class=\"elementor-section elementor-top-section elementor-element elementor-element-0cc7446 elementor-section-boxed elementor-section-height-default elementor-section-height-default\" data-id=\"0cc7446\" data-element_type=\"section\">\n\t\t\t\t\t\t<div class=\"elementor-container elementor-column-gap-default\">\n\t\t\t\t\t<div class=\"elementor-column elementor-col-100 elementor-top-column elementor-element elementor-element-db2679b\" data-id=\"db2679b\" data-element_type=\"column\">\n\t\t\t<div class=\"elementor-widget-wrap elementor-element-populated\">\n\t\t\t\t\t\t<div class=\"elementor-element elementor-element-6eb1af7 elementor-widget elementor-widget-heading\" data-id=\"6eb1af7\" data-element_type=\"widget\" data-widget_type=\"heading.default\">\n\t\t\t\t<div class=\"elementor-widget-container\">\n\t\t\t\t\t<h2 class=\"elementor-heading-title elementor-size-default\">La tercera onada<\/h2>\t\t\t\t<\/div>\n\t\t\t\t<\/div>\n\t\t\t\t<div class=\"elementor-element elementor-element-0376016 elementor-widget elementor-widget-text-editor\" data-id=\"0376016\" data-element_type=\"widget\" data-widget_type=\"text-editor.default\">\n\t\t\t\t<div class=\"elementor-widget-container\">\n\t\t\t\t\t\t\t\t\t<p><strong>VIA MIDI<\/strong> \u00e9s un espai radiof\u00f2nic que afronta l&#8217;escena electr\u00f2nica actual des de diversos \u00e0mbits, un rep\u00e0s al present discriminant criteris en quan a estil i distribuci\u00f3.<br \/>Els camps habituals que es tracten son novetats, plataformes com bandcamp, netlabels, projectes valencians i alguna retentiva al passat. El programa est\u00e0 presentat per Ximo Noguera i es fa des d&#8217;Alzira R\u00e0dio per a la Xarxa d&#8217;Emissores Municipals Valencianes.<\/p><p>LA <strong>TERCERA ONADA<\/strong> \u00e9s una de les diverses propostes que formen part de la plataforma NXT, monogr\u00e0fic en valenci\u00e0 presentat per Ximo Noguera en el que cada edici\u00f3 es dedica a coneixer la traject\u00f2ria d&#8217;un artista internacional. Tamb\u00e9 s&#8217;emet per Alzira R\u00e0dio per a la Xarxa d&#8217;Emissores Municipals Valencianes.<\/p>\t\t\t\t\t\t\t\t<\/div>\n\t\t\t\t<\/div>\n\t\t\t\t\t<\/div>\n\t\t<\/div>\n\t\t\t\t\t<\/div>\n\t\t<\/section>\n\t\t\t\t<section class=\"elementor-section elementor-top-section elementor-element elementor-element-0509b90 elementor-section-boxed elementor-section-height-default elementor-section-height-default\" data-id=\"0509b90\" data-element_type=\"section\">\n\t\t\t\t\t\t<div class=\"elementor-container elementor-column-gap-default\">\n\t\t\t\t\t<div class=\"elementor-column elementor-col-100 elementor-top-column elementor-element elementor-element-474f8f8\" data-id=\"474f8f8\" data-element_type=\"column\">\n\t\t\t<div class=\"elementor-widget-wrap elementor-element-populated\">\n\t\t\t\t\t\t<div class=\"elementor-element elementor-element-871b9e1 elementor-widget elementor-widget-html\" data-id=\"871b9e1\" data-element_type=\"widget\" data-widget_type=\"html.default\">\n\t\t\t\t<div class=\"elementor-widget-container\">\n\t\t\t\t\t<iframe data-src=\"https:\/\/www.ivoox.com\/player_es_podcast_668101_1.html\" width=\"100%\" style=\"border: 1px solid #D7D7D7;\" height=\"440\" frameborder=\"0\" allowfullscreen=\"0\" scrolling=\"no\"  src=\"data:image\/svg+xml;base64,PHN2ZyB3aWR0aD0iMSIgaGVpZ2h0PSIxIiB4bWxucz0iaHR0cDovL3d3dy53My5vcmcvMjAwMC9zdmciPjwvc3ZnPg==\" class=\"lazyload\" data-load-mode=\"1\"><\/iframe>\t\t\t\t<\/div>\n\t\t\t\t<\/div>\n\t\t\t\t\t<\/div>\n\t\t<\/div>\n\t\t\t\t\t<\/div>\n\t\t<\/section>\n\t\t\t\t<\/div>\n\t\t","protected":false},"excerpt":{"rendered":"<p>La hora m\u00e1s corta En La hora m\u00e1s corta, Rafa Roca busca y encuentra el mejor jazz, blues y rock. La hora m\u00e1s corta, un programa que conviene escuchar con los ojos cerrados y el coraz\u00f3n abierto. La tercera onada VIA MIDI \u00e9s un espai radiof\u00f2nic que afronta l&#8217;escena electr\u00f2nica actual des de diversos \u00e0mbits, &hellip; <\/p>\n<p class=\"link-more\"><a href=\"https:\/\/alzira.es\/es\/alzira-radio\/a-la-carta\/musica\/\" class=\"more-link\">Continuar leyendo<span class=\"screen-reader-text\"> \u00abM\u00fasica\u00bb<\/span><\/a><\/p>\n","protected":false},"author":29,"featured_media":0,"parent":118784,"menu_order":1,"comment_status":"closed","ping_status":"closed","template":"","meta":{"_acf_changed":false,"footnotes":""},"class_list":["post-122076","page","type-page","status-publish","hentry"],"acf":[],"_links":{"self":[{"href":"https:\/\/alzira.es\/es\/wp-json\/wp\/v2\/pages\/122076","targetHints":{"allow":["GET"]}}],"collection":[{"href":"https:\/\/alzira.es\/es\/wp-json\/wp\/v2\/pages"}],"about":[{"href":"https:\/\/alzira.es\/es\/wp-json\/wp\/v2\/types\/page"}],"author":[{"embeddable":true,"href":"https:\/\/alzira.es\/es\/wp-json\/wp\/v2\/users\/29"}],"replies":[{"embeddable":true,"href":"https:\/\/alzira.es\/es\/wp-json\/wp\/v2\/comments?post=122076"}],"version-history":[{"count":2,"href":"https:\/\/alzira.es\/es\/wp-json\/wp\/v2\/pages\/122076\/revisions"}],"predecessor-version":[{"id":122094,"href":"https:\/\/alzira.es\/es\/wp-json\/wp\/v2\/pages\/122076\/revisions\/122094"}],"up":[{"embeddable":true,"href":"https:\/\/alzira.es\/es\/wp-json\/wp\/v2\/pages\/118784"}],"wp:attachment":[{"href":"https:\/\/alzira.es\/es\/wp-json\/wp\/v2\/media?parent=122076"}],"curies":[{"name":"wp","href":"https:\/\/api.w.org\/{rel}","templated":true}]}}