{"id":122046,"date":"2022-05-17T11:31:10","date_gmt":"2022-05-17T09:31:10","guid":{"rendered":"https:\/\/alzira.es\/?page_id=122046"},"modified":"2022-05-18T09:45:55","modified_gmt":"2022-05-18T07:45:55","slug":"esports","status":"publish","type":"page","link":"https:\/\/alzira.es\/es\/alzira-radio\/a-la-carta\/esports\/","title":{"rendered":"Esports"},"content":{"rendered":"\t\t<div data-elementor-type=\"wp-page\" data-elementor-id=\"122046\" class=\"elementor elementor-122046\">\n\t\t\t\t\t\t<section class=\"elementor-section elementor-top-section elementor-element elementor-element-4a4f83e elementor-section-boxed elementor-section-height-default elementor-section-height-default\" data-id=\"4a4f83e\" data-element_type=\"section\">\n\t\t\t\t\t\t<div class=\"elementor-container elementor-column-gap-default\">\n\t\t\t\t\t<div class=\"elementor-column elementor-col-100 elementor-top-column elementor-element elementor-element-7cc1329\" data-id=\"7cc1329\" data-element_type=\"column\">\n\t\t\t<div class=\"elementor-widget-wrap elementor-element-populated\">\n\t\t\t\t\t\t<div class=\"elementor-element elementor-element-07c9ec6 elementor-widget elementor-widget-heading\" data-id=\"07c9ec6\" data-element_type=\"widget\" data-widget_type=\"heading.default\">\n\t\t\t\t<div class=\"elementor-widget-container\">\n\t\t\t\t\t<h2 class=\"elementor-heading-title elementor-size-default\">\u00c0rea Esportiva<\/h2>\t\t\t\t<\/div>\n\t\t\t\t<\/div>\n\t\t\t\t<div class=\"elementor-element elementor-element-a047f63 elementor-widget elementor-widget-text-editor\" data-id=\"a047f63\" data-element_type=\"widget\" data-widget_type=\"text-editor.default\">\n\t\t\t\t<div class=\"elementor-widget-container\">\n\t\t\t\t\t\t\t\t\t<p>Tota l\u2019actualitat dels esports a Alzira, els partits, els resultats,\u2026 i entrevistes amb els protagonistes de les not\u00edcies. Gaudix de la millor informaci\u00f3 de la m\u00e0 de David Chord\u00e0.\u00a0<\/p><p>De dilluns a divendres a les 13.50 h. (repetici\u00f3 a les 15.20 h.)<\/p>\t\t\t\t\t\t\t\t<\/div>\n\t\t\t\t<\/div>\n\t\t\t\t\t<\/div>\n\t\t<\/div>\n\t\t\t\t\t<\/div>\n\t\t<\/section>\n\t\t\t\t<section class=\"elementor-section elementor-top-section elementor-element elementor-element-8f08925 elementor-section-full_width iconosportadasec administracio elementor-section-height-default elementor-section-height-default\" data-id=\"8f08925\" data-element_type=\"section\">\n\t\t\t\t\t\t<div class=\"elementor-container elementor-column-gap-narrow\">\n\t\t\t\t\t<div class=\"elementor-column elementor-col-100 elementor-top-column elementor-element elementor-element-80dcd97\" data-id=\"80dcd97\" data-element_type=\"column\" data-settings=\"{&quot;background_background&quot;:&quot;classic&quot;}\">\n\t\t\t<div class=\"elementor-widget-wrap elementor-element-populated\">\n\t\t\t\t\t\t<div class=\"elementor-element elementor-element-4879ad7 elementor-widget elementor-widget-spacer\" data-id=\"4879ad7\" data-element_type=\"widget\" data-widget_type=\"spacer.default\">\n\t\t\t\t<div class=\"elementor-widget-container\">\n\t\t\t\t\t\t\t<div class=\"elementor-spacer\">\n\t\t\t<div class=\"elementor-spacer-inner\"><\/div>\n\t\t<\/div>\n\t\t\t\t\t\t<\/div>\n\t\t\t\t<\/div>\n\t\t\t\t<div class=\"elementor-element elementor-element-7c529b6 elementor-widget elementor-widget-html\" data-id=\"7c529b6\" data-element_type=\"widget\" data-widget_type=\"html.default\">\n\t\t\t\t<div class=\"elementor-widget-container\">\n\t\t\t\t\t<iframe data-src=\"https:\/\/www.ivoox.com\/player_es_podcast_15363_1.html\" width=\"100%\" style=\"border: 1px solid #D7D7D7;\" height=\"440\" frameborder=\"0\" allowfullscreen=\"0\" scrolling=\"no\"  src=\"data:image\/svg+xml;base64,PHN2ZyB3aWR0aD0iMSIgaGVpZ2h0PSIxIiB4bWxucz0iaHR0cDovL3d3dy53My5vcmcvMjAwMC9zdmciPjwvc3ZnPg==\" class=\"lazyload\" data-load-mode=\"1\"><\/iframe>\t\t\t\t<\/div>\n\t\t\t\t<\/div>\n\t\t\t\t\t<\/div>\n\t\t<\/div>\n\t\t\t\t\t<\/div>\n\t\t<\/section>\n\t\t\t\t<section class=\"elementor-section elementor-top-section elementor-element elementor-element-d5b4c6f elementor-section-boxed elementor-section-height-default elementor-section-height-default\" data-id=\"d5b4c6f\" data-element_type=\"section\">\n\t\t\t\t\t\t<div class=\"elementor-container elementor-column-gap-default\">\n\t\t\t\t\t<div class=\"elementor-column elementor-col-100 elementor-top-column elementor-element elementor-element-f15f299\" data-id=\"f15f299\" data-element_type=\"column\">\n\t\t\t<div class=\"elementor-widget-wrap elementor-element-populated\">\n\t\t\t\t\t\t<div class=\"elementor-element elementor-element-4cad90d elementor-widget elementor-widget-heading\" data-id=\"4cad90d\" data-element_type=\"widget\" data-widget_type=\"heading.default\">\n\t\t\t\t<div class=\"elementor-widget-container\">\n\t\t\t\t\t<h2 class=\"elementor-heading-title elementor-size-default\">Negras o blancas<\/h2>\t\t\t\t<\/div>\n\t\t\t\t<\/div>\n\t\t\t\t<div class=\"elementor-element elementor-element-b521ead elementor-widget elementor-widget-text-editor\" data-id=\"b521ead\" data-element_type=\"widget\" data-widget_type=\"text-editor.default\">\n\t\t\t\t<div class=\"elementor-widget-container\">\n\t\t\t\t\t\t\t\t\t<p>Negras o Blancas es un programa dedicado al ajedrez de y para la Comunidad Valencia, con entrevistas a jugadores, resultados en campeonatos, actividades, opiniones, etc. Conducido por Rafa Roca.<\/p><p>Todos los lunes de 20:00 a 21:00, en Alzira R\u00e0dio 109.9FM, en la web\u00a0 y en las plataformas de podcast de iTunes e Ivoox.<\/p>\t\t\t\t\t\t\t\t<\/div>\n\t\t\t\t<\/div>\n\t\t\t\t\t<\/div>\n\t\t<\/div>\n\t\t\t\t\t<\/div>\n\t\t<\/section>\n\t\t\t\t<section class=\"elementor-section elementor-top-section elementor-element elementor-element-65d1ab2 elementor-section-full_width iconosportadasec administracio elementor-section-height-default elementor-section-height-default\" data-id=\"65d1ab2\" data-element_type=\"section\">\n\t\t\t\t\t\t<div class=\"elementor-container elementor-column-gap-narrow\">\n\t\t\t\t\t<div class=\"elementor-column elementor-col-100 elementor-top-column elementor-element elementor-element-12abe5a\" data-id=\"12abe5a\" data-element_type=\"column\" data-settings=\"{&quot;background_background&quot;:&quot;classic&quot;}\">\n\t\t\t<div class=\"elementor-widget-wrap elementor-element-populated\">\n\t\t\t\t\t\t<div class=\"elementor-element elementor-element-4e085ef elementor-widget elementor-widget-spacer\" data-id=\"4e085ef\" data-element_type=\"widget\" data-widget_type=\"spacer.default\">\n\t\t\t\t<div class=\"elementor-widget-container\">\n\t\t\t\t\t\t\t<div class=\"elementor-spacer\">\n\t\t\t<div class=\"elementor-spacer-inner\"><\/div>\n\t\t<\/div>\n\t\t\t\t\t\t<\/div>\n\t\t\t\t<\/div>\n\t\t\t\t<div class=\"elementor-element elementor-element-a52589f elementor-widget elementor-widget-html\" data-id=\"a52589f\" data-element_type=\"widget\" data-widget_type=\"html.default\">\n\t\t\t\t<div class=\"elementor-widget-container\">\n\t\t\t\t\t<iframe data-src=\"https:\/\/www.ivoox.com\/player_es_podcast_461383_1.html\" width=\"100%\" style=\"border: 1px solid #D7D7D7;\" height=\"440\" frameborder=\"0\" allowfullscreen=\"0\" scrolling=\"no\"  src=\"data:image\/svg+xml;base64,PHN2ZyB3aWR0aD0iMSIgaGVpZ2h0PSIxIiB4bWxucz0iaHR0cDovL3d3dy53My5vcmcvMjAwMC9zdmciPjwvc3ZnPg==\" class=\"lazyload\" data-load-mode=\"1\"><\/iframe>\t\t\t\t<\/div>\n\t\t\t\t<\/div>\n\t\t\t\t\t<\/div>\n\t\t<\/div>\n\t\t\t\t\t<\/div>\n\t\t<\/section>\n\t\t\t\t<section class=\"elementor-section elementor-top-section elementor-element elementor-element-d5f1e92 elementor-section-boxed elementor-section-height-default elementor-section-height-default\" data-id=\"d5f1e92\" data-element_type=\"section\">\n\t\t\t\t\t\t<div class=\"elementor-container elementor-column-gap-default\">\n\t\t\t\t\t<div class=\"elementor-column elementor-col-100 elementor-top-column elementor-element elementor-element-b5fad62\" data-id=\"b5fad62\" data-element_type=\"column\">\n\t\t\t<div class=\"elementor-widget-wrap elementor-element-populated\">\n\t\t\t\t\t\t<div class=\"elementor-element elementor-element-5fec1e7 elementor-widget elementor-widget-heading\" data-id=\"5fec1e7\" data-element_type=\"widget\" data-widget_type=\"heading.default\">\n\t\t\t\t<div class=\"elementor-widget-container\">\n\t\t\t\t\t<h2 class=\"elementor-heading-title elementor-size-default\">El Futbol\u00ed<\/h2>\t\t\t\t<\/div>\n\t\t\t\t<\/div>\n\t\t\t\t<div class=\"elementor-element elementor-element-af355af elementor-widget elementor-widget-text-editor\" data-id=\"af355af\" data-element_type=\"widget\" data-widget_type=\"text-editor.default\">\n\t\t\t\t<div class=\"elementor-widget-container\">\n\t\t\t\t\t\t\t\t\t<p>Setmanalment analitzem els partits de la UD Alzira amb la participaci\u00f3 de jugadors, entrenadors, periodistes i aficionats. Condu\u00eft per David Chord\u00e0 amb l&#8217;an\u00e0l\u00b7lisi de Salva Rivera.<\/p><p>Dilluns, de 19 a 20 h. (repetici\u00f3 dimarts a les 14&#8217;15 h.)<\/p><p>Podeu telefonar en directe per intervindre al 96 241 60 61 o enviar whatsapps al 691 802 258.<\/p>\t\t\t\t\t\t\t\t<\/div>\n\t\t\t\t<\/div>\n\t\t\t\t\t<\/div>\n\t\t<\/div>\n\t\t\t\t\t<\/div>\n\t\t<\/section>\n\t\t\t\t<section class=\"elementor-section elementor-top-section elementor-element elementor-element-55d0981 elementor-section-full_width iconosportadasec administracio elementor-section-height-default elementor-section-height-default\" data-id=\"55d0981\" data-element_type=\"section\">\n\t\t\t\t\t\t<div class=\"elementor-container elementor-column-gap-narrow\">\n\t\t\t\t\t<div class=\"elementor-column elementor-col-100 elementor-top-column elementor-element elementor-element-07c7a81\" data-id=\"07c7a81\" data-element_type=\"column\" data-settings=\"{&quot;background_background&quot;:&quot;classic&quot;}\">\n\t\t\t<div class=\"elementor-widget-wrap elementor-element-populated\">\n\t\t\t\t\t\t<div class=\"elementor-element elementor-element-325f1ea elementor-widget elementor-widget-spacer\" data-id=\"325f1ea\" data-element_type=\"widget\" data-widget_type=\"spacer.default\">\n\t\t\t\t<div class=\"elementor-widget-container\">\n\t\t\t\t\t\t\t<div class=\"elementor-spacer\">\n\t\t\t<div class=\"elementor-spacer-inner\"><\/div>\n\t\t<\/div>\n\t\t\t\t\t\t<\/div>\n\t\t\t\t<\/div>\n\t\t\t\t<div class=\"elementor-element elementor-element-8a33dd7 elementor-widget elementor-widget-html\" data-id=\"8a33dd7\" data-element_type=\"widget\" data-widget_type=\"html.default\">\n\t\t\t\t<div class=\"elementor-widget-container\">\n\t\t\t\t\t<iframe data-src=\"https:\/\/www.ivoox.com\/player_es_podcast_15654_1.html\" width=\"100%\" style=\"border: 1px solid #D7D7D7;\" height=\"440\" frameborder=\"0\" allowfullscreen=\"0\" scrolling=\"no\"  src=\"data:image\/svg+xml;base64,PHN2ZyB3aWR0aD0iMSIgaGVpZ2h0PSIxIiB4bWxucz0iaHR0cDovL3d3dy53My5vcmcvMjAwMC9zdmciPjwvc3ZnPg==\" class=\"lazyload\" data-load-mode=\"1\"><\/iframe>\t\t\t\t<\/div>\n\t\t\t\t<\/div>\n\t\t\t\t\t<\/div>\n\t\t<\/div>\n\t\t\t\t\t<\/div>\n\t\t<\/section>\n\t\t\t\t<\/div>\n\t\t","protected":false},"excerpt":{"rendered":"<p>\u00c0rea Esportiva Tota l\u2019actualitat dels esports a Alzira, els partits, els resultats,\u2026 i entrevistes amb els protagonistes de les not\u00edcies. Gaudix de la millor informaci\u00f3 de la m\u00e0 de David Chord\u00e0.\u00a0 De dilluns a divendres a les 13.50 h. (repetici\u00f3 a les 15.20 h.) Negras o blancas Negras o Blancas es un programa dedicado al &hellip; <\/p>\n<p class=\"link-more\"><a href=\"https:\/\/alzira.es\/es\/alzira-radio\/a-la-carta\/esports\/\" class=\"more-link\">Continuar leyendo<span class=\"screen-reader-text\"> \u00abEsports\u00bb<\/span><\/a><\/p>\n","protected":false},"author":29,"featured_media":0,"parent":118784,"menu_order":1,"comment_status":"closed","ping_status":"closed","template":"","meta":{"_acf_changed":false,"footnotes":""},"class_list":["post-122046","page","type-page","status-publish","hentry"],"acf":[],"_links":{"self":[{"href":"https:\/\/alzira.es\/es\/wp-json\/wp\/v2\/pages\/122046","targetHints":{"allow":["GET"]}}],"collection":[{"href":"https:\/\/alzira.es\/es\/wp-json\/wp\/v2\/pages"}],"about":[{"href":"https:\/\/alzira.es\/es\/wp-json\/wp\/v2\/types\/page"}],"author":[{"embeddable":true,"href":"https:\/\/alzira.es\/es\/wp-json\/wp\/v2\/users\/29"}],"replies":[{"embeddable":true,"href":"https:\/\/alzira.es\/es\/wp-json\/wp\/v2\/comments?post=122046"}],"version-history":[{"count":2,"href":"https:\/\/alzira.es\/es\/wp-json\/wp\/v2\/pages\/122046\/revisions"}],"predecessor-version":[{"id":122191,"href":"https:\/\/alzira.es\/es\/wp-json\/wp\/v2\/pages\/122046\/revisions\/122191"}],"up":[{"embeddable":true,"href":"https:\/\/alzira.es\/es\/wp-json\/wp\/v2\/pages\/118784"}],"wp:attachment":[{"href":"https:\/\/alzira.es\/es\/wp-json\/wp\/v2\/media?parent=122046"}],"curies":[{"name":"wp","href":"https:\/\/api.w.org\/{rel}","templated":true}]}}