{"id":121993,"date":"2022-03-31T11:39:28","date_gmt":"2022-03-31T09:39:28","guid":{"rendered":"https:\/\/alzira.es\/alzira-radio-2\/"},"modified":"2022-05-17T08:27:26","modified_gmt":"2022-05-17T06:27:26","slug":"alzira-radio-2","status":"publish","type":"page","link":"https:\/\/alzira.es\/es\/alzira-radio-2\/","title":{"rendered":"Alzira R\u00e0dio"},"content":{"rendered":"\t\t<div data-elementor-type=\"wp-page\" data-elementor-id=\"121993\" class=\"elementor elementor-121993 elementor-118803\">\n\t\t\t\t\t\t<section class=\"elementor-section elementor-top-section elementor-element elementor-element-b3e4b4a elementor-section-boxed elementor-section-height-default elementor-section-height-default\" data-id=\"b3e4b4a\" data-element_type=\"section\">\n\t\t\t\t\t\t<div class=\"elementor-container elementor-column-gap-default\">\n\t\t\t\t\t<div class=\"elementor-column elementor-col-50 elementor-top-column elementor-element elementor-element-2d13c98\" data-id=\"2d13c98\" data-element_type=\"column\">\n\t\t\t<div class=\"elementor-widget-wrap elementor-element-populated\">\n\t\t\t\t\t\t<div class=\"elementor-element elementor-element-9752cc1 elementor-widget elementor-widget-image\" data-id=\"9752cc1\" data-element_type=\"widget\" data-widget_type=\"image.default\">\n\t\t\t\t<div class=\"elementor-widget-container\">\n\t\t\t\t\t\t\t\t\t\t\t\t\t\t\t<img decoding=\"async\" width=\"154\" height=\"70\" data-src=\"https:\/\/alzira.es\/wp-content\/uploads\/2022\/03\/web-alzira-radio-noticies-esports-entreteniment.png\" class=\"attachment-large size-large wp-image-118728 lazyload\" alt=\"\" data-sizes=\"100vw\" src=\"data:image\/svg+xml;base64,PHN2ZyB3aWR0aD0iMSIgaGVpZ2h0PSIxIiB4bWxucz0iaHR0cDovL3d3dy53My5vcmcvMjAwMC9zdmciPjwvc3ZnPg==\" style=\"--smush-placeholder-width: 154px; --smush-placeholder-aspect-ratio: 154\/70;\" \/>\t\t\t\t\t\t\t\t\t\t\t\t\t\t\t<\/div>\n\t\t\t\t<\/div>\n\t\t\t\t<div class=\"elementor-element elementor-element-5a3801c elementor-widget elementor-widget-spacer\" data-id=\"5a3801c\" data-element_type=\"widget\" data-widget_type=\"spacer.default\">\n\t\t\t\t<div class=\"elementor-widget-container\">\n\t\t\t\t\t\t\t<div class=\"elementor-spacer\">\n\t\t\t<div class=\"elementor-spacer-inner\"><\/div>\n\t\t<\/div>\n\t\t\t\t\t\t<\/div>\n\t\t\t\t<\/div>\n\t\t\t\t<div class=\"elementor-element elementor-element-e9d7504 elementor-widget elementor-widget-heading\" data-id=\"e9d7504\" data-element_type=\"widget\" data-widget_type=\"heading.default\">\n\t\t\t\t<div class=\"elementor-widget-container\">\n\t\t\t\t\t<h2 class=\"elementor-heading-title elementor-size-default\">LAS NOTICIAS DE ALZIRA. INFORMACI\u00d3N OBJETIVA, CONTRASTADA Y PLURAL.\n<\/h2>\t\t\t\t<\/div>\n\t\t\t\t<\/div>\n\t\t\t\t\t<\/div>\n\t\t<\/div>\n\t\t\t\t<div class=\"elementor-column elementor-col-50 elementor-top-column elementor-element elementor-element-2cb7913\" data-id=\"2cb7913\" data-element_type=\"column\">\n\t\t\t<div class=\"elementor-widget-wrap elementor-element-populated\">\n\t\t\t\t\t\t<div class=\"elementor-element elementor-element-87e0408 elementor-widget elementor-widget-image\" data-id=\"87e0408\" data-element_type=\"widget\" data-widget_type=\"image.default\">\n\t\t\t\t<div class=\"elementor-widget-container\">\n\t\t\t\t\t\t\t\t\t\t\t\t\t\t\t\t<a href=\"https:\/\/alzira.es\/alzira-radio\/escolta-en-directe\/\">\n\t\t\t\t\t\t\t<img fetchpriority=\"high\" decoding=\"async\" width=\"382\" height=\"490\" src=\"https:\/\/alzira.es\/wp-content\/uploads\/2022\/03\/refqerfqerfeq.png\" class=\"attachment-large size-large wp-image-118772\" alt=\"\" sizes=\"100vw\" \/>\t\t\t\t\t\t\t\t<\/a>\n\t\t\t\t\t\t\t\t\t\t\t\t\t\t\t<\/div>\n\t\t\t\t<\/div>\n\t\t\t\t<div class=\"elementor-element elementor-element-93223a7 elementor-widget elementor-widget-heading\" data-id=\"93223a7\" data-element_type=\"widget\" data-widget_type=\"heading.default\">\n\t\t\t\t<div class=\"elementor-widget-container\">\n\t\t\t\t\t<h5 class=\"elementor-heading-title elementor-size-default\"><a href=\"https:\/\/alzira.es\/alzira-radio\/escolta-en-directe\/\" target=\"_blank\">Escucha en Directo<\/a><\/h5>\t\t\t\t<\/div>\n\t\t\t\t<\/div>\n\t\t\t\t\t<\/div>\n\t\t<\/div>\n\t\t\t\t\t<\/div>\n\t\t<\/section>\n\t\t\t\t<section class=\"elementor-section elementor-top-section elementor-element elementor-element-0bf835e elementor-section-full_width iconosportadasec administracio elementor-section-height-default elementor-section-height-default\" data-id=\"0bf835e\" data-element_type=\"section\">\n\t\t\t\t\t\t<div class=\"elementor-container elementor-column-gap-narrow\">\n\t\t\t\t\t<div class=\"elementor-column elementor-col-20 elementor-top-column elementor-element elementor-element-b27ea3a\" data-id=\"b27ea3a\" data-element_type=\"column\" data-settings=\"{&quot;background_background&quot;:&quot;classic&quot;}\">\n\t\t\t<div class=\"elementor-widget-wrap elementor-element-populated\">\n\t\t\t\t\t\t<div class=\"elementor-element elementor-element-aa86e02 elementor-widget elementor-widget-image\" data-id=\"aa86e02\" data-element_type=\"widget\" data-widget_type=\"image.default\">\n\t\t\t\t<div class=\"elementor-widget-container\">\n\t\t\t\t\t\t\t\t\t\t\t\t\t\t\t\t<a href=\"https:\/\/alzira.es\/alzira-radio-no\/a-la-carta\/\" target=\"_blank\">\n\t\t\t\t\t\t\t<img decoding=\"async\" width=\"410\" height=\"410\" data-src=\"https:\/\/alzira.es\/wp-content\/uploads\/2022\/03\/Recurso-3-1.png\" class=\"attachment-medium_large size-medium_large wp-image-118868 lazyload\" alt=\"\" data-srcset=\"https:\/\/alzira.es\/wp-content\/uploads\/2022\/03\/Recurso-3-1.png 410w, https:\/\/alzira.es\/wp-content\/uploads\/2022\/03\/Recurso-3-1-350x350.png 350w, https:\/\/alzira.es\/wp-content\/uploads\/2022\/03\/Recurso-3-1-300x300.png 300w, https:\/\/alzira.es\/wp-content\/uploads\/2022\/03\/Recurso-3-1-100x100.png 100w\" data-sizes=\"100vw\" src=\"data:image\/svg+xml;base64,PHN2ZyB3aWR0aD0iMSIgaGVpZ2h0PSIxIiB4bWxucz0iaHR0cDovL3d3dy53My5vcmcvMjAwMC9zdmciPjwvc3ZnPg==\" style=\"--smush-placeholder-width: 410px; --smush-placeholder-aspect-ratio: 410\/410;\" \/>\t\t\t\t\t\t\t\t<\/a>\n\t\t\t\t\t\t\t\t\t\t\t\t\t\t\t<\/div>\n\t\t\t\t<\/div>\n\t\t\t\t<div class=\"elementor-element elementor-element-655e3b3 elementor-widget elementor-widget-spacer\" data-id=\"655e3b3\" data-element_type=\"widget\" data-widget_type=\"spacer.default\">\n\t\t\t\t<div class=\"elementor-widget-container\">\n\t\t\t\t\t\t\t<div class=\"elementor-spacer\">\n\t\t\t<div class=\"elementor-spacer-inner\"><\/div>\n\t\t<\/div>\n\t\t\t\t\t\t<\/div>\n\t\t\t\t<\/div>\n\t\t\t\t<div class=\"elementor-element elementor-element-65752cf elementor-widget elementor-widget-heading\" data-id=\"65752cf\" data-element_type=\"widget\" data-widget_type=\"heading.default\">\n\t\t\t\t<div class=\"elementor-widget-container\">\n\t\t\t\t\t<h5 class=\"elementor-heading-title elementor-size-default\"><a href=\"https:\/\/alzira.es\/alzira-radio\/a-la-carta\/\" target=\"_blank\">A la carta<\/a><\/h5>\t\t\t\t<\/div>\n\t\t\t\t<\/div>\n\t\t\t\t\t<\/div>\n\t\t<\/div>\n\t\t\t\t<div class=\"elementor-column elementor-col-20 elementor-top-column elementor-element elementor-element-f9cd886\" data-id=\"f9cd886\" data-element_type=\"column\">\n\t\t\t<div class=\"elementor-widget-wrap elementor-element-populated\">\n\t\t\t\t\t\t<div class=\"elementor-element elementor-element-f484a6d elementor-widget elementor-widget-image\" data-id=\"f484a6d\" data-element_type=\"widget\" data-widget_type=\"image.default\">\n\t\t\t\t<div class=\"elementor-widget-container\">\n\t\t\t\t\t\t\t\t\t\t\t\t\t\t\t\t<a href=\"https:\/\/alzira.es\/alzira-radio\/programacio\/\" target=\"_blank\">\n\t\t\t\t\t\t\t<img decoding=\"async\" width=\"472\" height=\"354\" data-src=\"https:\/\/alzira.es\/wp-content\/uploads\/2022\/03\/Recurso-5-1.png\" class=\"attachment-medium_large size-medium_large wp-image-118870 lazyload\" alt=\"\" data-sizes=\"100vw\" src=\"data:image\/svg+xml;base64,PHN2ZyB3aWR0aD0iMSIgaGVpZ2h0PSIxIiB4bWxucz0iaHR0cDovL3d3dy53My5vcmcvMjAwMC9zdmciPjwvc3ZnPg==\" style=\"--smush-placeholder-width: 472px; --smush-placeholder-aspect-ratio: 472\/354;\" \/>\t\t\t\t\t\t\t\t<\/a>\n\t\t\t\t\t\t\t\t\t\t\t\t\t\t\t<\/div>\n\t\t\t\t<\/div>\n\t\t\t\t<div class=\"elementor-element elementor-element-20ec9a0 elementor-widget elementor-widget-spacer\" data-id=\"20ec9a0\" data-element_type=\"widget\" data-widget_type=\"spacer.default\">\n\t\t\t\t<div class=\"elementor-widget-container\">\n\t\t\t\t\t\t\t<div class=\"elementor-spacer\">\n\t\t\t<div class=\"elementor-spacer-inner\"><\/div>\n\t\t<\/div>\n\t\t\t\t\t\t<\/div>\n\t\t\t\t<\/div>\n\t\t\t\t<div class=\"elementor-element elementor-element-7ed1dae elementor-widget elementor-widget-heading\" data-id=\"7ed1dae\" data-element_type=\"widget\" data-widget_type=\"heading.default\">\n\t\t\t\t<div class=\"elementor-widget-container\">\n\t\t\t\t\t<h5 class=\"elementor-heading-title elementor-size-default\"><a href=\"https:\/\/alzira.es\/alzira-radio\/programacio\/\" target=\"_blank\">Programaci\u00f3n<\/a><\/h5>\t\t\t\t<\/div>\n\t\t\t\t<\/div>\n\t\t\t\t\t<\/div>\n\t\t<\/div>\n\t\t\t\t<div class=\"elementor-column elementor-col-20 elementor-top-column elementor-element elementor-element-9aebbc2\" data-id=\"9aebbc2\" data-element_type=\"column\">\n\t\t\t<div class=\"elementor-widget-wrap elementor-element-populated\">\n\t\t\t\t\t\t<div class=\"elementor-element elementor-element-17926be elementor-widget elementor-widget-image\" data-id=\"17926be\" data-element_type=\"widget\" data-widget_type=\"image.default\">\n\t\t\t\t<div class=\"elementor-widget-container\">\n\t\t\t\t\t\t\t\t\t\t\t\t\t\t\t\t<a href=\"https:\/\/alzira.es\/es\/alzira-radio\/descubre-alzira-radio\/\" target=\"_blank\">\n\t\t\t\t\t\t\t<img decoding=\"async\" width=\"410\" height=\"409\" data-src=\"https:\/\/alzira.es\/wp-content\/uploads\/2022\/03\/Recurso-4-2.png\" class=\"attachment-medium_large size-medium_large wp-image-118862 lazyload\" alt=\"\" data-srcset=\"https:\/\/alzira.es\/wp-content\/uploads\/2022\/03\/Recurso-4-2.png 410w, https:\/\/alzira.es\/wp-content\/uploads\/2022\/03\/Recurso-4-2-350x350.png 350w, https:\/\/alzira.es\/wp-content\/uploads\/2022\/03\/Recurso-4-2-300x300.png 300w, https:\/\/alzira.es\/wp-content\/uploads\/2022\/03\/Recurso-4-2-100x100.png 100w\" data-sizes=\"100vw\" src=\"data:image\/svg+xml;base64,PHN2ZyB3aWR0aD0iMSIgaGVpZ2h0PSIxIiB4bWxucz0iaHR0cDovL3d3dy53My5vcmcvMjAwMC9zdmciPjwvc3ZnPg==\" style=\"--smush-placeholder-width: 410px; --smush-placeholder-aspect-ratio: 410\/409;\" \/>\t\t\t\t\t\t\t\t<\/a>\n\t\t\t\t\t\t\t\t\t\t\t\t\t\t\t<\/div>\n\t\t\t\t<\/div>\n\t\t\t\t<div class=\"elementor-element elementor-element-b4be6d2 elementor-widget elementor-widget-spacer\" data-id=\"b4be6d2\" data-element_type=\"widget\" data-widget_type=\"spacer.default\">\n\t\t\t\t<div class=\"elementor-widget-container\">\n\t\t\t\t\t\t\t<div class=\"elementor-spacer\">\n\t\t\t<div class=\"elementor-spacer-inner\"><\/div>\n\t\t<\/div>\n\t\t\t\t\t\t<\/div>\n\t\t\t\t<\/div>\n\t\t\t\t<div class=\"elementor-element elementor-element-706e79f elementor-widget elementor-widget-heading\" data-id=\"706e79f\" data-element_type=\"widget\" data-widget_type=\"heading.default\">\n\t\t\t\t<div class=\"elementor-widget-container\">\n\t\t\t\t\t<h5 class=\"elementor-heading-title elementor-size-default\"><a href=\"https:\/\/alzira.es\/alzira-radio-no\/descobreix-alzira-radio\/\" target=\"_blank\">Descubre Alzira Radio<\/a><\/h5>\t\t\t\t<\/div>\n\t\t\t\t<\/div>\n\t\t\t\t\t<\/div>\n\t\t<\/div>\n\t\t\t\t<div class=\"elementor-column elementor-col-20 elementor-top-column elementor-element elementor-element-26ac468\" data-id=\"26ac468\" data-element_type=\"column\">\n\t\t\t<div class=\"elementor-widget-wrap elementor-element-populated\">\n\t\t\t\t\t\t<div class=\"elementor-element elementor-element-cf42973 elementor-widget elementor-widget-image\" data-id=\"cf42973\" data-element_type=\"widget\" data-widget_type=\"image.default\">\n\t\t\t\t<div class=\"elementor-widget-container\">\n\t\t\t\t\t\t\t\t\t\t\t\t\t\t\t\t<a href=\"https:\/\/alzira.es\/es\/publicitate-en-la-radio\/\" target=\"_blank\">\n\t\t\t\t\t\t\t<img decoding=\"async\" width=\"410\" height=\"387\" data-src=\"https:\/\/alzira.es\/wp-content\/uploads\/2022\/03\/Recurso-2-1.png\" class=\"attachment-medium_large size-medium_large wp-image-118866 lazyload\" alt=\"\" data-sizes=\"100vw\" src=\"data:image\/svg+xml;base64,PHN2ZyB3aWR0aD0iMSIgaGVpZ2h0PSIxIiB4bWxucz0iaHR0cDovL3d3dy53My5vcmcvMjAwMC9zdmciPjwvc3ZnPg==\" style=\"--smush-placeholder-width: 410px; --smush-placeholder-aspect-ratio: 410\/387;\" \/>\t\t\t\t\t\t\t\t<\/a>\n\t\t\t\t\t\t\t\t\t\t\t\t\t\t\t<\/div>\n\t\t\t\t<\/div>\n\t\t\t\t<div class=\"elementor-element elementor-element-ebe397b elementor-widget elementor-widget-spacer\" data-id=\"ebe397b\" data-element_type=\"widget\" data-widget_type=\"spacer.default\">\n\t\t\t\t<div class=\"elementor-widget-container\">\n\t\t\t\t\t\t\t<div class=\"elementor-spacer\">\n\t\t\t<div class=\"elementor-spacer-inner\"><\/div>\n\t\t<\/div>\n\t\t\t\t\t\t<\/div>\n\t\t\t\t<\/div>\n\t\t\t\t<div class=\"elementor-element elementor-element-ab484e8 elementor-widget elementor-widget-heading\" data-id=\"ab484e8\" data-element_type=\"widget\" data-widget_type=\"heading.default\">\n\t\t\t\t<div class=\"elementor-widget-container\">\n\t\t\t\t\t<h5 class=\"elementor-heading-title elementor-size-default\"><a href=\"https:\/\/alzira.es\/es\/publicitate-en-la-radio\/\" target=\"_blank\">Public\u00edtate en la Radio<\/a><\/h5>\t\t\t\t<\/div>\n\t\t\t\t<\/div>\n\t\t\t\t\t<\/div>\n\t\t<\/div>\n\t\t\t\t<div class=\"elementor-column elementor-col-20 elementor-top-column elementor-element elementor-element-146aece\" data-id=\"146aece\" data-element_type=\"column\">\n\t\t\t<div class=\"elementor-widget-wrap elementor-element-populated\">\n\t\t\t\t\t\t<div class=\"elementor-element elementor-element-f04bf09 elementor-widget elementor-widget-image\" data-id=\"f04bf09\" data-element_type=\"widget\" data-widget_type=\"image.default\">\n\t\t\t\t<div class=\"elementor-widget-container\">\n\t\t\t\t\t\t\t\t\t\t\t\t\t\t\t\t<a href=\"https:\/\/alzira.es\/es\/alzira-radio\/contacta\/\" target=\"_blank\">\n\t\t\t\t\t\t\t<img decoding=\"async\" width=\"384\" height=\"385\" data-src=\"https:\/\/alzira.es\/wp-content\/uploads\/2022\/03\/Recurso-1.png\" class=\"attachment-medium_large size-medium_large wp-image-118864 lazyload\" alt=\"\" data-srcset=\"https:\/\/alzira.es\/wp-content\/uploads\/2022\/03\/Recurso-1.png 384w, https:\/\/alzira.es\/wp-content\/uploads\/2022\/03\/Recurso-1-350x350.png 350w, https:\/\/alzira.es\/wp-content\/uploads\/2022\/03\/Recurso-1-300x300.png 300w, https:\/\/alzira.es\/wp-content\/uploads\/2022\/03\/Recurso-1-100x100.png 100w\" data-sizes=\"100vw\" src=\"data:image\/svg+xml;base64,PHN2ZyB3aWR0aD0iMSIgaGVpZ2h0PSIxIiB4bWxucz0iaHR0cDovL3d3dy53My5vcmcvMjAwMC9zdmciPjwvc3ZnPg==\" style=\"--smush-placeholder-width: 384px; --smush-placeholder-aspect-ratio: 384\/385;\" \/>\t\t\t\t\t\t\t\t<\/a>\n\t\t\t\t\t\t\t\t\t\t\t\t\t\t\t<\/div>\n\t\t\t\t<\/div>\n\t\t\t\t<div class=\"elementor-element elementor-element-807a804 elementor-widget elementor-widget-spacer\" data-id=\"807a804\" data-element_type=\"widget\" data-widget_type=\"spacer.default\">\n\t\t\t\t<div class=\"elementor-widget-container\">\n\t\t\t\t\t\t\t<div class=\"elementor-spacer\">\n\t\t\t<div class=\"elementor-spacer-inner\"><\/div>\n\t\t<\/div>\n\t\t\t\t\t\t<\/div>\n\t\t\t\t<\/div>\n\t\t\t\t<div class=\"elementor-element elementor-element-9967cef elementor-widget elementor-widget-heading\" data-id=\"9967cef\" data-element_type=\"widget\" data-widget_type=\"heading.default\">\n\t\t\t\t<div class=\"elementor-widget-container\">\n\t\t\t\t\t<h5 class=\"elementor-heading-title elementor-size-default\"><a href=\"https:\/\/alzira.es\/es\/alzira-radio\/contacta\/\" target=\"_blank\">Contacta<\/a><\/h5>\t\t\t\t<\/div>\n\t\t\t\t<\/div>\n\t\t\t\t\t<\/div>\n\t\t<\/div>\n\t\t\t\t\t<\/div>\n\t\t<\/section>\n\t\t\t\t<section class=\"elementor-section elementor-top-section elementor-element elementor-element-e306bcb elementor-section-boxed elementor-section-height-default elementor-section-height-default\" data-id=\"e306bcb\" data-element_type=\"section\">\n\t\t\t\t\t\t<div class=\"elementor-container elementor-column-gap-default\">\n\t\t\t\t\t<div class=\"elementor-column elementor-col-100 elementor-top-column elementor-element elementor-element-0230743\" data-id=\"0230743\" data-element_type=\"column\">\n\t\t\t<div class=\"elementor-widget-wrap elementor-element-populated\">\n\t\t\t\t\t\t<div class=\"elementor-element elementor-element-3a0c0c4 elementor-widget elementor-widget-heading\" data-id=\"3a0c0c4\" data-element_type=\"widget\" data-widget_type=\"heading.default\">\n\t\t\t\t<div class=\"elementor-widget-container\">\n\t\t\t\t\t<h2 class=\"elementor-heading-title elementor-size-default\">Informativos<\/h2>\t\t\t\t<\/div>\n\t\t\t\t<\/div>\n\t\t\t\t<div class=\"elementor-element elementor-element-82c0ff8 elementor-widget elementor-widget-text-editor\" data-id=\"82c0ff8\" data-element_type=\"widget\" data-widget_type=\"text-editor.default\">\n\t\t\t\t<div class=\"elementor-widget-container\">\n\t\t\t\t\t\t\t\t\t<p>Los Servicios Informativos de Alzira Radio recogen la informaci\u00f3n m\u00e1s relevante de nuestra localidad, acerc\u00e1ndote los acontecimientos, las noticias del Ayuntamiento, de los Servicios P\u00fablicos, de la Cultura, la Econom\u00eda, la Pol\u00edtica. Informaci\u00f3n de calidad de la radio p\u00fablica.<\/p>\n\t\t\t\t\t\t\t\t<\/div>\n\t\t\t\t<\/div>\n\t\t\t\t<div class=\"elementor-element elementor-element-54c3191 elementor-widget elementor-widget-html\" data-id=\"54c3191\" data-element_type=\"widget\" data-widget_type=\"html.default\">\n\t\t\t\t<div class=\"elementor-widget-container\">\n\t\t\t\t\t<iframe data-src=\"https:\/\/www.ivoox.com\/player_es_podcast_15362_1.html\" width=\"100%\" style=\"border: 1px solid #D7D7D7;\" height=\"440\" frameborder=\"0\" allowfullscreen=\"0\" scrolling=\"no\"  src=\"data:image\/svg+xml;base64,PHN2ZyB3aWR0aD0iMSIgaGVpZ2h0PSIxIiB4bWxucz0iaHR0cDovL3d3dy53My5vcmcvMjAwMC9zdmciPjwvc3ZnPg==\" class=\"lazyload\" data-load-mode=\"1\"><\/iframe>\t\t\t\t<\/div>\n\t\t\t\t<\/div>\n\t\t\t\t\t<\/div>\n\t\t<\/div>\n\t\t\t\t\t<\/div>\n\t\t<\/section>\n\t\t\t\t<section class=\"elementor-section elementor-top-section elementor-element elementor-element-b214e03 elementor-section-boxed elementor-section-height-default elementor-section-height-default\" data-id=\"b214e03\" data-element_type=\"section\">\n\t\t\t\t\t\t<div class=\"elementor-container elementor-column-gap-default\">\n\t\t\t\t\t<div class=\"elementor-column elementor-col-100 elementor-top-column elementor-element elementor-element-030b343\" data-id=\"030b343\" data-element_type=\"column\">\n\t\t\t<div class=\"elementor-widget-wrap elementor-element-populated\">\n\t\t\t\t\t\t<div class=\"elementor-element elementor-element-a095beb elementor-widget elementor-widget-heading\" data-id=\"a095beb\" data-element_type=\"widget\" data-widget_type=\"heading.default\">\n\t\t\t\t<div class=\"elementor-widget-container\">\n\t\t\t\t\t<h2 class=\"elementor-heading-title elementor-size-default\">Noticias<\/h2>\t\t\t\t<\/div>\n\t\t\t\t<\/div>\n\t\t\t\t\t<\/div>\n\t\t<\/div>\n\t\t\t\t\t<\/div>\n\t\t<\/section>\n\t\t\t\t<section class=\"elementor-section elementor-top-section elementor-element elementor-element-b58da50 elementor-section-boxed elementor-section-height-default elementor-section-height-default\" data-id=\"b58da50\" data-element_type=\"section\">\n\t\t\t\t\t\t<div class=\"elementor-container elementor-column-gap-default\">\n\t\t\t\t\t<div class=\"elementor-column elementor-col-100 elementor-top-column elementor-element elementor-element-8f3b70d\" data-id=\"8f3b70d\" data-element_type=\"column\">\n\t\t\t<div class=\"elementor-widget-wrap elementor-element-populated\">\n\t\t\t\t\t\t<div class=\"elementor-element elementor-element-a948f84 elementor-widget elementor-widget-shortcode\" data-id=\"a948f84\" data-element_type=\"widget\" data-widget_type=\"shortcode.default\">\n\t\t\t\t<div class=\"elementor-widget-container\">\n\t\t\t\t\t\t\t<div class=\"elementor-shortcode\"><input type=\"hidden\" id=\"numelementoscarusel\" value=\"2\"><div id=\"wrapnoticiashome\"><div id=\"articulos-recientes\"><div class=\"item-reciente\" data-position=\"1\"><h3><a href=\"https:\/\/alzira.es\/es\/la-policia-local-dalzira-realitza-dos-detencions-gracies-als-avisos-dels-veins\/\">La Policia Local d\u2019Alzira realitza dos detencions gr\u00e0cies als avisos dels ve\u00efns<\/a><\/h3><span class=\"date\">1 de abril de 2026<\/span><p class=\"excerpt\">La Policia Local d\u2019Alzira ha practicat este cap de setmana la detenci\u00f3 de dos persones per presumptes delictes de robatori, gr\u00e0cies als avisos telef\u00f2nics realitzats per ciutadans que van alertar dels fets. En un primer&hellip;<a href=\"https:\/\/alzira.es\/es\/la-policia-local-dalzira-realitza-dos-detencions-gracies-als-avisos-dels-veins\/\"> &hellip; <p class=\"link-more\"><a href=\"https:\/\/alzira.es\/es\/la-policia-local-dalzira-realitza-dos-detencions-gracies-als-avisos-dels-veins\/\" class=\"more-link\">Continuar leyendo<span class=\"screen-reader-text\"> \"La Policia Local d\u2019Alzira realitza dos detencions gr\u00e0cies als avisos dels ve\u00efns\"<\/span><\/a><\/p><\/a><\/p><a class=\"imagen-post-reciente\" href=\"https:\/\/alzira.es\/es\/la-policia-local-dalzira-realitza-dos-detencions-gracies-als-avisos-dels-veins\/\"><img decoding=\"async\" width=\"680\" height=\"510\" data-src=\"https:\/\/alzira.es\/wp-content\/uploads\/2026\/04\/0002-680x510.jpg\" class=\"attachment-medium size-medium wp-post-image lazyload\" alt=\"\" data-srcset=\"https:\/\/alzira.es\/wp-content\/uploads\/2026\/04\/0002-680x510.jpg 680w, https:\/\/alzira.es\/wp-content\/uploads\/2026\/04\/0002-1430x1072.jpg 1430w, https:\/\/alzira.es\/wp-content\/uploads\/2026\/04\/0002-768x576.jpg 768w, https:\/\/alzira.es\/wp-content\/uploads\/2026\/04\/0002-1536x1152.jpg 1536w, https:\/\/alzira.es\/wp-content\/uploads\/2026\/04\/0002-2048x1536.jpg 2048w\" data-sizes=\"100vw\" src=\"data:image\/svg+xml;base64,PHN2ZyB3aWR0aD0iMSIgaGVpZ2h0PSIxIiB4bWxucz0iaHR0cDovL3d3dy53My5vcmcvMjAwMC9zdmciPjwvc3ZnPg==\" style=\"--smush-placeholder-width: 680px; --smush-placeholder-aspect-ratio: 680\/510;\" \/><\/a> <div class=\"categ\">Policia Local<\/div><\/div><div class=\"item-reciente\" data-position=\"2\"><a class=\"imagen-post-reciente\" href=\"https:\/\/alzira.es\/es\/la-placa-dalacant-un-nou-espai-verd-per-a-vianants\/\"><img decoding=\"async\" width=\"680\" height=\"383\" data-src=\"https:\/\/alzira.es\/wp-content\/uploads\/2026\/03\/placa_alacant-7-680x383.jpeg\" class=\"attachment-medium size-medium wp-post-image lazyload\" alt=\"\" data-srcset=\"https:\/\/alzira.es\/wp-content\/uploads\/2026\/03\/placa_alacant-7-680x383.jpeg 680w, https:\/\/alzira.es\/wp-content\/uploads\/2026\/03\/placa_alacant-7-1430x804.jpeg 1430w, https:\/\/alzira.es\/wp-content\/uploads\/2026\/03\/placa_alacant-7-768x432.jpeg 768w, https:\/\/alzira.es\/wp-content\/uploads\/2026\/03\/placa_alacant-7-1536x864.jpeg 1536w, https:\/\/alzira.es\/wp-content\/uploads\/2026\/03\/placa_alacant-7.jpeg 1600w\" data-sizes=\"100vw\" src=\"data:image\/svg+xml;base64,PHN2ZyB3aWR0aD0iMSIgaGVpZ2h0PSIxIiB4bWxucz0iaHR0cDovL3d3dy53My5vcmcvMjAwMC9zdmciPjwvc3ZnPg==\" style=\"--smush-placeholder-width: 680px; --smush-placeholder-aspect-ratio: 680\/383;\" \/><\/a> <div class=\"categ\">\u00c0rea d'Urbanisme, Projectes i Infraestructures<\/div><h3><a href=\"https:\/\/alzira.es\/es\/la-placa-dalacant-un-nou-espai-verd-per-a-vianants\/\">La pla\u00e7a d\u2019Alacant, un nou espai verd per a vianants<\/a><\/h3><span class=\"date\">31 de marzo de 2026<\/span><p class=\"excerpt\">L'Ajuntament d\u2019Alzira, a trav\u00e9s de la Regidoria d\u2019Urbanisme, ha finalitzat l'actuaci\u00f3 de conversi\u00f3 en zona de vianants i calmat de tr\u00e0nsit en la Pla\u00e7a Alacant, amb l'objectiu de millorar la mobilitat urbana sostenible, incrementar la&hellip;<a href=\"https:\/\/alzira.es\/es\/la-placa-dalacant-un-nou-espai-verd-per-a-vianants\/\"> &hellip; <p class=\"link-more\"><a href=\"https:\/\/alzira.es\/es\/la-placa-dalacant-un-nou-espai-verd-per-a-vianants\/\" class=\"more-link\">Continuar leyendo<span class=\"screen-reader-text\"> \"La pla\u00e7a d\u2019Alacant, un nou espai verd per a vianants\"<\/span><\/a><\/p><\/a><\/p><\/div><\/div><\/div><\/div>\n\t\t\t\t\t\t<\/div>\n\t\t\t\t<\/div>\n\t\t\t\t\t<\/div>\n\t\t<\/div>\n\t\t\t\t\t<\/div>\n\t\t<\/section>\n\t\t\t\t<\/div>\n\t\t","protected":false},"excerpt":{"rendered":"<p>LAS NOTICIAS DE ALZIRA. INFORMACI\u00d3N OBJETIVA, CONTRASTADA Y PLURAL. Escucha en Directo A la carta Programaci\u00f3n Descubre Alzira Radio Public\u00edtate en la Radio Contacta Informativos Los Servicios Informativos de Alzira Radio recogen la informaci\u00f3n m\u00e1s relevante de nuestra localidad, acerc\u00e1ndote los acontecimientos, las noticias del Ayuntamiento, de los Servicios P\u00fablicos, de la Cultura, la Econom\u00eda, &hellip; <\/p>\n<p class=\"link-more\"><a href=\"https:\/\/alzira.es\/es\/la-placa-dalacant-un-nou-espai-verd-per-a-vianants\/\" class=\"more-link\">Continuar leyendo<span class=\"screen-reader-text\"> \u00abLa pla\u00e7a d\u2019Alacant, un nou espai verd per a vianants\u00bb<\/span><\/a><\/p>\n","protected":false},"author":29,"featured_media":0,"parent":0,"menu_order":0,"comment_status":"closed","ping_status":"closed","template":"","meta":{"_acf_changed":false,"footnotes":""},"class_list":["post-121993","page","type-page","status-publish","hentry"],"acf":[],"_links":{"self":[{"href":"https:\/\/alzira.es\/es\/wp-json\/wp\/v2\/pages\/121993","targetHints":{"allow":["GET"]}}],"collection":[{"href":"https:\/\/alzira.es\/es\/wp-json\/wp\/v2\/pages"}],"about":[{"href":"https:\/\/alzira.es\/es\/wp-json\/wp\/v2\/types\/page"}],"author":[{"embeddable":true,"href":"https:\/\/alzira.es\/es\/wp-json\/wp\/v2\/users\/29"}],"replies":[{"embeddable":true,"href":"https:\/\/alzira.es\/es\/wp-json\/wp\/v2\/comments?post=121993"}],"version-history":[{"count":2,"href":"https:\/\/alzira.es\/es\/wp-json\/wp\/v2\/pages\/121993\/revisions"}],"predecessor-version":[{"id":121998,"href":"https:\/\/alzira.es\/es\/wp-json\/wp\/v2\/pages\/121993\/revisions\/121998"}],"wp:attachment":[{"href":"https:\/\/alzira.es\/es\/wp-json\/wp\/v2\/media?parent=121993"}],"curies":[{"name":"wp","href":"https:\/\/api.w.org\/{rel}","templated":true}]}}