{"id":121991,"date":"2022-03-31T11:35:04","date_gmt":"2022-03-31T09:35:04","guid":{"rendered":"https:\/\/alzira.es\/publicitate-en-la-radio\/"},"modified":"2022-05-17T08:23:27","modified_gmt":"2022-05-17T06:23:27","slug":"publicitate-en-la-radio","status":"publish","type":"page","link":"https:\/\/alzira.es\/es\/alzira-radio-2\/publicitate-en-la-radio\/","title":{"rendered":"Public\u00edtate en la Radio"},"content":{"rendered":"\t\t<div data-elementor-type=\"wp-page\" data-elementor-id=\"121991\" class=\"elementor elementor-121991 elementor-118794\">\n\t\t\t\t\t\t<section class=\"elementor-section elementor-top-section elementor-element elementor-element-946d367 elementor-section-boxed elementor-section-height-default elementor-section-height-default\" data-id=\"946d367\" data-element_type=\"section\">\n\t\t\t\t\t\t<div class=\"elementor-container elementor-column-gap-default\">\n\t\t\t\t\t<div class=\"elementor-column elementor-col-100 elementor-top-column elementor-element elementor-element-5cb40e1\" data-id=\"5cb40e1\" data-element_type=\"column\">\n\t\t\t<div class=\"elementor-widget-wrap elementor-element-populated\">\n\t\t\t\t\t\t<div class=\"elementor-element elementor-element-1cf482d elementor-widget elementor-widget-text-editor\" data-id=\"1cf482d\" data-element_type=\"widget\" data-widget_type=\"text-editor.default\">\n\t\t\t\t<div class=\"elementor-widget-container\">\n\t\t\t\t\t\t\t\t\t<p>Com anunciar-se a Alzira R\u00e0dio:<\/p>\n<p><strong>TARIFES DE PUBLICITAT<\/strong><\/p>\n<table border=\"0\" cellspacing=\"0\" cellpadding=\"0\">\n<tbody>\n<tr>\n<td valign=\"top\">\n<div align=\"right\"><strong>FALQUES (CU\u00d1AS)<\/strong><\/div>\n<\/td>\n<td>\u00a0<\/td>\n<td valign=\"top\">\u00a0<\/td>\n<\/tr>\n<tr>\n<td valign=\"top\" width=\"313\">Fins 20\u201d<\/td>\n<td>\u00a0<\/td>\n<td valign=\"top\" width=\"390\">2 \u20ac<\/td>\n<\/tr>\n<tr>\n<td valign=\"top\" width=\"313\">Fins 40\u201d<\/td>\n<td>\u00a0<\/td>\n<td valign=\"top\" width=\"390\">4 \u20ac<\/td>\n<\/tr>\n<tr>\n<td valign=\"top\" width=\"313\">Fins 60\u201d<\/td>\n<td>\u00a0<\/td>\n<td valign=\"top\" width=\"390\">6 \u20ac<\/td>\n<\/tr>\n<tr>\n<td>\u00a0<\/td>\n<td>\u00a0<\/td>\n<td>\u00a0<\/td>\n<\/tr>\n<tr>\n<td>\n<div align=\"right\">PATROCINI PROGRAMES<\/div>\n<\/td>\n<td>\u00a0<\/td>\n<td>\u00a0<\/td>\n<\/tr>\n<tr>\n<td valign=\"top\">Fins 5\u2032<\/td>\n<td valign=\"top\">\u00a0<\/td>\n<td valign=\"top\">15 \u20ac<\/td>\n<\/tr>\n<tr>\n<td valign=\"top\">Fins 15\u2032<\/td>\n<td valign=\"top\">\u00a0<\/td>\n<td valign=\"top\">33 \u20ac<\/td>\n<\/tr>\n<tr>\n<td valign=\"top\">Fins 30\u2032<\/td>\n<td valign=\"top\">\u00a0<\/td>\n<td valign=\"top\">55 \u20ac<\/td>\n<\/tr>\n<tr>\n<td valign=\"top\">Fins 60\u2032<\/td>\n<td valign=\"top\">\u00a0<\/td>\n<td valign=\"top\">100 \u20ac<\/td>\n<\/tr>\n<tr>\n<td>\n<div align=\"right\">\u00a0<\/div>\n<\/td>\n<td>\u00a0<\/td>\n<td>\u00a0<\/td>\n<\/tr>\n<tr>\n<td valign=\"top\">MICROESPAIS (fins 5\u2032)<\/td>\n<td valign=\"top\">\u00a0<\/td>\n<td valign=\"top\">25 \u20ac<\/td>\n<\/tr>\n<tr>\n<td>\n<div align=\"right\">\u00a0<\/div>\n<\/td>\n<td>\u00a0<\/td>\n<td>\u00a0<\/td>\n<\/tr>\n<tr>\n<td colspan=\"3\">\n<div align=\"center\">Horaris elegits pel client: Increment del 20%<\/div>\n<\/td>\n<\/tr>\n<tr>\n<td>\u00a0<\/td>\n<td>\u00a0<\/td>\n<td>\u00a0<\/td>\n<\/tr>\n<tr>\n<td>\n<div align=\"right\">MENCI\u00d3 DE CORTESIA<\/div>\n<\/td>\n<td>\u00a0<\/td>\n<td>5 \u20ac<\/td>\n<\/tr>\n<tr>\n<td>\n<div align=\"right\">\u00a0<\/div>\n<\/td>\n<td>\u00a0<\/td>\n<td>\u00a0<\/td>\n<\/tr>\n<tr>\n<td valign=\"middle\" width=\"313\">ESQUEL\u00b7LES<\/td>\n<td>\u00a0<\/td>\n<td>3 \u20ac<\/td>\n<\/tr>\n<tr>\n<td valign=\"top\" width=\"313\">OBJECTES PERDUTS<\/td>\n<td>\u00a0<\/td>\n<td>3 \u20ac<\/td>\n<\/tr>\n<tr>\n<td>\n<div align=\"right\">\u00a0<\/div>\n<\/td>\n<td>\u00a0<\/td>\n<td>\u00a0<\/td>\n<\/tr>\n<tr>\n<td colspan=\"3\">\n<div align=\"center\">DESCOMPTES (sobre el preu total de les falques)<\/div>\n<\/td>\n<\/tr>\n<tr>\n<td valign=\"top\" width=\"313\">3 mesos<\/td>\n<td valign=\"top\" width=\"14\">\u00a0<\/td>\n<td valign=\"top\" width=\"390\">3%<\/td>\n<\/tr>\n<tr>\n<td valign=\"top\" width=\"313\">6 mesos<\/td>\n<td valign=\"top\" width=\"14\">\u00a0<\/td>\n<td valign=\"top\" width=\"390\">6%<\/td>\n<\/tr>\n<tr>\n<td valign=\"top\" width=\"313\">9 mesos<\/td>\n<td valign=\"top\" width=\"14\">\u00a0<\/td>\n<td valign=\"top\" width=\"390\">9%<\/td>\n<\/tr>\n<tr>\n<td valign=\"top\" width=\"313\">12 mesos<\/td>\n<td valign=\"top\" width=\"14\">\u00a0<\/td>\n<td valign=\"top\" width=\"390\">12%<\/td>\n<\/tr>\n<tr>\n<td colspan=\"3\">\n<div align=\"center\"><strong>TAXES PER LA UTILITAZCI\u00d3 DE L\u2019ESTUDI DE GRAVACI\u00d3<\/strong><\/div>\n<\/td>\n<\/tr>\n<tr>\n<td>\n<div align=\"right\">Fins a 30\u2032 minuts amb un t\u00e8cnic de so<\/div>\n<\/td>\n<td>\u00a0<\/td>\n<td><strong>20,66 \u20ac ( 25 \u20ac I.V.A. INCL\u00d2S)<\/strong><\/td>\n<\/tr>\n<tr>\n<td>\n<div align=\"right\">Fins a 60\u2032 minuts amb un t\u00e8cnic de so<\/div>\n<\/td>\n<td>\u00a0<\/td>\n<td><strong>41,32 \u20ac (50 \u20ac I.V.A INCL\u00d2S)<\/strong><\/td>\n<\/tr>\n<tr>\n<td>\u00a0<\/td>\n<td>\u00a0<\/td>\n<td>\u00a0<\/td>\n<\/tr>\n<tr>\n<td colspan=\"3\">\n<div align=\"center\">TOTS ELS PREUS tenen l\u2019IVA EXCL\u00d2S<\/div>\n<\/td>\n<\/tr>\n<tr>\n<td colspan=\"3\">\u00a0<\/td>\n<\/tr>\n<tr>\n<td colspan=\"3\">\n<div align=\"center\">BONUS EN FALQUES PER A FIDELITZACI\u00d3 DE CLIENTS<br \/>M\u00c0XIM UN 20% A PARTIR DE 100 \u20ac DE CONTRACTACI\u00d3<\/div>\n<\/td>\n<\/tr>\n<\/tbody>\n<\/table>\n<p>Seleccione el pla que m\u00e9s li interesse i deixe\u2019ns que li recomanem el programa m\u00e9s adequat, depenent del tipus de negoci que t\u00e9 i el seu p\u00fablic objectiu. Els resultats els comprovar\u00e0 immediatament.<\/p>\n<p>\u00a0<\/p>\n<table cellspacing=\"0\" cellpadding=\"0\">\n<tbody>\n<tr>\n<td valign=\"top\" width=\"576\"><strong>PLA 3 X 1<\/strong><\/td>\n<\/tr>\n<tr>\n<td valign=\"top\">\n<p>\u2022\u00a0\u00a0<strong>Patrocini diari i EXCLUSIU del programa durant una setmana. Falca de 5\u201d de duraci\u00f3.<\/strong><\/p>\n<p>\u2022\u00a0<strong>Falca de 20\u201d durant la resta de setmanes. (Programa i repeticions).<\/strong><\/p>\n<p>\u2022\u00a0\u00a0<strong>Preu plan: 100\u20ac \/ mes<\/strong><\/p>\n<\/td>\n<\/tr>\n<\/tbody>\n<\/table>\n<p>Descompte sobre el pla del 10% si es contracta per a 3 mesos.<\/p>\n<p>Preu habitual 150 \u20ac.<\/p>\n<p>S\u2019inclou creaci\u00f3 de la falca i del patrocini + un canvi d\u2019informaci\u00f3 mensual.<\/p>\n<table cellspacing=\"0\" cellpadding=\"0\">\n<tbody>\n<tr>\n<td valign=\"top\" width=\"576\"><strong>PLA 2 x 2<\/strong><\/td>\n<\/tr>\n<tr>\n<td valign=\"top\">\n<p>\u2022\u00a0\u00a0<strong>Patrocini diari EXCLUSIU del programa durant dos setmanes. Falca de 5\u201d de duraci\u00f3<\/strong><\/p>\n<p>\u2022\u00a0\u00a0<strong>Falca de 20\u201d durant la resta de setmanes. (Programa i repeticions).<\/strong><\/p>\n<p>\u2022\u00a0\u00a0<strong>Preu pla: 150\u20ac \/ mes<\/strong><\/p>\n<\/td>\n<\/tr>\n<\/tbody>\n<\/table>\n<p>Descompte sobre el pla del 10% si es contracta per a 3 mesos.<\/p>\n<p>Preu habitual 200\u20ac.<\/p>\n<p>S\u2019inclou creaci\u00f3 de la falca i del patrocini i un canvi d\u2019informaci\u00f3 mensual.<\/p>\n<table width=\"793\" cellspacing=\"0\" cellpadding=\"0\">\n<tbody>\n<tr>\n<td valign=\"top\" width=\"576\"><strong>PLA 4 X 4<\/strong><\/td>\n<\/tr>\n<tr>\n<td valign=\"top\">\n<p><strong>\u2022 Patroci<\/strong><strong>ni diari EXCLUSIU del programa durant tot el mes. Falca de 5\u201d de duraci\u00f3n<\/strong><\/p>\n<p><strong>\u2022 Cu\u00f1a de 20\u201d durante todo el mes. (Programa y repeticiones).<\/strong>\u00a0<\/p>\n<p><strong>\u2022 Precio plan: 300\u20ac \/ mes<\/strong><strong><br \/><\/strong><\/p>\n<\/td>\n<\/tr>\n<\/tbody>\n<\/table>\n<p>Descompte sobre el pla del 10% si es contracta per a 3 mesos.<\/p>\n<p>Preu habitual 400\u20ac.<\/p>\n<p>S\u2019inclou creaci\u00f3 de la falca i del patrocini i un canvi d\u2019informaci\u00f3 mensual.<\/p>\n<p>\u00a0<\/p>\n<p>* 21% IVA no incl\u00f2s en les tarifes mostrades.<\/p>\n<p>\u00a0<\/p>\n<table cellspacing=\"0\" cellpadding=\"0\">\n<tbody>\n<tr>\n<td colspan=\"2\" valign=\"top\" width=\"576\"><strong>PLA ESPORTS<\/strong><\/td>\n<\/tr>\n<tr>\n<td valign=\"top\">\u00a0<\/td>\n<td valign=\"top\">\n<p><strong>\u00b7 Falca de 20\u201d di\u00e0ria al programa \u00c0REA ESPORTIVA (Programa i repeticions).<\/strong><\/p>\n<p><strong>\u00b7 Falca de 20\u201d al programa EL FUTBOL\u00cd (Emisi\u00f3 dilluns a las 19.00h i repeticions).<\/strong><\/p>\n<p><strong>\u00b7 6 falques de 20\u201d durant els partits de la UD Alzira.<\/strong><\/p>\n<p><strong>\u00b7 Preu del plan: 100\u20ac \/ Mes<\/strong><\/p>\n<\/td>\n<\/tr>\n<\/tbody>\n<\/table>\n<p>Descompte sobre el pla del 10% si es contracta per a 3 mesos.<\/p>\n<p>Preu habitual 144\u20ac<\/p>\n<p>S\u2019inclou creaci\u00f3 de la falca i del patrocini i un canvi d\u2019informaci\u00f3 mensual.<\/p>\n<table cellspacing=\"0\" cellpadding=\"0\">\n<tbody>\n<tr>\n<td colspan=\"2\" valign=\"top\" width=\"576\"><strong>PLA ESPORTS 50%<\/strong><\/td>\n<\/tr>\n<tr>\n<td valign=\"top\">\u00a0<\/td>\n<td valign=\"top\">\n<p><strong>\u00b7 Falca de 20\u201d diaria al programa \u00c0REA ESPORTIVA (Programa i repeticions).<\/strong><\/p>\n<p><strong>\u00b7 Falca de 20\u201d al programa EL FUTBOL\u00cd (Emisi\u00f3 dilluns a las 19.00h i repeticions).<\/strong><\/p>\n<p><strong>\u00b7 3 falques de 20\u201d durant els partits de la UD Alzira.<\/strong><\/p>\n<p><strong>\u00b7 Preu del plan: 50 \u20ac \/ Mes<\/strong><\/p>\n<\/td>\n<\/tr>\n<\/tbody>\n<\/table>\n<p>Descompte sobre el pla del 10% si es contracta per a 3 mesos.<\/p>\n<p><em>Preu habitual 132\u20ac<\/em><\/p>\n<p>S\u2019inclou creaci\u00f3 de la falca i del patrocini i un canvi d\u2019informaci\u00f3 mensual.<\/p>\n<p>\u00a0<\/p>\n<p>* 21% IVA no incl\u00f2s en les tarifes mostrades.<\/p>\n<table cellspacing=\"0\" cellpadding=\"0\">\n<tbody>\n<tr>\n<td colspan=\"2\" valign=\"top\" width=\"576\"><strong>PLA \u201cESPECIALS ALZIRA R\u00c0DIO\u201d<\/strong><\/td>\n<\/tr>\n<tr>\n<td valign=\"top\">\u00a0<\/td>\n<td valign=\"top\">\n<p><strong>Negoci on es realitza l\u2019especial:<\/strong><\/p>\n<p><strong>Patrocini exclusiu del programa. 5\u2033.<\/strong><\/p>\n<p><strong>4 falques de 20\u2033 di\u00e0ries durant tota la setmana al programa EL DIA PER DAVANT.<\/strong><\/p>\n<p><strong>Falques d\u2019autopromoci\u00f3 de l\u2019especial al llarg de tot l\u2019horari d\u2019emissi\u00f3 d\u2019Alzira Radio.<\/strong><\/p>\n<p><strong>Preu del pla: 100\u20ac.<\/strong><\/p>\n<p><strong>Negocis del voltant:<\/strong><\/p>\n<p><strong>10 falques de 20\u2033 al llarg de tota la setmana al programa EL DIA PER DAVANT.<\/strong><\/p>\n<p><strong>Entrevista al programa especial d\u2019un m\u00e0xim de 10\u2032.<\/strong><\/p>\n<p><strong>Preu del pla: 50\u20ac.<\/strong><\/p>\n<\/td>\n<\/tr>\n<\/tbody>\n<\/table>\n<p><em>S\u2019inclou creaci\u00f3 de la falca i del patrocini.<\/em><\/p>\n<p>\u00a0<\/p>\n<p><em>* 21% IVA no incl\u00f2s en les tarifes mostrades.<\/em><\/p>\n<table cellspacing=\"0\" cellpadding=\"0\">\n<tbody>\n<tr>\n<td valign=\"top\"><strong>TARIFES DE FALQUES<\/strong><\/td>\n<\/tr>\n<\/tbody>\n<\/table>\n<p>\u2022\u00a0 Falca de 10\u2033\u20262.50\u20ac + IVA. 12.5\u20ac + IVA semanal<\/p>\n<p>\u2022\u00a0 Falca de 20\u2033\u20265\u20ac + IVA. 25\u20ac + IVA semana.<\/p>\n<p>\u00a0<\/p>\n<p>M\u00ednima contrataci\u00f3: una semana (5 falques).<\/p>\n<p>S\u2019inclou la creaci\u00f3 de la falca.<\/p>\n<p>S\u2019inclou un canvi en la falca en cas de contractaci\u00f3 mensual.<\/p>\n<p>\u00a0<\/p>\n<table cellspacing=\"0\" cellpadding=\"0\">\n<tbody>\n<tr>\n<td valign=\"top\"><strong>TARIFES DE PATROCINIS<\/strong><\/td>\n<\/tr>\n<\/tbody>\n<\/table>\n<p>\u2022\u00a0 Patrocini de 5\u2033\u202615\u20ac + IVA. 75\u20ac + IVA semanal<\/p>\n<p>\u2022\u00a0 Falca de 15\u2033\u202633\u20ac + IVA. 165\u20ac + IVA semana.<\/p>\n<p>\u00a0<\/p>\n<p>M\u00ednima contractaci\u00f3, una setmana (5 patrocinis).<\/p>\n<p>S\u2019inclou la creaci\u00f3 de la falca de patrocini.<\/p>\n<p>S\u2019inclou un canvi en la falca en el cas de contractaci\u00f3 mensual.<\/p>\n<p>\u00a0<\/p>\n<p>Departament comercial:<\/p>\n<p><em>96 241 65 11<\/em><\/p>\n<p><em><a href=\"mailto:comercial@alziraradio.com\" target=\"_blank\" rel=\"noopener noreferrer\">comercial@alziraradio.com<\/a><\/em><\/p>\n\t\t\t\t\t\t\t\t<\/div>\n\t\t\t\t<\/div>\n\t\t\t\t\t<\/div>\n\t\t<\/div>\n\t\t\t\t\t<\/div>\n\t\t<\/section>\n\t\t\t\t<\/div>\n\t\t","protected":false},"excerpt":{"rendered":"<p>Com anunciar-se a Alzira R\u00e0dio: TARIFES DE PUBLICITAT FALQUES (CU\u00d1AS) \u00a0 \u00a0 Fins 20\u201d \u00a0 2 \u20ac Fins 40\u201d \u00a0 4 \u20ac Fins 60\u201d \u00a0 6 \u20ac \u00a0 \u00a0 \u00a0 PATROCINI PROGRAMES \u00a0 \u00a0 Fins 5\u2032 \u00a0 15 \u20ac Fins 15\u2032 \u00a0 33 \u20ac Fins 30\u2032 \u00a0 55 \u20ac Fins 60\u2032 \u00a0 100 \u20ac \u00a0 &hellip; <\/p>\n<p class=\"link-more\"><a href=\"https:\/\/alzira.es\/es\/alzira-radio-2\/publicitate-en-la-radio\/\" class=\"more-link\">Continuar leyendo<span class=\"screen-reader-text\"> \u00abPublic\u00edtate en la Radio\u00bb<\/span><\/a><\/p>\n","protected":false},"author":29,"featured_media":0,"parent":121993,"menu_order":0,"comment_status":"closed","ping_status":"closed","template":"","meta":{"_acf_changed":false,"footnotes":""},"class_list":["post-121991","page","type-page","status-publish","hentry"],"acf":[],"_links":{"self":[{"href":"https:\/\/alzira.es\/es\/wp-json\/wp\/v2\/pages\/121991","targetHints":{"allow":["GET"]}}],"collection":[{"href":"https:\/\/alzira.es\/es\/wp-json\/wp\/v2\/pages"}],"about":[{"href":"https:\/\/alzira.es\/es\/wp-json\/wp\/v2\/types\/page"}],"author":[{"embeddable":true,"href":"https:\/\/alzira.es\/es\/wp-json\/wp\/v2\/users\/29"}],"replies":[{"embeddable":true,"href":"https:\/\/alzira.es\/es\/wp-json\/wp\/v2\/comments?post=121991"}],"version-history":[{"count":1,"href":"https:\/\/alzira.es\/es\/wp-json\/wp\/v2\/pages\/121991\/revisions"}],"predecessor-version":[{"id":121992,"href":"https:\/\/alzira.es\/es\/wp-json\/wp\/v2\/pages\/121991\/revisions\/121992"}],"up":[{"embeddable":true,"href":"https:\/\/alzira.es\/es\/wp-json\/wp\/v2\/pages\/121993"}],"wp:attachment":[{"href":"https:\/\/alzira.es\/es\/wp-json\/wp\/v2\/media?parent=121991"}],"curies":[{"name":"wp","href":"https:\/\/api.w.org\/{rel}","templated":true}]}}