{"id":1216,"date":"2010-11-03T13:17:39","date_gmt":"2010-11-03T12:17:39","guid":{"rendered":"https:\/\/alzira.es\/portales-con-ofertas-de-trabajo\/"},"modified":"2021-11-30T11:47:51","modified_gmt":"2021-11-30T10:47:51","slug":"portales-con-ofertas-de-trabajo","status":"publish","type":"page","link":"https:\/\/alzira.es\/es\/servicios-municipales\/centre-dinformacio-juvenil-el-centro\/educacion-cij\/portales-con-ofertas-de-trabajo\/","title":{"rendered":"Portales con Ofertas de Trabajo"},"content":{"rendered":"<table style=\"width: 100%;\" border=\"1\" cellspacing=\"1\" cellpadding=\"1\">\n<tbody>\n<tr>\n<td style=\"text-align: center; background-color: #568bbf;\"><strong><span style=\"color: #ffffff;\">PORTALES CON OFERTAS DE TRABAJO<\/span><\/strong><\/td>\n<\/tr>\n<\/tbody>\n<\/table>\n<table style=\"background-color: #ffffcc;\" border=\"0\" cellspacing=\"4\" cellpadding=\"1\">\n<tbody>\n<tr>\n<td><strong>&nbsp;<\/strong><a href=\"http:\/\/www.idea-alzira.com\/\" target=\"_blank\" rel=\"noopener\"><strong>Idea<\/strong><\/a><\/td>\n<td>Web oficial de IDEA, Agencia de Desarrollo Local&nbsp;del Ayuntamento de Alzira.<\/td>\n<\/tr>\n<tr>\n<td><strong>&nbsp;<a href=\"http:\/\/www.servef.es\/\" target=\"_blank\" rel=\"noopener\"><span style=\"color: #0000ff;\">Servef<\/span><\/a><\/strong><\/td>\n<td>Web oficial del Servicio Valenciano de Ocupaci\u00f3n y&nbsp;Formaci\u00f3n.<\/td>\n<\/tr>\n<tr>\n<td><strong>&nbsp;<a href=\"http:\/\/www.atiempoparcial.com\/\" target=\"_blank\" rel=\"noopener\"><span style=\"color: #0000ff;\">atiempoparcial.com<\/span><\/a><\/strong><\/td>\n<td>La primera bolsa de trabajo a tiempo parcial de Espa\u00f1a.<\/td>\n<\/tr>\n<tr>\n<td><span style=\"color: #0000ff;\"><strong>&nbsp;<\/strong><\/span><strong><span style=\"color: #0000ff;\"><a href=\"http:\/\/www.acciontrabajo.com\/\" target=\"_blank\" rel=\"noopener\"><span style=\"color: #0000ff;\">Acci\u00f3n trabajo<\/span><\/a><\/span><\/strong><\/td>\n<td>Bolsa de trabajo que comprende ofertas&nbsp;de Espa\u00f1a y del resto de la Comunidad Europea clasific\u00e1ndolas por categor\u00edas. Puedes poner tu CV.<\/td>\n<\/tr>\n<tr>\n<td><strong>&nbsp;<a href=\"http:\/\/www.autoempleomujer.com\/\" target=\"_blank\" rel=\"noopener\"><span style=\"color: #0000ff;\">Autoempleo mujer<\/span><\/a><\/strong><\/td>\n<td>El Banco Mundial de la Mujer ofrece asesoramiento gratuito el l\u00ednea para la creaci\u00f3n de empresas: tr\u00e1mites,&nbsp;formas jur\u00eddicas, financiaci\u00f3n, ayudas, subvenciones, consultas&#8230;<\/td>\n<\/tr>\n<tr>\n<td><strong>&nbsp;<a href=\"http:\/\/www.boletindeempleo.com\/\" target=\"_blank\" rel=\"noopener\"><span style=\"color: #0000ff;\">Bolet\u00edn de Empleo<\/span><\/a><\/strong><\/td>\n<td>Portal donde empresas y aspirantes pueden encontrar&nbsp;soluciones a&nbsp;sus necesidades laborales. Ofertas de empleo, CV, noticias, gu\u00edas y art\u00edculos laborales, foros de debates y m\u00e1s cosas.<\/td>\n<\/tr>\n<tr>\n<td><strong>&nbsp;<a href=\"http:\/\/www.bolsadetrabajo.com\/\" target=\"_blank\" rel=\"noopener\"><span style=\"color: #0000ff;\">Bolsa de Trabajo<\/span><\/a><\/strong><\/td>\n<td>P\u00e1gina en que los&nbsp;candidatos podr\u00e1n encontrar&nbsp;trabajo y donde las empresas tambi\u00e9n podr\u00e1n encontrar el candidato que se ajuste mejor al puesto&nbsp;de trabajo propuesto.<\/td>\n<\/tr>\n<tr>\n<td><strong>&nbsp;<a href=\"http:\/\/www.computrabajo.com\/\" target=\"_blank\" rel=\"noopener\"><span style=\"color: #0000ff;\">Compu Trabajo<\/span><\/a><\/strong><\/td>\n<td>Bolsa de trabajo que se especializa en el anuncio de ofertas de&nbsp;trabajo en internet.<\/td>\n<\/tr>\n<tr>\n<td><strong>&nbsp;<a href=\"http:\/\/www.donempleo.com\/\" target=\"_blank\" rel=\"noopener\"><span style=\"color: #0000ff;\">DonEmpleo.com<\/span><\/a><\/strong><\/td>\n<td>Portal desde&nbsp;donde puedes acceder a un amplio&nbsp;conjunto de ofertas de&nbsp;trabajo y de formaci\u00f3n.<\/td>\n<\/tr>\n<tr>\n<td><strong>&nbsp;<a href=\"http:\/\/www.empleo.com\/\" target=\"_blank\" rel=\"noopener\"><span style=\"color: #0000ff;\">Empleo.com<\/span><\/a><\/strong><\/td>\n<td>Portal con ofertas de trabajo. Muestra las ofertas en listas y con fecha de inscripci\u00f3n. No proporciona el tel\u00e9fono de la empresa pero s\u00ed el correo electr\u00f3nico. Edita un bolet\u00edn electr\u00f3nico con ofertas de&nbsp;trabajo y noticias sobre ocupaci\u00f3n que recibir\u00e1s en&nbsp;tu correo electr\u00f3nico.<\/td>\n<\/tr>\n<tr>\n<td><strong>&nbsp;<a href=\"http:\/\/www.empleoeninternet.com\/\" target=\"_blank\" rel=\"noopener\"><span style=\"color: #0000ff;\">Empleo en Internet<\/span><\/a><\/strong><\/td>\n<td>Bolsa de trabajo donde podeis&nbsp; insertar gratis&nbsp;el curr\u00edculum y consultar ofertas de trabajo.<\/td>\n<\/tr>\n<tr>\n<td style=\"text-align: left;\"><strong>&nbsp;<a href=\"http:\/\/www.empleoyformacion.com\/\" target=\"_blank\" rel=\"noopener\"><span style=\"color: #0000ff;\">Empleo-formaci\u00f3n<\/span><\/a><\/strong><\/td>\n<td>Centro virtual de formaci\u00f3n en castellano para&nbsp;poner en contacto los centros y las academias de ense\u00f1anza con los solicitantes de formaci\u00f3n.<\/td>\n<\/tr>\n<tr>\n<td><strong>&nbsp;<a href=\"http:\/\/www.empleo.net\/\" target=\"_blank\" rel=\"noopener\"><span style=\"color: #0000ff;\">Empleo.net<\/span><\/a><\/strong><\/td>\n<td>La m\u00e1s amplia informaci\u00f3n sobre el mercado laboral&nbsp;en Espanya, ofertas de trabajo, curr\u00edculums, contratos, direcciones y m\u00e1s cosas.<\/td>\n<\/tr>\n<tr>\n<td><strong>&nbsp;<a href=\"http:\/\/empleojovenes.com\/\" target=\"_blank\" rel=\"noopener\">EmpleoJovenes<\/a><\/strong><\/td>\n<td>Ocupaciones orientadas a gente&nbsp;joven.<\/td>\n<\/tr>\n<tr>\n<td><strong>&nbsp;<a href=\"http:\/\/es.estudiantes.trabajar.com\/\" target=\"_blank\" rel=\"noopener\">Estudiantes.com<\/a><\/strong><\/td>\n<td>Variante de Trabajar.com. Est\u00e1 enfocada a los&nbsp;estudiantes que deseen compaginar estudios y trabajo.<\/td>\n<\/tr>\n<tr>\n<td><strong>&nbsp;<a href=\"http:\/\/www.expansionyempleo.com\" target=\"_blank\" rel=\"noopener\">ExpansionyEmpleo<\/a><\/strong><\/td>\n<td>Ofertas de trabajo&nbsp;a nivel nacional. Puedes buscar por experiencia y sueldo.<\/td>\n<\/tr>\n<tr>\n<td><strong>&nbsp;<a href=\"http:\/\/www.infoempleo.com\/\" target=\"_blank\" rel=\"noopener\">Infoempleo<\/a><\/strong><\/td>\n<td>Encuentra las&nbsp;ofertas de trabajo y de formaci\u00f3n de una manera sencilla.<\/td>\n<\/tr>\n<tr>\n<td><strong>&nbsp;<a href=\"http:\/\/www.infojobs.net\/\" target=\"_blank\" rel=\"noopener\">Infojobs<\/a><\/strong><\/td>\n<td>Popular p\u00e1gina de trabajo donde encontrar\u00e1s&nbsp;ofertas.<\/td>\n<\/tr>\n<tr>\n<td><strong>&nbsp;<a href=\"http:\/\/www.jobrapido.es\" target=\"_blank\" rel=\"noopener\">JobRapido<\/a><\/strong><\/td>\n<td>Buscador r\u00e1pido y sencillo de ofertas de trabajo.<\/td>\n<\/tr>\n<tr>\n<td><strong>&nbsp;<a href=\"http:\/\/www.laboris.net\/\" target=\"_blank\" rel=\"noopener\">Laboris<\/a><\/strong><\/td>\n<td>Encuentra una oferta de trabajo entre todas les que ofrece esta web.<\/td>\n<\/tr>\n<tr>\n<td><strong>&nbsp;<a href=\"http:\/\/www.monster.es\/\" target=\"_blank\" rel=\"noopener\">Monster<\/a><\/strong><\/td>\n<td>Los mejores trabajos con el m\u00ednimo esfuerzo. Adem\u00e1s tendr\u00e1s consejos, alertas de empleo y mucho m\u00e1s.<\/td>\n<\/tr>\n<tr>\n<td><strong>&nbsp;<a href=\"http:\/\/www.oficinaempleo.com\/\" target=\"_blank\" rel=\"noopener\">OficinaEmpleo<\/a><\/strong><\/td>\n<td>Web&nbsp;donde puedes&nbsp;seleccionar las ofertas por tipos de contrato.<\/td>\n<\/tr>\n<tr>\n<td><strong>&nbsp;<a href=\"http:\/\/www.opcionempleo.com\/\" target=\"_blank\" rel=\"noopener\">OpcionEmpleo.com<\/a><\/strong><\/td>\n<td>Es el motor de b\u00fasqueda de empleo, por ubicaci\u00f3n y ocupaci\u00f3n. Tambi\u00e9n a nivel mundial.<\/td>\n<\/tr>\n<tr>\n<td><strong>&nbsp;<a href=\"http:\/\/www.paginas-salmon.com\/\" target=\"_blank\" rel=\"noopener\">P\u00e1ginas salm\u00f3n<\/a><\/strong><\/td>\n<td>Bolsa de trabajo de la C\u00e1mara&nbsp; de Valencia.<\/td>\n<\/tr>\n<tr>\n<td><strong>&nbsp;<a href=\"http:\/\/www.primerempleo.com\/\" target=\"_blank\" rel=\"noopener\">PrimerEmpleo<\/a><\/strong><\/td>\n<td>Primer empleo, becas y pr\u00e1cticas sin experiencia.<\/td>\n<\/tr>\n<tr>\n<td><strong><a href=\"http:\/\/www.sepe.es\/\" target=\"_blank\" rel=\"noopener\">Servicio P\u00fablico de Empleo Estatal<\/a><\/strong><\/td>\n<td>Esta web te presta servicio de bolsa de trabajo, adem\u00e1s los desempleados&nbsp; pueden&nbsp; realizar tr\u00e1mites relacionados con su&nbsp;prestaci\u00f3n.<\/td>\n<\/tr>\n<tr>\n<td><strong>&nbsp;<a href=\"http:\/\/www.sistemanacionalempleo.es\/\" target=\"_blank\" rel=\"noopener\">SistemaNacional<\/a><\/strong><\/td>\n<td>Web con ciertos accesos directos de inter\u00e9s.<\/td>\n<\/tr>\n<tr>\n<td><span style=\"color: #0000ff;\"><a href=\"http:\/\/www.studentjob.es\/trabajo-estudiantes\" target=\"_blank\" rel=\"noopener\"><strong>StudentJob.es<\/strong><\/a><\/span><\/td>\n<td>Portal de trabajo para estudiantes donde podr\u00e1s encontrar trabajo para graduados, trabajo para becarios, as\u00ed como trabajos sin experiencia previa&nbsp;y a lo mejor tu primer trabajo despu\u00e9s de graduarte.<\/td>\n<\/tr>\n<tr>\n<td><strong>&nbsp;<a href=\"https:\/\/www.tecnoempleo.com\/\" target=\"_blank\" rel=\"noopener\">Tecnoempleo<\/a><\/strong><\/td>\n<td>Ofertas&nbsp;enfocadas&nbsp;a la tecnolog\u00eda y la inform\u00e1tica.<\/td>\n<\/tr>\n<tr>\n<td><strong>&nbsp;<a href=\"http:\/\/es.trabajar.com\/\" target=\"_blank\" rel=\"noopener\">Trabajar.com<\/a><\/strong><\/td>\n<td>Encuentra tu pr\u00f3ximo empleo.<\/td>\n<\/tr>\n<tr>\n<td><strong>&nbsp;<a href=\"http:\/\/www.trabajos.com\/\" target=\"_blank\" rel=\"noopener\">Trabajos.com<\/a><\/strong><\/td>\n<td>Buscador de ofertas de trabajo y formativas por tipo y provincia. Suscr\u00edbete a sus ofertas.<\/td>\n<\/tr>\n<\/tbody>\n<\/table>\n","protected":false},"excerpt":{"rendered":"<p>PORTALES CON OFERTAS DE TRABAJO &nbsp;Idea Web oficial de IDEA, Agencia de Desarrollo Local&nbsp;del Ayuntamento de Alzira. &nbsp;Servef Web oficial del Servicio Valenciano de Ocupaci\u00f3n y&nbsp;Formaci\u00f3n. &nbsp;atiempoparcial.com La primera bolsa de trabajo a tiempo parcial de Espa\u00f1a. &nbsp;Acci\u00f3n trabajo Bolsa de trabajo que comprende ofertas&nbsp;de Espa\u00f1a y del resto de la Comunidad Europea clasific\u00e1ndolas por &hellip; <\/p>\n<p class=\"link-more\"><a href=\"https:\/\/alzira.es\/es\/servicios-municipales\/centre-dinformacio-juvenil-el-centro\/educacion-cij\/portales-con-ofertas-de-trabajo\/\" class=\"more-link\">Continuar leyendo<span class=\"screen-reader-text\"> \u00abPortales con Ofertas de Trabajo\u00bb<\/span><\/a><\/p>\n","protected":false},"author":29,"featured_media":0,"parent":1196,"menu_order":0,"comment_status":"closed","ping_status":"closed","template":"","meta":{"_acf_changed":false,"footnotes":""},"class_list":["post-1216","page","type-page","status-publish","hentry"],"acf":[],"_links":{"self":[{"href":"https:\/\/alzira.es\/es\/wp-json\/wp\/v2\/pages\/1216","targetHints":{"allow":["GET"]}}],"collection":[{"href":"https:\/\/alzira.es\/es\/wp-json\/wp\/v2\/pages"}],"about":[{"href":"https:\/\/alzira.es\/es\/wp-json\/wp\/v2\/types\/page"}],"author":[{"embeddable":true,"href":"https:\/\/alzira.es\/es\/wp-json\/wp\/v2\/users\/29"}],"replies":[{"embeddable":true,"href":"https:\/\/alzira.es\/es\/wp-json\/wp\/v2\/comments?post=1216"}],"version-history":[{"count":1,"href":"https:\/\/alzira.es\/es\/wp-json\/wp\/v2\/pages\/1216\/revisions"}],"predecessor-version":[{"id":106217,"href":"https:\/\/alzira.es\/es\/wp-json\/wp\/v2\/pages\/1216\/revisions\/106217"}],"up":[{"embeddable":true,"href":"https:\/\/alzira.es\/es\/wp-json\/wp\/v2\/pages\/1196"}],"wp:attachment":[{"href":"https:\/\/alzira.es\/es\/wp-json\/wp\/v2\/media?parent=1216"}],"curies":[{"name":"wp","href":"https:\/\/api.w.org\/{rel}","templated":true}]}}