{"id":12151,"date":"2015-07-30T13:50:38","date_gmt":"2015-07-30T11:50:38","guid":{"rendered":"https:\/\/alzira.es\/orden-del-dia-de-la-proxima-sesion-plenaria\/"},"modified":"2026-03-20T15:12:20","modified_gmt":"2026-03-20T14:12:20","slug":"orden-del-dia-de-la-proxima-sesion-plenaria","status":"publish","type":"page","link":"https:\/\/alzira.es\/es\/ayuntamiento\/corporacion-y-gobierno-municipal\/el-pleno\/orden-del-dia-de-la-proxima-sesion-plenaria\/","title":{"rendered":"Orden del d\u00eda de la pr\u00f3xima sesi\u00f3n plenaria"},"content":{"rendered":"\t\t<div data-elementor-type=\"wp-page\" data-elementor-id=\"12151\" class=\"elementor elementor-12151\">\n\t\t\t\t\t\t<section class=\"elementor-section elementor-top-section elementor-element elementor-element-5c898de4 elementor-section-boxed elementor-section-height-default elementor-section-height-default\" data-id=\"5c898de4\" data-element_type=\"section\">\n\t\t\t\t\t\t<div class=\"elementor-container elementor-column-gap-default\">\n\t\t\t\t\t<div class=\"elementor-column elementor-col-100 elementor-top-column elementor-element elementor-element-5541826\" data-id=\"5541826\" data-element_type=\"column\">\n\t\t\t<div class=\"elementor-widget-wrap elementor-element-populated\">\n\t\t\t\t\t\t<div class=\"elementor-element elementor-element-6ef95fd elementor-widget elementor-widget-text-editor\" data-id=\"6ef95fd\" data-element_type=\"widget\" data-widget_type=\"text-editor.default\">\n\t\t\t\t<div class=\"elementor-widget-container\">\n\t\t\t\t\t\t\t\t\t<p style=\"text-align: center;\"><strong><a title=\"Orden del d\u00eda de la pr\u00f3xima sesi\u00f3n plenaria\" href=\"https:\/\/alzira.es\/wp-content\/uploads\/2026\/02\/02od0212_bil_signat-1.pdf\" target=\"_blank\" rel=\"noopener\">\u00a0<\/a><a href=\"https:\/\/alzira.es\/wp-content\/uploads\/2026\/03\/04od0325_bil_signat.pdf\" target=\"_blank\" rel=\"noopener\">Orden del d\u00eda de la pr\u00f3xima sesi\u00f3n plenaria ordinaria 25-03-26<\/a><\/strong><\/p>\t\t\t\t\t\t\t\t<\/div>\n\t\t\t\t<\/div>\n\t\t\t\t\t<\/div>\n\t\t<\/div>\n\t\t\t\t\t<\/div>\n\t\t<\/section>\n\t\t\t\t<\/div>\n\t\t","protected":false},"excerpt":{"rendered":"<p>\u00a0Orden del d\u00eda de la pr\u00f3xima sesi\u00f3n plenaria ordinaria 25-03-26<\/p>\n","protected":false},"author":29,"featured_media":0,"parent":61050,"menu_order":221,"comment_status":"closed","ping_status":"closed","template":"","meta":{"_acf_changed":false,"footnotes":""},"class_list":["post-12151","page","type-page","status-publish","hentry"],"acf":[],"_links":{"self":[{"href":"https:\/\/alzira.es\/es\/wp-json\/wp\/v2\/pages\/12151","targetHints":{"allow":["GET"]}}],"collection":[{"href":"https:\/\/alzira.es\/es\/wp-json\/wp\/v2\/pages"}],"about":[{"href":"https:\/\/alzira.es\/es\/wp-json\/wp\/v2\/types\/page"}],"author":[{"embeddable":true,"href":"https:\/\/alzira.es\/es\/wp-json\/wp\/v2\/users\/29"}],"replies":[{"embeddable":true,"href":"https:\/\/alzira.es\/es\/wp-json\/wp\/v2\/comments?post=12151"}],"version-history":[{"count":2,"href":"https:\/\/alzira.es\/es\/wp-json\/wp\/v2\/pages\/12151\/revisions"}],"predecessor-version":[{"id":169332,"href":"https:\/\/alzira.es\/es\/wp-json\/wp\/v2\/pages\/12151\/revisions\/169332"}],"up":[{"embeddable":true,"href":"https:\/\/alzira.es\/es\/wp-json\/wp\/v2\/pages\/61050"}],"wp:attachment":[{"href":"https:\/\/alzira.es\/es\/wp-json\/wp\/v2\/media?parent=12151"}],"curies":[{"name":"wp","href":"https:\/\/api.w.org\/{rel}","templated":true}]}}