{"id":1214,"date":"2009-07-03T10:35:53","date_gmt":"2009-07-03T08:35:53","guid":{"rendered":"https:\/\/alzira.es\/mundo-laboral\/"},"modified":"2021-11-30T11:26:24","modified_gmt":"2021-11-30T10:26:24","slug":"mundo-laboral","status":"publish","type":"page","link":"https:\/\/alzira.es\/es\/servicios-municipales\/centre-dinformacio-juvenil-el-centro\/educacion-cij\/mundo-laboral\/","title":{"rendered":"Mundo laboral"},"content":{"rendered":"<p><img decoding=\"async\" class=\"alignright lazyload\" style=\"--smush-placeholder-width: 161px; --smush-placeholder-aspect-ratio: 161\/206;float: right; padding: 5px;\" data-src=\"https:\/\/alzira.es\/wp-content\/uploads\/2021\/07\/MundoLaboral.jpg\" alt=\"Mundo Laboral \/ M\u00f2n Laboral\" width=\"161\" height=\"206\" src=\"data:image\/svg+xml;base64,PHN2ZyB3aWR0aD0iMSIgaGVpZ2h0PSIxIiB4bWxucz0iaHR0cDovL3d3dy53My5vcmcvMjAwMC9zdmciPjwvc3ZnPg==\"><\/p>\n<table cellspacing=\"1\" cellpadding=\"1\">\n<tbody>\n<tr>\n<td style=\"background-color: #d1e0ef;\"><strong>EL PRIMER TRABAJO<\/strong><\/td>\n<\/tr>\n<tr>\n<td>\n<p style=\"text-align: justify;\">El principal problema para los j\u00f3venes es encontrar un empleo estable y bien remunerado. El disponer de mejores o peores opciones depende, sobretodo, del tipo de formaci\u00f3n.<\/p>\n<p style=\"text-align: justify;\">\n<p style=\"text-align: justify;\">Los estudiantes de carreras t\u00e9ctnicas lo tienen m\u00e1s f\u00e1cil porque la demanda es mayor. En cualquier caso, resulta \u00fatil apuntarse a las bolsas de trabajo de los respectivos colegios profesionales. Tambi\u00e9n hay que aprovechar la ocasi\u00f3n de realizar pr\u00e1cticas mientras se est\u00e1 todav\u00eda en el per\u00edodo de formaci\u00f3n.<\/p>\n<p style=\"text-align: justify;\">\n<p style=\"text-align: justify;\">En aquesta etapa, las ETT son un buen recurso. Hemos de llevarles el&nbsp;curr\u00edculum. Al principio no hay que rehusar ning\u00fan trabajo, para que vuelvan a contar contigo.&nbsp;Otra opci\u00f3n es aprovechar&nbsp;alguna beca o programa de intercambio para trabajar en el&nbsp;extranjero.<\/p>\n<\/td>\n<\/tr>\n<\/tbody>\n<\/table>\n","protected":false},"excerpt":{"rendered":"<p>EL PRIMER TRABAJO El principal problema para los j\u00f3venes es encontrar un empleo estable y bien remunerado. El disponer de mejores o peores opciones depende, sobretodo, del tipo de formaci\u00f3n. Los estudiantes de carreras t\u00e9ctnicas lo tienen m\u00e1s f\u00e1cil porque la demanda es mayor. En cualquier caso, resulta \u00fatil apuntarse a las bolsas de trabajo &hellip; <\/p>\n<p class=\"link-more\"><a href=\"https:\/\/alzira.es\/es\/servicios-municipales\/centre-dinformacio-juvenil-el-centro\/educacion-cij\/mundo-laboral\/\" class=\"more-link\">Continuar leyendo<span class=\"screen-reader-text\"> \u00abMundo laboral\u00bb<\/span><\/a><\/p>\n","protected":false},"author":29,"featured_media":0,"parent":1196,"menu_order":0,"comment_status":"closed","ping_status":"closed","template":"","meta":{"_acf_changed":false,"footnotes":""},"class_list":["post-1214","page","type-page","status-publish","hentry"],"acf":[],"_links":{"self":[{"href":"https:\/\/alzira.es\/es\/wp-json\/wp\/v2\/pages\/1214","targetHints":{"allow":["GET"]}}],"collection":[{"href":"https:\/\/alzira.es\/es\/wp-json\/wp\/v2\/pages"}],"about":[{"href":"https:\/\/alzira.es\/es\/wp-json\/wp\/v2\/types\/page"}],"author":[{"embeddable":true,"href":"https:\/\/alzira.es\/es\/wp-json\/wp\/v2\/users\/29"}],"replies":[{"embeddable":true,"href":"https:\/\/alzira.es\/es\/wp-json\/wp\/v2\/comments?post=1214"}],"version-history":[{"count":2,"href":"https:\/\/alzira.es\/es\/wp-json\/wp\/v2\/pages\/1214\/revisions"}],"predecessor-version":[{"id":84689,"href":"https:\/\/alzira.es\/es\/wp-json\/wp\/v2\/pages\/1214\/revisions\/84689"}],"up":[{"embeddable":true,"href":"https:\/\/alzira.es\/es\/wp-json\/wp\/v2\/pages\/1196"}],"wp:attachment":[{"href":"https:\/\/alzira.es\/es\/wp-json\/wp\/v2\/media?parent=1214"}],"curies":[{"name":"wp","href":"https:\/\/api.w.org\/{rel}","templated":true}]}}