{"id":1212,"date":"2009-07-07T11:31:35","date_gmt":"2009-07-07T09:31:35","guid":{"rendered":"https:\/\/alzira.es\/autoocupacion\/"},"modified":"2021-11-30T11:42:42","modified_gmt":"2021-11-30T10:42:42","slug":"autoocupacion","status":"publish","type":"page","link":"https:\/\/alzira.es\/es\/servicios-municipales\/centre-dinformacio-juvenil-el-centro\/educacion-cij\/autoocupacion\/","title":{"rendered":"Autoocupaci\u00f3n"},"content":{"rendered":"<p><img decoding=\"async\" class=\"alignright size-full wp-image-1210 lazyload\" style=\"--smush-placeholder-width: 250px; --smush-placeholder-aspect-ratio: 250\/167;float: right; padding: 5px;\" data-src=\"https:\/\/alzira.es\/wp-content\/uploads\/2009\/07\/autoocupacion.jpg\" alt=\"Autoocupaci\u00f3\" width=\"250\" height=\"167\" src=\"data:image\/svg+xml;base64,PHN2ZyB3aWR0aD0iMSIgaGVpZ2h0PSIxIiB4bWxucz0iaHR0cDovL3d3dy53My5vcmcvMjAwMC9zdmciPjwvc3ZnPg==\"><\/p>\n<p style=\"text-align: justify;\">Para mucha gente que busca su primer empleo, la creaci\u00f3n del propio negocio constituye una soluci\u00f3n muy atractiva.&nbsp;Pero antes de dar este paso, es necesario atender&nbsp;una serie de dificultades para abordar esta actividad, la cual est\u00e1 llena de satisfacci\u00f3n pero tambi\u00e9n de riesgos.<\/p>\n<p style=\"text-align: justify;\">Existen diversos organismos a los que puedes acudir en b\u00fasqueda de informaci\u00f3n y asesoramiento.<\/p>\n<p style=\"text-align: center;\">\n<table style=\"width: 1233px; height: 50px;\" border=\"1\" cellspacing=\"1\" cellpadding=\"1\">\n<tbody>\n<tr>\n<td style=\"background-color: #568bbf; text-align: center;\"><span style=\"color: #ffffff;\"><strong>IDEA (Agencia de Desarrollo Local)<\/strong><\/span><\/td>\n<\/tr>\n<tr>\n<td>C\/ Ronda d&#8217;Algemes\u00ed, 4 &#8211; 46600 ALZIRA<\/td>\n<\/tr>\n<tr>\n<td>Tel.: 96 245 51 01 &#8211; Fax: 96 245 53 90<\/td>\n<\/tr>\n<tr>\n<td>E-mail:&nbsp;<a href=\"mailto:adl@idea-alzira.com\"><span style=\"color: #0000ff;\">adl@idea-alzira.com<\/span><\/a><\/td>\n<\/tr>\n<tr>\n<td>Horario: lunes a viernes de 8 a 14<\/td>\n<\/tr>\n<\/tbody>\n<\/table>\n<table style=\"width: 1233px; height: 50px;\" border=\"1\" cellspacing=\"1\" cellpadding=\"1\">\n<tbody>\n<tr>\n<td style=\"background-color: #568bbf; text-align: center;\"><span style=\"font-size: 11px; text-align: center; background-color: #568bbf; color: #ffffff;\"><strong><a href=\"http:\/\/www.ocupacio.gva.es:7017\/portal\/web\/home\"><span style=\"color: #ffffff;\">SERVICIO VALENCIANO DE OCUPACI\u00d3N Y&nbsp;FORMACI\u00d3N<\/span><\/a><\/strong><\/span><span style=\"font-size: 11px; text-align: center; background-color: #568bbf; color: #ffffff;\"><strong><a href=\"http:\/\/www.ocupacio.gva.es:7017\/portal\/web\/home\"><span style=\"color: #ffffff;\">&nbsp;(SERVEF)<\/span><\/a><\/strong><\/span><\/td>\n<\/tr>\n<tr>\n<td><span style=\"color: #000000; font-size: 11px;\">C\/ Gand\u00eda, s\/n, esquina &#8211; 46600 ALZIRA<\/span><\/td>\n<\/tr>\n<tr>\n<td><span style=\"color: #000000; font-size: 11px;\">Tel.: 96 241 39 82 &#8211; Fax: 96 240 56 54<\/span><\/td>\n<\/tr>\n<tr>\n<td><span style=\"color: #000000; font-size: 11px;\">E-mail:&nbsp;<\/span><a style=\"font-size: 11px;\" href=\"mailto:cse_alzira@gva.es\" target=\"_blank\" rel=\"noopener\"><span style=\"color: #0000ff;\">cse_alzira@gva.es<\/span><\/a><\/td>\n<\/tr>\n<tr>\n<td><span style=\"color: #000000; font-size: 11px;\">Horario: lunes a viernes de 8 a 14<\/span><\/td>\n<\/tr>\n<\/tbody>\n<\/table>\n<table style=\"width: 100%; height: 50px;\" border=\"1\" cellspacing=\"1\" cellpadding=\"1\">\n<tbody>\n<tr>\n<td style=\"text-align: center; background-color: #568bbf;\"><span style=\"color: #ffffff;\"><strong><a href=\"http:\/\/www.ivaj.es\/\"><span style=\"color: #ffffff;\">INSTITUTO VALENCIANO DE LA JUVENTUD (IVAJ)<\/span><\/a><\/strong><\/span><\/td>\n<\/tr>\n<tr>\n<td>Calle del Hospital, 2 &#8211; 46001 Valencia<\/td>\n<\/tr>\n<tr>\n<td>Tel.: 96 398 59 70 &#8211; Fax: 96 386 91 19<\/td>\n<\/tr>\n<tr>\n<td>E-mail: <a href=\"mailto:infoivaj@gva.es\">infoivaj@gva.es<\/a><\/td>\n<\/tr>\n<tr>\n<td>Horario:<\/p>\n<p>Siempre: lunes a viernes de 9&nbsp;a 14<\/p>\n<p>Adem\u00e1s, del 16 de octubre al 14 de mayo: lunes a jueves de&nbsp;17 a 19<\/td>\n<\/tr>\n<\/tbody>\n<\/table>\n<table style=\"width: 100%; height: 50px;\" border=\"1\" cellspacing=\"1\" cellpadding=\"1\">\n<tbody>\n<tr>\n<td style=\"text-align: center; background-color: #568bbf;\"><span style=\"color: #ffffff;\"><strong><a href=\"http:\/\/www.aealzira.com\/\"><span style=\"color: #ffffff;\">ASOCIACI\u00d3N EMPRESARIAL ALZIRA (C\u00c1MARA DE COMERCIO)<\/span><\/a><\/strong><\/span><\/td>\n<\/tr>\n<tr>\n<td>Avda. Luis Su\u00f1er, 8 Entlo. 2 &#8211; 46600 Alzira<\/td>\n<\/tr>\n<tr>\n<td>Tel.:&nbsp;96 245 95 17 &#8211; 96 245 95 05<\/td>\n<\/tr>\n<tr>\n<td>E-mail: <a href=\"mailto:administracion@aealzira.com\">administracion@aealzira.com<\/a><\/td>\n<\/tr>\n<tr>\n<td><\/td>\n<\/tr>\n<\/tbody>\n<\/table>\n<table style=\"width: 100%; height: 50px;\" border=\"1\" cellspacing=\"1\" cellpadding=\"1\">\n<tbody>\n<tr>\n<td style=\"text-align: center; background-color: #568bbf;\"><span style=\"color: #ffffff;\"><strong><a href=\"http:\/\/www.gva.es\/portal\/page\/portal\/inicio\/presentacion\"><span style=\"color: #ffffff;\">PROP<\/span><\/a><\/strong><\/span><\/td>\n<\/tr>\n<tr>\n<td>Pl. Cassass\u00fas, 1 &#8211; 46600 Alzira<\/td>\n<\/tr>\n<tr>\n<td>Tel.: 96 386 60 00 &#8211; Fax: 96 240 13 91<\/td>\n<\/tr>\n<tr>\n<td>E-mail: <a href=\"http:\/\/www.gva.es\/portal\/page\/portal\/inicio\/mi_opinion_cuenta\"><span style=\"color: #0000ff;\">Seg\u00fan departamento<\/span><\/a><\/td>\n<\/tr>\n<tr>\n<td>Horario:<\/p>\n<p>Invierno (16 de octubre al 14 de mayo):<\/p>\n<p>lunes a jueves: 9&nbsp;a 14&nbsp;i 17&nbsp;a 19&nbsp;y viernes: 9&nbsp;a 14<\/p>\n<p>Verano (15 de mayo a 15 de octubre): lunes a viernes de 9 a 14<\/td>\n<\/tr>\n<\/tbody>\n<\/table>\n<table style=\"width: 100%; height: 50px;\" border=\"1\" cellspacing=\"1\" cellpadding=\"1\">\n<tbody>\n<tr>\n<td style=\"text-align: center; background-color: #568bbf;\"><span style=\"color: #ffffff;\"><strong><a href=\"http:\/\/www.ceei-valencia.com\"><span style=\"color: #ffffff;\">CENTROS EUROPEOS DE EMPRESAS INNOVADORAS (CEEI)<\/span><\/a><\/strong><\/span><\/td>\n<\/tr>\n<tr>\n<td>Parque Tecnol\u00f3gico, Av Benjam\u00edn Franklin, 12 &#8211; 46980 Paterna (Valencia)<\/td>\n<\/tr>\n<tr>\n<td>Tel.: 96 199 42 00 &#8211; Fax: 96 199 42 20<\/td>\n<\/tr>\n<tr>\n<td>E-mail: <a title=\"Enlace a mailto:informacion@ceei.net\" href=\"mailto:informacion@ceei.net\" target=\"_blank\" rel=\"noopener\"><span style=\"color: #0000ff;\">informacion@ceei.net<\/span><\/a><\/td>\n<\/tr>\n<tr>\n<td><\/td>\n<\/tr>\n<\/tbody>\n<\/table>\n<table style=\"width: 100%; height: 50px;\" border=\"1\" cellspacing=\"1\" cellpadding=\"1\">\n<tbody>\n<tr>\n<td style=\"text-align: center; background-color: #568bbf;\"><span style=\"color: #ffffff;\"><strong><a href=\"http:\/\/www.pater.es\/\"><span style=\"color: #ffffff;\">PACTO TERRITORIAL PARA LA OCUPACI\u00d3N EN LA RIBERA (PATER\/CIER)<\/span><\/a><\/strong><\/span><\/td>\n<\/tr>\n<tr>\n<td>Plaza Argentina, 1 &#8211;&nbsp;46680 Algemes\u00ed<\/td>\n<\/tr>\n<tr>\n<td>Tel.: 96 242 46 41 &#8211; Fax.: 96 242 12 56<\/td>\n<\/tr>\n<tr>\n<td>E-mail: <a href=\"mailto:informacio@pater.es\"><span style=\"color: #0000ff;\">informacio@pater.es<\/span><\/a><\/td>\n<\/tr>\n<tr>\n<td>Horari: lunes a viernes de 8 a 15<\/td>\n<\/tr>\n<\/tbody>\n<\/table>\n<table style=\"width: 100%; height: 50px;\" border=\"1\" cellspacing=\"1\" cellpadding=\"1\">\n<tbody>\n<tr>\n<td style=\"text-align: center; background-color: #568bbf;\"><span style=\"color: #ffffff;\"><strong><a href=\"http:\/\/www.ajevalencia.org\/\"><span style=\"color: #ffffff;\">EMPRESARIOS J\u00d3VENES&nbsp;DE VALENCIA (AJEV)<\/span><\/a><\/strong><\/span><\/td>\n<\/tr>\n<tr>\n<td>C\/ Campoamor, 91 &#8211; 46022 &#8211; Val\u00e8ncia<\/td>\n<\/tr>\n<tr>\n<td>Tel.: 96 351 56 21 &#8211; Fax: 96 112 57 71<\/td>\n<\/tr>\n<tr>\n<td>E-mail: <a href=\"mailto:info@ajevalencia.org\"><span style=\"color: #0000ff;\">info@ajevalencia.org<\/span><\/a><\/td>\n<\/tr>\n<tr>\n<td><\/td>\n<\/tr>\n<\/tbody>\n<\/table>\n","protected":false},"excerpt":{"rendered":"<p>Para mucha gente que busca su primer empleo, la creaci\u00f3n del propio negocio constituye una soluci\u00f3n muy atractiva.&nbsp;Pero antes de dar este paso, es necesario atender&nbsp;una serie de dificultades para abordar esta actividad, la cual est\u00e1 llena de satisfacci\u00f3n pero tambi\u00e9n de riesgos. Existen diversos organismos a los que puedes acudir en b\u00fasqueda de informaci\u00f3n &hellip; <\/p>\n<p class=\"link-more\"><a href=\"https:\/\/alzira.es\/es\/servicios-municipales\/centre-dinformacio-juvenil-el-centro\/educacion-cij\/autoocupacion\/\" class=\"more-link\">Continuar leyendo<span class=\"screen-reader-text\"> \u00abAutoocupaci\u00f3n\u00bb<\/span><\/a><\/p>\n","protected":false},"author":29,"featured_media":0,"parent":1196,"menu_order":0,"comment_status":"closed","ping_status":"closed","template":"","meta":{"_acf_changed":false,"footnotes":""},"class_list":["post-1212","page","type-page","status-publish","hentry"],"acf":[],"_links":{"self":[{"href":"https:\/\/alzira.es\/es\/wp-json\/wp\/v2\/pages\/1212","targetHints":{"allow":["GET"]}}],"collection":[{"href":"https:\/\/alzira.es\/es\/wp-json\/wp\/v2\/pages"}],"about":[{"href":"https:\/\/alzira.es\/es\/wp-json\/wp\/v2\/types\/page"}],"author":[{"embeddable":true,"href":"https:\/\/alzira.es\/es\/wp-json\/wp\/v2\/users\/29"}],"replies":[{"embeddable":true,"href":"https:\/\/alzira.es\/es\/wp-json\/wp\/v2\/comments?post=1212"}],"version-history":[{"count":2,"href":"https:\/\/alzira.es\/es\/wp-json\/wp\/v2\/pages\/1212\/revisions"}],"predecessor-version":[{"id":106215,"href":"https:\/\/alzira.es\/es\/wp-json\/wp\/v2\/pages\/1212\/revisions\/106215"}],"up":[{"embeddable":true,"href":"https:\/\/alzira.es\/es\/wp-json\/wp\/v2\/pages\/1196"}],"wp:attachment":[{"href":"https:\/\/alzira.es\/es\/wp-json\/wp\/v2\/media?parent=1212"}],"curies":[{"name":"wp","href":"https:\/\/api.w.org\/{rel}","templated":true}]}}