{"id":120864,"date":"2022-04-28T12:21:27","date_gmt":"2022-04-28T10:21:27","guid":{"rendered":"https:\/\/alzira.es\/?page_id=120864"},"modified":"2026-03-30T15:39:49","modified_gmt":"2026-03-30T13:39:49","slug":"jornadas-premios-y-concursos","status":"publish","type":"page","link":"https:\/\/alzira.es\/es\/servicios-municipales\/educacion-e-infancia\/jornadas-premios-y-concursos\/","title":{"rendered":"Jornadas, premios y concursos"},"content":{"rendered":"\t\t<div data-elementor-type=\"wp-page\" data-elementor-id=\"120864\" class=\"elementor elementor-120864 elementor-120847\">\n\t\t\t\t\t\t<section class=\"elementor-section elementor-top-section elementor-element elementor-element-2d8e6b93 elementor-section-boxed elementor-section-height-default elementor-section-height-default\" data-id=\"2d8e6b93\" data-element_type=\"section\">\n\t\t\t\t\t\t<div class=\"elementor-container elementor-column-gap-default\">\n\t\t\t\t\t<div class=\"elementor-column elementor-col-100 elementor-top-column elementor-element elementor-element-7b2bdf90\" data-id=\"7b2bdf90\" data-element_type=\"column\">\n\t\t\t<div class=\"elementor-widget-wrap elementor-element-populated\">\n\t\t\t\t\t\t<div class=\"elementor-element elementor-element-596495b elementor-widget elementor-widget-text-editor\" data-id=\"596495b\" data-element_type=\"widget\" data-widget_type=\"text-editor.default\">\n\t\t\t\t<div class=\"elementor-widget-container\">\n\t\t\t\t\t\t\t\t\t<p><strong>\u00a0JORNADAS<\/strong><\/p><p>El Departamento de Educaci\u00f3n de l&#8217;Ajuntament d&#8217;Alzira, organiza y\/o colabora en la organizaci\u00f3n de las siguientes jornadas:<\/p><p>&#8211;<a style=\"font-size: 1rem;\" href=\"https:\/\/alzira.es\/wp-content\/uploads\/2024\/02\/XXI-Jornades-dInnovacio-educativa-2023.pdf\" target=\"_blank\" rel=\"noopener\"> Jornades d&#8217;Innovaci\u00f3 Educativa<\/a><\/p><p><strong>PREMIS I CONCURSOS<\/strong><\/p><p>El Departamento de Educaci\u00f3n de l&#8217;Ajuntament d&#8217;Alzira, organiza y\/o colabora en la organizaci\u00f3n de los siguientes premios y concursos:<\/p><ul><li><a href=\"https:\/\/alzira.es\/wp-content\/uploads\/anual\/premis_innovacio_educativa.pdf\" target=\"_blank\" rel=\"noopener\">PREMIS D\u2019INNOVACI\u00d3 EDUCATIVA CIUTAT D\u2019ALZIRA<\/a><\/li><\/ul>\t\t\t\t\t\t\t\t<\/div>\n\t\t\t\t<\/div>\n\t\t\t\t\t<\/div>\n\t\t<\/div>\n\t\t\t\t\t<\/div>\n\t\t<\/section>\n\t\t\t\t<section class=\"elementor-section elementor-top-section elementor-element elementor-element-08dfa5e elementor-section-boxed elementor-section-height-default elementor-section-height-default\" data-id=\"08dfa5e\" data-element_type=\"section\">\n\t\t\t\t\t\t<div class=\"elementor-container elementor-column-gap-default\">\n\t\t\t\t\t<div class=\"elementor-column elementor-col-100 elementor-top-column elementor-element elementor-element-646ceac\" data-id=\"646ceac\" data-element_type=\"column\">\n\t\t\t<div class=\"elementor-widget-wrap elementor-element-populated\">\n\t\t\t\t\t\t<div class=\"elementor-element elementor-element-8dcac17 elementor-widget elementor-widget-heading\" data-id=\"8dcac17\" data-element_type=\"widget\" data-widget_type=\"heading.default\">\n\t\t\t\t<div class=\"elementor-widget-container\">\n\t\t\t\t\t<h2 class=\"elementor-heading-title elementor-size-default\">Galer\u00eda d'Imatges - Premis i Concursos<\/h2>\t\t\t\t<\/div>\n\t\t\t\t<\/div>\n\t\t\t\t\t<\/div>\n\t\t<\/div>\n\t\t\t\t\t<\/div>\n\t\t<\/section>\n\t\t\t\t<section class=\"elementor-section elementor-top-section elementor-element elementor-element-aa2f568 elementor-section-boxed elementor-section-height-default elementor-section-height-default\" data-id=\"aa2f568\" data-element_type=\"section\">\n\t\t\t\t\t\t<div class=\"elementor-container elementor-column-gap-default\">\n\t\t\t\t\t<div class=\"elementor-column elementor-col-25 elementor-top-column elementor-element elementor-element-b012b27\" data-id=\"b012b27\" data-element_type=\"column\">\n\t\t\t<div class=\"elementor-widget-wrap elementor-element-populated\">\n\t\t\t\t\t\t<div class=\"elementor-element elementor-element-5a19b49 elementor-widget elementor-widget-image\" data-id=\"5a19b49\" data-element_type=\"widget\" data-widget_type=\"image.default\">\n\t\t\t\t<div class=\"elementor-widget-container\">\n\t\t\t\t\t\t\t\t\t\t\t\t<figure class=\"wp-caption\">\n\t\t\t\t\t\t\t\t\t\t\t<a href=\"https:\/\/alzira.es\/serveis-municipals\/educacio-i-infancia\/galerias-dimatges-educacio\/reconeixement-al-rendiment-academic-24-25\/\">\n\t\t\t\t\t\t\t<img fetchpriority=\"high\" decoding=\"async\" width=\"350\" height=\"350\" src=\"https:\/\/alzira.es\/wp-content\/uploads\/2026\/03\/rendiment-academic-2025-1-350x350.png\" class=\"attachment-thumbnail size-thumbnail wp-image-170429\" alt=\"\" srcset=\"https:\/\/alzira.es\/wp-content\/uploads\/2026\/03\/rendiment-academic-2025-1-350x350.png 350w, https:\/\/alzira.es\/wp-content\/uploads\/2026\/03\/rendiment-academic-2025-1-300x300.png 300w, https:\/\/alzira.es\/wp-content\/uploads\/2026\/03\/rendiment-academic-2025-1-100x100.png 100w\" sizes=\"100vw\" \/>\t\t\t\t\t\t\t\t<\/a>\n\t\t\t\t\t\t\t\t\t\t\t<figcaption class=\"widget-image-caption wp-caption-text\">Reconeixement al rendiment acad\u00e8mic 24-25<\/figcaption>\n\t\t\t\t\t\t\t\t\t\t<\/figure>\n\t\t\t\t\t\t\t\t\t<\/div>\n\t\t\t\t<\/div>\n\t\t\t\t\t<\/div>\n\t\t<\/div>\n\t\t\t\t<div class=\"elementor-column elementor-col-25 elementor-top-column elementor-element elementor-element-69e2e98\" data-id=\"69e2e98\" data-element_type=\"column\">\n\t\t\t<div class=\"elementor-widget-wrap elementor-element-populated\">\n\t\t\t\t\t\t<div class=\"elementor-element elementor-element-bebe572 elementor-widget elementor-widget-image\" data-id=\"bebe572\" data-element_type=\"widget\" data-widget_type=\"image.default\">\n\t\t\t\t<div class=\"elementor-widget-container\">\n\t\t\t\t\t\t\t\t\t\t\t\t<figure class=\"wp-caption\">\n\t\t\t\t\t\t\t\t\t\t\t<a href=\"https:\/\/alzira.es\/serveis-municipals\/educacio-i-infancia\/galerias-dimatges-educacio\/reconeixement-al-rendiment-academic-23-24\/\">\n\t\t\t\t\t\t\t<img decoding=\"async\" width=\"350\" height=\"350\" data-src=\"https:\/\/alzira.es\/wp-content\/uploads\/2026\/03\/rendiment-academic-2024-1-350x350.png\" class=\"attachment-thumbnail size-thumbnail wp-image-170433 lazyload\" alt=\"\" data-srcset=\"https:\/\/alzira.es\/wp-content\/uploads\/2026\/03\/rendiment-academic-2024-1-350x350.png 350w, https:\/\/alzira.es\/wp-content\/uploads\/2026\/03\/rendiment-academic-2024-1-300x300.png 300w, https:\/\/alzira.es\/wp-content\/uploads\/2026\/03\/rendiment-academic-2024-1-100x100.png 100w\" data-sizes=\"100vw\" src=\"data:image\/svg+xml;base64,PHN2ZyB3aWR0aD0iMSIgaGVpZ2h0PSIxIiB4bWxucz0iaHR0cDovL3d3dy53My5vcmcvMjAwMC9zdmciPjwvc3ZnPg==\" style=\"--smush-placeholder-width: 350px; --smush-placeholder-aspect-ratio: 350\/350;\" \/>\t\t\t\t\t\t\t\t<\/a>\n\t\t\t\t\t\t\t\t\t\t\t<figcaption class=\"widget-image-caption wp-caption-text\">Reconeixement al rendiment acad\u00e8mic 23-24<\/figcaption>\n\t\t\t\t\t\t\t\t\t\t<\/figure>\n\t\t\t\t\t\t\t\t\t<\/div>\n\t\t\t\t<\/div>\n\t\t\t\t\t<\/div>\n\t\t<\/div>\n\t\t\t\t<div class=\"elementor-column elementor-col-25 elementor-top-column elementor-element elementor-element-058f6ca\" data-id=\"058f6ca\" data-element_type=\"column\">\n\t\t\t<div class=\"elementor-widget-wrap elementor-element-populated\">\n\t\t\t\t\t\t<div class=\"elementor-element elementor-element-8836637 elementor-widget elementor-widget-image\" data-id=\"8836637\" data-element_type=\"widget\" data-widget_type=\"image.default\">\n\t\t\t\t<div class=\"elementor-widget-container\">\n\t\t\t\t\t\t\t\t\t\t\t\t<figure class=\"wp-caption\">\n\t\t\t\t\t\t\t\t\t\t\t<a href=\"https:\/\/alzira.es\/serveis-municipals\/educacio-i-infancia\/galerias-dimatges-educacio\/reconeixement-al-rendiment-academic-22-23\/\">\n\t\t\t\t\t\t\t<img decoding=\"async\" width=\"350\" height=\"350\" data-src=\"https:\/\/alzira.es\/wp-content\/uploads\/2026\/03\/rendiment-academic-2023-1-350x350.png\" class=\"attachment-thumbnail size-thumbnail wp-image-170435 lazyload\" alt=\"\" data-srcset=\"https:\/\/alzira.es\/wp-content\/uploads\/2026\/03\/rendiment-academic-2023-1-350x350.png 350w, https:\/\/alzira.es\/wp-content\/uploads\/2026\/03\/rendiment-academic-2023-1-300x300.png 300w, https:\/\/alzira.es\/wp-content\/uploads\/2026\/03\/rendiment-academic-2023-1-100x100.png 100w\" data-sizes=\"100vw\" src=\"data:image\/svg+xml;base64,PHN2ZyB3aWR0aD0iMSIgaGVpZ2h0PSIxIiB4bWxucz0iaHR0cDovL3d3dy53My5vcmcvMjAwMC9zdmciPjwvc3ZnPg==\" style=\"--smush-placeholder-width: 350px; --smush-placeholder-aspect-ratio: 350\/350;\" \/>\t\t\t\t\t\t\t\t<\/a>\n\t\t\t\t\t\t\t\t\t\t\t<figcaption class=\"widget-image-caption wp-caption-text\">Reconeixement al rendiment acad\u00e8mic 22-23<\/figcaption>\n\t\t\t\t\t\t\t\t\t\t<\/figure>\n\t\t\t\t\t\t\t\t\t<\/div>\n\t\t\t\t<\/div>\n\t\t\t\t\t<\/div>\n\t\t<\/div>\n\t\t\t\t<div class=\"elementor-column elementor-col-25 elementor-top-column elementor-element elementor-element-046b46f\" data-id=\"046b46f\" data-element_type=\"column\">\n\t\t\t<div class=\"elementor-widget-wrap elementor-element-populated\">\n\t\t\t\t\t\t<div class=\"elementor-element elementor-element-9cccf5b elementor-widget elementor-widget-image\" data-id=\"9cccf5b\" data-element_type=\"widget\" data-widget_type=\"image.default\">\n\t\t\t\t<div class=\"elementor-widget-container\">\n\t\t\t\t\t\t\t\t\t\t\t\t<figure class=\"wp-caption\">\n\t\t\t\t\t\t\t\t\t\t\t<a href=\"https:\/\/alzira.es\/serveis-municipals\/educacio-i-infancia\/galerias-dimatges-educacio\/reconeixement-al-rendiment-academic-21-22\">\n\t\t\t\t\t\t\t<img decoding=\"async\" width=\"350\" height=\"350\" data-src=\"https:\/\/alzira.es\/wp-content\/uploads\/2026\/03\/rendiment_academic-0-scaled-1-350x350.jpg\" class=\"attachment-thumbnail size-thumbnail wp-image-170439 lazyload\" alt=\"\" data-srcset=\"https:\/\/alzira.es\/wp-content\/uploads\/2026\/03\/rendiment_academic-0-scaled-1-350x350.jpg 350w, https:\/\/alzira.es\/wp-content\/uploads\/2026\/03\/rendiment_academic-0-scaled-1-300x300.jpg 300w, https:\/\/alzira.es\/wp-content\/uploads\/2026\/03\/rendiment_academic-0-scaled-1-100x100.jpg 100w\" data-sizes=\"100vw\" src=\"data:image\/svg+xml;base64,PHN2ZyB3aWR0aD0iMSIgaGVpZ2h0PSIxIiB4bWxucz0iaHR0cDovL3d3dy53My5vcmcvMjAwMC9zdmciPjwvc3ZnPg==\" style=\"--smush-placeholder-width: 350px; --smush-placeholder-aspect-ratio: 350\/350;\" \/>\t\t\t\t\t\t\t\t<\/a>\n\t\t\t\t\t\t\t\t\t\t\t<figcaption class=\"widget-image-caption wp-caption-text\">Reconeixement al rendiment acad\u00e8mic 21-22<\/figcaption>\n\t\t\t\t\t\t\t\t\t\t<\/figure>\n\t\t\t\t\t\t\t\t\t<\/div>\n\t\t\t\t<\/div>\n\t\t\t\t\t<\/div>\n\t\t<\/div>\n\t\t\t\t\t<\/div>\n\t\t<\/section>\n\t\t\t\t<section class=\"elementor-section elementor-top-section elementor-element elementor-element-60b1ee1 elementor-section-boxed elementor-section-height-default elementor-section-height-default\" data-id=\"60b1ee1\" data-element_type=\"section\">\n\t\t\t\t\t\t<div class=\"elementor-container elementor-column-gap-default\">\n\t\t\t\t\t<div class=\"elementor-column elementor-col-25 elementor-top-column elementor-element elementor-element-c5eec02\" data-id=\"c5eec02\" data-element_type=\"column\">\n\t\t\t<div class=\"elementor-widget-wrap elementor-element-populated\">\n\t\t\t\t\t\t<div class=\"elementor-element elementor-element-5d6cadf elementor-widget elementor-widget-image\" data-id=\"5d6cadf\" data-element_type=\"widget\" data-widget_type=\"image.default\">\n\t\t\t\t<div class=\"elementor-widget-container\">\n\t\t\t\t\t\t\t\t\t\t\t\t<figure class=\"wp-caption\">\n\t\t\t\t\t\t\t\t\t\t\t<a href=\"https:\/\/alzira.es\/serveis-municipals\/educacio-i-infancia\/galerias-dimatges-educacio\/concurs-escolar-dibuix-plca-2025\/\">\n\t\t\t\t\t\t\t<img decoding=\"async\" width=\"350\" height=\"350\" data-src=\"https:\/\/alzira.es\/wp-content\/uploads\/2026\/03\/cartell-concurs-dibuix-2025-1-350x350.png\" class=\"attachment-thumbnail size-thumbnail wp-image-170674 lazyload\" alt=\"\" data-srcset=\"https:\/\/alzira.es\/wp-content\/uploads\/2026\/03\/cartell-concurs-dibuix-2025-1-350x350.png 350w, https:\/\/alzira.es\/wp-content\/uploads\/2026\/03\/cartell-concurs-dibuix-2025-1-300x300.png 300w, https:\/\/alzira.es\/wp-content\/uploads\/2026\/03\/cartell-concurs-dibuix-2025-1-100x100.png 100w\" data-sizes=\"100vw\" src=\"data:image\/svg+xml;base64,PHN2ZyB3aWR0aD0iMSIgaGVpZ2h0PSIxIiB4bWxucz0iaHR0cDovL3d3dy53My5vcmcvMjAwMC9zdmciPjwvc3ZnPg==\" style=\"--smush-placeholder-width: 350px; --smush-placeholder-aspect-ratio: 350\/350;\" \/>\t\t\t\t\t\t\t\t<\/a>\n\t\t\t\t\t\t\t\t\t\t\t<figcaption class=\"widget-image-caption wp-caption-text\">XXX concurs escolar de dibuix dels PLCA<\/figcaption>\n\t\t\t\t\t\t\t\t\t\t<\/figure>\n\t\t\t\t\t\t\t\t\t<\/div>\n\t\t\t\t<\/div>\n\t\t\t\t\t<\/div>\n\t\t<\/div>\n\t\t\t\t<div class=\"elementor-column elementor-col-25 elementor-top-column elementor-element elementor-element-54bf217\" data-id=\"54bf217\" data-element_type=\"column\">\n\t\t\t<div class=\"elementor-widget-wrap elementor-element-populated\">\n\t\t\t\t\t\t<div class=\"elementor-element elementor-element-3eb6867 elementor-widget elementor-widget-image\" data-id=\"3eb6867\" data-element_type=\"widget\" data-widget_type=\"image.default\">\n\t\t\t\t<div class=\"elementor-widget-container\">\n\t\t\t\t\t\t\t\t\t\t\t\t<figure class=\"wp-caption\">\n\t\t\t\t\t\t\t\t\t\t\t<a href=\"https:\/\/alzira.es\/serveis-municipals\/educacio-i-infancia\/galerias-dimatges-educacio\/concurs-escolar-dibuix-plca-2024\/\">\n\t\t\t\t\t\t\t<img decoding=\"async\" width=\"350\" height=\"350\" data-src=\"https:\/\/alzira.es\/wp-content\/uploads\/2026\/03\/cartell-concurs-dibuix-2024-1-350x350.png\" class=\"attachment-thumbnail size-thumbnail wp-image-170676 lazyload\" alt=\"\" data-srcset=\"https:\/\/alzira.es\/wp-content\/uploads\/2026\/03\/cartell-concurs-dibuix-2024-1-350x350.png 350w, https:\/\/alzira.es\/wp-content\/uploads\/2026\/03\/cartell-concurs-dibuix-2024-1-300x300.png 300w, https:\/\/alzira.es\/wp-content\/uploads\/2026\/03\/cartell-concurs-dibuix-2024-1-100x100.png 100w\" data-sizes=\"100vw\" src=\"data:image\/svg+xml;base64,PHN2ZyB3aWR0aD0iMSIgaGVpZ2h0PSIxIiB4bWxucz0iaHR0cDovL3d3dy53My5vcmcvMjAwMC9zdmciPjwvc3ZnPg==\" style=\"--smush-placeholder-width: 350px; --smush-placeholder-aspect-ratio: 350\/350;\" \/>\t\t\t\t\t\t\t\t<\/a>\n\t\t\t\t\t\t\t\t\t\t\t<figcaption class=\"widget-image-caption wp-caption-text\">XXIX concurs escolar de dibuix dels PLCA<\/figcaption>\n\t\t\t\t\t\t\t\t\t\t<\/figure>\n\t\t\t\t\t\t\t\t\t<\/div>\n\t\t\t\t<\/div>\n\t\t\t\t\t<\/div>\n\t\t<\/div>\n\t\t\t\t<div class=\"elementor-column elementor-col-25 elementor-top-column elementor-element elementor-element-40f7ac5\" data-id=\"40f7ac5\" data-element_type=\"column\">\n\t\t\t<div class=\"elementor-widget-wrap elementor-element-populated\">\n\t\t\t\t\t\t<div class=\"elementor-element elementor-element-77dc281 elementor-widget elementor-widget-image\" data-id=\"77dc281\" data-element_type=\"widget\" data-widget_type=\"image.default\">\n\t\t\t\t<div class=\"elementor-widget-container\">\n\t\t\t\t\t\t\t\t\t\t\t\t<figure class=\"wp-caption\">\n\t\t\t\t\t\t\t\t\t\t\t<a href=\"https:\/\/alzira.es\/serveis-municipals\/educacio-i-infancia\/galerias-dimatges-educacio\/xxviii-concurs-escolar-de-dibuix-dels-plca\">\n\t\t\t\t\t\t\t<img decoding=\"async\" width=\"350\" height=\"350\" data-src=\"https:\/\/alzira.es\/wp-content\/uploads\/2026\/03\/XXVIII-concurs-escolar-de-dibuix-dels-PLCA-1-350x350.jpg\" class=\"attachment-thumbnail size-thumbnail wp-image-170678 lazyload\" alt=\"\" data-srcset=\"https:\/\/alzira.es\/wp-content\/uploads\/2026\/03\/XXVIII-concurs-escolar-de-dibuix-dels-PLCA-1-350x350.jpg 350w, https:\/\/alzira.es\/wp-content\/uploads\/2026\/03\/XXVIII-concurs-escolar-de-dibuix-dels-PLCA-1-300x300.jpg 300w, https:\/\/alzira.es\/wp-content\/uploads\/2026\/03\/XXVIII-concurs-escolar-de-dibuix-dels-PLCA-1-100x100.jpg 100w\" data-sizes=\"100vw\" src=\"data:image\/svg+xml;base64,PHN2ZyB3aWR0aD0iMSIgaGVpZ2h0PSIxIiB4bWxucz0iaHR0cDovL3d3dy53My5vcmcvMjAwMC9zdmciPjwvc3ZnPg==\" style=\"--smush-placeholder-width: 350px; --smush-placeholder-aspect-ratio: 350\/350;\" \/>\t\t\t\t\t\t\t\t<\/a>\n\t\t\t\t\t\t\t\t\t\t\t<figcaption class=\"widget-image-caption wp-caption-text\">XXVIII concurs escolar de dibuix dels PLCA<\/figcaption>\n\t\t\t\t\t\t\t\t\t\t<\/figure>\n\t\t\t\t\t\t\t\t\t<\/div>\n\t\t\t\t<\/div>\n\t\t\t\t\t<\/div>\n\t\t<\/div>\n\t\t\t\t<div class=\"elementor-column elementor-col-25 elementor-top-column elementor-element elementor-element-5a56922\" data-id=\"5a56922\" data-element_type=\"column\">\n\t\t\t<div class=\"elementor-widget-wrap elementor-element-populated\">\n\t\t\t\t\t\t<div class=\"elementor-element elementor-element-3c0a902 elementor-widget elementor-widget-image\" data-id=\"3c0a902\" data-element_type=\"widget\" data-widget_type=\"image.default\">\n\t\t\t\t<div class=\"elementor-widget-container\">\n\t\t\t\t\t\t\t\t\t\t\t\t<figure class=\"wp-caption\">\n\t\t\t\t\t\t\t\t\t\t\t<a href=\"https:\/\/alzira.es\/serveis-municipals\/educacio-i-infancia\/galerias-dimatges-educacio\/lliurament-premis-xxvi-concurs-escolar-de-dibuix-dels-premis-literaris-ciutat-dalzira\/\">\n\t\t\t\t\t\t\t<img decoding=\"async\" width=\"350\" height=\"350\" data-src=\"https:\/\/alzira.es\/wp-content\/uploads\/2026\/03\/Concurs-escolar-de-dibuix-dels-premis-literaris-350x350.png\" class=\"attachment-thumbnail size-thumbnail wp-image-170680 lazyload\" alt=\"\" data-srcset=\"https:\/\/alzira.es\/wp-content\/uploads\/2026\/03\/Concurs-escolar-de-dibuix-dels-premis-literaris-350x350.png 350w, https:\/\/alzira.es\/wp-content\/uploads\/2026\/03\/Concurs-escolar-de-dibuix-dels-premis-literaris-300x300.png 300w, https:\/\/alzira.es\/wp-content\/uploads\/2026\/03\/Concurs-escolar-de-dibuix-dels-premis-literaris-100x100.png 100w\" data-sizes=\"100vw\" src=\"data:image\/svg+xml;base64,PHN2ZyB3aWR0aD0iMSIgaGVpZ2h0PSIxIiB4bWxucz0iaHR0cDovL3d3dy53My5vcmcvMjAwMC9zdmciPjwvc3ZnPg==\" style=\"--smush-placeholder-width: 350px; --smush-placeholder-aspect-ratio: 350\/350;\" \/>\t\t\t\t\t\t\t\t<\/a>\n\t\t\t\t\t\t\t\t\t\t\t<figcaption class=\"widget-image-caption wp-caption-text\">XXVI concurs escolar de dibuix dels PLCA<\/figcaption>\n\t\t\t\t\t\t\t\t\t\t<\/figure>\n\t\t\t\t\t\t\t\t\t<\/div>\n\t\t\t\t<\/div>\n\t\t\t\t\t<\/div>\n\t\t<\/div>\n\t\t\t\t\t<\/div>\n\t\t<\/section>\n\t\t\t\t<section class=\"elementor-section elementor-top-section elementor-element elementor-element-920fc55 elementor-section-boxed elementor-section-height-default elementor-section-height-default\" data-id=\"920fc55\" data-element_type=\"section\">\n\t\t\t\t\t\t<div class=\"elementor-container elementor-column-gap-default\">\n\t\t\t\t\t<div class=\"elementor-column elementor-col-25 elementor-top-column elementor-element elementor-element-8b3ab90\" data-id=\"8b3ab90\" data-element_type=\"column\">\n\t\t\t<div class=\"elementor-widget-wrap\">\n\t\t\t\t\t\t\t<\/div>\n\t\t<\/div>\n\t\t\t\t<div class=\"elementor-column elementor-col-25 elementor-top-column elementor-element elementor-element-6003e34\" data-id=\"6003e34\" data-element_type=\"column\">\n\t\t\t<div class=\"elementor-widget-wrap elementor-element-populated\">\n\t\t\t\t\t\t<div class=\"elementor-element elementor-element-53235d0 elementor-widget elementor-widget-image\" data-id=\"53235d0\" data-element_type=\"widget\" data-widget_type=\"image.default\">\n\t\t\t\t<div class=\"elementor-widget-container\">\n\t\t\t\t\t\t\t\t\t\t\t\t<figure class=\"wp-caption\">\n\t\t\t\t\t\t\t\t\t\t\t<a href=\"https:\/\/alzira.es\/serveis-municipals\/educacio-i-infancia\/galerias-dimatges-educacio\/premis-dinnovacio-educativa-2025\">\n\t\t\t\t\t\t\t<img decoding=\"async\" width=\"350\" height=\"350\" data-src=\"https:\/\/alzira.es\/wp-content\/uploads\/2026\/03\/premis-innovacio-educativa-2025-1-350x350.png\" class=\"attachment-thumbnail size-thumbnail wp-image-170682 lazyload\" alt=\"\" data-srcset=\"https:\/\/alzira.es\/wp-content\/uploads\/2026\/03\/premis-innovacio-educativa-2025-1-350x350.png 350w, https:\/\/alzira.es\/wp-content\/uploads\/2026\/03\/premis-innovacio-educativa-2025-1-300x300.png 300w, https:\/\/alzira.es\/wp-content\/uploads\/2026\/03\/premis-innovacio-educativa-2025-1-100x100.png 100w\" data-sizes=\"100vw\" src=\"data:image\/svg+xml;base64,PHN2ZyB3aWR0aD0iMSIgaGVpZ2h0PSIxIiB4bWxucz0iaHR0cDovL3d3dy53My5vcmcvMjAwMC9zdmciPjwvc3ZnPg==\" style=\"--smush-placeholder-width: 350px; --smush-placeholder-aspect-ratio: 350\/350;\" \/>\t\t\t\t\t\t\t\t<\/a>\n\t\t\t\t\t\t\t\t\t\t\t<figcaption class=\"widget-image-caption wp-caption-text\">Premis d'Innovaci\u00f3 Educativa 2025<\/figcaption>\n\t\t\t\t\t\t\t\t\t\t<\/figure>\n\t\t\t\t\t\t\t\t\t<\/div>\n\t\t\t\t<\/div>\n\t\t\t\t\t<\/div>\n\t\t<\/div>\n\t\t\t\t<div class=\"elementor-column elementor-col-25 elementor-top-column elementor-element elementor-element-1dbf816\" data-id=\"1dbf816\" data-element_type=\"column\">\n\t\t\t<div class=\"elementor-widget-wrap elementor-element-populated\">\n\t\t\t\t\t\t<div class=\"elementor-element elementor-element-ddad946 elementor-widget elementor-widget-image\" data-id=\"ddad946\" data-element_type=\"widget\" data-widget_type=\"image.default\">\n\t\t\t\t<div class=\"elementor-widget-container\">\n\t\t\t\t\t\t\t\t\t\t\t\t<figure class=\"wp-caption\">\n\t\t\t\t\t\t\t\t\t\t\t<a href=\"https:\/\/alzira.es\/serveis-municipals\/educacio-i-infancia\/galerias-dimatges-educacio\/premis-dinnovacio-educativa-2024\/\">\n\t\t\t\t\t\t\t<img decoding=\"async\" width=\"350\" height=\"336\" data-src=\"https:\/\/alzira.es\/wp-content\/uploads\/2026\/03\/premis-innovacio-educativa-2024-1-350x336.png\" class=\"attachment-thumbnail size-thumbnail wp-image-170684 lazyload\" alt=\"\" data-sizes=\"100vw\" src=\"data:image\/svg+xml;base64,PHN2ZyB3aWR0aD0iMSIgaGVpZ2h0PSIxIiB4bWxucz0iaHR0cDovL3d3dy53My5vcmcvMjAwMC9zdmciPjwvc3ZnPg==\" style=\"--smush-placeholder-width: 350px; --smush-placeholder-aspect-ratio: 350\/336;\" \/>\t\t\t\t\t\t\t\t<\/a>\n\t\t\t\t\t\t\t\t\t\t\t<figcaption class=\"widget-image-caption wp-caption-text\">Premis d'Innovaci\u00f3 Educativa 2024<\/figcaption>\n\t\t\t\t\t\t\t\t\t\t<\/figure>\n\t\t\t\t\t\t\t\t\t<\/div>\n\t\t\t\t<\/div>\n\t\t\t\t\t<\/div>\n\t\t<\/div>\n\t\t\t\t<div class=\"elementor-column elementor-col-25 elementor-top-column elementor-element elementor-element-e0b96d3\" data-id=\"e0b96d3\" data-element_type=\"column\">\n\t\t\t<div class=\"elementor-widget-wrap elementor-element-populated\">\n\t\t\t\t\t\t<div class=\"elementor-element elementor-element-3774051 elementor-widget elementor-widget-image\" data-id=\"3774051\" data-element_type=\"widget\" data-widget_type=\"image.default\">\n\t\t\t\t<div class=\"elementor-widget-container\">\n\t\t\t\t\t\t\t\t\t\t\t\t<figure class=\"wp-caption\">\n\t\t\t\t\t\t\t\t\t\t\t<a href=\"https:\/\/alzira.es\/wp-content\/uploads\/2024\/09\/bases-dels-premis-d-innovacio-educativa.pdf\" target=\"_blank\">\n\t\t\t\t\t\t\t<img decoding=\"async\" width=\"350\" height=\"350\" data-src=\"https:\/\/alzira.es\/wp-content\/uploads\/2024\/02\/cartell-premis-350x350.jpg\" class=\"attachment-thumbnail size-thumbnail wp-image-147510 lazyload\" alt=\"\" data-srcset=\"https:\/\/alzira.es\/wp-content\/uploads\/2024\/02\/cartell-premis-350x350.jpg 350w, https:\/\/alzira.es\/wp-content\/uploads\/2024\/02\/cartell-premis-300x300.jpg 300w, https:\/\/alzira.es\/wp-content\/uploads\/2024\/02\/cartell-premis-100x100.jpg 100w\" data-sizes=\"100vw\" src=\"data:image\/svg+xml;base64,PHN2ZyB3aWR0aD0iMSIgaGVpZ2h0PSIxIiB4bWxucz0iaHR0cDovL3d3dy53My5vcmcvMjAwMC9zdmciPjwvc3ZnPg==\" style=\"--smush-placeholder-width: 350px; --smush-placeholder-aspect-ratio: 350\/350;\" \/>\t\t\t\t\t\t\t\t<\/a>\n\t\t\t\t\t\t\t\t\t\t\t<figcaption class=\"widget-image-caption wp-caption-text\">Premis d'Innovaci\u00f3 Educativa 2023<\/figcaption>\n\t\t\t\t\t\t\t\t\t\t<\/figure>\n\t\t\t\t\t\t\t\t\t<\/div>\n\t\t\t\t<\/div>\n\t\t\t\t\t<\/div>\n\t\t<\/div>\n\t\t\t\t\t<\/div>\n\t\t<\/section>\n\t\t\t\t<\/div>\n\t\t","protected":false},"excerpt":{"rendered":"<p>\u00a0JORNADAS El Departamento de Educaci\u00f3n de l&#8217;Ajuntament d&#8217;Alzira, organiza y\/o colabora en la organizaci\u00f3n de las siguientes jornadas: &#8211; Jornades d&#8217;Innovaci\u00f3 Educativa PREMIS I CONCURSOS El Departamento de Educaci\u00f3n de l&#8217;Ajuntament d&#8217;Alzira, organiza y\/o colabora en la organizaci\u00f3n de los siguientes premios y concursos: PREMIS D\u2019INNOVACI\u00d3 EDUCATIVA CIUTAT D\u2019ALZIRA Galer\u00eda d&#8217;Imatges &#8211; Premis i Concursos &hellip; <\/p>\n<p class=\"link-more\"><a href=\"https:\/\/alzira.es\/es\/servicios-municipales\/educacion-e-infancia\/jornadas-premios-y-concursos\/\" class=\"more-link\">Continuar leyendo<span class=\"screen-reader-text\"> \u00abJornadas, premios y concursos\u00bb<\/span><\/a><\/p>\n","protected":false},"author":29,"featured_media":0,"parent":104969,"menu_order":1,"comment_status":"closed","ping_status":"closed","template":"","meta":{"_acf_changed":false,"footnotes":""},"class_list":["post-120864","page","type-page","status-publish","hentry"],"acf":[],"_links":{"self":[{"href":"https:\/\/alzira.es\/es\/wp-json\/wp\/v2\/pages\/120864","targetHints":{"allow":["GET"]}}],"collection":[{"href":"https:\/\/alzira.es\/es\/wp-json\/wp\/v2\/pages"}],"about":[{"href":"https:\/\/alzira.es\/es\/wp-json\/wp\/v2\/types\/page"}],"author":[{"embeddable":true,"href":"https:\/\/alzira.es\/es\/wp-json\/wp\/v2\/users\/29"}],"replies":[{"embeddable":true,"href":"https:\/\/alzira.es\/es\/wp-json\/wp\/v2\/comments?post=120864"}],"version-history":[{"count":2,"href":"https:\/\/alzira.es\/es\/wp-json\/wp\/v2\/pages\/120864\/revisions"}],"predecessor-version":[{"id":170688,"href":"https:\/\/alzira.es\/es\/wp-json\/wp\/v2\/pages\/120864\/revisions\/170688"}],"up":[{"embeddable":true,"href":"https:\/\/alzira.es\/es\/wp-json\/wp\/v2\/pages\/104969"}],"wp:attachment":[{"href":"https:\/\/alzira.es\/es\/wp-json\/wp\/v2\/media?parent=120864"}],"curies":[{"name":"wp","href":"https:\/\/api.w.org\/{rel}","templated":true}]}}