{"id":1208,"date":"2009-07-06T15:47:35","date_gmt":"2009-07-06T13:47:35","guid":{"rendered":"https:\/\/alzira.es\/oposiciones\/"},"modified":"2021-11-30T11:33:00","modified_gmt":"2021-11-30T10:33:00","slug":"oposiciones","status":"publish","type":"page","link":"https:\/\/alzira.es\/es\/servicios-municipales\/centre-dinformacio-juvenil-el-centro\/educacion-cij\/oposiciones\/","title":{"rendered":"Oposiciones"},"content":{"rendered":"<p style=\"text-align: justify;\">\n<p style=\"text-align: justify;\">S\u00f3n els llocs de treball que cada any necessiten cobrir les diferents administracions de l&#8217;Estat. Segons l&#8217;organisme que convoca les places, s&#8217;ha buscar la convocat\u00f2ria en els butlletins oficials que indiquem a continuaci\u00f3.<\/p>\n<p style=\"text-align: justify;\">\n<p style=\"text-align: justify;\">Estos butlletins solen estar a disposici\u00f3 del p\u00fablic en ajuntaments, biblioteques, CIDAJ i centres d\u00b4informaci\u00f3.<\/p>\n<p style=\"text-align: justify;\">\n<table style=\"width: 100%;\" border=\"1\" cellspacing=\"1\" cellpadding=\"1\">\n<tbody>\n<tr>\n<td style=\"text-align: center; background-color: #568bbf;\" colspan=\"2\"><span style=\"color: #ffffff;\"><strong>\u00c0MBIT \/ BUTLLET\u00cd <\/strong><\/span><\/td>\n<\/tr>\n<tr>\n<td style=\"text-align: center;\"><strong><span style=\"color: #ff6600;\">\u00c0MBIT <\/span><\/strong><\/td>\n<td style=\"text-align: center;\"><strong><span style=\"color: #ff6600;\">BUTLLET\u00cd <\/span><\/strong><\/td>\n<\/tr>\n<tr>\n<td>Administracions de l&#8217;Estat<\/td>\n<td><a href=\"http:\/\/www.boe.es\/\" target=\"_blank\" rel=\"noopener\"><span style=\"color: #0000ff;\">BOE <\/span><\/a>(Butllet\u00ed Oficial de l&#8217;Estat)<\/td>\n<\/tr>\n<tr>\n<td>Comunitat Valenciana<\/td>\n<td><a href=\"http:\/\/www.gva.es\/cidja\/cidja.htm\" target=\"_blank\" rel=\"noopener\"><span style=\"color: #0000ff;\">DOGV <\/span><\/a>(Butllet\u00ed Oficial de la Generalitat Valenciana)<\/td>\n<\/tr>\n<tr>\n<td>Ajuntaments o diputacions<\/td>\n<td><a href=\"http:\/\/bop.dival.es\/bop\/drvisapi.dll\" target=\"_blank\" rel=\"noopener\"><span style=\"color: #0000ff;\">BOP <\/span><\/a>(Butllet\u00ed Oficial de la Prov\u00edncia)<\/td>\n<\/tr>\n<tr>\n<td>Comunitat europea<\/td>\n<td><a href=\"http:\/\/www.uv.es\/cde\/\" target=\"_blank\" rel=\"noopener\"><span style=\"color: #0000ff;\">DOUE <\/span><\/a>(Diari Oficial de la Uni\u00f3 Europea)<\/td>\n<\/tr>\n<tr>\n<td>Ajuntament d&#8217;Alzira<\/td>\n<td><span style=\"color: #0000ff;\">Web Ajuntament<\/span><\/td>\n<\/tr>\n<\/tbody>\n<\/table>\n<p style=\"text-align: justify;\">\n<p>.<\/p>\n","protected":false},"excerpt":{"rendered":"<p>S\u00f3n els llocs de treball que cada any necessiten cobrir les diferents administracions de l&#8217;Estat. Segons l&#8217;organisme que convoca les places, s&#8217;ha buscar la convocat\u00f2ria en els butlletins oficials que indiquem a continuaci\u00f3. Estos butlletins solen estar a disposici\u00f3 del p\u00fablic en ajuntaments, biblioteques, CIDAJ i centres d\u00b4informaci\u00f3. \u00c0MBIT \/ BUTLLET\u00cd \u00c0MBIT BUTLLET\u00cd Administracions de &hellip; <\/p>\n<p class=\"link-more\"><a href=\"https:\/\/alzira.es\/es\/servicios-municipales\/centre-dinformacio-juvenil-el-centro\/educacion-cij\/oposiciones\/\" class=\"more-link\">Continuar leyendo<span class=\"screen-reader-text\"> \u00abOposiciones\u00bb<\/span><\/a><\/p>\n","protected":false},"author":12,"featured_media":0,"parent":1196,"menu_order":0,"comment_status":"closed","ping_status":"closed","template":"","meta":{"_acf_changed":false,"footnotes":""},"class_list":["post-1208","page","type-page","status-publish","hentry"],"acf":[],"_links":{"self":[{"href":"https:\/\/alzira.es\/es\/wp-json\/wp\/v2\/pages\/1208","targetHints":{"allow":["GET"]}}],"collection":[{"href":"https:\/\/alzira.es\/es\/wp-json\/wp\/v2\/pages"}],"about":[{"href":"https:\/\/alzira.es\/es\/wp-json\/wp\/v2\/types\/page"}],"author":[{"embeddable":true,"href":"https:\/\/alzira.es\/es\/wp-json\/wp\/v2\/users\/12"}],"replies":[{"embeddable":true,"href":"https:\/\/alzira.es\/es\/wp-json\/wp\/v2\/comments?post=1208"}],"version-history":[{"count":2,"href":"https:\/\/alzira.es\/es\/wp-json\/wp\/v2\/pages\/1208\/revisions"}],"predecessor-version":[{"id":106210,"href":"https:\/\/alzira.es\/es\/wp-json\/wp\/v2\/pages\/1208\/revisions\/106210"}],"up":[{"embeddable":true,"href":"https:\/\/alzira.es\/es\/wp-json\/wp\/v2\/pages\/1196"}],"wp:attachment":[{"href":"https:\/\/alzira.es\/es\/wp-json\/wp\/v2\/media?parent=1208"}],"curies":[{"name":"wp","href":"https:\/\/api.w.org\/{rel}","templated":true}]}}