{"id":12068,"date":"2015-06-24T08:58:04","date_gmt":"2015-06-24T06:58:04","guid":{"rendered":"https:\/\/alzira.es\/escuela-de-madres-y-padres\/"},"modified":"2021-08-30T10:10:36","modified_gmt":"2021-08-30T08:10:36","slug":"escuela-de-madres-y-padres","status":"publish","type":"page","link":"https:\/\/alzira.es\/es\/servicios-municipales\/infancia\/escuela-de-madres-y-padres\/","title":{"rendered":"Escuela de madres y padres"},"content":{"rendered":"<p style=\"text-align: justify;\">Durante todo el curso escolar se realizan actividades con el objetivo de informar y formar a madres y padres y buscar la implicaci\u00f3n en los proyectos y actividades de los departamentos municipales.<\/p>\n<p style=\"text-align: justify;\">Estas actividades se desarrollan en los siguientes apartados fundamentales: reuniones con las AMPA de los centros educativos de Alzira; charlas formativas e informativas; elaboraci\u00f3n de carteles, libritos, boletines y dossier en formato electr\u00f3nico; informaci\u00f3n a las webs de educaci\u00f3n e &nbsp;infancia y otras actividades a determinar.<\/p>\n","protected":false},"excerpt":{"rendered":"<p>Durante todo el curso escolar se realizan actividades con el objetivo de informar y formar a madres y padres y buscar la implicaci\u00f3n en los proyectos y actividades de los departamentos municipales. Estas actividades se desarrollan en los siguientes apartados fundamentales: reuniones con las AMPA de los centros educativos de Alzira; charlas formativas e informativas; &hellip; <\/p>\n<p class=\"link-more\"><a href=\"https:\/\/alzira.es\/es\/servicios-municipales\/infancia\/escuela-de-madres-y-padres\/\" class=\"more-link\">Continuar leyendo<span class=\"screen-reader-text\"> \u00abEscuela de madres y padres\u00bb<\/span><\/a><\/p>\n","protected":false},"author":29,"featured_media":0,"parent":86060,"menu_order":3,"comment_status":"closed","ping_status":"closed","template":"","meta":{"_acf_changed":false,"footnotes":""},"class_list":["post-12068","page","type-page","status-publish","hentry"],"acf":[],"_links":{"self":[{"href":"https:\/\/alzira.es\/es\/wp-json\/wp\/v2\/pages\/12068","targetHints":{"allow":["GET"]}}],"collection":[{"href":"https:\/\/alzira.es\/es\/wp-json\/wp\/v2\/pages"}],"about":[{"href":"https:\/\/alzira.es\/es\/wp-json\/wp\/v2\/types\/page"}],"author":[{"embeddable":true,"href":"https:\/\/alzira.es\/es\/wp-json\/wp\/v2\/users\/29"}],"replies":[{"embeddable":true,"href":"https:\/\/alzira.es\/es\/wp-json\/wp\/v2\/comments?post=12068"}],"version-history":[{"count":1,"href":"https:\/\/alzira.es\/es\/wp-json\/wp\/v2\/pages\/12068\/revisions"}],"predecessor-version":[{"id":86225,"href":"https:\/\/alzira.es\/es\/wp-json\/wp\/v2\/pages\/12068\/revisions\/86225"}],"up":[{"embeddable":true,"href":"https:\/\/alzira.es\/es\/wp-json\/wp\/v2\/pages\/86060"}],"wp:attachment":[{"href":"https:\/\/alzira.es\/es\/wp-json\/wp\/v2\/media?parent=12068"}],"curies":[{"name":"wp","href":"https:\/\/api.w.org\/{rel}","templated":true}]}}