{"id":1202,"date":"2009-07-06T14:39:03","date_gmt":"2009-07-06T12:39:03","guid":{"rendered":"https:\/\/alzira.es\/herramientas\/"},"modified":"2021-11-30T11:40:33","modified_gmt":"2021-11-30T10:40:33","slug":"herramientas","status":"publish","type":"page","link":"https:\/\/alzira.es\/es\/servicios-municipales\/centre-dinformacio-juvenil-el-centro\/educacion-cij\/herramientas\/","title":{"rendered":"HERRAMIENTAS"},"content":{"rendered":"<p style=\"text-align: justify;\">\n<table style=\"width: 100%;\" border=\"1\" cellspacing=\"1\" cellpadding=\"1\">\n<tbody>\n<tr>\n<td style=\"background-color: #d1e0ef;\"><strong>LA CARTA DE PRESENTACI\u00d3N:<\/strong><\/td>\n<\/tr>\n<\/tbody>\n<\/table>\n<p style=\"text-align: justify;\">Es tu tarjeta de presentaci\u00f3n. De esta depende que pases a la siguiente etapa de selecci\u00f3n. La carta de presentaci\u00f3n tiene como objetivos:<\/p>\n<p style=\"text-align: justify;\">\n<p style=\"text-align: justify; margin-left: 40px;\">1. Te presenta como individuo: quien eres, donde vives, etc.<br \/>\n2. Exp\u00f3n tu capacidad para&nbsp;un puesto concreto&nbsp;y tus expectativas.<br \/>\n3. Manifiesta&nbsp;tu disposici\u00f3n para mantener una entrevista&nbsp;y participar en les pruebas previstas.<\/p>\n<p style=\"text-align: justify;\">\n<table style=\"width: 100%;\" border=\"1\" cellspacing=\"1\" cellpadding=\"1\">\n<tbody>\n<tr>\n<td style=\"background-color: #d1e0ef;\"><strong>EL CURRICULUM VITAE:<\/strong><\/td>\n<\/tr>\n<\/tbody>\n<\/table>\n<p style=\"text-align: justify;\">Es un documento que resume en pocas hojas, qui\u00e9n eres,&nbsp;tu historial acad\u00e9mico&nbsp;y profesional, tus&nbsp;\u00e9xitos&nbsp;y tus habilidades. Algunos aspectos importantes:<\/p>\n<p style=\"text-align: justify;\">\n<p style=\"text-align: justify; margin-left: 40px;\">&#8211; El curricum tiene que ser personalizado y espec\u00edfico para&nbsp;cada&nbsp;lugar.<br \/>\n&#8211; La presentaci\u00f3n debe ser lo m\u00e1s perfecta posible:&nbsp;escrito a ordenador, sin faltas de ortograf\u00eda y originales (no enviar fotocopias).<br \/>\n&#8211; Debe ser breve y conciso: una o dos hojas como m\u00e1ximo.<br \/>\n&#8211; Recuerda que es la herramienta m\u00e1s importante para promocionarte y desarollar tu carrera profesional.<\/p>\n<p style=\"text-align: justify;\">Tienes m\u00e1s informaci\u00f3n de las herraminetas de b\u00fasqueda de empleo en estas webs:<\/p>\n<p style=\"text-align: justify;\">-IDEA (Agencia de&nbsp;Desarrollo Local de Alzira)&nbsp;&nbsp;<a href=\"http:\/\/www.idea-alzira.com\/\" target=\"_blank\" rel=\"noopener\">http:\/\/www.idea-alzira.com\/<\/a><\/p>\n<p style=\"text-align: justify;\">-Gu\u00eda de las empresas que ofrecen empleo. <a href=\"http:\/\/www.quierounbuentrabajo.com\/\" target=\"_blank\" rel=\"noopener\">http:\/\/www.quierounbuentrabajo.com\/<\/a><\/p>\n<p style=\"text-align: justify;\">\n","protected":false},"excerpt":{"rendered":"<p>LA CARTA DE PRESENTACI\u00d3N: Es tu tarjeta de presentaci\u00f3n. De esta depende que pases a la siguiente etapa de selecci\u00f3n. La carta de presentaci\u00f3n tiene como objetivos: 1. Te presenta como individuo: quien eres, donde vives, etc. 2. Exp\u00f3n tu capacidad para&nbsp;un puesto concreto&nbsp;y tus expectativas. 3. Manifiesta&nbsp;tu disposici\u00f3n para mantener una entrevista&nbsp;y participar en &hellip; <\/p>\n<p class=\"link-more\"><a href=\"https:\/\/alzira.es\/es\/servicios-municipales\/centre-dinformacio-juvenil-el-centro\/educacion-cij\/herramientas\/\" class=\"more-link\">Continuar leyendo<span class=\"screen-reader-text\"> \u00abHERRAMIENTAS\u00bb<\/span><\/a><\/p>\n","protected":false},"author":29,"featured_media":0,"parent":1196,"menu_order":0,"comment_status":"closed","ping_status":"closed","template":"","meta":{"_acf_changed":false,"footnotes":""},"class_list":["post-1202","page","type-page","status-publish","hentry"],"acf":[],"_links":{"self":[{"href":"https:\/\/alzira.es\/es\/wp-json\/wp\/v2\/pages\/1202","targetHints":{"allow":["GET"]}}],"collection":[{"href":"https:\/\/alzira.es\/es\/wp-json\/wp\/v2\/pages"}],"about":[{"href":"https:\/\/alzira.es\/es\/wp-json\/wp\/v2\/types\/page"}],"author":[{"embeddable":true,"href":"https:\/\/alzira.es\/es\/wp-json\/wp\/v2\/users\/29"}],"replies":[{"embeddable":true,"href":"https:\/\/alzira.es\/es\/wp-json\/wp\/v2\/comments?post=1202"}],"version-history":[{"count":0,"href":"https:\/\/alzira.es\/es\/wp-json\/wp\/v2\/pages\/1202\/revisions"}],"up":[{"embeddable":true,"href":"https:\/\/alzira.es\/es\/wp-json\/wp\/v2\/pages\/1196"}],"wp:attachment":[{"href":"https:\/\/alzira.es\/es\/wp-json\/wp\/v2\/media?parent=1202"}],"curies":[{"name":"wp","href":"https:\/\/api.w.org\/{rel}","templated":true}]}}