{"id":1200,"date":"2009-07-06T14:25:01","date_gmt":"2009-07-06T12:25:01","guid":{"rendered":"https:\/\/alzira.es\/donde-buscar\/"},"modified":"2021-11-30T11:30:11","modified_gmt":"2021-11-30T10:30:11","slug":"donde-buscar","status":"publish","type":"page","link":"https:\/\/alzira.es\/es\/servicios-municipales\/centre-dinformacio-juvenil-el-centro\/educacion-cij\/donde-buscar\/","title":{"rendered":"\u00bfD\u00f3nde buscar?"},"content":{"rendered":"<p>&nbsp;&nbsp;<\/p>\n<table border=\"1\" cellspacing=\"1\" cellpadding=\"1\" style=\"width: 100%\">\n<tbody>\n<tr>\n<td style=\"background-color: #d1e0ef\"><strong>Publicaciones y medios de comunicaci\u00f3n:<\/strong><\/td>\n<\/tr>\n<\/tbody>\n<\/table>\n<p>&nbsp;<\/p>\n<ul>\n<li>Programas de radio y televisi\u00f3n<\/li>\n<li>Internet<\/li>\n<li>Prensa<\/li>\n<li>BOE<\/li>\n<li>P\u00e1gines amarillas<\/li>\n<\/ul>\n<p>&nbsp;&nbsp;<\/p>\n<table border=\"1\" cellspacing=\"1\" cellpadding=\"1\" style=\"width: 100%\">\n<tbody>\n<tr>\n<td style=\"background-color: #d1e0ef\"><strong>Administracions p\u00fabliques:<\/strong><\/td>\n<\/tr>\n<\/tbody>\n<\/table>\n<p>&nbsp;<\/p>\n<ul>\n<li>Oficines d&#8217;ocupaci\u00f3 (SERVEF)<\/li>\n<li>Instituto Nacional de EMpleo (INEM)<\/li>\n<li>Agencias privadas de colocaci\u00f3n<\/li>\n<li>Empresas de trabajo temporal (ETT)<\/li>\n<li>Bolsa de trabajo y oposiciones del Ayuntamiento de Alzira<\/li>\n<\/ul>\n","protected":false},"excerpt":{"rendered":"<p>&nbsp;&nbsp; Publicaciones y medios de comunicaci\u00f3n: &nbsp; Programas de radio y televisi\u00f3n Internet Prensa BOE P\u00e1gines amarillas &nbsp;&nbsp; Administracions p\u00fabliques: &nbsp; Oficines d&#8217;ocupaci\u00f3 (SERVEF) Instituto Nacional de EMpleo (INEM) Agencias privadas de colocaci\u00f3n Empresas de trabajo temporal (ETT) Bolsa de trabajo y oposiciones del Ayuntamiento de Alzira<\/p>\n","protected":false},"author":29,"featured_media":0,"parent":1196,"menu_order":0,"comment_status":"closed","ping_status":"closed","template":"","meta":{"_acf_changed":false,"footnotes":""},"class_list":["post-1200","page","type-page","status-publish","hentry"],"acf":[],"_links":{"self":[{"href":"https:\/\/alzira.es\/es\/wp-json\/wp\/v2\/pages\/1200","targetHints":{"allow":["GET"]}}],"collection":[{"href":"https:\/\/alzira.es\/es\/wp-json\/wp\/v2\/pages"}],"about":[{"href":"https:\/\/alzira.es\/es\/wp-json\/wp\/v2\/types\/page"}],"author":[{"embeddable":true,"href":"https:\/\/alzira.es\/es\/wp-json\/wp\/v2\/users\/29"}],"replies":[{"embeddable":true,"href":"https:\/\/alzira.es\/es\/wp-json\/wp\/v2\/comments?post=1200"}],"version-history":[{"count":2,"href":"https:\/\/alzira.es\/es\/wp-json\/wp\/v2\/pages\/1200\/revisions"}],"predecessor-version":[{"id":84696,"href":"https:\/\/alzira.es\/es\/wp-json\/wp\/v2\/pages\/1200\/revisions\/84696"}],"up":[{"embeddable":true,"href":"https:\/\/alzira.es\/es\/wp-json\/wp\/v2\/pages\/1196"}],"wp:attachment":[{"href":"https:\/\/alzira.es\/es\/wp-json\/wp\/v2\/media?parent=1200"}],"curies":[{"name":"wp","href":"https:\/\/api.w.org\/{rel}","templated":true}]}}