{"id":119108,"date":"2022-04-04T13:02:06","date_gmt":"2022-04-04T11:02:06","guid":{"rendered":"https:\/\/alzira.es\/servicios-municipales\/urbanismo-e-infraestructuras\/plan-local-de-quemas-agricolas\/com-demanar-el-permis-de-forma-telematica\/"},"modified":"2022-04-04T13:24:56","modified_gmt":"2022-04-04T11:24:56","slug":"com-demanar-el-permis-de-forma-telematica","status":"publish","type":"page","link":"https:\/\/alzira.es\/es\/servicios-municipales\/urbanismo-e-infraestructuras\/plan-local-de-quemas-agricolas\/com-demanar-el-permis-de-forma-telematica\/","title":{"rendered":"Com demanar el perm\u00eds de forma telem\u00e1tica"},"content":{"rendered":"\t\t<div data-elementor-type=\"wp-page\" data-elementor-id=\"119108\" class=\"elementor elementor-119108 elementor-119078\">\n\t\t\t\t\t\t<section class=\"elementor-section elementor-top-section elementor-element elementor-element-b586c48 elementor-section-boxed elementor-section-height-default elementor-section-height-default\" data-id=\"b586c48\" data-element_type=\"section\">\n\t\t\t\t\t\t<div class=\"elementor-container elementor-column-gap-default\">\n\t\t\t\t\t<div class=\"elementor-column elementor-col-100 elementor-top-column elementor-element elementor-element-e9de1ac\" data-id=\"e9de1ac\" data-element_type=\"column\">\n\t\t\t<div class=\"elementor-widget-wrap elementor-element-populated\">\n\t\t\t\t\t\t<div class=\"elementor-element elementor-element-2f3c72e elementor-widget elementor-widget-text-editor\" data-id=\"2f3c72e\" data-element_type=\"widget\" data-widget_type=\"text-editor.default\">\n\t\t\t\t<div class=\"elementor-widget-container\">\n\t\t\t\t\t\t\t\t\t<p>Para obtener los permisos de cremas de forma telem\u00e1tica tienes que seguir los siguientes pasos.<\/p><p>1. Tener la firma digital instalada a tu ordenador.<br \/>2. Conocer la zona donde se encuentra tu parcela<br \/>\u00a0 \u00a0 \u00a0a. Entrando a la siguiente direcci\u00f3n web: <a href=\"https:\/\/alzira.gvsigonline.com\/gvsigonline\/core\/load_public_project\/plalocalcrema\/\">https:\/\/alzira.gvsigonline.com\/gvsigonline\/core\/load_public_project\/plalocalcrema\/<\/a><br \/>\u00a0 \u00a0 b. Consulta la tuya parcela al visor geogr\u00e1fico en l\u00ednea.<br \/>\u00a0 \u00a0 \u00a0 \u00a0 \u00a0 \u00a0 \u00a0 \u00a0 \u00a0 \u00a0 \u00a0 i. Primero. Activa la capa \u201c*catastro\u201d y clica sobre la lupa.<\/p><p><img fetchpriority=\"high\" decoding=\"async\" src=\"https:\/\/alzira.es\/wp-content\/uploads\/2022\/04\/PERMIS-DE-FORMA-TELEMATICA-1-680x321.png\" alt=\"\" width=\"680\" height=\"321\" \/><\/p><p>\u00a0 \u00a0 \u00a0 \u00a0 \u00a0 \u00a0 \u00a0 \u00a0 ii. Segundo. En la ventana flotante que aparece cuando clicas la *lupeta, entra a la pesta\u00f1a \u201cLocalizaci\u00f3n\u201d, una vez dentro pone los siguientes datos: \u201cProvincia\u201d, \u201cMunicipio\u201d, y en *r\u00fastico pose \u201cPol\u00edgono\u201d y \u201cParcela\u201d. Una vez lo tengas todo, pulsa el bot\u00f3n \u201ccalcular\u201d<\/p><p><img decoding=\"async\" data-src=\"https:\/\/alzira.es\/wp-content\/uploads\/2022\/04\/PERMIS-DE-FORMA-TELEMATICA-2-680x320.png\" alt=\"\" width=\"680\" height=\"320\" src=\"data:image\/svg+xml;base64,PHN2ZyB3aWR0aD0iMSIgaGVpZ2h0PSIxIiB4bWxucz0iaHR0cDovL3d3dy53My5vcmcvMjAwMC9zdmciPjwvc3ZnPg==\" class=\"lazyload\" style=\"--smush-placeholder-width: 680px; --smush-placeholder-aspect-ratio: 680\/320;\" \/><\/p><p>\u00a0 \u00a0 \u00a0 \u00a0 \u00a0 \u00a0 \u00a0 \u00a0 \u00a0 \u00a0 iii. Tercero. Aparecer\u00e1 la siguiente imagen, un zoom al lugar del t\u00e9rmino municipal donde se encuentra tu parcela. Para saber en qu\u00e9 zona del Plan local de Crema Agr\u00edcola est\u00e1, tienes que clicar al s\u00edmbolo \u201cy\u201d que hay a la parte derecha de la pantalla y pinchar despu\u00e9s sobre la parcela.<\/p><p><img decoding=\"async\" data-src=\"https:\/\/alzira.es\/wp-content\/uploads\/2022\/04\/PERMIS-DE-FORMA-TELEMATICA-3-680x319.png\" alt=\"\" width=\"680\" height=\"319\" src=\"data:image\/svg+xml;base64,PHN2ZyB3aWR0aD0iMSIgaGVpZ2h0PSIxIiB4bWxucz0iaHR0cDovL3d3dy53My5vcmcvMjAwMC9zdmciPjwvc3ZnPg==\" class=\"lazyload\" style=\"--smush-placeholder-width: 680px; --smush-placeholder-aspect-ratio: 680\/319;\" \/><\/p><p>iv. Aparecer\u00e1 un nuevo cuadro con toda la informaci\u00f3n de la tuya parcela relativa al plan local de quema. Aqu\u00ed podr\u00e1s ver en qu\u00e9 zona se encuentra y qu\u00e9 condiciones de crema tienes que respetar. Anota la zona y el \u00e1rea homog\u00e9nea de gesti\u00f3n, despu\u00e9s tendr\u00e1s que indicarlo al tr\u00e1mite.<\/p><p><img decoding=\"async\" data-src=\"https:\/\/alzira.es\/wp-content\/uploads\/2022\/04\/PERMIS-DE-FORMA-TELEMATICA-4-680x319.png\" alt=\"\" width=\"680\" height=\"319\" src=\"data:image\/svg+xml;base64,PHN2ZyB3aWR0aD0iMSIgaGVpZ2h0PSIxIiB4bWxucz0iaHR0cDovL3d3dy53My5vcmcvMjAwMC9zdmciPjwvc3ZnPg==\" class=\"lazyload\" style=\"--smush-placeholder-width: 680px; --smush-placeholder-aspect-ratio: 680\/319;\" \/><\/p><p>3. Entrar a la sede electr\u00f3nica, a la tramitaci\u00f3n espec\u00edfica del permiso de crema y sigue las indicaciones que va pidi\u00e9ndote hasta obtener el permiso.<\/p>\t\t\t\t\t\t\t\t<\/div>\n\t\t\t\t<\/div>\n\t\t\t\t\t<\/div>\n\t\t<\/div>\n\t\t\t\t\t<\/div>\n\t\t<\/section>\n\t\t\t\t<\/div>\n\t\t","protected":false},"excerpt":{"rendered":"<p>Para obtener los permisos de cremas de forma telem\u00e1tica tienes que seguir los siguientes pasos. 1. Tener la firma digital instalada a tu ordenador.2. Conocer la zona donde se encuentra tu parcela\u00a0 \u00a0 \u00a0a. Entrando a la siguiente direcci\u00f3n web: https:\/\/alzira.gvsigonline.com\/gvsigonline\/core\/load_public_project\/plalocalcrema\/\u00a0 \u00a0 b. Consulta la tuya parcela al visor geogr\u00e1fico en l\u00ednea.\u00a0 \u00a0 \u00a0 \u00a0 &hellip; <\/p>\n<p class=\"link-more\"><a href=\"https:\/\/alzira.es\/es\/servicios-municipales\/urbanismo-e-infraestructuras\/plan-local-de-quemas-agricolas\/com-demanar-el-permis-de-forma-telematica\/\" class=\"more-link\">Continuar leyendo<span class=\"screen-reader-text\"> \u00abCom demanar el perm\u00eds de forma telem\u00e1tica\u00bb<\/span><\/a><\/p>\n","protected":false},"author":29,"featured_media":0,"parent":118187,"menu_order":0,"comment_status":"closed","ping_status":"closed","template":"","meta":{"_acf_changed":false,"footnotes":""},"class_list":["post-119108","page","type-page","status-publish","hentry"],"acf":[],"_links":{"self":[{"href":"https:\/\/alzira.es\/es\/wp-json\/wp\/v2\/pages\/119108","targetHints":{"allow":["GET"]}}],"collection":[{"href":"https:\/\/alzira.es\/es\/wp-json\/wp\/v2\/pages"}],"about":[{"href":"https:\/\/alzira.es\/es\/wp-json\/wp\/v2\/types\/page"}],"author":[{"embeddable":true,"href":"https:\/\/alzira.es\/es\/wp-json\/wp\/v2\/users\/29"}],"replies":[{"embeddable":true,"href":"https:\/\/alzira.es\/es\/wp-json\/wp\/v2\/comments?post=119108"}],"version-history":[{"count":2,"href":"https:\/\/alzira.es\/es\/wp-json\/wp\/v2\/pages\/119108\/revisions"}],"predecessor-version":[{"id":119113,"href":"https:\/\/alzira.es\/es\/wp-json\/wp\/v2\/pages\/119108\/revisions\/119113"}],"up":[{"embeddable":true,"href":"https:\/\/alzira.es\/es\/wp-json\/wp\/v2\/pages\/118187"}],"wp:attachment":[{"href":"https:\/\/alzira.es\/es\/wp-json\/wp\/v2\/media?parent=119108"}],"curies":[{"name":"wp","href":"https:\/\/api.w.org\/{rel}","templated":true}]}}