{"id":1190,"date":"2009-06-30T18:47:09","date_gmt":"2009-06-30T16:47:09","guid":{"rendered":"https:\/\/alzira.es\/aula-multimedia-telecentro\/"},"modified":"2021-07-28T19:42:39","modified_gmt":"2021-07-28T17:42:39","slug":"aula-multimedia-telecentro","status":"publish","type":"page","link":"https:\/\/alzira.es\/es\/servicios-municipales\/centre-dinformacio-juvenil-el-centro\/aula-multimedia-telecentro\/","title":{"rendered":"Aula Multimedia Telecentro"},"content":{"rendered":"<p style=\"text-align: justify\">&nbsp;<\/p>\n<p style=\"text-align: justify\">El Aula Multimedia-Telecentro hace posible el acceso a Internet&nbsp;y el&nbsp;uso de ordenadores para la realitzaci\u00f3n de trabajos, memorias, curr\u00edculums, cursos on-line&#8230; a los usuarios del Centre de Informaci\u00f3n Juvenil.<\/p>\n<p style=\"text-align: justify\">&nbsp;<\/p>\n<p style=\"text-align: justify\"><strong><span style=\"color: #ff6600\">OBJETIVOS<\/span><\/strong><\/p>\n<p style=\"text-align: justify\">&nbsp;<\/p>\n<p style=\"text-align: justify; margin-left: 40px\">\u2022Fomentar el conocimiento de las nuevas tecnolog\u00edas por parte de los j\u00f3venes.<br \/>\n\u2022Posibilitar el acceso a un espacio&nbsp;en el que&nbsp;los usuarios pueden dedicar&nbsp; su tiempo al aprendizaje de la utilitzaci\u00f3n de Internet y de los programas ofim\u00e1ticos.<br \/>\n\u2022Posibilitar la consulta de informaci\u00f3n, as\u00ed como el acceso a oportunidades educativas, de trabajo, culturales&nbsp;y de ocio.<br \/>\n\u2022Promover la integraci\u00f3n social&nbsp;y la igualdad de oportunidades de los colectivos juveniles desfavorecidos.<\/p>\n<p style=\"text-align: justify\"> El Telecentro&nbsp;cuenta&nbsp;con la siguiente equipaci\u00f3n inform\u00e1tica:<\/p>\n<p style=\"text-align: justify\">&nbsp;<\/p>\n<table border=\"1\" cellspacing=\"1\" cellpadding=\"1\" style=\"width: 100%\">\n<tbody>\n<tr>\n<td style=\"text-align: center; background-color: #ff9900\"><span style=\"color: #ffffff\"><strong>MATERIAL <\/strong><\/span><\/td>\n<td style=\"text-align: center; background-color: #ff9900\"><span style=\"color: #ffffff\"><strong>UNIDADES <\/strong><\/span><\/td>\n<\/tr>\n<tr>\n<td style=\"text-align: center\">Ordenadores<\/td>\n<td style=\"text-align: center\">8<\/td>\n<\/tr>\n<tr>\n<td style=\"text-align: center\">Impresoras<\/td>\n<td style=\"text-align: center\">1<\/td>\n<\/tr>\n<tr>\n<td style=\"text-align: center\">Esc\u00e1ner<\/td>\n<td style=\"text-align: center\">1<\/td>\n<\/tr>\n<\/tbody>\n<\/table>\n<p style=\"text-align: justify\">&nbsp;<\/p>\n<p style=\"text-align: justify\">&nbsp;<\/p>\n","protected":false},"excerpt":{"rendered":"<p>&nbsp; El Aula Multimedia-Telecentro hace posible el acceso a Internet&nbsp;y el&nbsp;uso de ordenadores para la realitzaci\u00f3n de trabajos, memorias, curr\u00edculums, cursos on-line&#8230; a los usuarios del Centre de Informaci\u00f3n Juvenil. &nbsp; OBJETIVOS &nbsp; \u2022Fomentar el conocimiento de las nuevas tecnolog\u00edas por parte de los j\u00f3venes. \u2022Posibilitar el acceso a un espacio&nbsp;en el que&nbsp;los usuarios pueden &hellip; <\/p>\n<p class=\"link-more\"><a href=\"https:\/\/alzira.es\/es\/servicios-municipales\/centre-dinformacio-juvenil-el-centro\/aula-multimedia-telecentro\/\" class=\"more-link\">Continuar leyendo<span class=\"screen-reader-text\"> \u00abAula Multimedia Telecentro\u00bb<\/span><\/a><\/p>\n","protected":false},"author":12,"featured_media":0,"parent":1186,"menu_order":0,"comment_status":"closed","ping_status":"closed","template":"","meta":{"_acf_changed":false,"footnotes":""},"class_list":["post-1190","page","type-page","status-publish","hentry"],"acf":[],"_links":{"self":[{"href":"https:\/\/alzira.es\/es\/wp-json\/wp\/v2\/pages\/1190","targetHints":{"allow":["GET"]}}],"collection":[{"href":"https:\/\/alzira.es\/es\/wp-json\/wp\/v2\/pages"}],"about":[{"href":"https:\/\/alzira.es\/es\/wp-json\/wp\/v2\/types\/page"}],"author":[{"embeddable":true,"href":"https:\/\/alzira.es\/es\/wp-json\/wp\/v2\/users\/12"}],"replies":[{"embeddable":true,"href":"https:\/\/alzira.es\/es\/wp-json\/wp\/v2\/comments?post=1190"}],"version-history":[{"count":2,"href":"https:\/\/alzira.es\/es\/wp-json\/wp\/v2\/pages\/1190\/revisions"}],"predecessor-version":[{"id":84670,"href":"https:\/\/alzira.es\/es\/wp-json\/wp\/v2\/pages\/1190\/revisions\/84670"}],"up":[{"embeddable":true,"href":"https:\/\/alzira.es\/es\/wp-json\/wp\/v2\/pages\/1186"}],"wp:attachment":[{"href":"https:\/\/alzira.es\/es\/wp-json\/wp\/v2\/media?parent=1190"}],"curies":[{"name":"wp","href":"https:\/\/api.w.org\/{rel}","templated":true}]}}