{"id":118823,"date":"2022-03-31T11:34:33","date_gmt":"2022-03-31T09:34:33","guid":{"rendered":"https:\/\/alzira.es\/alzira-radio\/descubre-alzira-radio\/"},"modified":"2022-03-31T11:48:55","modified_gmt":"2022-03-31T09:48:55","slug":"descubre-alzira-radio","status":"publish","type":"page","link":"https:\/\/alzira.es\/es\/alzira-radio-2\/descubre-alzira-radio\/","title":{"rendered":"Descubre Alzira Radio"},"content":{"rendered":"\t\t<div data-elementor-type=\"wp-page\" data-elementor-id=\"118823\" class=\"elementor elementor-118823 elementor-118792\">\n\t\t\t\t\t\t<section class=\"elementor-section elementor-top-section elementor-element elementor-element-48fa282 elementor-section-boxed elementor-section-height-default elementor-section-height-default\" data-id=\"48fa282\" data-element_type=\"section\">\n\t\t\t\t\t\t<div class=\"elementor-container elementor-column-gap-default\">\n\t\t\t\t\t<div class=\"elementor-column elementor-col-100 elementor-top-column elementor-element elementor-element-d1614b3\" data-id=\"d1614b3\" data-element_type=\"column\">\n\t\t\t<div class=\"elementor-widget-wrap elementor-element-populated\">\n\t\t\t\t\t\t<div class=\"elementor-element elementor-element-bc21f64 elementor-widget elementor-widget-heading\" data-id=\"bc21f64\" data-element_type=\"widget\" data-widget_type=\"heading.default\">\n\t\t\t\t<div class=\"elementor-widget-container\">\n\t\t\t\t\t<h2 class=\"elementor-heading-title elementor-size-default\"><span style=\"border: 0px;margin: 0px;padding: 0px;font-weight: 700;font-family: Roboto, sans-serif;font-size: 19px;white-space: normal\">HISTORIA EN CASTELLANO<\/span><\/h2>\t\t\t\t<\/div>\n\t\t\t\t<\/div>\n\t\t\t\t<div class=\"elementor-element elementor-element-3bfd788 elementor-widget elementor-widget-text-editor\" data-id=\"3bfd788\" data-element_type=\"widget\" data-widget_type=\"text-editor.default\">\n\t\t\t\t<div class=\"elementor-widget-container\">\n\t\t\t\t\t\t\t\t\t<p><span lang=\"EN-US\">En 1934\u00a0empieza a emitir la primera emisora\u00a0de nuestra ciudad, Radio Alzira, conocida t\u00e9cnicamente como EAJ 54 de Espa\u00f1a.<\/span><\/p><p>Radio Alzira funcion\u00f3 hasta 1991, cuando la SER decidi\u00f3 desmantelarla, porque no era rentable y necesitaba la frecuencia del 95.7 para poder emitir primero Radio Ol\u00e9 y Radio Valencia 2. En la actualidad ese punto del dial le ocupa M\u00e1xima FM.<\/p><p>Al a\u00f1o siguiente, el Ayuntamiento cre\u00f3 un taller de radio, que acab\u00f3 fructificando en la emisora municipal Alzira Radio, la cual se inaugur\u00f3 oficialmente el 20 de mayo de 1995, por el entonces alcalde, Pedro Grande. El exdirector de Radio Alzira, Alfonso Rovira, tuvo el honor de cortar la cinta.<\/p><p>La emisora municipal sigue en activo con vocaci\u00f3n de servicio p\u00fablico, su progamaci\u00f3n es generalista y destaca el programa magazine, El D\u00eda per davant, el programa m\u00e1s veterano de Alzira R\u00e0dio, que est\u00e1 en emisi\u00f3n desde el primer d\u00eda. Informativos, deportes y m\u00fasica son otros componentes de la programaci\u00f3n.<\/p><p>Alzira Radio est\u00e1 presente en todos los actos sociales y festivos de la capital de la Ribera Alta, entre los que destacan las Fallas y la Semana Santa, fiestas de Inter\u00e9s Tur\u00edstico Nacional, y tambi\u00e9n, como no, las fiestas patronales dedicadas a Sant Bernat, Mar\u00eda y Gracia.<\/p><p>De Alzira Radio han surgido\u00a0numerosos profesionales\u00a0del mundo de la comunicaci\u00f3n, que en la actualidad est\u00e1n en Televisi\u00f3 Espa\u00f1ola, Canal 9, TV3, Ribera Televisi\u00f3, los diarios Levante-EMV, Las Provincias y muchos otros medios.<\/p><p>Los directores que han pasado por la nuestra emisora han sido Josep Miquel Medes, Beatriz Tortosa, Nacho Salinas, Andr\u00e9s Giner y, en la actualidad, Elsa Esplugues.<\/p><p>La frecuencia de emisi\u00f3n es la 107.9 KHz de la F.M. Su cobertura comprende toda la Ribera Alta y en lugares de la Costera, la Canal de Navarr\u00e9s e, incluso, cerca de Valencia capital.<\/p><p>Actualmente, emite 14 horas diarias de producci\u00f3n propia y 10 horas de m\u00fasica por la noche. En 2006, Alzira R\u00e0dio se convirti\u00f3 en una Sociedad An\u00f3nima con capital p\u00fablico, desvincul\u00e1ndose as\u00ed de la gesti\u00f3n directa del Ayuntamiento de Alzira, aunque manten\u00eda el car\u00e1cter municipal y p\u00fablico. En marzo de 2016, por decisi\u00f3n del Gobierno municipal, vuelve a estar integrada directamente en el Ayuntamiento de Alzira. La plantilla la componen 3 redactores-locutores, 2 t\u00e9cnicos y un n\u00famero fluctuante de colaboradores y becarios que hacen sus pr\u00e1cticas de formaci\u00f3 profesional y universitarias.<\/p><p>Desde 2005 dispone de esta p\u00e1gina web (<a href=\"http:\/\/www.alziraradio.com\/\" target=\"_blank\" rel=\"noopener noreferrer\">www.alziraradio.com)<\/a>\u00a0y el 17 de enero de 2007 es un d\u00eda importante en la expansi\u00f3n de la radio municipal, ya que empieza a emitir a trav\u00e9s de Internet.<\/p><p>Por los estudios de Alzira R\u00e0dio han pasado personalidades de todos los \u00e1mbitos como la actriz Blanca Marsillach o el humorista Luis Piedrahita.<\/p><p>El 1 de marzo de 2017 se incorpora como nueva directora, Elsa Esplugues March. Actualmente forma parte de la Red de Emisoras Municipales Valencianas. El 26 y 27 de enero de 2018 sus instalaciones acogieron la I jornada de Aula y Podcast donde sus locutores y t\u00e9cnicos participaron como ponentes e instructores del taller pr\u00e1ctico.<\/p><p><span class=\"tlid-translation translation\" lang=\"es\"><span class=\"\" title=\"\">El<\/span>\u00a0<span class=\"\" title=\"\">24 de febrero<\/span>\u00a0<span title=\"\">de 2020<\/span><span title=\"\">, con motivo del<\/span>\u00a0<span title=\"\">89<\/span>\u00a0<span title=\"\">aniversario<\/span>\u00a0<span title=\"\">del ex director<\/span>\u00a0de Radio Alzira,\u00a0<span title=\"\">Alfonso<\/span>\u00a0<span title=\"\">Rovira<\/span><span title=\"\">,<\/span>\u00a0<span title=\"\">habitual<\/span>\u00a0<span title=\"\">colaborador<\/span>\u00a0<span title=\"\">de esta<\/span>\u00a0<span title=\"\">casa<\/span>\u00a0<span title=\"\">y\u00a0<\/span><span title=\"\">el encargado<\/span>\u00a0<span title=\"\">de cortar la<\/span>\u00a0<span title=\"\">cinta<\/span>\u00a0<span title=\"\">de inauguraci\u00f3n<\/span><span title=\"\">,<\/span>\u00a0<span title=\"\">se<\/span>\u00a0<span title=\"\">bautiz\u00f3<\/span>\u00a0<span title=\"\">el estudio<\/span>\u00a0<span title=\"\">1<\/span>\u00a0<span title=\"\">con<\/span>\u00a0<span title=\"\">su nombre.<\/span><\/span><\/p><p><span title=\"\">El<\/span>\u00a0<span title=\"\">20 de mayo de 2020<\/span><span title=\"\">,<\/span>\u00a0<span title=\"\">Alzira<\/span>\u00a0<span title=\"\">Radio<\/span>\u00a0<span title=\"\">cumpli\u00f3<\/span>\u00a0<span title=\"\">25 a\u00f1os que<\/span><span title=\"\">,<\/span>\u00a0<span title=\"\">debido al<\/span>\u00a0<span title=\"\">Covid<\/span><span title=\"\">\u2013<\/span><span title=\"\">19<\/span>\u00a0<span title=\"\">se celebr\u00f3<\/span>\u00a0<span title=\"\">con un programa<\/span>\u00a0<span title=\"\">especial<\/span>\u00a0<span title=\"\">desde el estudio<\/span>\u00a0<span title=\"\">Alfonso<\/span>\u00a0<span title=\"\">Rovira<\/span>\u00a0<span title=\"\">y el<\/span>\u00a0<span title=\"\">19 de junio<\/span>\u00a0<span title=\"\">se realiz\u00f3<\/span>\u00a0<span title=\"\">una<\/span>\u00a0<span title=\"\">gala<\/span>\u00a0<span title=\"\">virtual<\/span>\u00a0<span title=\"\">desde los estudios<\/span>\u00a0<span title=\"\">de<\/span>\u00a0<span title=\"\">Audio<\/span>\u00a0<span title=\"\">Net<\/span>\u00a0<span title=\"\">en Algemes\u00ed<\/span>\u00a0<span title=\"\">que se emiti\u00f3<\/span>\u00a0<span title=\"\">por las<\/span>\u00a0<span title=\"\">redes<\/span>\u00a0<span title=\"\">sociales<\/span>\u00a0<span title=\"\">de la emisora.<\/span><\/p>\t\t\t\t\t\t\t\t<\/div>\n\t\t\t\t<\/div>\n\t\t\t\t\t<\/div>\n\t\t<\/div>\n\t\t\t\t\t<\/div>\n\t\t<\/section>\n\t\t\t\t<\/div>\n\t\t","protected":false},"excerpt":{"rendered":"<p>HISTORIA EN CASTELLANO En 1934\u00a0empieza a emitir la primera emisora\u00a0de nuestra ciudad, Radio Alzira, conocida t\u00e9cnicamente como EAJ 54 de Espa\u00f1a. Radio Alzira funcion\u00f3 hasta 1991, cuando la SER decidi\u00f3 desmantelarla, porque no era rentable y necesitaba la frecuencia del 95.7 para poder emitir primero Radio Ol\u00e9 y Radio Valencia 2. En la actualidad ese &hellip; <\/p>\n<p class=\"link-more\"><a href=\"https:\/\/alzira.es\/es\/alzira-radio-2\/descubre-alzira-radio\/\" class=\"more-link\">Continuar leyendo<span class=\"screen-reader-text\"> \u00abDescubre Alzira Radio\u00bb<\/span><\/a><\/p>\n","protected":false},"author":29,"featured_media":0,"parent":121993,"menu_order":0,"comment_status":"closed","ping_status":"closed","template":"","meta":{"_acf_changed":false,"footnotes":""},"class_list":["post-118823","page","type-page","status-publish","hentry"],"acf":[],"_links":{"self":[{"href":"https:\/\/alzira.es\/es\/wp-json\/wp\/v2\/pages\/118823","targetHints":{"allow":["GET"]}}],"collection":[{"href":"https:\/\/alzira.es\/es\/wp-json\/wp\/v2\/pages"}],"about":[{"href":"https:\/\/alzira.es\/es\/wp-json\/wp\/v2\/types\/page"}],"author":[{"embeddable":true,"href":"https:\/\/alzira.es\/es\/wp-json\/wp\/v2\/users\/29"}],"replies":[{"embeddable":true,"href":"https:\/\/alzira.es\/es\/wp-json\/wp\/v2\/comments?post=118823"}],"version-history":[{"count":2,"href":"https:\/\/alzira.es\/es\/wp-json\/wp\/v2\/pages\/118823\/revisions"}],"predecessor-version":[{"id":118827,"href":"https:\/\/alzira.es\/es\/wp-json\/wp\/v2\/pages\/118823\/revisions\/118827"}],"up":[{"embeddable":true,"href":"https:\/\/alzira.es\/es\/wp-json\/wp\/v2\/pages\/121993"}],"wp:attachment":[{"href":"https:\/\/alzira.es\/es\/wp-json\/wp\/v2\/media?parent=118823"}],"curies":[{"name":"wp","href":"https:\/\/api.w.org\/{rel}","templated":true}]}}