{"id":1188,"date":"2009-06-30T18:51:05","date_gmt":"2009-06-30T16:51:05","guid":{"rendered":"https:\/\/alzira.es\/normas-del-telecentro\/"},"modified":"2021-07-28T19:44:17","modified_gmt":"2021-07-28T17:44:17","slug":"normas-del-telecentro","status":"publish","type":"page","link":"https:\/\/alzira.es\/es\/servicios-municipales\/centre-dinformacio-juvenil-el-centro\/aula-multimedia-telecentro\/normas-del-telecentro\/","title":{"rendered":"Normas del Telecentro"},"content":{"rendered":"<p style=\"text-align: justify\">&nbsp;<\/p>\n<p style=\"text-align: justify\"><span style=\"color: #ff6600\"><strong>NORMAS DE UTILIZACI\u00d3N DEL TELECENTRO<\/strong><\/span><\/p>\n<p style=\"text-align: justify\">&nbsp;<\/p>\n<p style=\"text-align: justify; margin-left: 40px\">1.El horario del Telecentro el de lunes a viernes de&nbsp;11.00 a 14.00 h y de 17.00 a 19.30 h (excepto viernes por la tarde) en horario de invierno (del 16 de septiembre al 15 de junio), y de 10 a 14 h en horario de verano (del 16 de junio al 15 de septiembre).<\/p>\n<p style=\"text-align: justify; margin-left: 40px\">&nbsp;<\/p>\n<p style=\"text-align: justify; margin-left: 40px\">2.Para poder acceder, es necesario rellenar una ficha, el la que se recoge el nombre de usuario, NIF, direcci\u00f3n, tel\u00e9fono y fecha de nacimiento y traer la fotocopia de DNI, NIE o pasaporte.<\/p>\n<p style=\"text-align: justify; margin-left: 40px\">&nbsp;<\/p>\n<p style=\"text-align: justify; margin-left: 40px\">3.El usuario podr\u00e1 concertar el horario de de uso de los ordenadores personalmente, por tel\u00e9fono o por correo electr\u00f3nico.<\/p>\n<p style=\"text-align: justify; margin-left: 40px\">&nbsp;<\/p>\n<p style=\"text-align: justify; margin-left: 40px\">4.Las reservas reservas se ajust\u00e1n al tiempo que la propia reserva implique, siempre cumpliendo los horarios del telecentro. El tiempo m\u00e1ximo de uso ser\u00e1 de 60 minutos.<\/p>\n<p style=\"text-align: justify; margin-left: 40px\">&nbsp;<\/p>\n<p style=\"text-align: justify; margin-left: 40px\">5.La persona que ha hecho la reserva solo podr\u00e1 ir acompa\u00f1ada como m\u00e1ximo&nbsp;por otra persona.<\/p>\n<p style=\"text-align: justify; margin-left: 40px\"> 6.No est\u00e1 permitido cambiar la configuraci\u00f3n de ning\u00fan ordenador, ni instalar o guardar&nbsp;software.<\/p>\n<p style=\"text-align: justify; margin-left: 40px\">&nbsp;<\/p>\n<p style=\"text-align: justify; margin-left: 40px\">7.Es necesario comunicar inmediatamente&nbsp;al responsable cualquier deficiencia en el funcionamiento del equipo.<\/p>\n<p style=\"text-align: justify; margin-left: 40px\">&nbsp;<\/p>\n<p style=\"text-align: justify; margin-left: 40px\">8.El usuario se har\u00e1 responsable del mal uso de los&nbsp;equipos inform\u00e1ticos.<\/p>\n<p style=\"text-align: justify; margin-left: 40px\"> 9.Est\u00e1 completamente prohibido el acceso, mediante la&nbsp;red, a cualquier acceso pornogr\u00e1fico, de incitaci\u00f3n a la violencia, o de contenido discriminatorio por motivos de sexo, \u00e9tnia o religi\u00f3n.<\/p>\n<p style=\"text-align: justify; margin-left: 40px\">&nbsp;<\/p>\n<p style=\"text-align: justify; margin-left: 40px\">10.La utilitzaci\u00f3n de este servicio de acceso a Internet supone la aceptaci\u00f3n de estas normas.<\/p>\n","protected":false},"excerpt":{"rendered":"<p>&nbsp; NORMAS DE UTILIZACI\u00d3N DEL TELECENTRO &nbsp; 1.El horario del Telecentro el de lunes a viernes de&nbsp;11.00 a 14.00 h y de 17.00 a 19.30 h (excepto viernes por la tarde) en horario de invierno (del 16 de septiembre al 15 de junio), y de 10 a 14 h en horario de verano (del 16 &hellip; <\/p>\n<p class=\"link-more\"><a href=\"https:\/\/alzira.es\/es\/servicios-municipales\/centre-dinformacio-juvenil-el-centro\/aula-multimedia-telecentro\/normas-del-telecentro\/\" class=\"more-link\">Continuar leyendo<span class=\"screen-reader-text\"> \u00abNormas del Telecentro\u00bb<\/span><\/a><\/p>\n","protected":false},"author":12,"featured_media":0,"parent":1190,"menu_order":0,"comment_status":"closed","ping_status":"closed","template":"","meta":{"_acf_changed":false,"footnotes":""},"class_list":["post-1188","page","type-page","status-publish","hentry"],"acf":[],"_links":{"self":[{"href":"https:\/\/alzira.es\/es\/wp-json\/wp\/v2\/pages\/1188","targetHints":{"allow":["GET"]}}],"collection":[{"href":"https:\/\/alzira.es\/es\/wp-json\/wp\/v2\/pages"}],"about":[{"href":"https:\/\/alzira.es\/es\/wp-json\/wp\/v2\/types\/page"}],"author":[{"embeddable":true,"href":"https:\/\/alzira.es\/es\/wp-json\/wp\/v2\/users\/12"}],"replies":[{"embeddable":true,"href":"https:\/\/alzira.es\/es\/wp-json\/wp\/v2\/comments?post=1188"}],"version-history":[{"count":2,"href":"https:\/\/alzira.es\/es\/wp-json\/wp\/v2\/pages\/1188\/revisions"}],"predecessor-version":[{"id":84672,"href":"https:\/\/alzira.es\/es\/wp-json\/wp\/v2\/pages\/1188\/revisions\/84672"}],"up":[{"embeddable":true,"href":"https:\/\/alzira.es\/es\/wp-json\/wp\/v2\/pages\/1190"}],"wp:attachment":[{"href":"https:\/\/alzira.es\/es\/wp-json\/wp\/v2\/media?parent=1188"}],"curies":[{"name":"wp","href":"https:\/\/api.w.org\/{rel}","templated":true}]}}