{"id":118476,"date":"2022-03-29T12:44:58","date_gmt":"2022-03-29T10:44:58","guid":{"rendered":"https:\/\/alzira.es\/servicios-municipales\/recursos-humanos\/empleo-temporal\/convocatoria-6-2022-bolsa-de-trabajo-de-operarios-y-operarias-de-limpieza\/"},"modified":"2022-06-09T09:58:46","modified_gmt":"2022-06-09T07:58:46","slug":"convocatoria-6-2022-bolsa-de-trabajo-de-operarios-y-operarias-de-limpieza","status":"publish","type":"page","link":"https:\/\/alzira.es\/es\/servicios-municipales\/recursos-humanos\/empleo-temporal\/convocatoria-6-2022-bolsa-de-trabajo-de-operarios-y-operarias-de-limpieza\/","title":{"rendered":"CONVOCATORIA 6\/2022 &#8211; BOLSA DE TRABAJO DE OPERARIOS Y OPERARIAS DE LIMPIEZA"},"content":{"rendered":"<p><span style=\"color: #993300;\">ACTA 4: RESOLUCI\u00d3N ALEGACIONES EJERCICIO PR\u00c1CTICO Y BAREMACI\u00d3N PROVISIONAL<\/span><\/p>\n<p><span style=\"color: #993300;\">LISTADO DEFINITIVO Y ORDEN DE LLAMAMIENTO<\/span><\/p>\n<p><strong>DOCUMENTOS DEL EXPEDIENTE:<\/strong><\/p>\n\n\n<div class=\"wp-block-columns is-layout-flex wp-container-core-columns-is-layout-9d6595d7 wp-block-columns-is-layout-flex\">\n<div class=\"wp-block-column is-layout-flow wp-block-column-is-layout-flow\" style=\"flex-basis:100%\">\n<div class=\"wp-block-group\"><div class=\"wp-block-group__inner-container is-layout-flow wp-block-group-is-layout-flow\">\n<div class=\"wp-block-columns is-layout-flex wp-container-core-columns-is-layout-9d6595d7 wp-block-columns-is-layout-flex\">\n<div class=\"wp-block-column is-layout-flow wp-block-column-is-layout-flow\" style=\"flex-basis:100%\">\n<figure class=\"wp-block-table is-style-stripes\"><table><tbody><tr><td><strong>Nombre Fichero<\/strong><\/td><td class=\"has-text-align-center\" data-align=\"center\"><strong>Fecha Publicaci\u00f3n<\/strong><\/td><\/tr><tr><td><a href=\"https:\/\/alzira.es\/wp-content\/uploads\/2022\/06\/ACTA-NUMERO-4.pdf\" target=\"_blank\" rel=\"noreferrer noopener\">Acta N\u00ba 4: Resoluci\u00f3n alegaciones ejercicio pr\u00e1ctico y baremaci\u00f3n.<\/a><\/td><td class=\"has-text-align-center\" data-align=\"center\">09\/06\/2022<\/td><\/tr><tr><td><a href=\"https:\/\/alzira.es\/wp-content\/uploads\/2022\/05\/Acta-3-2n.-exercici-valoracio-de-merits-aprovats.-Llistat-provisional.pdf\">Acta N\u00ba3: Notas pr\u00e1ctico + baremaci\u00f3n provisional<\/a><\/td><td class=\"has-text-align-center\" data-align=\"center\">30\/05\/2022<\/td><\/tr><tr><td><a href=\"https:\/\/alzira.es\/wp-content\/uploads\/2022\/05\/Acta-num-2-Conv.-6-2022-Notes-1er-examen-corregides-i-data-i-hora-2n.-examen.-1.pdf\" target=\"_blank\" rel=\"noreferrer noopener\">Acta N\u00ba2: Revisi\u00f3n 1er ejercicio con correcci\u00f3n de notas y fecha 2do examen<\/a><\/td><td class=\"has-text-align-center\" data-align=\"center\">23\/05\/2022<\/td><\/tr><tr><td><a href=\"https:\/\/alzira.es\/wp-content\/uploads\/2022\/05\/Acta-1-Constitucio-comissio-de-valoracio-i-examen-Operari-a-Neteja-signat.pdf\" target=\"_blank\" rel=\"noreferrer noopener\">Acta N\u00ba1: Resultados 1er ejercicio y fecha 2do<\/a><\/td><td class=\"has-text-align-center\" data-align=\"center\">17\/05\/2022<\/td><\/tr><tr><td><a href=\"https:\/\/alzira.es\/wp-content\/uploads\/2022\/05\/Llistat-definitiu-admesos-i-exclosos.pdf\">Listado definitivo admitidos y excluidos<\/a><\/td><td class=\"has-text-align-center\" data-align=\"center\">13\/05\/2022<\/td><\/tr><tr><td><a href=\"https:\/\/alzira.es\/wp-content\/uploads\/2022\/05\/Anunci-data-1er-exercici.pdf\" target=\"_blank\" rel=\"noreferrer noopener\">Anuncio: Fecha examen<\/a><\/td><td class=\"has-text-align-center\" data-align=\"center\"><\/td><\/tr><tr><td><a href=\"https:\/\/alzira.es\/wp-content\/uploads\/2022\/05\/Llistat-provisional-admesos-i-exclosos.pdf\" target=\"_blank\" rel=\"noreferrer noopener\">Listado provisional admitidos y excluidos<\/a><\/td><td class=\"has-text-align-center\" data-align=\"center\">03\/05\/2022<\/td><\/tr><tr><td><a href=\"https:\/\/alzira.es\/wp-content\/uploads\/2022\/04\/gen_i_006_c_autorizacion_general_castella-conv.-06-2022.pdf\" target=\"_blank\" rel=\"noreferrer noopener\">Representaci\u00f3n<\/a><\/td><td class=\"has-text-align-center\" data-align=\"center\">29\/03\/2022<\/td><\/tr><tr><td><a href=\"https:\/\/alzira.es\/wp-content\/uploads\/2022\/04\/Autobaremacio-1.xlsx\">Autobaremaci\u00f3n<\/a><\/td><td class=\"has-text-align-center\" data-align=\"center\">29\/03\/2022<\/td><\/tr><tr><td><a href=\"https:\/\/alzira.es\/wp-content\/uploads\/2022\/05\/Certificados-JGL-modif.-bases-06-04-22.pdf\" target=\"_blank\" rel=\"noreferrer noopener\">Modificaci\u00f3n bases<\/a><\/td><td class=\"has-text-align-center\" data-align=\"center\">29\/03\/2022<\/td><\/tr><tr><td><a href=\"https:\/\/alzira.es\/wp-content\/uploads\/2022\/03\/Certificados-JGL-neteja-exp-1038-2022.pdf\" target=\"_blank\" rel=\"noreferrer noopener\">Bases espec\u00edficas<\/a><\/td><td class=\"has-text-align-center\" data-align=\"center\">29\/03\/2022<\/td><\/tr><\/tbody><\/table><\/figure>\n<\/div>\n<\/div>\n<\/div><\/div>\n<\/div>\n<\/div>\n","protected":false},"excerpt":{"rendered":"<p>ACTA 4: RESOLUCI\u00d3N ALEGACIONES EJERCICIO PR\u00c1CTICO Y BAREMACI\u00d3N PROVISIONAL LISTADO DEFINITIVO Y ORDEN DE LLAMAMIENTO DOCUMENTOS DEL EXPEDIENTE: Nombre Fichero Fecha Publicaci\u00f3n Acta N\u00ba 4: Resoluci\u00f3n alegaciones ejercicio pr\u00e1ctico y baremaci\u00f3n. 09\/06\/2022 Acta N\u00ba3: Notas pr\u00e1ctico + baremaci\u00f3n provisional 30\/05\/2022 Acta N\u00ba2: Revisi\u00f3n 1er ejercicio con correcci\u00f3n de notas y fecha 2do examen 23\/05\/2022 Acta &hellip; <\/p>\n<p class=\"link-more\"><a href=\"https:\/\/alzira.es\/es\/servicios-municipales\/recursos-humanos\/empleo-temporal\/convocatoria-6-2022-bolsa-de-trabajo-de-operarios-y-operarias-de-limpieza\/\" class=\"more-link\">Continuar leyendo<span class=\"screen-reader-text\"> \u00abCONVOCATORIA 6\/2022 &#8211; BOLSA DE TRABAJO DE OPERARIOS Y OPERARIAS DE LIMPIEZA\u00bb<\/span><\/a><\/p>\n","protected":false},"author":29,"featured_media":0,"parent":105760,"menu_order":0,"comment_status":"closed","ping_status":"closed","template":"","meta":{"_acf_changed":false,"footnotes":""},"class_list":["post-118476","page","type-page","status-publish","hentry"],"acf":[],"_links":{"self":[{"href":"https:\/\/alzira.es\/es\/wp-json\/wp\/v2\/pages\/118476","targetHints":{"allow":["GET"]}}],"collection":[{"href":"https:\/\/alzira.es\/es\/wp-json\/wp\/v2\/pages"}],"about":[{"href":"https:\/\/alzira.es\/es\/wp-json\/wp\/v2\/types\/page"}],"author":[{"embeddable":true,"href":"https:\/\/alzira.es\/es\/wp-json\/wp\/v2\/users\/29"}],"replies":[{"embeddable":true,"href":"https:\/\/alzira.es\/es\/wp-json\/wp\/v2\/comments?post=118476"}],"version-history":[{"count":1,"href":"https:\/\/alzira.es\/es\/wp-json\/wp\/v2\/pages\/118476\/revisions"}],"predecessor-version":[{"id":123737,"href":"https:\/\/alzira.es\/es\/wp-json\/wp\/v2\/pages\/118476\/revisions\/123737"}],"up":[{"embeddable":true,"href":"https:\/\/alzira.es\/es\/wp-json\/wp\/v2\/pages\/105760"}],"wp:attachment":[{"href":"https:\/\/alzira.es\/es\/wp-json\/wp\/v2\/media?parent=118476"}],"curies":[{"name":"wp","href":"https:\/\/api.w.org\/{rel}","templated":true}]}}