{"id":1180,"date":"2009-06-30T18:26:14","date_gmt":"2009-06-30T16:26:14","guid":{"rendered":"https:\/\/alzira.es\/historia-2\/"},"modified":"2021-11-29T19:16:35","modified_gmt":"2021-11-29T18:16:35","slug":"historia-escuelas-pias-y-cij","status":"publish","type":"page","link":"https:\/\/alzira.es\/es\/servicios-municipales\/centre-dinformacio-juvenil-el-centro\/servicios\/historia-escuelas-pias-y-cij\/","title":{"rendered":"Historia escuelas p\u00edas y CIJ"},"content":{"rendered":"\n<p><strong><span style=\"color: #ff6600;\">LAS ESCUELAS PIAS<\/span><\/strong><\/p>\n\n\n\n<p>Los Padres Escolapios ense\u00f1aban gratuitamente. A cambio se les deb\u00eda ofrecer el alojamiento, la manutenci\u00f3n, las aulas y&nbsp;los&nbsp;materiales necesarios para el ejercicio de su labor.<\/p>\n\n\n\n<p>El Ayuntamiento de alzira pronto tuvo inter\u00e9s en traerlos a la ciudad i empez\u00f3 las diligencias oportunas.&nbsp;Cuando se&nbsp;acord\u00f3 la realizaci\u00f3n del edificio, se emitieron acciones por valor de 50 pesetas, las cuales fueron adquiridas por los propios alzire\u00f1os.<\/p>\n\n\n\n<p>Finalmente el edificio fu\u00e9 inaugurado en enero de 1878.<\/p>\n\n\n\n<p>Actualmente se encuentra destinado&nbsp;a&nbsp;Casa de la cultura y en \u00e9l podemos encontrar tanto departamentos de atenci\u00f3n al p\u00fablico como: la Biblioteca, la Agencia de Lectura Infantil&nbsp;o el Centro de Informaci\u00f3n Juvenil. Como otras infraestructuras:&nbsp;la radio municipal, \u00abAlzira Radio\u00bb, el auditorio, las salas de exposiciones, el patio porticado, i aulas para talleres.&nbsp;<\/p>\n\n\n\n<p><\/p>\n\n\n\n<p><strong><span style=\"color: #ff6600;\">EL <span style=\"color: #ff6600;\">CENTRO DE INFORMACI\u00d3N JUVENIL<\/span><\/span><\/strong><\/p>\n\n\n\n<p>El CIJ no siempre ha estado ubicado en la&nbsp;Casa de la Cultura. En sus inicios, por el a\u00f1o 1986, se encontraba en el edificio del Ayuntamiento.<\/p>\n\n\n\n<p>Como&nbsp;el CIJ habia de ser utilizado por los j\u00f3venes pronto se vi\u00f3&nbsp; la necesidad de proporcion\u00e1rsele otra ubicaci\u00f3n. Con un acceso m\u00e1s directo y m\u00e1s relacionado con otros departamentos de caracter social y cultural, y no de caracter administrativo.<\/p>\n\n\n\n<p>Fue as\u00ed por el a\u00f1o 1987 cuando ocup\u00f3 un lugar en la planta baja de la Casa de la Cultura y, a pesar de que ha cambiado de ubicaci\u00f3n, es en ella donde se encuentra actualmente.<\/p>\n","protected":false},"excerpt":{"rendered":"<p>LAS ESCUELAS PIAS Los Padres Escolapios ense\u00f1aban gratuitamente. A cambio se les deb\u00eda ofrecer el alojamiento, la manutenci\u00f3n, las aulas y&nbsp;los&nbsp;materiales necesarios para el ejercicio de su labor. El Ayuntamiento de alzira pronto tuvo inter\u00e9s en traerlos a la ciudad i empez\u00f3 las diligencias oportunas.&nbsp;Cuando se&nbsp;acord\u00f3 la realizaci\u00f3n del edificio, se emitieron acciones por valor &hellip; <\/p>\n<p class=\"link-more\"><a href=\"https:\/\/alzira.es\/es\/servicios-municipales\/centre-dinformacio-juvenil-el-centro\/servicios\/historia-escuelas-pias-y-cij\/\" class=\"more-link\">Continuar leyendo<span class=\"screen-reader-text\"> \u00abHistoria escuelas p\u00edas y CIJ\u00bb<\/span><\/a><\/p>\n","protected":false},"author":29,"featured_media":0,"parent":106146,"menu_order":0,"comment_status":"closed","ping_status":"closed","template":"","meta":{"_acf_changed":false,"footnotes":""},"class_list":["post-1180","page","type-page","status-publish","hentry"],"acf":[],"_links":{"self":[{"href":"https:\/\/alzira.es\/es\/wp-json\/wp\/v2\/pages\/1180","targetHints":{"allow":["GET"]}}],"collection":[{"href":"https:\/\/alzira.es\/es\/wp-json\/wp\/v2\/pages"}],"about":[{"href":"https:\/\/alzira.es\/es\/wp-json\/wp\/v2\/types\/page"}],"author":[{"embeddable":true,"href":"https:\/\/alzira.es\/es\/wp-json\/wp\/v2\/users\/29"}],"replies":[{"embeddable":true,"href":"https:\/\/alzira.es\/es\/wp-json\/wp\/v2\/comments?post=1180"}],"version-history":[{"count":2,"href":"https:\/\/alzira.es\/es\/wp-json\/wp\/v2\/pages\/1180\/revisions"}],"predecessor-version":[{"id":106173,"href":"https:\/\/alzira.es\/es\/wp-json\/wp\/v2\/pages\/1180\/revisions\/106173"}],"up":[{"embeddable":true,"href":"https:\/\/alzira.es\/es\/wp-json\/wp\/v2\/pages\/106146"}],"wp:attachment":[{"href":"https:\/\/alzira.es\/es\/wp-json\/wp\/v2\/media?parent=1180"}],"curies":[{"name":"wp","href":"https:\/\/api.w.org\/{rel}","templated":true}]}}