{"id":117188,"date":"2022-03-02T11:36:32","date_gmt":"2022-03-02T10:36:32","guid":{"rendered":"https:\/\/alzira.es\/ayuntamiento\/corporacion-y-gobierno-municipal\/organigrama-2019-2023\/leticia-piquer-ortiz\/"},"modified":"2022-03-10T09:28:59","modified_gmt":"2022-03-10T08:28:59","slug":"leticia-piquer-ortiz","status":"publish","type":"page","link":"https:\/\/alzira.es\/es\/ayuntamiento\/corporacion-y-gobierno-municipal\/leticia-piquer-ortiz\/","title":{"rendered":"\u00a0Leticia Piquer Ortiz"},"content":{"rendered":"\t\t<div data-elementor-type=\"wp-page\" data-elementor-id=\"117188\" class=\"elementor elementor-117188 elementor-116476\">\n\t\t\t\t\t\t<section class=\"elementor-section elementor-top-section elementor-element elementor-element-3e86eac elementor-section-boxed elementor-section-height-default elementor-section-height-default\" data-id=\"3e86eac\" data-element_type=\"section\">\n\t\t\t\t\t\t<div class=\"elementor-container elementor-column-gap-default\">\n\t\t\t\t\t<div class=\"elementor-column elementor-col-33 elementor-top-column elementor-element elementor-element-cee96fc\" data-id=\"cee96fc\" data-element_type=\"column\">\n\t\t\t<div class=\"elementor-widget-wrap elementor-element-populated\">\n\t\t\t\t\t\t<div class=\"elementor-element elementor-element-99be7ed elementor-widget elementor-widget-heading\" data-id=\"99be7ed\" data-element_type=\"widget\" data-widget_type=\"heading.default\">\n\t\t\t\t<div class=\"elementor-widget-container\">\n\t\t\t\t\t<h2 class=\"elementor-heading-title elementor-size-default\">Regidora<\/h2>\t\t\t\t<\/div>\n\t\t\t\t<\/div>\n\t\t\t\t<div class=\"elementor-element elementor-element-f2003f4 elementor-widget elementor-widget-heading\" data-id=\"f2003f4\" data-element_type=\"widget\" data-widget_type=\"heading.default\">\n\t\t\t\t<div class=\"elementor-widget-container\">\n\t\t\t\t\t<h2 class=\"elementor-heading-title elementor-size-medium\">Juventud, Cooperaci\u00f3n, Modernizaci\u00f3n y Buen Gobierno<\/h2>\t\t\t\t<\/div>\n\t\t\t\t<\/div>\n\t\t\t\t\t<\/div>\n\t\t<\/div>\n\t\t\t\t<div class=\"elementor-column elementor-col-33 elementor-top-column elementor-element elementor-element-f27f6b3\" data-id=\"f27f6b3\" data-element_type=\"column\">\n\t\t\t<div class=\"elementor-widget-wrap elementor-element-populated\">\n\t\t\t\t\t\t<div class=\"elementor-element elementor-element-80c07d0 elementor-widget elementor-widget-image\" data-id=\"80c07d0\" data-element_type=\"widget\" data-widget_type=\"image.default\">\n\t\t\t\t<div class=\"elementor-widget-container\">\n\t\t\t\t\t\t\t\t\t\t\t\t\t\t\t<img decoding=\"async\" width=\"150\" height=\"150\" data-src=\"https:\/\/alzira.es\/wp-content\/uploads\/2021\/12\/150x150px_Leticia_Piquer.jpg\" class=\"attachment-large size-large wp-image-107007 lazyload\" alt=\"\" data-srcset=\"https:\/\/alzira.es\/wp-content\/uploads\/2021\/12\/150x150px_Leticia_Piquer.jpg 150w, https:\/\/alzira.es\/wp-content\/uploads\/2021\/12\/150x150px_Leticia_Piquer-100x100.jpg 100w\" data-sizes=\"100vw\" src=\"data:image\/svg+xml;base64,PHN2ZyB3aWR0aD0iMSIgaGVpZ2h0PSIxIiB4bWxucz0iaHR0cDovL3d3dy53My5vcmcvMjAwMC9zdmciPjwvc3ZnPg==\" style=\"--smush-placeholder-width: 150px; --smush-placeholder-aspect-ratio: 150\/150;\" \/>\t\t\t\t\t\t\t\t\t\t\t\t\t\t\t<\/div>\n\t\t\t\t<\/div>\n\t\t\t\t\t<\/div>\n\t\t<\/div>\n\t\t\t\t<div class=\"elementor-column elementor-col-33 elementor-top-column elementor-element elementor-element-b656c58\" data-id=\"b656c58\" data-element_type=\"column\">\n\t\t\t<div class=\"elementor-widget-wrap elementor-element-populated\">\n\t\t\t\t\t\t<div class=\"elementor-element elementor-element-8bf0837 elementor-widget elementor-widget-image\" data-id=\"8bf0837\" data-element_type=\"widget\" data-widget_type=\"image.default\">\n\t\t\t\t<div class=\"elementor-widget-container\">\n\t\t\t\t\t\t\t\t\t\t\t\t\t\t\t<img decoding=\"async\" width=\"50\" height=\"48\" data-src=\"https:\/\/alzira.es\/wp-content\/uploads\/2009\/02\/compromis.png\" class=\"attachment-large size-large wp-image-13634 lazyload\" alt=\"compromis\" data-sizes=\"100vw\" src=\"data:image\/svg+xml;base64,PHN2ZyB3aWR0aD0iMSIgaGVpZ2h0PSIxIiB4bWxucz0iaHR0cDovL3d3dy53My5vcmcvMjAwMC9zdmciPjwvc3ZnPg==\" style=\"--smush-placeholder-width: 50px; --smush-placeholder-aspect-ratio: 50\/48;\" \/>\t\t\t\t\t\t\t\t\t\t\t\t\t\t\t<\/div>\n\t\t\t\t<\/div>\n\t\t\t\t\t<\/div>\n\t\t<\/div>\n\t\t\t\t\t<\/div>\n\t\t<\/section>\n\t\t\t\t<section class=\"elementor-section elementor-top-section elementor-element elementor-element-b03e679 elementor-section-boxed elementor-section-height-default elementor-section-height-default\" data-id=\"b03e679\" data-element_type=\"section\">\n\t\t\t\t\t\t<div class=\"elementor-container elementor-column-gap-default\">\n\t\t\t\t\t<div class=\"elementor-column elementor-col-100 elementor-top-column elementor-element elementor-element-7c1b54d\" data-id=\"7c1b54d\" data-element_type=\"column\">\n\t\t\t<div class=\"elementor-widget-wrap elementor-element-populated\">\n\t\t\t\t\t\t<div class=\"elementor-element elementor-element-fff7686 elementor-widget elementor-widget-spacer\" data-id=\"fff7686\" data-element_type=\"widget\" data-widget_type=\"spacer.default\">\n\t\t\t\t<div class=\"elementor-widget-container\">\n\t\t\t\t\t\t\t<div class=\"elementor-spacer\">\n\t\t\t<div class=\"elementor-spacer-inner\"><\/div>\n\t\t<\/div>\n\t\t\t\t\t\t<\/div>\n\t\t\t\t<\/div>\n\t\t\t\t\t<\/div>\n\t\t<\/div>\n\t\t\t\t\t<\/div>\n\t\t<\/section>\n\t\t\t\t<section class=\"elementor-section elementor-top-section elementor-element elementor-element-43a1265 elementor-section-boxed elementor-section-height-default elementor-section-height-default\" data-id=\"43a1265\" data-element_type=\"section\">\n\t\t\t\t\t\t<div class=\"elementor-container elementor-column-gap-default\">\n\t\t\t\t\t<div class=\"elementor-column elementor-col-20 elementor-top-column elementor-element elementor-element-dee6901\" data-id=\"dee6901\" data-element_type=\"column\">\n\t\t\t<div class=\"elementor-widget-wrap elementor-element-populated\">\n\t\t\t\t\t\t<div class=\"elementor-element elementor-element-0d68392 elementor-widget elementor-widget-image\" data-id=\"0d68392\" data-element_type=\"widget\" data-widget_type=\"image.default\">\n\t\t\t\t<div class=\"elementor-widget-container\">\n\t\t\t\t\t\t\t\t\t\t\t\t\t\t\t\t<a href=\"https:\/\/alzira.es\/es\/ayuntamiento\/corporacion-y-gobierno-municipal\/organigrama-2019-2023\/agenda-grupo-municipal-compromis-per-alzira\/\">\n\t\t\t\t\t\t\t<img fetchpriority=\"high\" decoding=\"async\" width=\"605\" height=\"533\" src=\"https:\/\/alzira.es\/wp-content\/uploads\/2021\/12\/Recurso-25.png\" class=\"attachment-full size-full wp-image-108426\" alt=\"\" srcset=\"https:\/\/alzira.es\/wp-content\/uploads\/2021\/12\/Recurso-25.png 605w, https:\/\/alzira.es\/wp-content\/uploads\/2021\/12\/Recurso-25-579x510.png 579w\" sizes=\"100vw\" \/>\t\t\t\t\t\t\t\t<\/a>\n\t\t\t\t\t\t\t\t\t\t\t\t\t\t\t<\/div>\n\t\t\t\t<\/div>\n\t\t\t\t<div class=\"elementor-element elementor-element-ca71d63 elementor-widget elementor-widget-heading\" data-id=\"ca71d63\" data-element_type=\"widget\" data-widget_type=\"heading.default\">\n\t\t\t\t<div class=\"elementor-widget-container\">\n\t\t\t\t\t<h5 class=\"elementor-heading-title elementor-size-default\"><a href=\"https:\/\/alzira.es\/es\/ayuntamiento\/corporacion-y-gobierno-municipal\/organigrama-2019-2023\/agenda-grupo-municipal-compromis-per-alzira\/\">Agenda Alcaldia<\/a><\/h5>\t\t\t\t<\/div>\n\t\t\t\t<\/div>\n\t\t\t\t\t<\/div>\n\t\t<\/div>\n\t\t\t\t<div class=\"elementor-column elementor-col-20 elementor-top-column elementor-element elementor-element-d73d4a2\" data-id=\"d73d4a2\" data-element_type=\"column\">\n\t\t\t<div class=\"elementor-widget-wrap elementor-element-populated\">\n\t\t\t\t\t\t<div class=\"elementor-element elementor-element-de344b8 elementor-widget elementor-widget-image\" data-id=\"de344b8\" data-element_type=\"widget\" data-widget_type=\"image.default\">\n\t\t\t\t<div class=\"elementor-widget-container\">\n\t\t\t\t\t\t\t\t\t\t\t\t\t\t\t\t<a href=\"https:\/\/alzira.es\/es\/ayuntamiento\/corporacion-y-gobierno-municipal\/organigrama-2019-2023\/leticia-piquer-ortiz-19-23-curriculum-2\/\">\n\t\t\t\t\t\t\t<img decoding=\"async\" width=\"605\" height=\"533\" data-src=\"https:\/\/alzira.es\/wp-content\/uploads\/2021\/12\/Recurso-2.png\" class=\"attachment-full size-full wp-image-108575 lazyload\" alt=\"\" data-srcset=\"https:\/\/alzira.es\/wp-content\/uploads\/2021\/12\/Recurso-2.png 605w, https:\/\/alzira.es\/wp-content\/uploads\/2021\/12\/Recurso-2-579x510.png 579w\" data-sizes=\"100vw\" src=\"data:image\/svg+xml;base64,PHN2ZyB3aWR0aD0iMSIgaGVpZ2h0PSIxIiB4bWxucz0iaHR0cDovL3d3dy53My5vcmcvMjAwMC9zdmciPjwvc3ZnPg==\" style=\"--smush-placeholder-width: 605px; --smush-placeholder-aspect-ratio: 605\/533;\" \/>\t\t\t\t\t\t\t\t<\/a>\n\t\t\t\t\t\t\t\t\t\t\t\t\t\t\t<\/div>\n\t\t\t\t<\/div>\n\t\t\t\t<div class=\"elementor-element elementor-element-48f0168 elementor-widget elementor-widget-heading\" data-id=\"48f0168\" data-element_type=\"widget\" data-widget_type=\"heading.default\">\n\t\t\t\t<div class=\"elementor-widget-container\">\n\t\t\t\t\t<h5 class=\"elementor-heading-title elementor-size-default\"><a href=\"https:\/\/alzira.es\/es\/ayuntamiento\/corporacion-y-gobierno-municipal\/organigrama-2019-2023\/leticia-piquer-ortiz-19-23-curriculum-2\/\">Curr\u00edculum Vitae<\/a><\/h5>\t\t\t\t<\/div>\n\t\t\t\t<\/div>\n\t\t\t\t\t<\/div>\n\t\t<\/div>\n\t\t\t\t<div class=\"elementor-column elementor-col-20 elementor-top-column elementor-element elementor-element-2ab6c37\" data-id=\"2ab6c37\" data-element_type=\"column\">\n\t\t\t<div class=\"elementor-widget-wrap elementor-element-populated\">\n\t\t\t\t\t\t<div class=\"elementor-element elementor-element-286c4e9 elementor-widget elementor-widget-image\" data-id=\"286c4e9\" data-element_type=\"widget\" data-widget_type=\"image.default\">\n\t\t\t\t<div class=\"elementor-widget-container\">\n\t\t\t\t\t\t\t\t\t\t\t\t\t\t\t\t<a href=\"https:\/\/alzira.es\/es\/ayuntamiento\/corporacion-y-gobierno-municipal\/organigrama-2019-2023\/leticia-piquer-ortiz-19-23-competencias\/\">\n\t\t\t\t\t\t\t<img decoding=\"async\" width=\"605\" height=\"533\" data-src=\"https:\/\/alzira.es\/wp-content\/uploads\/2021\/12\/Recurso-3-2.png\" class=\"attachment-full size-full wp-image-108582 lazyload\" alt=\"\" data-srcset=\"https:\/\/alzira.es\/wp-content\/uploads\/2021\/12\/Recurso-3-2.png 605w, https:\/\/alzira.es\/wp-content\/uploads\/2021\/12\/Recurso-3-2-579x510.png 579w\" data-sizes=\"100vw\" src=\"data:image\/svg+xml;base64,PHN2ZyB3aWR0aD0iMSIgaGVpZ2h0PSIxIiB4bWxucz0iaHR0cDovL3d3dy53My5vcmcvMjAwMC9zdmciPjwvc3ZnPg==\" style=\"--smush-placeholder-width: 605px; --smush-placeholder-aspect-ratio: 605\/533;\" \/>\t\t\t\t\t\t\t\t<\/a>\n\t\t\t\t\t\t\t\t\t\t\t\t\t\t\t<\/div>\n\t\t\t\t<\/div>\n\t\t\t\t<div class=\"elementor-element elementor-element-767a18e elementor-widget elementor-widget-heading\" data-id=\"767a18e\" data-element_type=\"widget\" data-widget_type=\"heading.default\">\n\t\t\t\t<div class=\"elementor-widget-container\">\n\t\t\t\t\t<h5 class=\"elementor-heading-title elementor-size-default\"><a href=\"https:\/\/alzira.es\/es\/ayuntamiento\/corporacion-y-gobierno-municipal\/organigrama-2019-2023\/leticia-piquer-ortiz-19-23-competencias\/\">Competencias<\/a><\/h5>\t\t\t\t<\/div>\n\t\t\t\t<\/div>\n\t\t\t\t\t<\/div>\n\t\t<\/div>\n\t\t\t\t<div class=\"elementor-column elementor-col-20 elementor-top-column elementor-element elementor-element-01885eb\" data-id=\"01885eb\" data-element_type=\"column\">\n\t\t\t<div class=\"elementor-widget-wrap elementor-element-populated\">\n\t\t\t\t\t\t<div class=\"elementor-element elementor-element-74b6ee0 elementor-widget elementor-widget-image\" data-id=\"74b6ee0\" data-element_type=\"widget\" data-widget_type=\"image.default\">\n\t\t\t\t<div class=\"elementor-widget-container\">\n\t\t\t\t\t\t\t\t\t\t\t\t\t\t\t\t<a href=\"https:\/\/alzira.es\/es\/ayuntamiento\/corporacion-y-gobierno-municipal\/organigrama-2019-2023\/leticia-piquer-ortiz-19-23-bienes-y-actividades\/\">\n\t\t\t\t\t\t\t<img decoding=\"async\" width=\"605\" height=\"533\" data-src=\"https:\/\/alzira.es\/wp-content\/uploads\/2021\/12\/Recurso-7.png\" class=\"attachment-full size-full wp-image-108599 lazyload\" alt=\"\" data-srcset=\"https:\/\/alzira.es\/wp-content\/uploads\/2021\/12\/Recurso-7.png 605w, https:\/\/alzira.es\/wp-content\/uploads\/2021\/12\/Recurso-7-579x510.png 579w\" data-sizes=\"100vw\" src=\"data:image\/svg+xml;base64,PHN2ZyB3aWR0aD0iMSIgaGVpZ2h0PSIxIiB4bWxucz0iaHR0cDovL3d3dy53My5vcmcvMjAwMC9zdmciPjwvc3ZnPg==\" style=\"--smush-placeholder-width: 605px; --smush-placeholder-aspect-ratio: 605\/533;\" \/>\t\t\t\t\t\t\t\t<\/a>\n\t\t\t\t\t\t\t\t\t\t\t\t\t\t\t<\/div>\n\t\t\t\t<\/div>\n\t\t\t\t<div class=\"elementor-element elementor-element-cd906d7 elementor-widget elementor-widget-heading\" data-id=\"cd906d7\" data-element_type=\"widget\" data-widget_type=\"heading.default\">\n\t\t\t\t<div class=\"elementor-widget-container\">\n\t\t\t\t\t<h5 class=\"elementor-heading-title elementor-size-default\"><a href=\"https:\/\/alzira.es\/es\/ayuntamiento\/corporacion-y-gobierno-municipal\/organigrama-2019-2023\/leticia-piquer-ortiz-19-23-bienes-y-actividades\/\">Bienes y actividades<\/a><\/h5>\t\t\t\t<\/div>\n\t\t\t\t<\/div>\n\t\t\t\t\t<\/div>\n\t\t<\/div>\n\t\t\t\t<div class=\"elementor-column elementor-col-20 elementor-top-column elementor-element elementor-element-0fabd36\" data-id=\"0fabd36\" data-element_type=\"column\">\n\t\t\t<div class=\"elementor-widget-wrap elementor-element-populated\">\n\t\t\t\t\t\t<div class=\"elementor-element elementor-element-c5bdce0 elementor-widget elementor-widget-image\" data-id=\"c5bdce0\" data-element_type=\"widget\" data-widget_type=\"image.default\">\n\t\t\t\t<div class=\"elementor-widget-container\">\n\t\t\t\t\t\t\t\t\t\t\t\t\t\t\t\t<a href=\"https:\/\/alzira.es\/wp-content\/uploads\/2019\/06\/Piquer-Ortiz_Leticia_juliol.pdf\" target=\"_blank\">\n\t\t\t\t\t\t\t<img decoding=\"async\" width=\"605\" height=\"533\" data-src=\"https:\/\/alzira.es\/wp-content\/uploads\/2021\/12\/Recurso-10-1-e1641889958947.png\" class=\"attachment-full size-full wp-image-108603 lazyload\" alt=\"\" data-sizes=\"100vw\" src=\"data:image\/svg+xml;base64,PHN2ZyB3aWR0aD0iMSIgaGVpZ2h0PSIxIiB4bWxucz0iaHR0cDovL3d3dy53My5vcmcvMjAwMC9zdmciPjwvc3ZnPg==\" style=\"--smush-placeholder-width: 605px; --smush-placeholder-aspect-ratio: 605\/533;\" \/>\t\t\t\t\t\t\t\t<\/a>\n\t\t\t\t\t\t\t\t\t\t\t\t\t\t\t<\/div>\n\t\t\t\t<\/div>\n\t\t\t\t<div class=\"elementor-element elementor-element-d5ad4a3 elementor-widget elementor-widget-heading\" data-id=\"d5ad4a3\" data-element_type=\"widget\" data-widget_type=\"heading.default\">\n\t\t\t\t<div class=\"elementor-widget-container\">\n\t\t\t\t\t<h5 class=\"elementor-heading-title elementor-size-default\"><a href=\"https:\/\/alzira.es\/wp-content\/uploads\/2019\/06\/Piquer-Ortiz_Leticia_juliol.pdf\" target=\"_blank\">Retribuciones<\/a><\/h5>\t\t\t\t<\/div>\n\t\t\t\t<\/div>\n\t\t\t\t\t<\/div>\n\t\t<\/div>\n\t\t\t\t\t<\/div>\n\t\t<\/section>\n\t\t\t\t<section class=\"elementor-section elementor-top-section elementor-element elementor-element-198dacc elementor-section-boxed elementor-section-height-default elementor-section-height-default\" data-id=\"198dacc\" data-element_type=\"section\">\n\t\t\t\t\t\t<div class=\"elementor-container elementor-column-gap-default\">\n\t\t\t\t\t<div class=\"elementor-column elementor-col-20 elementor-top-column elementor-element elementor-element-8bb050d\" data-id=\"8bb050d\" data-element_type=\"column\">\n\t\t\t<div class=\"elementor-widget-wrap elementor-element-populated\">\n\t\t\t\t\t\t<div class=\"elementor-element elementor-element-841ec92 elementor-widget elementor-widget-image\" data-id=\"841ec92\" data-element_type=\"widget\" data-widget_type=\"image.default\">\n\t\t\t\t<div class=\"elementor-widget-container\">\n\t\t\t\t\t\t\t\t\t\t\t\t\t\t\t\t<a href=\"mailto:leticia.piquer@alzira.es\">\n\t\t\t\t\t\t\t<img decoding=\"async\" width=\"605\" height=\"533\" data-src=\"https:\/\/alzira.es\/wp-content\/uploads\/2021\/12\/Recurso-8.png\" class=\"attachment-full size-full wp-image-108605 lazyload\" alt=\"\" data-srcset=\"https:\/\/alzira.es\/wp-content\/uploads\/2021\/12\/Recurso-8.png 605w, https:\/\/alzira.es\/wp-content\/uploads\/2021\/12\/Recurso-8-579x510.png 579w\" data-sizes=\"100vw\" src=\"data:image\/svg+xml;base64,PHN2ZyB3aWR0aD0iMSIgaGVpZ2h0PSIxIiB4bWxucz0iaHR0cDovL3d3dy53My5vcmcvMjAwMC9zdmciPjwvc3ZnPg==\" style=\"--smush-placeholder-width: 605px; --smush-placeholder-aspect-ratio: 605\/533;\" \/>\t\t\t\t\t\t\t\t<\/a>\n\t\t\t\t\t\t\t\t\t\t\t\t\t\t\t<\/div>\n\t\t\t\t<\/div>\n\t\t\t\t<div class=\"elementor-element elementor-element-b9a5996 elementor-widget elementor-widget-heading\" data-id=\"b9a5996\" data-element_type=\"widget\" data-widget_type=\"heading.default\">\n\t\t\t\t<div class=\"elementor-widget-container\">\n\t\t\t\t\t<h5 class=\"elementor-heading-title elementor-size-default\"><a href=\"mailto:leticia.piquer@alzira.es\">Correo electr\u00f3nico<\/a><\/h5>\t\t\t\t<\/div>\n\t\t\t\t<\/div>\n\t\t\t\t\t<\/div>\n\t\t<\/div>\n\t\t\t\t<div class=\"elementor-column elementor-col-20 elementor-top-column elementor-element elementor-element-4893bf4\" data-id=\"4893bf4\" data-element_type=\"column\">\n\t\t\t<div class=\"elementor-widget-wrap\">\n\t\t\t\t\t\t\t<\/div>\n\t\t<\/div>\n\t\t\t\t<div class=\"elementor-column elementor-col-20 elementor-top-column elementor-element elementor-element-c3316c5\" data-id=\"c3316c5\" data-element_type=\"column\">\n\t\t\t<div class=\"elementor-widget-wrap\">\n\t\t\t\t\t\t\t<\/div>\n\t\t<\/div>\n\t\t\t\t<div class=\"elementor-column elementor-col-20 elementor-top-column elementor-element elementor-element-1d72379\" data-id=\"1d72379\" data-element_type=\"column\">\n\t\t\t<div class=\"elementor-widget-wrap\">\n\t\t\t\t\t\t\t<\/div>\n\t\t<\/div>\n\t\t\t\t<div class=\"elementor-column elementor-col-20 elementor-top-column elementor-element elementor-element-b63190f\" data-id=\"b63190f\" data-element_type=\"column\">\n\t\t\t<div class=\"elementor-widget-wrap\">\n\t\t\t\t\t\t\t<\/div>\n\t\t<\/div>\n\t\t\t\t\t<\/div>\n\t\t<\/section>\n\t\t\t\t<\/div>\n\t\t","protected":false},"excerpt":{"rendered":"<p>Regidora Juventud, Cooperaci\u00f3n, Modernizaci\u00f3n y Buen Gobierno Agenda Alcaldia Curr\u00edculum Vitae Competencias Bienes y actividades Retribuciones Correo electr\u00f3nico<\/p>\n","protected":false},"author":29,"featured_media":0,"parent":13558,"menu_order":0,"comment_status":"closed","ping_status":"closed","template":"","meta":{"_acf_changed":false,"footnotes":""},"class_list":["post-117188","page","type-page","status-publish","hentry"],"acf":[],"_links":{"self":[{"href":"https:\/\/alzira.es\/es\/wp-json\/wp\/v2\/pages\/117188","targetHints":{"allow":["GET"]}}],"collection":[{"href":"https:\/\/alzira.es\/es\/wp-json\/wp\/v2\/pages"}],"about":[{"href":"https:\/\/alzira.es\/es\/wp-json\/wp\/v2\/types\/page"}],"author":[{"embeddable":true,"href":"https:\/\/alzira.es\/es\/wp-json\/wp\/v2\/users\/29"}],"replies":[{"embeddable":true,"href":"https:\/\/alzira.es\/es\/wp-json\/wp\/v2\/comments?post=117188"}],"version-history":[{"count":1,"href":"https:\/\/alzira.es\/es\/wp-json\/wp\/v2\/pages\/117188\/revisions"}],"predecessor-version":[{"id":117189,"href":"https:\/\/alzira.es\/es\/wp-json\/wp\/v2\/pages\/117188\/revisions\/117189"}],"up":[{"embeddable":true,"href":"https:\/\/alzira.es\/es\/wp-json\/wp\/v2\/pages\/13558"}],"wp:attachment":[{"href":"https:\/\/alzira.es\/es\/wp-json\/wp\/v2\/media?parent=117188"}],"curies":[{"name":"wp","href":"https:\/\/api.w.org\/{rel}","templated":true}]}}