{"id":116386,"date":"2022-03-02T09:42:32","date_gmt":"2022-03-02T08:42:32","guid":{"rendered":"https:\/\/alzira.es\/?page_id=116386"},"modified":"2022-09-07T08:10:18","modified_gmt":"2022-09-07T06:10:18","slug":"convocatoria-05-2022-bolsa-de-trabajo-para-la-seleccion-de-tres-tecnicos-de-gestion-administracion-especial-a2-psicolegs-o-psicologues-sasem","status":"publish","type":"page","link":"https:\/\/alzira.es\/es\/servicios-municipales\/recursos-humanos\/empleo-temporal\/convocatoria-05-2022-bolsa-de-trabajo-para-la-seleccion-de-tres-tecnicos-de-gestion-administracion-especial-a2-psicolegs-o-psicologues-sasem\/","title":{"rendered":"CONVOCATORIA 05\/2022.- Bolsa de trabajo para la selecci\u00f3n de tres T\u00e9cnicos de Gesti\u00f3n Administraci\u00f3n Especial A2 &#8211; Psic\u00f3logos o Psic\u00f3logas SASEM"},"content":{"rendered":"<p><span style=\"color: #993300;\">ACTA 3:\u00a0 RESULTADO DEFINITIVO DEL CONCURSO DE M\u00c9RITOS Y DE LA BOLSA<\/span><\/p>\n<p><strong>DOCUMENTOS DEL EXPEDIENTE:<\/strong><\/p>\n\n\n<figure class=\"wp-block-table is-style-stripes\"><table><thead><tr><th><strong>Nombre Fichero<\/strong><\/th><th class=\"has-text-align-center\" data-align=\"center\"><strong>Fecha Publicaci\u00f3n<\/strong><\/th><\/tr><\/thead><tbody><tr><td><a href=\"https:\/\/alzira.es\/wp-content\/uploads\/2022\/09\/09-Acta-contesta-al\u00b7legacions-merits-resultat-definitiu-web.pdf\" target=\"_blank\" rel=\"noreferrer noopener\">Acta N\u00ba3: Resultado definitivo de la bolsa<\/a><\/td><td class=\"has-text-align-center\" data-align=\"center\">07\/09\/2022<\/td><\/tr><tr><td><a href=\"https:\/\/alzira.es\/wp-content\/uploads\/2022\/07\/Acta-2.pdf\" target=\"_blank\" rel=\"noreferrer noopener\">Acta N\u00ba2: Resultado provisional m\u00e9ritos<\/a><\/td><td class=\"has-text-align-center\" data-align=\"center\">11\/07\/2022<\/td><\/tr><tr><td><a href=\"https:\/\/alzira.es\/wp-content\/uploads\/2022\/06\/Edicte-presentacio-de-merits.pdf\" target=\"_blank\" rel=\"noreferrer noopener\">Edicto: Presentaci\u00f3n m\u00e9ritos<\/a><\/td><td class=\"has-text-align-center\" data-align=\"center\">23\/06\/2022<\/td><\/tr><tr><td><a href=\"https:\/\/alzira.es\/wp-content\/uploads\/2022\/06\/Acta-1.pdf\" target=\"_blank\" rel=\"noreferrer noopener\">Acta N\u00ba1: Resultados ejercicio \u00fanico<\/a><\/td><td class=\"has-text-align-center\" data-align=\"center\">15\/06\/2022<\/td><\/tr><tr><td><a href=\"https:\/\/alzira.es\/wp-content\/uploads\/2022\/05\/Llistat-definitiu-admesos-i-data-exercici.pdf\" target=\"_blank\" rel=\"noreferrer noopener\">Listado definitivo admitidos y fecha examen<\/a><\/td><td class=\"has-text-align-center\" data-align=\"center\">19\/05\/2022<\/td><\/tr><tr><td><a href=\"https:\/\/alzira.es\/wp-content\/uploads\/2022\/04\/Llistat-provisional-admesos-i-exclosos.pdf\" target=\"_blank\" rel=\"noreferrer noopener\">Listado provisional admitidos y excluidos<\/a><\/td><td class=\"has-text-align-center\" data-align=\"center\">11\/04\/2022<\/td><\/tr><tr><td><a href=\"https:\/\/alzira.es\/wp-content\/uploads\/2022\/03\/Publicacio-BOP.pdf\" target=\"_blank\" rel=\"noreferrer noopener\">Anuncio BOP<\/a><\/td><td class=\"has-text-align-center\" data-align=\"center\">16\/03\/2022<\/td><\/tr><tr><td><a href=\"https:\/\/alzira.es\/wp-content\/uploads\/2022\/03\/Autobaremacio.xlsx\" target=\"_blank\" rel=\"noreferrer noopener\">Autobaremaci\u00f3n<\/a><\/td><td class=\"has-text-align-center\" data-align=\"center\"><\/td><\/tr><tr><td><a href=\"https:\/\/alzira.es\/wp-content\/uploads\/2022\/03\/02-CERT-JGL-20220216-BORSA-urgent-TGAE-A2-PSICOLOEG-SASEM.pdf\" target=\"_blank\" rel=\"noreferrer noopener\">Bases espec\u00edficas<\/a><\/td><td class=\"has-text-align-center\" data-align=\"center\"><\/td><\/tr><\/tbody><\/table><\/figure>\n\n\n\n<p><\/p>\n","protected":false},"excerpt":{"rendered":"<p>ACTA 3:\u00a0 RESULTADO DEFINITIVO DEL CONCURSO DE M\u00c9RITOS Y DE LA BOLSA DOCUMENTOS DEL EXPEDIENTE: Nombre Fichero Fecha Publicaci\u00f3n Acta N\u00ba3: Resultado definitivo de la bolsa 07\/09\/2022 Acta N\u00ba2: Resultado provisional m\u00e9ritos 11\/07\/2022 Edicto: Presentaci\u00f3n m\u00e9ritos 23\/06\/2022 Acta N\u00ba1: Resultados ejercicio \u00fanico 15\/06\/2022 Listado definitivo admitidos y fecha examen 19\/05\/2022 Listado provisional admitidos y excluidos &hellip; <\/p>\n<p class=\"link-more\"><a href=\"https:\/\/alzira.es\/es\/servicios-municipales\/recursos-humanos\/empleo-temporal\/convocatoria-05-2022-bolsa-de-trabajo-para-la-seleccion-de-tres-tecnicos-de-gestion-administracion-especial-a2-psicolegs-o-psicologues-sasem\/\" class=\"more-link\">Continuar leyendo<span class=\"screen-reader-text\"> \u00abCONVOCATORIA 05\/2022.- Bolsa de trabajo para la selecci\u00f3n de tres T\u00e9cnicos de Gesti\u00f3n Administraci\u00f3n Especial A2 &#8211; Psic\u00f3logos o Psic\u00f3logas SASEM\u00bb<\/span><\/a><\/p>\n","protected":false},"author":29,"featured_media":0,"parent":105760,"menu_order":0,"comment_status":"closed","ping_status":"closed","template":"","meta":{"_acf_changed":false,"footnotes":""},"class_list":["post-116386","page","type-page","status-publish","hentry"],"acf":[],"_links":{"self":[{"href":"https:\/\/alzira.es\/es\/wp-json\/wp\/v2\/pages\/116386","targetHints":{"allow":["GET"]}}],"collection":[{"href":"https:\/\/alzira.es\/es\/wp-json\/wp\/v2\/pages"}],"about":[{"href":"https:\/\/alzira.es\/es\/wp-json\/wp\/v2\/types\/page"}],"author":[{"embeddable":true,"href":"https:\/\/alzira.es\/es\/wp-json\/wp\/v2\/users\/29"}],"replies":[{"embeddable":true,"href":"https:\/\/alzira.es\/es\/wp-json\/wp\/v2\/comments?post=116386"}],"version-history":[{"count":1,"href":"https:\/\/alzira.es\/es\/wp-json\/wp\/v2\/pages\/116386\/revisions"}],"predecessor-version":[{"id":127402,"href":"https:\/\/alzira.es\/es\/wp-json\/wp\/v2\/pages\/116386\/revisions\/127402"}],"up":[{"embeddable":true,"href":"https:\/\/alzira.es\/es\/wp-json\/wp\/v2\/pages\/105760"}],"wp:attachment":[{"href":"https:\/\/alzira.es\/es\/wp-json\/wp\/v2\/media?parent=116386"}],"curies":[{"name":"wp","href":"https:\/\/api.w.org\/{rel}","templated":true}]}}